
{"id":90202,"date":"2025-12-24T13:10:01","date_gmt":"2025-12-24T12:10:01","guid":{"rendered":"https:\/\/pihernz.com\/?post_type=product&#038;p=90202"},"modified":"2025-12-24T13:18:56","modified_gmt":"2025-12-24T12:18:56","slug":"dynascan-10m66-emisora-10m-radioaficionado-am-fm-y-ssb-sale","status":"publish","type":"product","link":"https:\/\/pihernz.com\/en\/producto\/dynascan-10m66-emisora-10m-radioaficionado-am-fm-y-ssb-sale\/","title":{"rendered":"Dynascan 10M66 Emisora 10M radioaficionado AM, FM y SSB (SALE)"},"content":{"rendered":"<p>Emisora <strong>Dynascan 10M66<\/strong> para la <a href=\"https:\/\/es.wikipedia.org\/wiki\/Banda_de_10m\" target=\"_blank\" rel=\"noopener\" data-mce-href=\"https:\/\/es.wikipedia.org\/wiki\/Banda_de_10m\"><strong>banda de 10 metros<\/strong><\/a>&nbsp;(28-29.7 Mhz) de <strong>radioaficionado<\/strong>&nbsp;con una potencia PEP en SSB de <strong>60 W<\/strong>, modos <strong>AM, FM, SSB (LSB y USB) Banda lateral<\/strong>, dispone de una pantalla LCD de gran tama\u00f1o con visualizaci\u00f3n de la frecuencia y todo tipo de informaci\u00f3n, con 7 colores ajustables, dispone de subtonos CTCSS\/DCS, funci\u00f3n ECO, SQ, ASQ TOT,&#8230; ajustes de ganancia de RF y potencia de transmisi\u00f3n, esc\u00e1ner, doble escucha entre otras prestaciones destacadas.<\/p>\n<h2>CARACTER\u00cdSTICAS Y ESPECIFICACIONES T\u00c9CNICAS<\/h2>\n<ul>\n<li>Frecuencia de trabajo: 28.000 a 29.700 MHz<\/li>\n<li>Modos: AM-FM-LSB-USB-PA<\/li>\n<li>Pasos de frecuencia: 100 hz, 1 kHz, 10 kHz y 1 Mhz<\/li>\n<li>Ajuste del clarificador: +-1 kHz<\/li>\n<li>Men\u00fa de funciones flexible y programable por PC<\/li>\n<li>Subtonos CTCSS\/DCS<\/li>\n<li>Funci\u00f3n de escaneado<\/li>\n<li>Funci\u00f3n ASQ<\/li>\n<li>Funci\u00f3n ECHO<\/li>\n<li>Potencia salida: AM: 60 W. (PEP) \/ FM: 45 W. \/ SSB: 60 W. (PEP)<\/li>\n<li>Amplio display LCD<\/li>\n<li>Conector antena UHF\/SO-239<\/li>\n<li>Alimentaci\u00f3n: 13,8 V.C.C<\/li>\n<li>Consumo: 12 A. m\u00e1x.<\/li>\n<li>Display frontal retroiluminado<\/li>\n<li>Peso: 1,5 kg<\/li>\n<li>Medidas: 245 x 158 x 48 mm<\/li>\n<\/ul>\n<h2>CONTENIDO<\/h2>\n<ul>\n<li>Emisora<\/li>\n<li>Micr\u00f3fono de mano<\/li>\n<li>Soporte<\/li>\n<li>Cable de alimentaci\u00f3n<\/li>\n<\/ul>\n<p><span style=\"color: #ff0000;\" data-mce-style=\"color: #ff0000;\"><strong>STATUS:<\/strong><\/span> New item, in its original packaging, with all accessories and manual. Box slightly damaged.<\/p>\n","protected":false},"excerpt":{"rendered":"<p>mobile transceiver 10 m<\/p>\n","protected":false},"featured_media":13000,"template":"","meta":{"_acf_changed":false,"_relevanssi_hide_post":"","_relevanssi_hide_content":"","_relevanssi_pin_for_all":"","_relevanssi_pin_keywords":"","_relevanssi_unpin_keywords":"","_relevanssi_related_keywords":"","_relevanssi_related_include_ids":"","_relevanssi_related_exclude_ids":"","_relevanssi_related_no_append":"","_relevanssi_related_not_related":"","_relevanssi_related_posts":"","_relevanssi_noindex_reason":"","inline_featured_image":false,"_joinchat":[]},"product_brand":[12209],"product_cat":[12692],"product_tag":[],"class_list":{"0":"post-90202","1":"product","2":"type-product","3":"status-publish","4":"has-post-thumbnail","6":"product_brand-dynascan-en","7":"product_cat-sales","9":"first","10":"instock","11":"taxable","12":"shipping-taxable","13":"purchasable","14":"product-type-simple"},"acf":[],"yoast_head":"<!-- This site is optimized with the Yoast SEO plugin v27.0 - https:\/\/yoast.com\/product\/yoast-seo-wordpress\/ -->\n<title>Dynascan 10M66 Emisora radioaficionado 10mts<\/title>\n<meta name=\"description\" content=\"Emisora Dynascan 10M66 para la banda de 10 MTS (28-29.7 Mhz) de radioaficionado\u00a0con una potencia PEP en SSB de 60 W, modos AM, FM, SSB (Banda lateral)\" \/>\n<meta name=\"robots\" content=\"index, follow, max-snippet:-1, max-image-preview:large, max-video-preview:-1\" \/>\n<link rel=\"canonical\" href=\"https:\/\/pihernz.com\/en\/producto\/dynascan-10m66-emisora-10m-radioaficionado-am-fm-y-ssb-sale\/\" \/>\n<meta property=\"og:locale\" content=\"en_US\" \/>\n<meta property=\"og:type\" content=\"article\" \/>\n<meta property=\"og:title\" content=\"Dynascan 10M66 Emisora radioaficionado 10mts\" \/>\n<meta property=\"og:description\" content=\"Emisora Dynascan 10M66 para la banda de 10 MTS (28-29.7 Mhz) de radioaficionado\u00a0con una potencia PEP en SSB de 60 W, modos AM, FM, SSB (Banda lateral)\" \/>\n<meta property=\"og:url\" content=\"https:\/\/pihernz.com\/en\/producto\/dynascan-10m66-emisora-10m-radioaficionado-am-fm-y-ssb-sale\/\" \/>\n<meta property=\"og:site_name\" content=\"Pihernz Comunicaciones\" \/>\n<meta property=\"article:publisher\" content=\"https:\/\/www.facebook.com\/pihernz.comunicaciones\/\" \/>\n<meta property=\"article:modified_time\" content=\"2025-12-24T12:18:56+00:00\" \/>\n<meta property=\"og:image\" content=\"https:\/\/pihernz.com\/wp-content\/uploads\/2019\/06\/0071_Dynascan_10M66_-3.4_4web.jpg\" \/>\n\t<meta property=\"og:image:width\" content=\"2390\" \/>\n\t<meta property=\"og:image:height\" content=\"1814\" \/>\n\t<meta property=\"og:image:type\" content=\"image\/jpeg\" \/>\n<meta name=\"twitter:card\" content=\"summary_large_image\" \/>\n<meta name=\"twitter:site\" content=\"@pihernz\" \/>\n<meta name=\"twitter:label1\" content=\"Est. reading time\" \/>\n\t<meta name=\"twitter:data1\" content=\"2 minutes\" \/>\n<script type=\"application\/ld+json\" class=\"yoast-schema-graph\">{\"@context\":\"https:\/\/schema.org\",\"@graph\":[{\"@type\":\"WebPage\",\"@id\":\"https:\/\/pihernz.com\/en\/producto\/dynascan-10m66-emisora-10m-radioaficionado-am-fm-y-ssb-sale\/\",\"url\":\"https:\/\/pihernz.com\/en\/producto\/dynascan-10m66-emisora-10m-radioaficionado-am-fm-y-ssb-sale\/\",\"name\":\"Dynascan 10M66 Emisora radioaficionado 10mts\",\"isPartOf\":{\"@id\":\"https:\/\/pihernz.com\/#website\"},\"primaryImageOfPage\":{\"@id\":\"https:\/\/pihernz.com\/en\/producto\/dynascan-10m66-emisora-10m-radioaficionado-am-fm-y-ssb-sale\/#primaryimage\"},\"image\":{\"@id\":\"https:\/\/pihernz.com\/en\/producto\/dynascan-10m66-emisora-10m-radioaficionado-am-fm-y-ssb-sale\/#primaryimage\"},\"thumbnailUrl\":\"https:\/\/pihernz.com\/wp-content\/uploads\/2019\/06\/0071_Dynascan_10M66_-3.4_4web.jpg\",\"datePublished\":\"2025-12-24T12:10:01+00:00\",\"dateModified\":\"2025-12-24T12:18:56+00:00\",\"description\":\"Emisora Dynascan 10M66 para la banda de 10 MTS (28-29.7 Mhz) de radioaficionado\u00a0con una potencia PEP en SSB de 60 W, modos AM, FM, SSB (Banda lateral)\",\"breadcrumb\":{\"@id\":\"https:\/\/pihernz.com\/en\/producto\/dynascan-10m66-emisora-10m-radioaficionado-am-fm-y-ssb-sale\/#breadcrumb\"},\"inLanguage\":\"en-US\",\"potentialAction\":[{\"@type\":\"ReadAction\",\"target\":[\"https:\/\/pihernz.com\/en\/producto\/dynascan-10m66-emisora-10m-radioaficionado-am-fm-y-ssb-sale\/\"]}]},{\"@type\":\"ImageObject\",\"inLanguage\":\"en-US\",\"@id\":\"https:\/\/pihernz.com\/en\/producto\/dynascan-10m66-emisora-10m-radioaficionado-am-fm-y-ssb-sale\/#primaryimage\",\"url\":\"https:\/\/pihernz.com\/wp-content\/uploads\/2019\/06\/0071_Dynascan_10M66_-3.4_4web.jpg\",\"contentUrl\":\"https:\/\/pihernz.com\/wp-content\/uploads\/2019\/06\/0071_Dynascan_10M66_-3.4_4web.jpg\",\"width\":2390,\"height\":1814,\"caption\":\"Dynascan 10M66 Emisora radioaficionado 10mts\"},{\"@type\":\"BreadcrumbList\",\"@id\":\"https:\/\/pihernz.com\/en\/producto\/dynascan-10m66-emisora-10m-radioaficionado-am-fm-y-ssb-sale\/#breadcrumb\",\"itemListElement\":[{\"@type\":\"ListItem\",\"position\":1,\"name\":\"Portada\",\"item\":\"https:\/\/pihernz.com\/en\/\"},{\"@type\":\"ListItem\",\"position\":2,\"name\":\"Shop\",\"item\":\"https:\/\/pihernz.com\/en\/shop\/\"},{\"@type\":\"ListItem\",\"position\":3,\"name\":\"Dynascan 10M66 Emisora 10M radioaficionado AM, FM y SSB (SALE)\"}]},{\"@type\":\"WebSite\",\"@id\":\"https:\/\/pihernz.com\/#website\",\"url\":\"https:\/\/pihernz.com\/\",\"name\":\"www.pihernz.com\",\"description\":\"Expertos en radiocomunicaciones\",\"publisher\":{\"@id\":\"https:\/\/pihernz.com\/#organization\"},\"alternateName\":\"Pihenrz\",\"potentialAction\":[{\"@type\":\"SearchAction\",\"target\":{\"@type\":\"EntryPoint\",\"urlTemplate\":\"https:\/\/pihernz.com\/?s={search_term_string}\"},\"query-input\":{\"@type\":\"PropertyValueSpecification\",\"valueRequired\":true,\"valueName\":\"search_term_string\"}}],\"inLanguage\":\"en-US\"},{\"@type\":\"Organization\",\"@id\":\"https:\/\/pihernz.com\/#organization\",\"name\":\"Pihernz comunicaciones S.A.\",\"alternateName\":\"Pihernz\",\"url\":\"https:\/\/pihernz.com\/\",\"logo\":{\"@type\":\"ImageObject\",\"inLanguage\":\"en-US\",\"@id\":\"https:\/\/pihernz.com\/#\/schema\/logo\/image\/\",\"url\":\"https:\/\/pihernz.com\/wp-content\/uploads\/2020\/09\/logo.svg\",\"contentUrl\":\"https:\/\/pihernz.com\/wp-content\/uploads\/2020\/09\/logo.svg\",\"width\":178,\"height\":39,\"caption\":\"Pihernz comunicaciones S.A.\"},\"image\":{\"@id\":\"https:\/\/pihernz.com\/#\/schema\/logo\/image\/\"},\"sameAs\":[\"https:\/\/www.facebook.com\/pihernz.comunicaciones\/\",\"https:\/\/x.com\/pihernz\",\"https:\/\/www.instagram.com\/pihernzcomunicaciones\/\",\"https:\/\/es.linkedin.com\/company\/pihernz-comunicaciones\"]}]}<\/script>\n<!-- \/ Yoast SEO plugin. -->","yoast_head_json":{"title":"Dynascan 10M66 Emisora radioaficionado 10mts","description":"Emisora Dynascan 10M66 para la banda de 10 MTS (28-29.7 Mhz) de radioaficionado\u00a0con una potencia PEP en SSB de 60 W, modos AM, FM, SSB (Banda lateral)","robots":{"index":"index","follow":"follow","max-snippet":"max-snippet:-1","max-image-preview":"max-image-preview:large","max-video-preview":"max-video-preview:-1"},"canonical":"https:\/\/pihernz.com\/en\/producto\/dynascan-10m66-emisora-10m-radioaficionado-am-fm-y-ssb-sale\/","og_locale":"en_US","og_type":"article","og_title":"Dynascan 10M66 Emisora radioaficionado 10mts","og_description":"Emisora Dynascan 10M66 para la banda de 10 MTS (28-29.7 Mhz) de radioaficionado\u00a0con una potencia PEP en SSB de 60 W, modos AM, FM, SSB (Banda lateral)","og_url":"https:\/\/pihernz.com\/en\/producto\/dynascan-10m66-emisora-10m-radioaficionado-am-fm-y-ssb-sale\/","og_site_name":"Pihernz Comunicaciones","article_publisher":"https:\/\/www.facebook.com\/pihernz.comunicaciones\/","article_modified_time":"2025-12-24T12:18:56+00:00","og_image":[{"width":2390,"height":1814,"url":"https:\/\/pihernz.com\/wp-content\/uploads\/2019\/06\/0071_Dynascan_10M66_-3.4_4web.jpg","type":"image\/jpeg"}],"twitter_card":"summary_large_image","twitter_site":"@pihernz","twitter_misc":{"Est. reading time":"2 minutes"},"schema":{"@context":"https:\/\/schema.org","@graph":[{"@type":"WebPage","@id":"https:\/\/pihernz.com\/en\/producto\/dynascan-10m66-emisora-10m-radioaficionado-am-fm-y-ssb-sale\/","url":"https:\/\/pihernz.com\/en\/producto\/dynascan-10m66-emisora-10m-radioaficionado-am-fm-y-ssb-sale\/","name":"Dynascan 10M66 Emisora radioaficionado 10mts","isPartOf":{"@id":"https:\/\/pihernz.com\/#website"},"primaryImageOfPage":{"@id":"https:\/\/pihernz.com\/en\/producto\/dynascan-10m66-emisora-10m-radioaficionado-am-fm-y-ssb-sale\/#primaryimage"},"image":{"@id":"https:\/\/pihernz.com\/en\/producto\/dynascan-10m66-emisora-10m-radioaficionado-am-fm-y-ssb-sale\/#primaryimage"},"thumbnailUrl":"https:\/\/pihernz.com\/wp-content\/uploads\/2019\/06\/0071_Dynascan_10M66_-3.4_4web.jpg","datePublished":"2025-12-24T12:10:01+00:00","dateModified":"2025-12-24T12:18:56+00:00","description":"Emisora Dynascan 10M66 para la banda de 10 MTS (28-29.7 Mhz) de radioaficionado\u00a0con una potencia PEP en SSB de 60 W, modos AM, FM, SSB (Banda lateral)","breadcrumb":{"@id":"https:\/\/pihernz.com\/en\/producto\/dynascan-10m66-emisora-10m-radioaficionado-am-fm-y-ssb-sale\/#breadcrumb"},"inLanguage":"en-US","potentialAction":[{"@type":"ReadAction","target":["https:\/\/pihernz.com\/en\/producto\/dynascan-10m66-emisora-10m-radioaficionado-am-fm-y-ssb-sale\/"]}]},{"@type":"ImageObject","inLanguage":"en-US","@id":"https:\/\/pihernz.com\/en\/producto\/dynascan-10m66-emisora-10m-radioaficionado-am-fm-y-ssb-sale\/#primaryimage","url":"https:\/\/pihernz.com\/wp-content\/uploads\/2019\/06\/0071_Dynascan_10M66_-3.4_4web.jpg","contentUrl":"https:\/\/pihernz.com\/wp-content\/uploads\/2019\/06\/0071_Dynascan_10M66_-3.4_4web.jpg","width":2390,"height":1814,"caption":"Dynascan 10M66 Emisora radioaficionado 10mts"},{"@type":"BreadcrumbList","@id":"https:\/\/pihernz.com\/en\/producto\/dynascan-10m66-emisora-10m-radioaficionado-am-fm-y-ssb-sale\/#breadcrumb","itemListElement":[{"@type":"ListItem","position":1,"name":"Portada","item":"https:\/\/pihernz.com\/en\/"},{"@type":"ListItem","position":2,"name":"Shop","item":"https:\/\/pihernz.com\/en\/shop\/"},{"@type":"ListItem","position":3,"name":"Dynascan 10M66 Emisora 10M radioaficionado AM, FM y SSB (SALE)"}]},{"@type":"WebSite","@id":"https:\/\/pihernz.com\/#website","url":"https:\/\/pihernz.com\/","name":"www.pihernz.com","description":"Expertos en radiocomunicaciones","publisher":{"@id":"https:\/\/pihernz.com\/#organization"},"alternateName":"Pihenrz","potentialAction":[{"@type":"SearchAction","target":{"@type":"EntryPoint","urlTemplate":"https:\/\/pihernz.com\/?s={search_term_string}"},"query-input":{"@type":"PropertyValueSpecification","valueRequired":true,"valueName":"search_term_string"}}],"inLanguage":"en-US"},{"@type":"Organization","@id":"https:\/\/pihernz.com\/#organization","name":"Pihernz comunicaciones S.A.","alternateName":"Pihernz","url":"https:\/\/pihernz.com\/","logo":{"@type":"ImageObject","inLanguage":"en-US","@id":"https:\/\/pihernz.com\/#\/schema\/logo\/image\/","url":"https:\/\/pihernz.com\/wp-content\/uploads\/2020\/09\/logo.svg","contentUrl":"https:\/\/pihernz.com\/wp-content\/uploads\/2020\/09\/logo.svg","width":178,"height":39,"caption":"Pihernz comunicaciones S.A."},"image":{"@id":"https:\/\/pihernz.com\/#\/schema\/logo\/image\/"},"sameAs":["https:\/\/www.facebook.com\/pihernz.comunicaciones\/","https:\/\/x.com\/pihernz","https:\/\/www.instagram.com\/pihernzcomunicaciones\/","https:\/\/es.linkedin.com\/company\/pihernz-comunicaciones"]}]}},"_links":{"self":[{"href":"https:\/\/pihernz.com\/en\/wp-json\/wp\/v2\/product\/90202","targetHints":{"allow":["GET"]}}],"collection":[{"href":"https:\/\/pihernz.com\/en\/wp-json\/wp\/v2\/product"}],"about":[{"href":"https:\/\/pihernz.com\/en\/wp-json\/wp\/v2\/types\/product"}],"wp:featuredmedia":[{"embeddable":true,"href":"https:\/\/pihernz.com\/en\/wp-json\/wp\/v2\/media\/13000"}],"wp:attachment":[{"href":"https:\/\/pihernz.com\/en\/wp-json\/wp\/v2\/media?parent=90202"}],"wp:term":[{"taxonomy":"product_brand","embeddable":true,"href":"https:\/\/pihernz.com\/en\/wp-json\/wp\/v2\/product_brand?post=90202"},{"taxonomy":"product_cat","embeddable":true,"href":"https:\/\/pihernz.com\/en\/wp-json\/wp\/v2\/product_cat?post=90202"},{"taxonomy":"product_tag","embeddable":true,"href":"https:\/\/pihernz.com\/en\/wp-json\/wp\/v2\/product_tag?post=90202"}],"curies":[{"name":"wp","href":"https:\/\/api.w.org\/{rel}","templated":true}]}}