
{"id":90088,"date":"2025-12-23T11:39:45","date_gmt":"2025-12-23T10:39:45","guid":{"rendered":"https:\/\/pihernz.com\/?post_type=product&#038;p=90088"},"modified":"2025-12-24T09:28:47","modified_gmt":"2025-12-24T08:28:47","slug":"hytera-s1-mini-uhf-walkie-talkie-multi-charger","status":"publish","type":"product","link":"https:\/\/pihernz.com\/en\/producto\/hytera-s1-mini-uhf-walkie-talkie-multi-charger\/","title":{"rendered":"Pack of 16 Hytera S1 mini UHF walkies + multiple charger"},"content":{"rendered":"<p><span style=\"font-size: 16pt;\"><strong>Pack of 16 Hytera S1 mini UHF walkies + multiple charger<\/strong><\/span><\/p>\n<p>&nbsp;<\/p>\n<p><strong><span style=\"font-size: 14pt;\">Hytera S1 mini (UHF):<\/span><\/strong><\/p>\n<p data-start=\"425\" data-end=\"648\">The <strong data-start=\"428\" data-end=\"450\">Hytera S1 mini UHF<\/strong> is an ultra-compact analog two-way radio designed for <strong data-start=\"502\" data-end=\"534\">licensed professional use<\/strong>, ideal for industries including hospitality, retail, hotels, light logistics, and indoor staff coordination.<\/p>\n<p data-start=\"650\" data-end=\"1051\">Featuring a sleek and lightweight design (only 48g), it delivers <strong data-start=\"702\" data-end=\"737\">up to 1W output power<\/strong> on the UHF bands (430\u2013470 MHz), ensuring clear and reliable communications even in <strong>demanding working environments<\/strong>. Its 0.88&#8243; HD display, up to 18 hours of battery life, <strong>reinforced PTT button<\/strong>, and advanced features (AirClone, VOX, management app) make it a <strong>versatile and durable device<\/strong>.<\/p>\n<p data-start=\"1053\" data-end=\"1157\">Ideal for companies that need <strong data-start=\"1087\" data-end=\"1127\">compact yet professional devices<\/strong>, with Hytera reliability.<\/p>\n<div class=\"video-responsive\">\n<p><iframe loading=\"lazy\" title=\"YouTube video player\" src=\"https:\/\/www.youtube.com\/embed\/_buz11SXj_Y?si=QcBlbFpAdfJMajqv\" width=\"560\" height=\"315\" frameborder=\"0\" allowfullscreen=\"allowfullscreen\"><\/iframe><\/p>\n<\/div>\n<h2 data-start=\"1053\" data-end=\"1157\">GENERAL<\/h2>\n<ul>\n<li data-start=\"1198\" data-end=\"1295\"><strong data-start=\"1198\" data-end=\"1228\">UHF model (licensed):<\/strong> works in 430\u2013470 MHz bands with 1 W power.<\/li>\n<li data-start=\"1298\" data-end=\"1352\"><strong data-start=\"1298\" data-end=\"1325\">Ultra-compact and lightweight:<\/strong> only 99\u00d730\u00d716 mm and 48 g.<\/li>\n<li data-start=\"1355\" data-end=\"1420\"><strong data-start=\"1355\" data-end=\"1379\">0.88\u201d HD screen<\/strong> resistant to oil, dust and abrasion.<\/li>\n<li data-start=\"1423\" data-end=\"1513\"><strong data-start=\"1423\" data-end=\"1453\">Superior audio:<\/strong> built-in speaker + ergonomic earpiece for privacy.<\/li>\n<li data-start=\"1516\" data-end=\"1578\"><strong data-start=\"1516\" data-end=\"1543\">Up to 18 hours of battery life<\/strong> thanks to the 750 mAh battery.<\/li>\n<li data-start=\"1581\" data-end=\"1658\"><strong data-start=\"1581\" data-end=\"1603\">USB-C fast charging<\/strong> and 16-way multi-charger capability.<\/li>\n<li data-start=\"1661\" data-end=\"1750\"><strong data-start=\"1661\" data-end=\"1679\">Pro features:<\/strong> VOX hands-free, Battery saving, scanning, voice notifications.<\/li>\n<li data-start=\"1753\" data-end=\"1813\"><strong data-start=\"1753\" data-end=\"1811\">Fast channel cloning (AirClone \/ Channel Copy).<\/strong><\/li>\n<li data-start=\"1816\" data-end=\"1878\"><strong data-start=\"1816\" data-end=\"1840\">Reinforced PTT button:<\/strong> withstands over 150,000 presses.<\/li>\n<li data-start=\"1881\" data-end=\"1954\"><strong data-start=\"1881\" data-end=\"1902\">Hytera Radio App:<\/strong> manage and program the radio from your smartphone.<\/li>\n<\/ul>\n<h2>TECHNICAL SPECIFICATIONS<\/h2>\n<ul>\n<li>Frequency band: 430\u2013470 MHz<\/li>\n<li>Weight: 48 g<\/li>\n<li>Channel spacing: 12.5 \/ 20 \/ 25 kHz<\/li>\n<li>Autonomy: with earpiece: 16 hours (1 W) \/ 18 hours (0.5 W)<\/li>\n<li>Frequency stability: \u00b12 ppm<\/li>\n<li>Operating voltage: 3.8 V<\/li>\n<li>Power output: 1W<\/li>\n<li>Operating temperature: 0 \u00b0C to +55 \u00b0C<\/li>\n<li>Charging port: USB Type-C<\/li>\n<li>Channels: 16<\/li>\n<li>Antenna impedance: 50 \u03a9<\/li>\n<li>Screen: 0.88\u201d<\/li>\n<li>Dimensions (H\u00d7W\u00d7D): 99 \u00d7 30 \u00d7 16 mm (without clip)<\/li>\n<li>Includes an earpiece and a hand strap<\/li>\n<\/ul>\n<p>&nbsp;<\/p>\n<p><strong><span style=\"font-size: 14pt;\">Hytera CM-11:<\/span><\/strong><\/p>\n<p>The\u00a0<strong>Hytera CM-11<\/strong>\u00a0is a\u00a0<strong>multi-charger<\/strong>\u00a0specifically designed to charge up to\u00a0<strong>16 Hytera S1 Mini\u00a0<\/strong>walkie-talkies simultaneously. It\u2019s a\u00a0<strong>desktop<\/strong>\u00a0accessory designed to provide a centralized and efficient charging solution for professional environments.<\/p>\n<p>Does NOT include walkie-talkies.<\/p>\n<h2><strong>FEATURES:<\/strong><\/h2>\n<ul>\n<li>Charger type: multi-unit desktop<\/li>\n<li>Max. charging current per pocket: 500 mA<\/li>\n<li>Number of pockets: 16<\/li>\n<li>Input: 12 V DC, 5 A<\/li>\n<li>Operating Temperature: 0\u00b0C to 45\u00b0C<\/li>\n<li>Storage temperature: -20\u00b0C to 70\u00b0C<\/li>\n<li>Certification: CE. FCC<\/li>\n<li>Power adapter: PS5001<\/li>\n<li>Applicable radio: S1 mini<\/li>\n<\/ul>\n<h2>INCLUDED PACK:<\/h2>\n<ul>\n<li>16 \u00d7 Hytera S1 mini UHF Radios<\/li>\n<li>16 \u00d7 Ergonomic standard earpiece<\/li>\n<li>16 \u00d7 Strap<\/li>\n<li>16 x Multi-language manual<\/li>\n<li>1 x Multi-charger<\/li>\n<li>1 x Power adapter<\/li>\n<\/ul>\n","protected":false},"excerpt":{"rendered":"<p>Pack of 16 Hytera S1 mini UHF walkies + multiple charger<\/p>\n","protected":false},"featured_media":90047,"template":"","meta":{"_acf_changed":false,"_relevanssi_hide_post":"","_relevanssi_hide_content":"","_relevanssi_pin_for_all":"","_relevanssi_pin_keywords":"","_relevanssi_unpin_keywords":"","_relevanssi_related_keywords":"","_relevanssi_related_include_ids":"","_relevanssi_related_exclude_ids":"","_relevanssi_related_no_append":"","_relevanssi_related_not_related":"","_relevanssi_related_posts":"","_relevanssi_noindex_reason":"","inline_featured_image":false,"_joinchat":[]},"product_brand":[13033],"product_cat":[12449,12999],"product_tag":[],"class_list":{"0":"post-90088","1":"product","2":"type-product","3":"status-publish","4":"has-post-thumbnail","6":"product_brand-hytera-en","7":"product_cat-packs","8":"product_cat-walkies-multiple-charger","10":"first","11":"instock","12":"taxable","13":"shipping-taxable","14":"purchasable","15":"product-type-simple"},"acf":[],"yoast_head":"<!-- This site is optimized with the Yoast SEO plugin v27.0 - https:\/\/yoast.com\/product\/yoast-seo-wordpress\/ -->\n<title>Pack of 16 Hytera S1 mini UHF walkies + multiple charger &#8211; Pihernz Comunicaciones<\/title>\n<meta name=\"description\" content=\"The Hytera S1 mini UHF is an ultra-compact analog radio designed for licensed professional use, ideal for industries such as hospitality, retail, hotels, light logistics, and indoor personnel coordination.\" \/>\n<meta name=\"robots\" content=\"index, follow, max-snippet:-1, max-image-preview:large, max-video-preview:-1\" \/>\n<link rel=\"canonical\" href=\"https:\/\/pihernz.com\/en\/producto\/hytera-s1-mini-uhf-walkie-talkie-multi-charger\/\" \/>\n<meta property=\"og:locale\" content=\"en_US\" \/>\n<meta property=\"og:type\" content=\"article\" \/>\n<meta property=\"og:title\" content=\"Pack of 16 Hytera S1 mini UHF walkies + multiple charger &#8211; Pihernz Comunicaciones\" \/>\n<meta property=\"og:description\" content=\"The Hytera S1 mini UHF is an ultra-compact analog radio designed for licensed professional use, ideal for industries such as hospitality, retail, hotels, light logistics, and indoor personnel coordination.\" \/>\n<meta property=\"og:url\" content=\"https:\/\/pihernz.com\/en\/producto\/hytera-s1-mini-uhf-walkie-talkie-multi-charger\/\" \/>\n<meta property=\"og:site_name\" content=\"Pihernz Comunicaciones\" \/>\n<meta property=\"article:publisher\" content=\"https:\/\/www.facebook.com\/pihernz.comunicaciones\/\" \/>\n<meta property=\"article:modified_time\" content=\"2025-12-24T08:28:47+00:00\" \/>\n<meta property=\"og:image\" content=\"https:\/\/pihernz.com\/wp-content\/uploads\/2025\/12\/CM11_Hytera-S1MINI_2.jpg\" \/>\n\t<meta property=\"og:image:width\" content=\"2400\" \/>\n\t<meta property=\"og:image:height\" content=\"2400\" \/>\n\t<meta property=\"og:image:type\" content=\"image\/jpeg\" \/>\n<meta name=\"twitter:card\" content=\"summary_large_image\" \/>\n<meta name=\"twitter:site\" content=\"@pihernz\" \/>\n<meta name=\"twitter:label1\" content=\"Est. reading time\" \/>\n\t<meta name=\"twitter:data1\" content=\"2 minutes\" \/>\n<script type=\"application\/ld+json\" class=\"yoast-schema-graph\">{\"@context\":\"https:\/\/schema.org\",\"@graph\":[{\"@type\":\"WebPage\",\"@id\":\"https:\/\/pihernz.com\/en\/producto\/hytera-s1-mini-uhf-walkie-talkie-multi-charger\/\",\"url\":\"https:\/\/pihernz.com\/en\/producto\/hytera-s1-mini-uhf-walkie-talkie-multi-charger\/\",\"name\":\"Pack of 16 Hytera S1 mini UHF walkies + multiple charger &#8211; Pihernz Comunicaciones\",\"isPartOf\":{\"@id\":\"https:\/\/pihernz.com\/#website\"},\"primaryImageOfPage\":{\"@id\":\"https:\/\/pihernz.com\/en\/producto\/hytera-s1-mini-uhf-walkie-talkie-multi-charger\/#primaryimage\"},\"image\":{\"@id\":\"https:\/\/pihernz.com\/en\/producto\/hytera-s1-mini-uhf-walkie-talkie-multi-charger\/#primaryimage\"},\"thumbnailUrl\":\"https:\/\/pihernz.com\/wp-content\/uploads\/2025\/12\/CM11_Hytera-S1MINI_2.jpg\",\"datePublished\":\"2025-12-23T10:39:45+00:00\",\"dateModified\":\"2025-12-24T08:28:47+00:00\",\"description\":\"The Hytera S1 mini UHF is an ultra-compact analog radio designed for licensed professional use, ideal for industries such as hospitality, retail, hotels, light logistics, and indoor personnel coordination.\",\"breadcrumb\":{\"@id\":\"https:\/\/pihernz.com\/en\/producto\/hytera-s1-mini-uhf-walkie-talkie-multi-charger\/#breadcrumb\"},\"inLanguage\":\"en-US\",\"potentialAction\":[{\"@type\":\"ReadAction\",\"target\":[\"https:\/\/pihernz.com\/en\/producto\/hytera-s1-mini-uhf-walkie-talkie-multi-charger\/\"]}]},{\"@type\":\"ImageObject\",\"inLanguage\":\"en-US\",\"@id\":\"https:\/\/pihernz.com\/en\/producto\/hytera-s1-mini-uhf-walkie-talkie-multi-charger\/#primaryimage\",\"url\":\"https:\/\/pihernz.com\/wp-content\/uploads\/2025\/12\/CM11_Hytera-S1MINI_2.jpg\",\"contentUrl\":\"https:\/\/pihernz.com\/wp-content\/uploads\/2025\/12\/CM11_Hytera-S1MINI_2.jpg\",\"width\":2400,\"height\":2400},{\"@type\":\"BreadcrumbList\",\"@id\":\"https:\/\/pihernz.com\/en\/producto\/hytera-s1-mini-uhf-walkie-talkie-multi-charger\/#breadcrumb\",\"itemListElement\":[{\"@type\":\"ListItem\",\"position\":1,\"name\":\"Portada\",\"item\":\"https:\/\/pihernz.com\/en\/\"},{\"@type\":\"ListItem\",\"position\":2,\"name\":\"Shop\",\"item\":\"https:\/\/pihernz.com\/en\/shop\/\"},{\"@type\":\"ListItem\",\"position\":3,\"name\":\"Pack of 16 Hytera S1 mini UHF walkies + multiple charger\"}]},{\"@type\":\"WebSite\",\"@id\":\"https:\/\/pihernz.com\/#website\",\"url\":\"https:\/\/pihernz.com\/\",\"name\":\"www.pihernz.com\",\"description\":\"Expertos en radiocomunicaciones\",\"publisher\":{\"@id\":\"https:\/\/pihernz.com\/#organization\"},\"alternateName\":\"Pihenrz\",\"potentialAction\":[{\"@type\":\"SearchAction\",\"target\":{\"@type\":\"EntryPoint\",\"urlTemplate\":\"https:\/\/pihernz.com\/?s={search_term_string}\"},\"query-input\":{\"@type\":\"PropertyValueSpecification\",\"valueRequired\":true,\"valueName\":\"search_term_string\"}}],\"inLanguage\":\"en-US\"},{\"@type\":\"Organization\",\"@id\":\"https:\/\/pihernz.com\/#organization\",\"name\":\"Pihernz comunicaciones S.A.\",\"alternateName\":\"Pihernz\",\"url\":\"https:\/\/pihernz.com\/\",\"logo\":{\"@type\":\"ImageObject\",\"inLanguage\":\"en-US\",\"@id\":\"https:\/\/pihernz.com\/#\/schema\/logo\/image\/\",\"url\":\"https:\/\/pihernz.com\/wp-content\/uploads\/2020\/09\/logo.svg\",\"contentUrl\":\"https:\/\/pihernz.com\/wp-content\/uploads\/2020\/09\/logo.svg\",\"width\":178,\"height\":39,\"caption\":\"Pihernz comunicaciones S.A.\"},\"image\":{\"@id\":\"https:\/\/pihernz.com\/#\/schema\/logo\/image\/\"},\"sameAs\":[\"https:\/\/www.facebook.com\/pihernz.comunicaciones\/\",\"https:\/\/x.com\/pihernz\",\"https:\/\/www.instagram.com\/pihernzcomunicaciones\/\",\"https:\/\/es.linkedin.com\/company\/pihernz-comunicaciones\"]}]}<\/script>\n<!-- \/ Yoast SEO plugin. -->","yoast_head_json":{"title":"Pack of 16 Hytera S1 mini UHF walkies + multiple charger &#8211; Pihernz Comunicaciones","description":"The Hytera S1 mini UHF is an ultra-compact analog radio designed for licensed professional use, ideal for industries such as hospitality, retail, hotels, light logistics, and indoor personnel coordination.","robots":{"index":"index","follow":"follow","max-snippet":"max-snippet:-1","max-image-preview":"max-image-preview:large","max-video-preview":"max-video-preview:-1"},"canonical":"https:\/\/pihernz.com\/en\/producto\/hytera-s1-mini-uhf-walkie-talkie-multi-charger\/","og_locale":"en_US","og_type":"article","og_title":"Pack of 16 Hytera S1 mini UHF walkies + multiple charger &#8211; Pihernz Comunicaciones","og_description":"The Hytera S1 mini UHF is an ultra-compact analog radio designed for licensed professional use, ideal for industries such as hospitality, retail, hotels, light logistics, and indoor personnel coordination.","og_url":"https:\/\/pihernz.com\/en\/producto\/hytera-s1-mini-uhf-walkie-talkie-multi-charger\/","og_site_name":"Pihernz Comunicaciones","article_publisher":"https:\/\/www.facebook.com\/pihernz.comunicaciones\/","article_modified_time":"2025-12-24T08:28:47+00:00","og_image":[{"width":2400,"height":2400,"url":"https:\/\/pihernz.com\/wp-content\/uploads\/2025\/12\/CM11_Hytera-S1MINI_2.jpg","type":"image\/jpeg"}],"twitter_card":"summary_large_image","twitter_site":"@pihernz","twitter_misc":{"Est. reading time":"2 minutes"},"schema":{"@context":"https:\/\/schema.org","@graph":[{"@type":"WebPage","@id":"https:\/\/pihernz.com\/en\/producto\/hytera-s1-mini-uhf-walkie-talkie-multi-charger\/","url":"https:\/\/pihernz.com\/en\/producto\/hytera-s1-mini-uhf-walkie-talkie-multi-charger\/","name":"Pack of 16 Hytera S1 mini UHF walkies + multiple charger &#8211; Pihernz Comunicaciones","isPartOf":{"@id":"https:\/\/pihernz.com\/#website"},"primaryImageOfPage":{"@id":"https:\/\/pihernz.com\/en\/producto\/hytera-s1-mini-uhf-walkie-talkie-multi-charger\/#primaryimage"},"image":{"@id":"https:\/\/pihernz.com\/en\/producto\/hytera-s1-mini-uhf-walkie-talkie-multi-charger\/#primaryimage"},"thumbnailUrl":"https:\/\/pihernz.com\/wp-content\/uploads\/2025\/12\/CM11_Hytera-S1MINI_2.jpg","datePublished":"2025-12-23T10:39:45+00:00","dateModified":"2025-12-24T08:28:47+00:00","description":"The Hytera S1 mini UHF is an ultra-compact analog radio designed for licensed professional use, ideal for industries such as hospitality, retail, hotels, light logistics, and indoor personnel coordination.","breadcrumb":{"@id":"https:\/\/pihernz.com\/en\/producto\/hytera-s1-mini-uhf-walkie-talkie-multi-charger\/#breadcrumb"},"inLanguage":"en-US","potentialAction":[{"@type":"ReadAction","target":["https:\/\/pihernz.com\/en\/producto\/hytera-s1-mini-uhf-walkie-talkie-multi-charger\/"]}]},{"@type":"ImageObject","inLanguage":"en-US","@id":"https:\/\/pihernz.com\/en\/producto\/hytera-s1-mini-uhf-walkie-talkie-multi-charger\/#primaryimage","url":"https:\/\/pihernz.com\/wp-content\/uploads\/2025\/12\/CM11_Hytera-S1MINI_2.jpg","contentUrl":"https:\/\/pihernz.com\/wp-content\/uploads\/2025\/12\/CM11_Hytera-S1MINI_2.jpg","width":2400,"height":2400},{"@type":"BreadcrumbList","@id":"https:\/\/pihernz.com\/en\/producto\/hytera-s1-mini-uhf-walkie-talkie-multi-charger\/#breadcrumb","itemListElement":[{"@type":"ListItem","position":1,"name":"Portada","item":"https:\/\/pihernz.com\/en\/"},{"@type":"ListItem","position":2,"name":"Shop","item":"https:\/\/pihernz.com\/en\/shop\/"},{"@type":"ListItem","position":3,"name":"Pack of 16 Hytera S1 mini UHF walkies + multiple charger"}]},{"@type":"WebSite","@id":"https:\/\/pihernz.com\/#website","url":"https:\/\/pihernz.com\/","name":"www.pihernz.com","description":"Expertos en radiocomunicaciones","publisher":{"@id":"https:\/\/pihernz.com\/#organization"},"alternateName":"Pihenrz","potentialAction":[{"@type":"SearchAction","target":{"@type":"EntryPoint","urlTemplate":"https:\/\/pihernz.com\/?s={search_term_string}"},"query-input":{"@type":"PropertyValueSpecification","valueRequired":true,"valueName":"search_term_string"}}],"inLanguage":"en-US"},{"@type":"Organization","@id":"https:\/\/pihernz.com\/#organization","name":"Pihernz comunicaciones S.A.","alternateName":"Pihernz","url":"https:\/\/pihernz.com\/","logo":{"@type":"ImageObject","inLanguage":"en-US","@id":"https:\/\/pihernz.com\/#\/schema\/logo\/image\/","url":"https:\/\/pihernz.com\/wp-content\/uploads\/2020\/09\/logo.svg","contentUrl":"https:\/\/pihernz.com\/wp-content\/uploads\/2020\/09\/logo.svg","width":178,"height":39,"caption":"Pihernz comunicaciones S.A."},"image":{"@id":"https:\/\/pihernz.com\/#\/schema\/logo\/image\/"},"sameAs":["https:\/\/www.facebook.com\/pihernz.comunicaciones\/","https:\/\/x.com\/pihernz","https:\/\/www.instagram.com\/pihernzcomunicaciones\/","https:\/\/es.linkedin.com\/company\/pihernz-comunicaciones"]}]}},"_links":{"self":[{"href":"https:\/\/pihernz.com\/en\/wp-json\/wp\/v2\/product\/90088","targetHints":{"allow":["GET"]}}],"collection":[{"href":"https:\/\/pihernz.com\/en\/wp-json\/wp\/v2\/product"}],"about":[{"href":"https:\/\/pihernz.com\/en\/wp-json\/wp\/v2\/types\/product"}],"wp:featuredmedia":[{"embeddable":true,"href":"https:\/\/pihernz.com\/en\/wp-json\/wp\/v2\/media\/90047"}],"wp:attachment":[{"href":"https:\/\/pihernz.com\/en\/wp-json\/wp\/v2\/media?parent=90088"}],"wp:term":[{"taxonomy":"product_brand","embeddable":true,"href":"https:\/\/pihernz.com\/en\/wp-json\/wp\/v2\/product_brand?post=90088"},{"taxonomy":"product_cat","embeddable":true,"href":"https:\/\/pihernz.com\/en\/wp-json\/wp\/v2\/product_cat?post=90088"},{"taxonomy":"product_tag","embeddable":true,"href":"https:\/\/pihernz.com\/en\/wp-json\/wp\/v2\/product_tag?post=90088"}],"curies":[{"name":"wp","href":"https:\/\/api.w.org\/{rel}","templated":true}]}}