
{"id":79642,"date":"2025-09-16T12:09:31","date_gmt":"2025-09-16T10:09:31","guid":{"rendered":"https:\/\/pihernz.com\/?post_type=product&#038;p=79642"},"modified":"2025-09-29T16:37:49","modified_gmt":"2025-09-29T14:37:49","slug":"hytera-s1-pro-lf-pearl-gray-business-pmr-446-walkie","status":"publish","type":"product","link":"https:\/\/pihernz.com\/en\/producto\/hytera-s1-pro-lf-pearl-gray-business-pmr-446-walkie\/","title":{"rendered":"Hytera S1 Pro LF Pearl white business PMR-446 Walkie"},"content":{"rendered":"<p>The <strong>Hytera S1 Pro LF<\/strong> in <strong>pearl white<\/strong> is the most <strong>elegant and powerful<\/strong>\u00a0business <a href=\"https:\/\/pihernz.com\/categoria-producto\/walkies\/pmr-446-professional-business-walkies\/\"><strong>PMR-446 Walkie-Talkie<\/strong><\/a> in <strong>Hytera&#8217;s<\/strong> compact range. Designed for hotels, shopping centers, and businesses that value both <strong data-start=\"627\" data-end=\"659\">performance and aesthetics<\/strong>, it combines the best of <strong>digital and analog<\/strong>\u00a0communication in a lightweight and sophisticated device.<\/p>\n<p>The <strong>S1 Pro LF<\/strong> model leverages the best of both worlds (<strong>digital and analog<\/strong>) and enhances your communication experience with various innovative features, such as <strong>noise cancellation<\/strong>, <strong>private calls,<\/strong> <strong>whisper mode<\/strong>, and <strong>voice notifications<\/strong>, offering a competitive advantage to your company at all times, along with the <a href=\"https:\/\/play.google.com\/store\/apps\/details?id=com.hytera.hyradio&amp;hl=es_419\" target=\"_blank\" rel=\"noopener\"><strong>Hytera Radio app<\/strong><\/a> that allows for quick configuration via <strong>Bluetooth<\/strong>\u00ae.<\/p>\n<p data-start=\"764\" data-end=\"1194\">With a design inspired by classic Doric columns, finished in <strong>pearl white<\/strong>\u00a0or metallic grey, and a <strong data-start=\"870\" data-end=\"895\">1.3\u201d OLED display<\/strong>, the<strong> S1 Pro LT<\/strong> offers a premium <strong data-start=\"958\" data-end=\"995\">license-free PMR-446<\/strong> communication experience. Its <strong>clear audio<\/strong> with AI noise cancellation, whisper mode, voice notifications, and <strong>16 hours of battery life<\/strong> make it the ideal tool for keeping your team connected at all times.<\/p>\n<div class=\"video-responsive\">\n<p><iframe loading=\"lazy\" title=\"YouTube video player\" src=\"https:\/\/www.youtube.com\/embed\/bH4Oqi5hVCw?si=Q2VmCzg2rYfxsNG3\" width=\"560\" height=\"315\" frameborder=\"0\" allowfullscreen=\"allowfullscreen\"><\/iframe><\/p>\n<\/div>\n<p>&nbsp;<\/p>\n<h2>GENERAL<\/h2>\n<ul>\n<li><strong>License-Free Use (PMR-446):<\/strong> no license required.<\/li>\n<li data-start=\"1127\" data-end=\"1193\"><strong data-start=\"1127\" data-end=\"1151\">Digital + Analog:<\/strong> maximum flexibility in mixed environments.<\/li>\n<li data-start=\"1196\" data-end=\"1260\"><strong data-start=\"1196\" data-end=\"1225\">1.3\u201d HD OLED Display:<\/strong> key information at a glance.<\/li>\n<li data-start=\"1263\" data-end=\"1320\"><strong data-start=\"1263\" data-end=\"1289\">360\u00b0 Metal Knob:<\/strong> fast and precise navigation.<\/li>\n<li data-start=\"1323\" data-end=\"1391\"><strong data-start=\"1323\" data-end=\"1360\">Premium Audio with AI Cancellation:<\/strong> filters up to 30 dB of noise.<\/li>\n<li data-start=\"1394\" data-end=\"1455\"><strong data-start=\"1394\" data-end=\"1431\">Whisper Mode and Private Calls:<\/strong> ensured privacy.<\/li>\n<li data-start=\"1458\" data-end=\"1541\"><strong data-start=\"1458\" data-end=\"1485\">Voice Notifications:<\/strong> channel, battery, and configuration without looking at the screen.<\/li>\n<li data-start=\"1544\" data-end=\"1626\"><strong data-start=\"1544\" data-end=\"1576\">AirClone and Hytera Radio App:<\/strong> clone settings and manage via Bluetooth.<\/li>\n<li data-start=\"1629\" data-end=\"1691\"><strong data-start=\"1629\" data-end=\"1653\">Extended Battery Life:<\/strong> up to 19 hours with a 2,200 mAh battery.<\/li>\n<li data-start=\"1694\" data-end=\"1778\"><strong data-start=\"1694\" data-end=\"1726\">Fast and Replaceable Charging:<\/strong> compatible with 8-slot multi-charger.<\/li>\n<li data-start=\"1781\" data-end=\"1856\"><strong data-start=\"1781\" data-end=\"1800\">Premium Design:<\/strong> 135\u2013145 g, elegant finishes, ergonomic, and durable.<\/li>\n<\/ul>\n<h2><strong>TECHNICAL SPECIFICATIONS<\/strong><\/h2>\n<ul>\n<li><strong>Frequency Band:<\/strong> PMR-446 license-free<\/li>\n<li><strong>Weight:<\/strong> 145 g (with belt clip)<\/li>\n<li><strong>Channels:<\/strong> 256<\/li>\n<li><strong>Zones:<\/strong> 6 (digital + analog)<\/li>\n<li><strong>Channels per Zone:<\/strong> 88<\/li>\n<li><strong>Channel Spacing:<\/strong> 12.5 \/ 20 \/ 25 kHz<\/li>\n<li>Battery Life: Digital: Up to 19 h (0.5 W)<\/li>\n<li>Frequency Stability: \u00b10.5 ppm<\/li>\n<li>Operating Voltage: 3.8 V<\/li>\n<li>Power Output:\u00a0 0.5 W<\/li>\n<li>Operating Temperature: 0 \u00b0C to +55 \u00b0C<\/li>\n<li>Channels: 256<\/li>\n<li>Antenna Impedance: 50 \u03a9<\/li>\n<li>Display: 0.88\u201d, 1.3&#8243; OLED<\/li>\n<li>Bluetooth: 5.0 (data)<\/li>\n<li>Dimensions (H\u00d7W\u00d7D): 108 \u00d7 53 \u00d7 20 mm (without antenna)<\/li>\n<\/ul>\n<h2>INCLUDES<\/h2>\n<ul>\n<li>1 x Hytera S1 Pro PMR-446 Radio<\/li>\n<li>1 x Battery<\/li>\n<li>1 x Belt Clip<\/li>\n<li>1 x Strap<\/li>\n<li>Multi-language manual<\/li>\n<\/ul>\n","protected":false},"excerpt":{"rendered":"<p>Professional PMR-446 Walkie-Talkie<\/p>\n<p>Recommended retail price:\u00a0<span style=\"color: #ff6600;\">154\u20ac + VAT<\/span><\/p>\n","protected":false},"featured_media":73592,"template":"","meta":{"_acf_changed":false,"_relevanssi_hide_post":"","_relevanssi_hide_content":"","_relevanssi_pin_for_all":"","_relevanssi_pin_keywords":"","_relevanssi_unpin_keywords":"","_relevanssi_related_keywords":"","_relevanssi_related_include_ids":"","_relevanssi_related_exclude_ids":"","_relevanssi_related_no_append":"","_relevanssi_related_not_related":"","_relevanssi_related_posts":"","_relevanssi_noindex_reason":"","inline_featured_image":false,"_joinchat":[]},"product_brand":[13033],"product_cat":[12360,12354],"product_tag":[13035],"class_list":{"0":"post-79642","1":"product","2":"type-product","3":"status-publish","4":"has-post-thumbnail","6":"product_brand-hytera-en","7":"product_cat-pmr-446-professional-business-walkies-en","8":"product_cat-walkies-en","9":"product_tag-hospitality-commerce","10":"model-hytera-s1-pro","12":"first","13":"instock","14":"taxable","15":"shipping-taxable","16":"purchasable","17":"product-type-simple"},"acf":[],"yoast_head":"<!-- This site is optimized with the Yoast SEO plugin v27.0 - https:\/\/yoast.com\/product\/yoast-seo-wordpress\/ -->\n<title>Hytera S1 Pro LF Pearl<\/title>\n<meta name=\"description\" content=\"Hytera S1 Pro LF Pearl Gray, business PMR-446 Walkie\" \/>\n<meta name=\"robots\" content=\"index, follow, max-snippet:-1, max-image-preview:large, max-video-preview:-1\" \/>\n<link rel=\"canonical\" href=\"https:\/\/pihernz.com\/en\/producto\/hytera-s1-pro-lf-pearl-gray-business-pmr-446-walkie\/\" \/>\n<meta property=\"og:locale\" content=\"en_US\" \/>\n<meta property=\"og:type\" content=\"article\" \/>\n<meta property=\"og:title\" content=\"Hytera S1 Pro LF Pearl\" \/>\n<meta property=\"og:description\" content=\"Hytera S1 Pro LF Pearl Gray, business PMR-446 Walkie\" \/>\n<meta property=\"og:url\" content=\"https:\/\/pihernz.com\/en\/producto\/hytera-s1-pro-lf-pearl-gray-business-pmr-446-walkie\/\" \/>\n<meta property=\"og:site_name\" content=\"Pihernz Comunicaciones\" \/>\n<meta property=\"article:publisher\" content=\"https:\/\/www.facebook.com\/pihernz.comunicaciones\/\" \/>\n<meta property=\"article:modified_time\" content=\"2025-09-29T14:37:49+00:00\" \/>\n<meta property=\"og:image\" content=\"https:\/\/pihernz.com\/wp-content\/uploads\/2025\/09\/6.png\" \/>\n\t<meta property=\"og:image:width\" content=\"1080\" \/>\n\t<meta property=\"og:image:height\" content=\"1080\" \/>\n\t<meta property=\"og:image:type\" content=\"image\/png\" \/>\n<meta name=\"twitter:card\" content=\"summary_large_image\" \/>\n<meta name=\"twitter:site\" content=\"@pihernz\" \/>\n<meta name=\"twitter:label1\" content=\"Est. reading time\" \/>\n\t<meta name=\"twitter:data1\" content=\"2 minutes\" \/>\n<script type=\"application\/ld+json\" class=\"yoast-schema-graph\">{\"@context\":\"https:\/\/schema.org\",\"@graph\":[{\"@type\":\"WebPage\",\"@id\":\"https:\/\/pihernz.com\/en\/producto\/hytera-s1-pro-lf-pearl-gray-business-pmr-446-walkie\/\",\"url\":\"https:\/\/pihernz.com\/en\/producto\/hytera-s1-pro-lf-pearl-gray-business-pmr-446-walkie\/\",\"name\":\"Hytera S1 Pro LF Pearl\",\"isPartOf\":{\"@id\":\"https:\/\/pihernz.com\/#website\"},\"primaryImageOfPage\":{\"@id\":\"https:\/\/pihernz.com\/en\/producto\/hytera-s1-pro-lf-pearl-gray-business-pmr-446-walkie\/#primaryimage\"},\"image\":{\"@id\":\"https:\/\/pihernz.com\/en\/producto\/hytera-s1-pro-lf-pearl-gray-business-pmr-446-walkie\/#primaryimage\"},\"thumbnailUrl\":\"https:\/\/pihernz.com\/wp-content\/uploads\/2025\/09\/6.png\",\"datePublished\":\"2025-09-16T10:09:31+00:00\",\"dateModified\":\"2025-09-29T14:37:49+00:00\",\"description\":\"Hytera S1 Pro LF Pearl Gray, business PMR-446 Walkie\",\"breadcrumb\":{\"@id\":\"https:\/\/pihernz.com\/en\/producto\/hytera-s1-pro-lf-pearl-gray-business-pmr-446-walkie\/#breadcrumb\"},\"inLanguage\":\"en-US\",\"potentialAction\":[{\"@type\":\"ReadAction\",\"target\":[\"https:\/\/pihernz.com\/en\/producto\/hytera-s1-pro-lf-pearl-gray-business-pmr-446-walkie\/\"]}]},{\"@type\":\"ImageObject\",\"inLanguage\":\"en-US\",\"@id\":\"https:\/\/pihernz.com\/en\/producto\/hytera-s1-pro-lf-pearl-gray-business-pmr-446-walkie\/#primaryimage\",\"url\":\"https:\/\/pihernz.com\/wp-content\/uploads\/2025\/09\/6.png\",\"contentUrl\":\"https:\/\/pihernz.com\/wp-content\/uploads\/2025\/09\/6.png\",\"width\":1080,\"height\":1080,\"caption\":\"Hytera\"},{\"@type\":\"BreadcrumbList\",\"@id\":\"https:\/\/pihernz.com\/en\/producto\/hytera-s1-pro-lf-pearl-gray-business-pmr-446-walkie\/#breadcrumb\",\"itemListElement\":[{\"@type\":\"ListItem\",\"position\":1,\"name\":\"Portada\",\"item\":\"https:\/\/pihernz.com\/en\/\"},{\"@type\":\"ListItem\",\"position\":2,\"name\":\"Shop\",\"item\":\"https:\/\/pihernz.com\/en\/shop\/\"},{\"@type\":\"ListItem\",\"position\":3,\"name\":\"Hytera S1 Pro LF Pearl white business PMR-446 Walkie\"}]},{\"@type\":\"WebSite\",\"@id\":\"https:\/\/pihernz.com\/#website\",\"url\":\"https:\/\/pihernz.com\/\",\"name\":\"www.pihernz.com\",\"description\":\"Expertos en radiocomunicaciones\",\"publisher\":{\"@id\":\"https:\/\/pihernz.com\/#organization\"},\"alternateName\":\"Pihenrz\",\"potentialAction\":[{\"@type\":\"SearchAction\",\"target\":{\"@type\":\"EntryPoint\",\"urlTemplate\":\"https:\/\/pihernz.com\/?s={search_term_string}\"},\"query-input\":{\"@type\":\"PropertyValueSpecification\",\"valueRequired\":true,\"valueName\":\"search_term_string\"}}],\"inLanguage\":\"en-US\"},{\"@type\":\"Organization\",\"@id\":\"https:\/\/pihernz.com\/#organization\",\"name\":\"Pihernz comunicaciones S.A.\",\"alternateName\":\"Pihernz\",\"url\":\"https:\/\/pihernz.com\/\",\"logo\":{\"@type\":\"ImageObject\",\"inLanguage\":\"en-US\",\"@id\":\"https:\/\/pihernz.com\/#\/schema\/logo\/image\/\",\"url\":\"https:\/\/pihernz.com\/wp-content\/uploads\/2020\/09\/logo.svg\",\"contentUrl\":\"https:\/\/pihernz.com\/wp-content\/uploads\/2020\/09\/logo.svg\",\"width\":178,\"height\":39,\"caption\":\"Pihernz comunicaciones S.A.\"},\"image\":{\"@id\":\"https:\/\/pihernz.com\/#\/schema\/logo\/image\/\"},\"sameAs\":[\"https:\/\/www.facebook.com\/pihernz.comunicaciones\/\",\"https:\/\/x.com\/pihernz\",\"https:\/\/www.instagram.com\/pihernzcomunicaciones\/\",\"https:\/\/es.linkedin.com\/company\/pihernz-comunicaciones\"]}]}<\/script>\n<!-- \/ Yoast SEO plugin. -->","yoast_head_json":{"title":"Hytera S1 Pro LF Pearl","description":"Hytera S1 Pro LF Pearl Gray, business PMR-446 Walkie","robots":{"index":"index","follow":"follow","max-snippet":"max-snippet:-1","max-image-preview":"max-image-preview:large","max-video-preview":"max-video-preview:-1"},"canonical":"https:\/\/pihernz.com\/en\/producto\/hytera-s1-pro-lf-pearl-gray-business-pmr-446-walkie\/","og_locale":"en_US","og_type":"article","og_title":"Hytera S1 Pro LF Pearl","og_description":"Hytera S1 Pro LF Pearl Gray, business PMR-446 Walkie","og_url":"https:\/\/pihernz.com\/en\/producto\/hytera-s1-pro-lf-pearl-gray-business-pmr-446-walkie\/","og_site_name":"Pihernz Comunicaciones","article_publisher":"https:\/\/www.facebook.com\/pihernz.comunicaciones\/","article_modified_time":"2025-09-29T14:37:49+00:00","og_image":[{"width":1080,"height":1080,"url":"https:\/\/pihernz.com\/wp-content\/uploads\/2025\/09\/6.png","type":"image\/png"}],"twitter_card":"summary_large_image","twitter_site":"@pihernz","twitter_misc":{"Est. reading time":"2 minutes"},"schema":{"@context":"https:\/\/schema.org","@graph":[{"@type":"WebPage","@id":"https:\/\/pihernz.com\/en\/producto\/hytera-s1-pro-lf-pearl-gray-business-pmr-446-walkie\/","url":"https:\/\/pihernz.com\/en\/producto\/hytera-s1-pro-lf-pearl-gray-business-pmr-446-walkie\/","name":"Hytera S1 Pro LF Pearl","isPartOf":{"@id":"https:\/\/pihernz.com\/#website"},"primaryImageOfPage":{"@id":"https:\/\/pihernz.com\/en\/producto\/hytera-s1-pro-lf-pearl-gray-business-pmr-446-walkie\/#primaryimage"},"image":{"@id":"https:\/\/pihernz.com\/en\/producto\/hytera-s1-pro-lf-pearl-gray-business-pmr-446-walkie\/#primaryimage"},"thumbnailUrl":"https:\/\/pihernz.com\/wp-content\/uploads\/2025\/09\/6.png","datePublished":"2025-09-16T10:09:31+00:00","dateModified":"2025-09-29T14:37:49+00:00","description":"Hytera S1 Pro LF Pearl Gray, business PMR-446 Walkie","breadcrumb":{"@id":"https:\/\/pihernz.com\/en\/producto\/hytera-s1-pro-lf-pearl-gray-business-pmr-446-walkie\/#breadcrumb"},"inLanguage":"en-US","potentialAction":[{"@type":"ReadAction","target":["https:\/\/pihernz.com\/en\/producto\/hytera-s1-pro-lf-pearl-gray-business-pmr-446-walkie\/"]}]},{"@type":"ImageObject","inLanguage":"en-US","@id":"https:\/\/pihernz.com\/en\/producto\/hytera-s1-pro-lf-pearl-gray-business-pmr-446-walkie\/#primaryimage","url":"https:\/\/pihernz.com\/wp-content\/uploads\/2025\/09\/6.png","contentUrl":"https:\/\/pihernz.com\/wp-content\/uploads\/2025\/09\/6.png","width":1080,"height":1080,"caption":"Hytera"},{"@type":"BreadcrumbList","@id":"https:\/\/pihernz.com\/en\/producto\/hytera-s1-pro-lf-pearl-gray-business-pmr-446-walkie\/#breadcrumb","itemListElement":[{"@type":"ListItem","position":1,"name":"Portada","item":"https:\/\/pihernz.com\/en\/"},{"@type":"ListItem","position":2,"name":"Shop","item":"https:\/\/pihernz.com\/en\/shop\/"},{"@type":"ListItem","position":3,"name":"Hytera S1 Pro LF Pearl white business PMR-446 Walkie"}]},{"@type":"WebSite","@id":"https:\/\/pihernz.com\/#website","url":"https:\/\/pihernz.com\/","name":"www.pihernz.com","description":"Expertos en radiocomunicaciones","publisher":{"@id":"https:\/\/pihernz.com\/#organization"},"alternateName":"Pihenrz","potentialAction":[{"@type":"SearchAction","target":{"@type":"EntryPoint","urlTemplate":"https:\/\/pihernz.com\/?s={search_term_string}"},"query-input":{"@type":"PropertyValueSpecification","valueRequired":true,"valueName":"search_term_string"}}],"inLanguage":"en-US"},{"@type":"Organization","@id":"https:\/\/pihernz.com\/#organization","name":"Pihernz comunicaciones S.A.","alternateName":"Pihernz","url":"https:\/\/pihernz.com\/","logo":{"@type":"ImageObject","inLanguage":"en-US","@id":"https:\/\/pihernz.com\/#\/schema\/logo\/image\/","url":"https:\/\/pihernz.com\/wp-content\/uploads\/2020\/09\/logo.svg","contentUrl":"https:\/\/pihernz.com\/wp-content\/uploads\/2020\/09\/logo.svg","width":178,"height":39,"caption":"Pihernz comunicaciones S.A."},"image":{"@id":"https:\/\/pihernz.com\/#\/schema\/logo\/image\/"},"sameAs":["https:\/\/www.facebook.com\/pihernz.comunicaciones\/","https:\/\/x.com\/pihernz","https:\/\/www.instagram.com\/pihernzcomunicaciones\/","https:\/\/es.linkedin.com\/company\/pihernz-comunicaciones"]}]}},"_links":{"self":[{"href":"https:\/\/pihernz.com\/en\/wp-json\/wp\/v2\/product\/79642","targetHints":{"allow":["GET"]}}],"collection":[{"href":"https:\/\/pihernz.com\/en\/wp-json\/wp\/v2\/product"}],"about":[{"href":"https:\/\/pihernz.com\/en\/wp-json\/wp\/v2\/types\/product"}],"wp:featuredmedia":[{"embeddable":true,"href":"https:\/\/pihernz.com\/en\/wp-json\/wp\/v2\/media\/73592"}],"wp:attachment":[{"href":"https:\/\/pihernz.com\/en\/wp-json\/wp\/v2\/media?parent=79642"}],"wp:term":[{"taxonomy":"product_brand","embeddable":true,"href":"https:\/\/pihernz.com\/en\/wp-json\/wp\/v2\/product_brand?post=79642"},{"taxonomy":"product_cat","embeddable":true,"href":"https:\/\/pihernz.com\/en\/wp-json\/wp\/v2\/product_cat?post=79642"},{"taxonomy":"product_tag","embeddable":true,"href":"https:\/\/pihernz.com\/en\/wp-json\/wp\/v2\/product_tag?post=79642"}],"curies":[{"name":"wp","href":"https:\/\/api.w.org\/{rel}","templated":true}]}}