
{"id":70428,"date":"2025-03-12T07:31:33","date_gmt":"2025-03-12T06:31:33","guid":{"rendered":"https:\/\/pihernz.com\/?post_type=product&#038;p=70428"},"modified":"2025-03-12T07:59:00","modified_gmt":"2025-03-12T06:59:00","slug":"bresser-bresser-meteotemp-tbh-weather-station-wireless","status":"publish","type":"product","link":"https:\/\/pihernz.com\/en\/producto\/bresser-bresser-meteotemp-tbh-weather-station-wireless\/","title":{"rendered":"BRESSER MeteoTemp TBH wireless weather station"},"content":{"rendered":"<p>The <b>BRESSER MeteoTemp TBH <a href=\"https:\/\/pihernz.com\/en\/product-category\/measurement\/weather-stations\/\">wireless weather<\/a> station with touch screen<\/b> allows precise weather monitoring for your home &#8211; with temperature measurement, humidity, atmospheric pressure history, weather forecast, and much more.<\/p>\n<p><strong>Will it be rainy or sunny?<\/strong> The <b>BRESSER MeteoTemp TBH Wireless Weather Station<\/b> will tell you. With the <b>graphic weather forecast<\/b>, you can see at a glance what to expect in terms of weather. At the same time, thanks to the precisely measured <b>outdoor temperature<\/b> and <b>humidity<\/b>, you can make an informed decision about whether a thick jacket or a sun hat will be your companion.<\/p>\n<p><b>Always keep the indoor climate under control with the weather station<\/b><\/p>\n<p>For our health and well-being, the indoor climate must also be right. Therefore, the weather station also checks the <b>indoor temperature<\/b> and <b>humidity<\/b> with the integrated hygrometer and thermometer at the base station location. In this way, you can create the perfect atmosphere for your well-being at home or in the office. One room not enough? Then <b>expand<\/b> the system with up to two optional wireless sensors (not included) for more comprehensive indoor climate control.<\/p>\n<p><b>Always aware of the highs and lows of the weather<\/b><\/p>\n<p>Interested in weather developments? Just look at the <b>atmospheric pressure history<\/b>. The data from the <b>max.\/min. value memory<\/b> also shows you the highest and lowest measurements for temperature and humidity. Also practical: the individually adjustable <b>max\/min value alarm<\/b> &#8211; alerts you when the temperatures you set are reached.<\/p>\n<p><b>More flexibility thanks to the high range of the outdoor sensor<\/b><\/p>\n<p>The wireless thermo-hygrometer sensor impresses with its <b>high range of up to 80 meters<\/b>. This gives you remarkable flexibility in placing the weather station. Thus, you will surely find the perfect spot for the temperature and humidity measuring device on your property and the base station in the house.<\/p>\n<h2>FEATURES OF THE BASE STATION MeteoTemp TBH<\/h2>\n<ul>\n<li>Indoor temperature and humidity (\u00b0C\/\u00b0F)<\/li>\n<li>Outdoor temperature and humidity display (\u00b0C\/\u00b0F)<\/li>\n<li>Graphic weather forecast<\/li>\n<li>Atmospheric pressure with graphic history<\/li>\n<li>Max.\/min. values memory for temperature and humidity<\/li>\n<li>Max\/min value alarm for temperature<\/li>\n<li>Automatic time and date setting (DCF)<\/li>\n<li>Integrated alarm clock with snooze function<\/li>\n<li>Moon phase<\/li>\n<li>Can be connected with up to 3 wireless sensors (1 sensor included)<\/li>\n<li>Backlighting<\/li>\n<li>Battery level indicator<\/li>\n<li>Power supply: Power adapter (included) and 1x backup battery CR2032 (included)<\/li>\n<\/ul>\n<h2>SENSOR FEATURES<\/h2>\n<ul>\n<li>Temperature and humidity measurement<\/li>\n<li>Clear LCD display<\/li>\n<li>Range: up to 80 m<\/li>\n<li>Dimensions: 71 x 65 x 23 mm \/ Weight: 44 g<\/li>\n<li>Battery-operated: 2x AAA batteries (not included)<\/li>\n<\/ul>\n<h2><b>CONTENTS<\/b><\/h2>\n<ul>\n<li>Base station<\/li>\n<li>1x wireless sensor<\/li>\n<li>1x backup battery CR2032<\/li>\n<li>Power adapter<\/li>\n<li>User manual<\/li>\n<\/ul>\n","protected":false},"excerpt":{"rendered":"<p>Weather Station<\/p>\n","protected":false},"featured_media":70430,"template":"","meta":{"_acf_changed":false,"_relevanssi_hide_post":"","_relevanssi_hide_content":"","_relevanssi_pin_for_all":"","_relevanssi_pin_keywords":"","_relevanssi_unpin_keywords":"","_relevanssi_related_keywords":"","_relevanssi_related_include_ids":"","_relevanssi_related_exclude_ids":"","_relevanssi_related_no_append":"","_relevanssi_related_not_related":"","_relevanssi_related_posts":"","_relevanssi_noindex_reason":"","inline_featured_image":false,"_joinchat":[]},"product_brand":[12924],"product_cat":[12778],"product_tag":[12744],"class_list":{"0":"post-70428","1":"product","2":"type-product","3":"status-publish","4":"has-post-thumbnail","6":"product_brand-bresser-en","7":"product_cat-weather-stations","8":"product_tag-gifts","10":"first","11":"instock","12":"taxable","13":"shipping-taxable","14":"purchasable","15":"product-type-simple"},"acf":[],"yoast_head":"<!-- This site is optimized with the Yoast SEO plugin v27.0 - https:\/\/yoast.com\/product\/yoast-seo-wordpress\/ -->\n<title>BRESSER MeteoTemp TBH wireless weather station &#8211; Pihernz Comunicaciones<\/title>\n<meta name=\"description\" content=\"The BRESSER MeteoTemp TBH wireless weather station with touch screen allows precise weather monitoring for your home.\" \/>\n<meta name=\"robots\" content=\"index, follow, max-snippet:-1, max-image-preview:large, max-video-preview:-1\" \/>\n<link rel=\"canonical\" href=\"https:\/\/pihernz.com\/en\/producto\/bresser-bresser-meteotemp-tbh-weather-station-wireless\/\" \/>\n<meta property=\"og:locale\" content=\"en_US\" \/>\n<meta property=\"og:type\" content=\"article\" \/>\n<meta property=\"og:title\" content=\"BRESSER MeteoTemp TBH wireless weather station &#8211; Pihernz Comunicaciones\" \/>\n<meta property=\"og:description\" content=\"The BRESSER MeteoTemp TBH wireless weather station with touch screen allows precise weather monitoring for your home.\" \/>\n<meta property=\"og:url\" content=\"https:\/\/pihernz.com\/en\/producto\/bresser-bresser-meteotemp-tbh-weather-station-wireless\/\" \/>\n<meta property=\"og:site_name\" content=\"Pihernz Comunicaciones\" \/>\n<meta property=\"article:publisher\" content=\"https:\/\/www.facebook.com\/pihernz.comunicaciones\/\" \/>\n<meta property=\"article:modified_time\" content=\"2025-03-12T06:59:00+00:00\" \/>\n<meta property=\"og:image\" content=\"https:\/\/pihernz.com\/wp-content\/uploads\/2025\/03\/BRESSER-MeteoTemp-TBH.jpg\" \/>\n\t<meta property=\"og:image:width\" content=\"751\" \/>\n\t<meta property=\"og:image:height\" content=\"684\" \/>\n\t<meta property=\"og:image:type\" content=\"image\/jpeg\" \/>\n<meta name=\"twitter:card\" content=\"summary_large_image\" \/>\n<meta name=\"twitter:site\" content=\"@pihernz\" \/>\n<meta name=\"twitter:label1\" content=\"Est. reading time\" \/>\n\t<meta name=\"twitter:data1\" content=\"3 minutes\" \/>\n<script type=\"application\/ld+json\" class=\"yoast-schema-graph\">{\"@context\":\"https:\/\/schema.org\",\"@graph\":[{\"@type\":\"WebPage\",\"@id\":\"https:\/\/pihernz.com\/en\/producto\/bresser-bresser-meteotemp-tbh-weather-station-wireless\/\",\"url\":\"https:\/\/pihernz.com\/en\/producto\/bresser-bresser-meteotemp-tbh-weather-station-wireless\/\",\"name\":\"BRESSER MeteoTemp TBH wireless weather station &#8211; Pihernz Comunicaciones\",\"isPartOf\":{\"@id\":\"https:\/\/pihernz.com\/#website\"},\"primaryImageOfPage\":{\"@id\":\"https:\/\/pihernz.com\/en\/producto\/bresser-bresser-meteotemp-tbh-weather-station-wireless\/#primaryimage\"},\"image\":{\"@id\":\"https:\/\/pihernz.com\/en\/producto\/bresser-bresser-meteotemp-tbh-weather-station-wireless\/#primaryimage\"},\"thumbnailUrl\":\"https:\/\/pihernz.com\/wp-content\/uploads\/2025\/03\/BRESSER-MeteoTemp-TBH.jpg\",\"datePublished\":\"2025-03-12T06:31:33+00:00\",\"dateModified\":\"2025-03-12T06:59:00+00:00\",\"description\":\"The BRESSER MeteoTemp TBH wireless weather station with touch screen allows precise weather monitoring for your home.\",\"breadcrumb\":{\"@id\":\"https:\/\/pihernz.com\/en\/producto\/bresser-bresser-meteotemp-tbh-weather-station-wireless\/#breadcrumb\"},\"inLanguage\":\"en-US\",\"potentialAction\":[{\"@type\":\"ReadAction\",\"target\":[\"https:\/\/pihernz.com\/en\/producto\/bresser-bresser-meteotemp-tbh-weather-station-wireless\/\"]}]},{\"@type\":\"ImageObject\",\"inLanguage\":\"en-US\",\"@id\":\"https:\/\/pihernz.com\/en\/producto\/bresser-bresser-meteotemp-tbh-weather-station-wireless\/#primaryimage\",\"url\":\"https:\/\/pihernz.com\/wp-content\/uploads\/2025\/03\/BRESSER-MeteoTemp-TBH.jpg\",\"contentUrl\":\"https:\/\/pihernz.com\/wp-content\/uploads\/2025\/03\/BRESSER-MeteoTemp-TBH.jpg\",\"width\":751,\"height\":684,\"caption\":\"Estaci\u00f3n Meteorol\u00f3gica Inal\u00e1mbrica BRESSER MeteoTemp TBH\"},{\"@type\":\"BreadcrumbList\",\"@id\":\"https:\/\/pihernz.com\/en\/producto\/bresser-bresser-meteotemp-tbh-weather-station-wireless\/#breadcrumb\",\"itemListElement\":[{\"@type\":\"ListItem\",\"position\":1,\"name\":\"Portada\",\"item\":\"https:\/\/pihernz.com\/en\/\"},{\"@type\":\"ListItem\",\"position\":2,\"name\":\"Shop\",\"item\":\"https:\/\/pihernz.com\/en\/shop\/\"},{\"@type\":\"ListItem\",\"position\":3,\"name\":\"BRESSER MeteoTemp TBH wireless weather station\"}]},{\"@type\":\"WebSite\",\"@id\":\"https:\/\/pihernz.com\/#website\",\"url\":\"https:\/\/pihernz.com\/\",\"name\":\"www.pihernz.com\",\"description\":\"Expertos en radiocomunicaciones\",\"publisher\":{\"@id\":\"https:\/\/pihernz.com\/#organization\"},\"alternateName\":\"Pihenrz\",\"potentialAction\":[{\"@type\":\"SearchAction\",\"target\":{\"@type\":\"EntryPoint\",\"urlTemplate\":\"https:\/\/pihernz.com\/?s={search_term_string}\"},\"query-input\":{\"@type\":\"PropertyValueSpecification\",\"valueRequired\":true,\"valueName\":\"search_term_string\"}}],\"inLanguage\":\"en-US\"},{\"@type\":\"Organization\",\"@id\":\"https:\/\/pihernz.com\/#organization\",\"name\":\"Pihernz comunicaciones S.A.\",\"alternateName\":\"Pihernz\",\"url\":\"https:\/\/pihernz.com\/\",\"logo\":{\"@type\":\"ImageObject\",\"inLanguage\":\"en-US\",\"@id\":\"https:\/\/pihernz.com\/#\/schema\/logo\/image\/\",\"url\":\"https:\/\/pihernz.com\/wp-content\/uploads\/2020\/09\/logo.svg\",\"contentUrl\":\"https:\/\/pihernz.com\/wp-content\/uploads\/2020\/09\/logo.svg\",\"width\":178,\"height\":39,\"caption\":\"Pihernz comunicaciones S.A.\"},\"image\":{\"@id\":\"https:\/\/pihernz.com\/#\/schema\/logo\/image\/\"},\"sameAs\":[\"https:\/\/www.facebook.com\/pihernz.comunicaciones\/\",\"https:\/\/x.com\/pihernz\",\"https:\/\/www.instagram.com\/pihernzcomunicaciones\/\",\"https:\/\/es.linkedin.com\/company\/pihernz-comunicaciones\"]}]}<\/script>\n<!-- \/ Yoast SEO plugin. -->","yoast_head_json":{"title":"BRESSER MeteoTemp TBH wireless weather station &#8211; Pihernz Comunicaciones","description":"The BRESSER MeteoTemp TBH wireless weather station with touch screen allows precise weather monitoring for your home.","robots":{"index":"index","follow":"follow","max-snippet":"max-snippet:-1","max-image-preview":"max-image-preview:large","max-video-preview":"max-video-preview:-1"},"canonical":"https:\/\/pihernz.com\/en\/producto\/bresser-bresser-meteotemp-tbh-weather-station-wireless\/","og_locale":"en_US","og_type":"article","og_title":"BRESSER MeteoTemp TBH wireless weather station &#8211; Pihernz Comunicaciones","og_description":"The BRESSER MeteoTemp TBH wireless weather station with touch screen allows precise weather monitoring for your home.","og_url":"https:\/\/pihernz.com\/en\/producto\/bresser-bresser-meteotemp-tbh-weather-station-wireless\/","og_site_name":"Pihernz Comunicaciones","article_publisher":"https:\/\/www.facebook.com\/pihernz.comunicaciones\/","article_modified_time":"2025-03-12T06:59:00+00:00","og_image":[{"width":751,"height":684,"url":"https:\/\/pihernz.com\/wp-content\/uploads\/2025\/03\/BRESSER-MeteoTemp-TBH.jpg","type":"image\/jpeg"}],"twitter_card":"summary_large_image","twitter_site":"@pihernz","twitter_misc":{"Est. reading time":"3 minutes"},"schema":{"@context":"https:\/\/schema.org","@graph":[{"@type":"WebPage","@id":"https:\/\/pihernz.com\/en\/producto\/bresser-bresser-meteotemp-tbh-weather-station-wireless\/","url":"https:\/\/pihernz.com\/en\/producto\/bresser-bresser-meteotemp-tbh-weather-station-wireless\/","name":"BRESSER MeteoTemp TBH wireless weather station &#8211; Pihernz Comunicaciones","isPartOf":{"@id":"https:\/\/pihernz.com\/#website"},"primaryImageOfPage":{"@id":"https:\/\/pihernz.com\/en\/producto\/bresser-bresser-meteotemp-tbh-weather-station-wireless\/#primaryimage"},"image":{"@id":"https:\/\/pihernz.com\/en\/producto\/bresser-bresser-meteotemp-tbh-weather-station-wireless\/#primaryimage"},"thumbnailUrl":"https:\/\/pihernz.com\/wp-content\/uploads\/2025\/03\/BRESSER-MeteoTemp-TBH.jpg","datePublished":"2025-03-12T06:31:33+00:00","dateModified":"2025-03-12T06:59:00+00:00","description":"The BRESSER MeteoTemp TBH wireless weather station with touch screen allows precise weather monitoring for your home.","breadcrumb":{"@id":"https:\/\/pihernz.com\/en\/producto\/bresser-bresser-meteotemp-tbh-weather-station-wireless\/#breadcrumb"},"inLanguage":"en-US","potentialAction":[{"@type":"ReadAction","target":["https:\/\/pihernz.com\/en\/producto\/bresser-bresser-meteotemp-tbh-weather-station-wireless\/"]}]},{"@type":"ImageObject","inLanguage":"en-US","@id":"https:\/\/pihernz.com\/en\/producto\/bresser-bresser-meteotemp-tbh-weather-station-wireless\/#primaryimage","url":"https:\/\/pihernz.com\/wp-content\/uploads\/2025\/03\/BRESSER-MeteoTemp-TBH.jpg","contentUrl":"https:\/\/pihernz.com\/wp-content\/uploads\/2025\/03\/BRESSER-MeteoTemp-TBH.jpg","width":751,"height":684,"caption":"Estaci\u00f3n Meteorol\u00f3gica Inal\u00e1mbrica BRESSER MeteoTemp TBH"},{"@type":"BreadcrumbList","@id":"https:\/\/pihernz.com\/en\/producto\/bresser-bresser-meteotemp-tbh-weather-station-wireless\/#breadcrumb","itemListElement":[{"@type":"ListItem","position":1,"name":"Portada","item":"https:\/\/pihernz.com\/en\/"},{"@type":"ListItem","position":2,"name":"Shop","item":"https:\/\/pihernz.com\/en\/shop\/"},{"@type":"ListItem","position":3,"name":"BRESSER MeteoTemp TBH wireless weather station"}]},{"@type":"WebSite","@id":"https:\/\/pihernz.com\/#website","url":"https:\/\/pihernz.com\/","name":"www.pihernz.com","description":"Expertos en radiocomunicaciones","publisher":{"@id":"https:\/\/pihernz.com\/#organization"},"alternateName":"Pihenrz","potentialAction":[{"@type":"SearchAction","target":{"@type":"EntryPoint","urlTemplate":"https:\/\/pihernz.com\/?s={search_term_string}"},"query-input":{"@type":"PropertyValueSpecification","valueRequired":true,"valueName":"search_term_string"}}],"inLanguage":"en-US"},{"@type":"Organization","@id":"https:\/\/pihernz.com\/#organization","name":"Pihernz comunicaciones S.A.","alternateName":"Pihernz","url":"https:\/\/pihernz.com\/","logo":{"@type":"ImageObject","inLanguage":"en-US","@id":"https:\/\/pihernz.com\/#\/schema\/logo\/image\/","url":"https:\/\/pihernz.com\/wp-content\/uploads\/2020\/09\/logo.svg","contentUrl":"https:\/\/pihernz.com\/wp-content\/uploads\/2020\/09\/logo.svg","width":178,"height":39,"caption":"Pihernz comunicaciones S.A."},"image":{"@id":"https:\/\/pihernz.com\/#\/schema\/logo\/image\/"},"sameAs":["https:\/\/www.facebook.com\/pihernz.comunicaciones\/","https:\/\/x.com\/pihernz","https:\/\/www.instagram.com\/pihernzcomunicaciones\/","https:\/\/es.linkedin.com\/company\/pihernz-comunicaciones"]}]}},"_links":{"self":[{"href":"https:\/\/pihernz.com\/en\/wp-json\/wp\/v2\/product\/70428","targetHints":{"allow":["GET"]}}],"collection":[{"href":"https:\/\/pihernz.com\/en\/wp-json\/wp\/v2\/product"}],"about":[{"href":"https:\/\/pihernz.com\/en\/wp-json\/wp\/v2\/types\/product"}],"wp:featuredmedia":[{"embeddable":true,"href":"https:\/\/pihernz.com\/en\/wp-json\/wp\/v2\/media\/70430"}],"wp:attachment":[{"href":"https:\/\/pihernz.com\/en\/wp-json\/wp\/v2\/media?parent=70428"}],"wp:term":[{"taxonomy":"product_brand","embeddable":true,"href":"https:\/\/pihernz.com\/en\/wp-json\/wp\/v2\/product_brand?post=70428"},{"taxonomy":"product_cat","embeddable":true,"href":"https:\/\/pihernz.com\/en\/wp-json\/wp\/v2\/product_cat?post=70428"},{"taxonomy":"product_tag","embeddable":true,"href":"https:\/\/pihernz.com\/en\/wp-json\/wp\/v2\/product_tag?post=70428"}],"curies":[{"name":"wp","href":"https:\/\/api.w.org\/{rel}","templated":true}]}}