
{"id":67420,"date":"2025-09-09T07:16:42","date_gmt":"2025-09-09T05:16:42","guid":{"rendered":"https:\/\/pihernz.com\/?post_type=product&#038;p=67420"},"modified":"2026-03-16T15:00:12","modified_gmt":"2026-03-16T14:00:12","slug":"jopix-ham-10-mobile-10m-ham-radio-transceiver","status":"publish","type":"product","link":"https:\/\/pihernz.com\/en\/producto\/jopix-ham-10-mobile-10m-ham-radio-transceiver\/","title":{"rendered":"Jopix HAM-10 Mobile 10m Ham radio transceiver"},"content":{"rendered":"<p>The <strong>Jopix HAM-10<\/strong> is a versatile <strong>multi-mode mobile amateur radio<\/strong> station for the <a href=\"https:\/\/pihernz.com\/en\/product-category\/emisoras-en\/10m-en\/\"><strong>10m band<\/strong><\/a> with an output power on <strong>FM, SSB<\/strong> and <a href=\"https:\/\/es.wikipedia.org\/wiki\/Alfabeto_radiof%C3%B3nico\" target=\"_blank\" rel=\"noopener\"><strong>CW<\/strong><\/a> of <strong>40W<\/strong> and <strong>12W<\/strong> for AM, which operates within the frequency band from: <strong>28,000<\/strong> to <strong>29,700 MHz<\/strong> and supports different transmission modes (FM, AM, USB, LSB, CW and PA), allowing for <strong>great flexibility<\/strong> in communications.<\/p>\n<p>With its <strong>bright, high-resolution dual LCD display<\/strong> with a choice of <strong>7 display colors<\/strong>, the HAM-10 offers <strong>instant operational information<\/strong> via icons and its segment display, such as <strong>frequency<\/strong>, <strong>band<\/strong> and <strong>transmission mode<\/strong>, channel number, RF signal level, SWR meter, and <strong>functions<\/strong>, etc. Its easily <strong>accessible front buttons<\/strong> allow for <strong>effective and precise operation<\/strong> of the transceiver.<\/p>\n<p>The <strong>Jopix HAM-10<\/strong> offers adjustable output power levels of <strong>4W<\/strong>, <strong>8W<\/strong> and <strong>40W<\/strong>, allowing users to easily adapt to different operating conditions. This transceiver also offers a <strong>large number of operational functions<\/strong> such as: <em>ASQ, ECHO, Hi-cut, Beep, Dual Watch, Noise Blanker, ANL, Scan, Roger Beep, LCR, <\/em>Microphone Gain Adjustment<em>, TalkBack, Scan List, TOT, <\/em>Digital RFG Adjustment and <em>A.-RFG<\/em>, which <strong>enhance the user experience<\/strong> and ensure <strong>accurate and reliable communication<\/strong>.<\/p>\n<h2>FEATURES and FUNCTIONS<\/h2>\n<ul>\n<li>Dual LCD display with SWR meter, RF signal strength, channel display and other information<\/li>\n<li>7 display colors to choose from<\/li>\n<li>FM \/ AM \/ USB \/ LSB \/ CW \/ PA modes<\/li>\n<li>TCXO technology<\/li>\n<li>Selectable frequency steps<\/li>\n<li>Multiple CLARIFIER operating modes<\/li>\n<li>ECO function<\/li>\n<li>Adjustment of microphone gain, RF gain and transmit power<\/li>\n<li>SCAN function<\/li>\n<li>RB (Roger Beep) function<\/li>\n<li>NB (noise suppressor filter) \/ ANL (automatic noise limiting filter) function<\/li>\n<li>Double DW (Dual Listening)<\/li>\n<li>BEEP alert<\/li>\n<li>Frequency shift function: +10 kHz<\/li>\n<li>TOT (timer to transmit) function<\/li>\n<li>HI-CUT (voice distortion filter) function<\/li>\n<li>Emergency call<\/li>\n<li>SWR protection<\/li>\n<li>Power protection<\/li>\n<li>Keypad lock function<\/li>\n<li>SQ (Squelch) function<\/li>\n<\/ul>\n<h2>TECHNICAL SPECIFICATIONS<\/h2>\n<p><strong>GENERAL:<\/strong><\/p>\n<ul>\n<li>Frequency range: 28.000 &#8211; 29.700 MHz<\/li>\n<li>Bands: A\/B\/C\/D\/E\/F\/G\/H\/I \/J<\/li>\n<li>Number of channels: 40 channels by default in each band<\/li>\n<li>Frequency control: Synthesized by PLL<\/li>\n<li>Frequency jumps: 10Hz \/ 100Hz \/ 1kHz \/ 5kHz \/ 10kHz \/ 100kHz \/ 1 MHz<\/li>\n<li>Frequency tolerance: \u00b10.005%<\/li>\n<li>Frequency stability: 0.001%<\/li>\n<li>Operating temperature: -10\u00b0 to +50\u00b0C<\/li>\n<li>Microphone: Dynamic with [PTT] \/ [UP] \/ [DN] keys and coiled cable<\/li>\n<li>Supply voltage: 13.8 Vdc<\/li>\n<li>Consumption: 5A. (TX in Am) \/ 9A (SSB 30W PEP) \/ 0.6A (RX with squelch)<\/li>\n<li>Dimensions: 182 (length) x 175 (width) x 53 (height) mm<\/li>\n<li>Weight: 1.5 kg<\/li>\n<\/ul>\n<p><strong>TRANSMITTER:<\/strong><\/p>\n<ul>\n<li>Transmission power: 12W (AM) \/ 40W (FM\/SSB\/CW)<\/li>\n<li>Modulation type: FM \/ AM \/ USB \/ LSB \/ CW<\/li>\n<li>Intermodulation distortion: SSB: 3rd order &gt;-25dB \/ 5th order&gt;-35dB<\/li>\n<li>SSB carrier suppression: 55dB<\/li>\n<li>Unwanted side band: 50dB<\/li>\n<li>Frequency response: 450 &#8211; 2500 Hz (AM \/ FM)<\/li>\n<li>Antenna impedance: 50 \u03a9 (unbalanced)<\/li>\n<\/ul>\n<p><strong>RECEIVER:<\/strong><\/p>\n<ul>\n<li><span style=\"font-size: 12pt;\">Sensitivity (12 dB SINAD): <\/span>SSB: 0.25 <span style=\"font-size: 12pt;\">\u00b5V for 10 dB (S+N)\/N. AM: 1.0 \u00b5V for 10 dB (S+N)\/N, FM: 1.0 \u00b5V for 20 dB (S+N)\/N (at more than 1\/2W audio output)<\/span><\/li>\n<li>Intermediate frequencies: AM\/FM: 10.695 MHz (1st IF) \/ 455 kHz (2nd IF). SSB: 10.695 MHz<\/li>\n<li>Adjacent channel selectivity: 60 dB (AM\/FM) \/ 70 dB (SSB)<\/li>\n<li>Microphone gain: 45 dB adjustable<\/li>\n<li>Auto gain Microphone Noise (AGC): &lt;10 dB at audio output for inputs 10 to 100 <span style=\"font-size: 12pt;\">\u00b5V<\/span><\/li>\n<li>Squelch adjustable: Threshold &lt;0.5 <span style=\"font-size: 12pt;\">\u00b5V<\/span><\/li>\n<li>Noise suppressor: RF type, effective on AM\/FM and SSB<\/li>\n<li>Automatic squelch control (AM\/FM) 0.5 <span style=\"font-size: 12pt;\">\u00b5V<\/span><\/li>\n<li>Audio output: 3 W @ 8 \u03a9<\/li>\n<li>Frequency response: 300 to 2800 Hz (AM\/FM)<\/li>\n<li>Built-in speaker: 8 \u03a9 Circular<\/li>\n<li>External speaker (not supplied): 8 \u03a9 (disables internal speaker when connected)<\/li>\n<\/ul>\n<h2>CONTENTS<\/h2>\n<ul>\n<li>Jopix HAM-10 transceiver<\/li>\n<li>DC power cable with fuse holder<\/li>\n<li>Dynamic microphone<\/li>\n<li>Vehicle mounting bracket<\/li>\n<li>Microphone holder<\/li>\n<li>Screws and washers<\/li>\n<li>Setting screws<\/li>\n<li>Spare fuse (1) (15A. 250v)<\/li>\n<li>Instruction manual in Spanish, English, French, Portuguese and German<\/li>\n<\/ul>\n","protected":false},"excerpt":{"rendered":"<p>Mobile transceiver 10 meters<\/p>\n","protected":false},"featured_media":68065,"template":"","meta":{"_acf_changed":false,"_relevanssi_hide_post":"","_relevanssi_hide_content":"","_relevanssi_pin_for_all":"","_relevanssi_pin_keywords":"","_relevanssi_unpin_keywords":"","_relevanssi_related_keywords":"","_relevanssi_related_include_ids":"","_relevanssi_related_exclude_ids":"","_relevanssi_related_no_append":"","_relevanssi_related_not_related":"","_relevanssi_related_posts":"","_relevanssi_noindex_reason":"","inline_featured_image":false,"_joinchat":[]},"product_brand":[12211],"product_cat":[12336,12335],"product_tag":[12710],"class_list":{"0":"post-67420","1":"product","2":"type-product","3":"status-publish","4":"has-post-thumbnail","6":"product_brand-jopix-en","7":"product_cat-10m-en","8":"product_cat-emisoras-en","9":"product_tag-ham-radio","11":"first","12":"instock","13":"taxable","14":"shipping-taxable","15":"purchasable","16":"product-type-simple"},"acf":[],"yoast_head":"<!-- This site is optimized with the Yoast SEO plugin v27.0 - https:\/\/yoast.com\/product\/yoast-seo-wordpress\/ -->\n<title>Jopix HAM-10 Mobile 10m transceiver &#8211; Pihernz Comunicaciones<\/title>\n<meta name=\"description\" content=\"The Jopix HAM-10 is a versatile multi-mode mobile amateur radio station for the 10m band with an output power on FM, SSB and CW of 40W and 12W for AM, which operates within the frequency band from: 28,000 to 29,700 MHz and supports different transmission modes (FM, AM, USB, LSB, CW and PA), allowing for great flexibility in communications.\" \/>\n<meta name=\"robots\" content=\"index, follow, max-snippet:-1, max-image-preview:large, max-video-preview:-1\" \/>\n<link rel=\"canonical\" href=\"https:\/\/pihernz.com\/en\/producto\/jopix-ham-10-mobile-10m-ham-radio-transceiver\/\" \/>\n<meta property=\"og:locale\" content=\"en_US\" \/>\n<meta property=\"og:type\" content=\"article\" \/>\n<meta property=\"og:title\" content=\"Jopix HAM-10 Mobile 10m transceiver &#8211; Pihernz Comunicaciones\" \/>\n<meta property=\"og:description\" content=\"The Jopix HAM-10 is a versatile multi-mode mobile amateur radio station for the 10m band with an output power on FM, SSB and CW of 40W and 12W for AM, which operates within the frequency band from: 28,000 to 29,700 MHz and supports different transmission modes (FM, AM, USB, LSB, CW and PA), allowing for great flexibility in communications.\" \/>\n<meta property=\"og:url\" content=\"https:\/\/pihernz.com\/en\/producto\/jopix-ham-10-mobile-10m-ham-radio-transceiver\/\" \/>\n<meta property=\"og:site_name\" content=\"Pihernz Comunicaciones\" \/>\n<meta property=\"article:publisher\" content=\"https:\/\/www.facebook.com\/pihernz.comunicaciones\/\" \/>\n<meta property=\"article:modified_time\" content=\"2026-03-16T14:00:12+00:00\" \/>\n<meta property=\"og:image\" content=\"https:\/\/pihernz.com\/wp-content\/uploads\/2024\/11\/HAM10_Jopix-HAM-10_03-AZUL-PALIDO.jpg\" \/>\n\t<meta property=\"og:image:width\" content=\"2400\" \/>\n\t<meta property=\"og:image:height\" content=\"2400\" \/>\n\t<meta property=\"og:image:type\" content=\"image\/jpeg\" \/>\n<meta name=\"twitter:card\" content=\"summary_large_image\" \/>\n<meta name=\"twitter:site\" content=\"@pihernz\" \/>\n<meta name=\"twitter:label1\" content=\"Est. reading time\" \/>\n\t<meta name=\"twitter:data1\" content=\"3 minutes\" \/>\n<script type=\"application\/ld+json\" class=\"yoast-schema-graph\">{\"@context\":\"https:\/\/schema.org\",\"@graph\":[{\"@type\":\"WebPage\",\"@id\":\"https:\/\/pihernz.com\/en\/producto\/jopix-ham-10-mobile-10m-ham-radio-transceiver\/\",\"url\":\"https:\/\/pihernz.com\/en\/producto\/jopix-ham-10-mobile-10m-ham-radio-transceiver\/\",\"name\":\"Jopix HAM-10 Mobile 10m transceiver &#8211; Pihernz Comunicaciones\",\"isPartOf\":{\"@id\":\"https:\/\/pihernz.com\/#website\"},\"primaryImageOfPage\":{\"@id\":\"https:\/\/pihernz.com\/en\/producto\/jopix-ham-10-mobile-10m-ham-radio-transceiver\/#primaryimage\"},\"image\":{\"@id\":\"https:\/\/pihernz.com\/en\/producto\/jopix-ham-10-mobile-10m-ham-radio-transceiver\/#primaryimage\"},\"thumbnailUrl\":\"https:\/\/pihernz.com\/wp-content\/uploads\/2024\/11\/HAM10_Jopix-HAM-10_03-AZUL-PALIDO.jpg\",\"datePublished\":\"2025-09-09T05:16:42+00:00\",\"dateModified\":\"2026-03-16T14:00:12+00:00\",\"description\":\"The Jopix HAM-10 is a versatile multi-mode mobile amateur radio station for the 10m band with an output power on FM, SSB and CW of 40W and 12W for AM, which operates within the frequency band from: 28,000 to 29,700 MHz and supports different transmission modes (FM, AM, USB, LSB, CW and PA), allowing for great flexibility in communications.\",\"breadcrumb\":{\"@id\":\"https:\/\/pihernz.com\/en\/producto\/jopix-ham-10-mobile-10m-ham-radio-transceiver\/#breadcrumb\"},\"inLanguage\":\"en-US\",\"potentialAction\":[{\"@type\":\"ReadAction\",\"target\":[\"https:\/\/pihernz.com\/en\/producto\/jopix-ham-10-mobile-10m-ham-radio-transceiver\/\"]}]},{\"@type\":\"ImageObject\",\"inLanguage\":\"en-US\",\"@id\":\"https:\/\/pihernz.com\/en\/producto\/jopix-ham-10-mobile-10m-ham-radio-transceiver\/#primaryimage\",\"url\":\"https:\/\/pihernz.com\/wp-content\/uploads\/2024\/11\/HAM10_Jopix-HAM-10_03-AZUL-PALIDO.jpg\",\"contentUrl\":\"https:\/\/pihernz.com\/wp-content\/uploads\/2024\/11\/HAM10_Jopix-HAM-10_03-AZUL-PALIDO.jpg\",\"width\":2400,\"height\":2400,\"caption\":\"Alexis Dengra \u00b7 Retouch &amp; Photo Fotograf\u00eda industrial, especialidad maquinaria en acero y cromados. Fotograf\u00eda e-commerce y productos en 360\u00ba. Fotograf\u00eda publicitaria de producto y life style. Fotograf\u00eda de interiorismo comercial, empresas, hosteler\u00eda y restauraci\u00f3n. Tours virtuales interactivos en 360\u00ba. Retoque digital profesional para agencias. Consultoria para departamentos e-commerce.\"},{\"@type\":\"BreadcrumbList\",\"@id\":\"https:\/\/pihernz.com\/en\/producto\/jopix-ham-10-mobile-10m-ham-radio-transceiver\/#breadcrumb\",\"itemListElement\":[{\"@type\":\"ListItem\",\"position\":1,\"name\":\"Portada\",\"item\":\"https:\/\/pihernz.com\/en\/\"},{\"@type\":\"ListItem\",\"position\":2,\"name\":\"Shop\",\"item\":\"https:\/\/pihernz.com\/en\/shop\/\"},{\"@type\":\"ListItem\",\"position\":3,\"name\":\"Jopix HAM-10 Mobile 10m Ham radio transceiver\"}]},{\"@type\":\"WebSite\",\"@id\":\"https:\/\/pihernz.com\/#website\",\"url\":\"https:\/\/pihernz.com\/\",\"name\":\"www.pihernz.com\",\"description\":\"Expertos en radiocomunicaciones\",\"publisher\":{\"@id\":\"https:\/\/pihernz.com\/#organization\"},\"alternateName\":\"Pihenrz\",\"potentialAction\":[{\"@type\":\"SearchAction\",\"target\":{\"@type\":\"EntryPoint\",\"urlTemplate\":\"https:\/\/pihernz.com\/?s={search_term_string}\"},\"query-input\":{\"@type\":\"PropertyValueSpecification\",\"valueRequired\":true,\"valueName\":\"search_term_string\"}}],\"inLanguage\":\"en-US\"},{\"@type\":\"Organization\",\"@id\":\"https:\/\/pihernz.com\/#organization\",\"name\":\"Pihernz comunicaciones S.A.\",\"alternateName\":\"Pihernz\",\"url\":\"https:\/\/pihernz.com\/\",\"logo\":{\"@type\":\"ImageObject\",\"inLanguage\":\"en-US\",\"@id\":\"https:\/\/pihernz.com\/#\/schema\/logo\/image\/\",\"url\":\"https:\/\/pihernz.com\/wp-content\/uploads\/2020\/09\/logo.svg\",\"contentUrl\":\"https:\/\/pihernz.com\/wp-content\/uploads\/2020\/09\/logo.svg\",\"width\":178,\"height\":39,\"caption\":\"Pihernz comunicaciones S.A.\"},\"image\":{\"@id\":\"https:\/\/pihernz.com\/#\/schema\/logo\/image\/\"},\"sameAs\":[\"https:\/\/www.facebook.com\/pihernz.comunicaciones\/\",\"https:\/\/x.com\/pihernz\",\"https:\/\/www.instagram.com\/pihernzcomunicaciones\/\",\"https:\/\/es.linkedin.com\/company\/pihernz-comunicaciones\"]}]}<\/script>\n<!-- \/ Yoast SEO plugin. -->","yoast_head_json":{"title":"Jopix HAM-10 Mobile 10m transceiver &#8211; Pihernz Comunicaciones","description":"The Jopix HAM-10 is a versatile multi-mode mobile amateur radio station for the 10m band with an output power on FM, SSB and CW of 40W and 12W for AM, which operates within the frequency band from: 28,000 to 29,700 MHz and supports different transmission modes (FM, AM, USB, LSB, CW and PA), allowing for great flexibility in communications.","robots":{"index":"index","follow":"follow","max-snippet":"max-snippet:-1","max-image-preview":"max-image-preview:large","max-video-preview":"max-video-preview:-1"},"canonical":"https:\/\/pihernz.com\/en\/producto\/jopix-ham-10-mobile-10m-ham-radio-transceiver\/","og_locale":"en_US","og_type":"article","og_title":"Jopix HAM-10 Mobile 10m transceiver &#8211; Pihernz Comunicaciones","og_description":"The Jopix HAM-10 is a versatile multi-mode mobile amateur radio station for the 10m band with an output power on FM, SSB and CW of 40W and 12W for AM, which operates within the frequency band from: 28,000 to 29,700 MHz and supports different transmission modes (FM, AM, USB, LSB, CW and PA), allowing for great flexibility in communications.","og_url":"https:\/\/pihernz.com\/en\/producto\/jopix-ham-10-mobile-10m-ham-radio-transceiver\/","og_site_name":"Pihernz Comunicaciones","article_publisher":"https:\/\/www.facebook.com\/pihernz.comunicaciones\/","article_modified_time":"2026-03-16T14:00:12+00:00","og_image":[{"width":2400,"height":2400,"url":"https:\/\/pihernz.com\/wp-content\/uploads\/2024\/11\/HAM10_Jopix-HAM-10_03-AZUL-PALIDO.jpg","type":"image\/jpeg"}],"twitter_card":"summary_large_image","twitter_site":"@pihernz","twitter_misc":{"Est. reading time":"3 minutes"},"schema":{"@context":"https:\/\/schema.org","@graph":[{"@type":"WebPage","@id":"https:\/\/pihernz.com\/en\/producto\/jopix-ham-10-mobile-10m-ham-radio-transceiver\/","url":"https:\/\/pihernz.com\/en\/producto\/jopix-ham-10-mobile-10m-ham-radio-transceiver\/","name":"Jopix HAM-10 Mobile 10m transceiver &#8211; Pihernz Comunicaciones","isPartOf":{"@id":"https:\/\/pihernz.com\/#website"},"primaryImageOfPage":{"@id":"https:\/\/pihernz.com\/en\/producto\/jopix-ham-10-mobile-10m-ham-radio-transceiver\/#primaryimage"},"image":{"@id":"https:\/\/pihernz.com\/en\/producto\/jopix-ham-10-mobile-10m-ham-radio-transceiver\/#primaryimage"},"thumbnailUrl":"https:\/\/pihernz.com\/wp-content\/uploads\/2024\/11\/HAM10_Jopix-HAM-10_03-AZUL-PALIDO.jpg","datePublished":"2025-09-09T05:16:42+00:00","dateModified":"2026-03-16T14:00:12+00:00","description":"The Jopix HAM-10 is a versatile multi-mode mobile amateur radio station for the 10m band with an output power on FM, SSB and CW of 40W and 12W for AM, which operates within the frequency band from: 28,000 to 29,700 MHz and supports different transmission modes (FM, AM, USB, LSB, CW and PA), allowing for great flexibility in communications.","breadcrumb":{"@id":"https:\/\/pihernz.com\/en\/producto\/jopix-ham-10-mobile-10m-ham-radio-transceiver\/#breadcrumb"},"inLanguage":"en-US","potentialAction":[{"@type":"ReadAction","target":["https:\/\/pihernz.com\/en\/producto\/jopix-ham-10-mobile-10m-ham-radio-transceiver\/"]}]},{"@type":"ImageObject","inLanguage":"en-US","@id":"https:\/\/pihernz.com\/en\/producto\/jopix-ham-10-mobile-10m-ham-radio-transceiver\/#primaryimage","url":"https:\/\/pihernz.com\/wp-content\/uploads\/2024\/11\/HAM10_Jopix-HAM-10_03-AZUL-PALIDO.jpg","contentUrl":"https:\/\/pihernz.com\/wp-content\/uploads\/2024\/11\/HAM10_Jopix-HAM-10_03-AZUL-PALIDO.jpg","width":2400,"height":2400,"caption":"Alexis Dengra \u00b7 Retouch &amp; Photo Fotograf\u00eda industrial, especialidad maquinaria en acero y cromados. Fotograf\u00eda e-commerce y productos en 360\u00ba. Fotograf\u00eda publicitaria de producto y life style. Fotograf\u00eda de interiorismo comercial, empresas, hosteler\u00eda y restauraci\u00f3n. Tours virtuales interactivos en 360\u00ba. Retoque digital profesional para agencias. Consultoria para departamentos e-commerce."},{"@type":"BreadcrumbList","@id":"https:\/\/pihernz.com\/en\/producto\/jopix-ham-10-mobile-10m-ham-radio-transceiver\/#breadcrumb","itemListElement":[{"@type":"ListItem","position":1,"name":"Portada","item":"https:\/\/pihernz.com\/en\/"},{"@type":"ListItem","position":2,"name":"Shop","item":"https:\/\/pihernz.com\/en\/shop\/"},{"@type":"ListItem","position":3,"name":"Jopix HAM-10 Mobile 10m Ham radio transceiver"}]},{"@type":"WebSite","@id":"https:\/\/pihernz.com\/#website","url":"https:\/\/pihernz.com\/","name":"www.pihernz.com","description":"Expertos en radiocomunicaciones","publisher":{"@id":"https:\/\/pihernz.com\/#organization"},"alternateName":"Pihenrz","potentialAction":[{"@type":"SearchAction","target":{"@type":"EntryPoint","urlTemplate":"https:\/\/pihernz.com\/?s={search_term_string}"},"query-input":{"@type":"PropertyValueSpecification","valueRequired":true,"valueName":"search_term_string"}}],"inLanguage":"en-US"},{"@type":"Organization","@id":"https:\/\/pihernz.com\/#organization","name":"Pihernz comunicaciones S.A.","alternateName":"Pihernz","url":"https:\/\/pihernz.com\/","logo":{"@type":"ImageObject","inLanguage":"en-US","@id":"https:\/\/pihernz.com\/#\/schema\/logo\/image\/","url":"https:\/\/pihernz.com\/wp-content\/uploads\/2020\/09\/logo.svg","contentUrl":"https:\/\/pihernz.com\/wp-content\/uploads\/2020\/09\/logo.svg","width":178,"height":39,"caption":"Pihernz comunicaciones S.A."},"image":{"@id":"https:\/\/pihernz.com\/#\/schema\/logo\/image\/"},"sameAs":["https:\/\/www.facebook.com\/pihernz.comunicaciones\/","https:\/\/x.com\/pihernz","https:\/\/www.instagram.com\/pihernzcomunicaciones\/","https:\/\/es.linkedin.com\/company\/pihernz-comunicaciones"]}]}},"_links":{"self":[{"href":"https:\/\/pihernz.com\/en\/wp-json\/wp\/v2\/product\/67420","targetHints":{"allow":["GET"]}}],"collection":[{"href":"https:\/\/pihernz.com\/en\/wp-json\/wp\/v2\/product"}],"about":[{"href":"https:\/\/pihernz.com\/en\/wp-json\/wp\/v2\/types\/product"}],"wp:featuredmedia":[{"embeddable":true,"href":"https:\/\/pihernz.com\/en\/wp-json\/wp\/v2\/media\/68065"}],"wp:attachment":[{"href":"https:\/\/pihernz.com\/en\/wp-json\/wp\/v2\/media?parent=67420"}],"wp:term":[{"taxonomy":"product_brand","embeddable":true,"href":"https:\/\/pihernz.com\/en\/wp-json\/wp\/v2\/product_brand?post=67420"},{"taxonomy":"product_cat","embeddable":true,"href":"https:\/\/pihernz.com\/en\/wp-json\/wp\/v2\/product_cat?post=67420"},{"taxonomy":"product_tag","embeddable":true,"href":"https:\/\/pihernz.com\/en\/wp-json\/wp\/v2\/product_tag?post=67420"}],"curies":[{"name":"wp","href":"https:\/\/api.w.org\/{rel}","templated":true}]}}