
{"id":67002,"date":"2024-10-01T11:45:03","date_gmt":"2024-10-01T09:45:03","guid":{"rendered":"https:\/\/pihernz.com\/?post_type=product&#038;p=67002"},"modified":"2025-10-21T09:58:36","modified_gmt":"2025-10-21T07:58:36","slug":"bresser-ndh-neo-wireless-weather-station","status":"publish","type":"product","link":"https:\/\/pihernz.com\/en\/producto\/bresser-ndh-neo-wireless-weather-station\/","title":{"rendered":"Bresser NDH-NEO Wireless Weather Station"},"content":{"rendered":"<p>With the <strong>BRESSER ClimateTemp NDH-NEO Wireless Weather Station<\/strong>, you are always well informed about sun, rain and more. This stylish <strong>weather station with outdoor sensor<\/strong> offers all important information at a glance: indoor and outdoor <strong>temperature and humidity<\/strong> as well as a reliable graphical weather forecast ensure that you are always up to date meteorologically. The <strong>elegant display<\/strong> blends seamlessly into any living or working environment.<\/p>\n<p><strong>Optimal weather view with the weather station forecast.<\/strong><\/p>\n<p>The <strong>graphical weather forecast<\/strong> of the radio weather station provides an accurate prediction, allowing you to reliably plan your activities in advance. In addition, with the<strong> atmospheric pressure display including history<\/strong>, you can always stay up to date on the development of the weather.<\/p>\n<p><strong>Perfect indoor climate.<\/strong><\/p>\n<p>In addition to the weather, of course, we also need the right indoor climate to feel comfortable. The BRESSER radio weather station therefore measures not only the temperature and humidity outside, but also the <strong>values \u200b\u200binside the house<\/strong>. This allows you to <strong>optimally control the indoor climate<\/strong> and ensure a pleasant atmosphere in your home, office, etc. Perfect for adjusting heating and ventilation habits.<\/p>\n<p><strong>Precise weather data.<\/strong><\/p>\n<p>The <strong>waterproof outdoor sensor<\/strong> of this weather station is a real powerhouse. Whether in the garden, on the balcony or in the courtyard \u2013 the sensor always provides you with precise data. With a <strong>range of up to 80 metres<\/strong>,\u00a0you have complete flexibility for placement. And the <strong>integrated display<\/strong> allows you to read the measurement values \u200b\u200bdirectly on site.<\/p>\n<p><strong>Weather station with useful functions for your everyday life.<\/strong><\/p>\n<p>In addition, the BRESSER radio weather station impresses with practical functions. The frost alert informs you of <strong>freezing temperatures<\/strong> on cold days. With the maximum\/minimum value memory, you can follow the development of temperature and humidity. The <strong>maximum\/minimum alarm<\/strong> alerts you when your self-defined temperature values \u200b\u200bare reached \u2013 ideal for reacting quickly to weather changes.<\/p>\n<h2>FEATURES:<\/h2>\n<ul>\n<li>Indoor temperature and humidity (\u00b0C\/\u00b0F)<\/li>\n<li>Outdoor temperature and humidity display (\u00b0C\/\u00b0F)<\/li>\n<li>Graphical weather forecast<\/li>\n<li>Atmospheric pressure with graphical history<\/li>\n<li>Maximum\/minimum alarm for temperature<\/li>\n<li>Maximum\/minimum value memory for temperature and humidity<\/li>\n<li>Frost alert<\/li>\n<li>Automatic time and date setting (DCF)<\/li>\n<li>Built-in alarm clock with snooze function<\/li>\n<li>Moon phase<\/li>\n<li>Power supply: power adapter (included) and 3x AAA backup batteries (not included)<\/li>\n<li>Range: up to 80 m.<\/li>\n<li>Protection class: IP44<\/li>\n<li>Dimensions: 71 x 65 x 23 mm.<\/li>\n<li>Weight: 44 g.<\/li>\n<li>Battery operated: 2x AAA batteries (not included)<\/li>\n<\/ul>\n<h2>INCLUDES:<\/h2>\n<ul>\n<li>Base station<\/li>\n<li>1x wireless sensor<\/li>\n<li>Power adapter<\/li>\n<li>Instruction manual<\/li>\n<\/ul>\n","protected":false},"excerpt":{"rendered":"<p>Weather Station<\/p>\n","protected":false},"featured_media":66916,"template":"","meta":{"_acf_changed":false,"_relevanssi_hide_post":"","_relevanssi_hide_content":"","_relevanssi_pin_for_all":"","_relevanssi_pin_keywords":"","_relevanssi_unpin_keywords":"","_relevanssi_related_keywords":"","_relevanssi_related_include_ids":"","_relevanssi_related_exclude_ids":"","_relevanssi_related_no_append":"","_relevanssi_related_not_related":"","_relevanssi_related_posts":"","_relevanssi_noindex_reason":"","inline_featured_image":false,"_joinchat":[]},"product_brand":[12924],"product_cat":[12778],"product_tag":[12744],"class_list":{"0":"post-67002","1":"product","2":"type-product","3":"status-publish","4":"has-post-thumbnail","6":"product_brand-bresser-en","7":"product_cat-weather-stations","8":"product_tag-gifts","10":"first","11":"instock","12":"taxable","13":"shipping-taxable","14":"purchasable","15":"product-type-simple"},"acf":[],"yoast_head":"<!-- This site is optimized with the Yoast SEO plugin v27.0 - https:\/\/yoast.com\/product\/yoast-seo-wordpress\/ -->\n<title>Bresser NDH-NEO Wireless Weather Station &#8211; Pihernz Comunicaciones<\/title>\n<meta name=\"robots\" content=\"index, follow, max-snippet:-1, max-image-preview:large, max-video-preview:-1\" \/>\n<link rel=\"canonical\" href=\"https:\/\/pihernz.com\/en\/producto\/bresser-ndh-neo-wireless-weather-station\/\" \/>\n<meta property=\"og:locale\" content=\"en_US\" \/>\n<meta property=\"og:type\" content=\"article\" \/>\n<meta property=\"og:title\" content=\"Bresser NDH-NEO Wireless Weather Station &#8211; Pihernz Comunicaciones\" \/>\n<meta property=\"og:description\" content=\"Weather Station\" \/>\n<meta property=\"og:url\" content=\"https:\/\/pihernz.com\/en\/producto\/bresser-ndh-neo-wireless-weather-station\/\" \/>\n<meta property=\"og:site_name\" content=\"Pihernz Comunicaciones\" \/>\n<meta property=\"article:publisher\" content=\"https:\/\/www.facebook.com\/pihernz.comunicaciones\/\" \/>\n<meta property=\"article:modified_time\" content=\"2025-10-21T07:58:36+00:00\" \/>\n<meta property=\"og:image\" content=\"https:\/\/pihernz.com\/wp-content\/uploads\/2024\/07\/Bresser-Estacion-Meteorologica-Inalambrica-NDH-NEO_1.jpg\" \/>\n\t<meta property=\"og:image:width\" content=\"2500\" \/>\n\t<meta property=\"og:image:height\" content=\"2500\" \/>\n\t<meta property=\"og:image:type\" content=\"image\/jpeg\" \/>\n<meta name=\"twitter:card\" content=\"summary_large_image\" \/>\n<meta name=\"twitter:site\" content=\"@pihernz\" \/>\n<meta name=\"twitter:label1\" content=\"Est. reading time\" \/>\n\t<meta name=\"twitter:data1\" content=\"3 minutes\" \/>\n<script type=\"application\/ld+json\" class=\"yoast-schema-graph\">{\"@context\":\"https:\/\/schema.org\",\"@graph\":[{\"@type\":\"WebPage\",\"@id\":\"https:\/\/pihernz.com\/en\/producto\/bresser-ndh-neo-wireless-weather-station\/\",\"url\":\"https:\/\/pihernz.com\/en\/producto\/bresser-ndh-neo-wireless-weather-station\/\",\"name\":\"Bresser NDH-NEO Wireless Weather Station &#8211; Pihernz Comunicaciones\",\"isPartOf\":{\"@id\":\"https:\/\/pihernz.com\/#website\"},\"primaryImageOfPage\":{\"@id\":\"https:\/\/pihernz.com\/en\/producto\/bresser-ndh-neo-wireless-weather-station\/#primaryimage\"},\"image\":{\"@id\":\"https:\/\/pihernz.com\/en\/producto\/bresser-ndh-neo-wireless-weather-station\/#primaryimage\"},\"thumbnailUrl\":\"https:\/\/pihernz.com\/wp-content\/uploads\/2024\/07\/Bresser-Estacion-Meteorologica-Inalambrica-NDH-NEO_1.jpg\",\"datePublished\":\"2024-10-01T09:45:03+00:00\",\"dateModified\":\"2025-10-21T07:58:36+00:00\",\"breadcrumb\":{\"@id\":\"https:\/\/pihernz.com\/en\/producto\/bresser-ndh-neo-wireless-weather-station\/#breadcrumb\"},\"inLanguage\":\"en-US\",\"potentialAction\":[{\"@type\":\"ReadAction\",\"target\":[\"https:\/\/pihernz.com\/en\/producto\/bresser-ndh-neo-wireless-weather-station\/\"]}]},{\"@type\":\"ImageObject\",\"inLanguage\":\"en-US\",\"@id\":\"https:\/\/pihernz.com\/en\/producto\/bresser-ndh-neo-wireless-weather-station\/#primaryimage\",\"url\":\"https:\/\/pihernz.com\/wp-content\/uploads\/2024\/07\/Bresser-Estacion-Meteorologica-Inalambrica-NDH-NEO_1.jpg\",\"contentUrl\":\"https:\/\/pihernz.com\/wp-content\/uploads\/2024\/07\/Bresser-Estacion-Meteorologica-Inalambrica-NDH-NEO_1.jpg\",\"width\":2500,\"height\":2500,\"caption\":\"Bresser Estaci\u00f3n Meteorol\u00f3gica Inal\u00e1mbrica NDH-NEO\"},{\"@type\":\"BreadcrumbList\",\"@id\":\"https:\/\/pihernz.com\/en\/producto\/bresser-ndh-neo-wireless-weather-station\/#breadcrumb\",\"itemListElement\":[{\"@type\":\"ListItem\",\"position\":1,\"name\":\"Portada\",\"item\":\"https:\/\/pihernz.com\/en\/\"},{\"@type\":\"ListItem\",\"position\":2,\"name\":\"Shop\",\"item\":\"https:\/\/pihernz.com\/en\/shop\/\"},{\"@type\":\"ListItem\",\"position\":3,\"name\":\"Bresser NDH-NEO Wireless Weather Station\"}]},{\"@type\":\"WebSite\",\"@id\":\"https:\/\/pihernz.com\/#website\",\"url\":\"https:\/\/pihernz.com\/\",\"name\":\"www.pihernz.com\",\"description\":\"Expertos en radiocomunicaciones\",\"publisher\":{\"@id\":\"https:\/\/pihernz.com\/#organization\"},\"alternateName\":\"Pihenrz\",\"potentialAction\":[{\"@type\":\"SearchAction\",\"target\":{\"@type\":\"EntryPoint\",\"urlTemplate\":\"https:\/\/pihernz.com\/?s={search_term_string}\"},\"query-input\":{\"@type\":\"PropertyValueSpecification\",\"valueRequired\":true,\"valueName\":\"search_term_string\"}}],\"inLanguage\":\"en-US\"},{\"@type\":\"Organization\",\"@id\":\"https:\/\/pihernz.com\/#organization\",\"name\":\"Pihernz comunicaciones S.A.\",\"alternateName\":\"Pihernz\",\"url\":\"https:\/\/pihernz.com\/\",\"logo\":{\"@type\":\"ImageObject\",\"inLanguage\":\"en-US\",\"@id\":\"https:\/\/pihernz.com\/#\/schema\/logo\/image\/\",\"url\":\"https:\/\/pihernz.com\/wp-content\/uploads\/2020\/09\/logo.svg\",\"contentUrl\":\"https:\/\/pihernz.com\/wp-content\/uploads\/2020\/09\/logo.svg\",\"width\":178,\"height\":39,\"caption\":\"Pihernz comunicaciones S.A.\"},\"image\":{\"@id\":\"https:\/\/pihernz.com\/#\/schema\/logo\/image\/\"},\"sameAs\":[\"https:\/\/www.facebook.com\/pihernz.comunicaciones\/\",\"https:\/\/x.com\/pihernz\",\"https:\/\/www.instagram.com\/pihernzcomunicaciones\/\",\"https:\/\/es.linkedin.com\/company\/pihernz-comunicaciones\"]}]}<\/script>\n<!-- \/ Yoast SEO plugin. -->","yoast_head_json":{"title":"Bresser NDH-NEO Wireless Weather Station &#8211; Pihernz Comunicaciones","robots":{"index":"index","follow":"follow","max-snippet":"max-snippet:-1","max-image-preview":"max-image-preview:large","max-video-preview":"max-video-preview:-1"},"canonical":"https:\/\/pihernz.com\/en\/producto\/bresser-ndh-neo-wireless-weather-station\/","og_locale":"en_US","og_type":"article","og_title":"Bresser NDH-NEO Wireless Weather Station &#8211; Pihernz Comunicaciones","og_description":"Weather Station","og_url":"https:\/\/pihernz.com\/en\/producto\/bresser-ndh-neo-wireless-weather-station\/","og_site_name":"Pihernz Comunicaciones","article_publisher":"https:\/\/www.facebook.com\/pihernz.comunicaciones\/","article_modified_time":"2025-10-21T07:58:36+00:00","og_image":[{"width":2500,"height":2500,"url":"https:\/\/pihernz.com\/wp-content\/uploads\/2024\/07\/Bresser-Estacion-Meteorologica-Inalambrica-NDH-NEO_1.jpg","type":"image\/jpeg"}],"twitter_card":"summary_large_image","twitter_site":"@pihernz","twitter_misc":{"Est. reading time":"3 minutes"},"schema":{"@context":"https:\/\/schema.org","@graph":[{"@type":"WebPage","@id":"https:\/\/pihernz.com\/en\/producto\/bresser-ndh-neo-wireless-weather-station\/","url":"https:\/\/pihernz.com\/en\/producto\/bresser-ndh-neo-wireless-weather-station\/","name":"Bresser NDH-NEO Wireless Weather Station &#8211; Pihernz Comunicaciones","isPartOf":{"@id":"https:\/\/pihernz.com\/#website"},"primaryImageOfPage":{"@id":"https:\/\/pihernz.com\/en\/producto\/bresser-ndh-neo-wireless-weather-station\/#primaryimage"},"image":{"@id":"https:\/\/pihernz.com\/en\/producto\/bresser-ndh-neo-wireless-weather-station\/#primaryimage"},"thumbnailUrl":"https:\/\/pihernz.com\/wp-content\/uploads\/2024\/07\/Bresser-Estacion-Meteorologica-Inalambrica-NDH-NEO_1.jpg","datePublished":"2024-10-01T09:45:03+00:00","dateModified":"2025-10-21T07:58:36+00:00","breadcrumb":{"@id":"https:\/\/pihernz.com\/en\/producto\/bresser-ndh-neo-wireless-weather-station\/#breadcrumb"},"inLanguage":"en-US","potentialAction":[{"@type":"ReadAction","target":["https:\/\/pihernz.com\/en\/producto\/bresser-ndh-neo-wireless-weather-station\/"]}]},{"@type":"ImageObject","inLanguage":"en-US","@id":"https:\/\/pihernz.com\/en\/producto\/bresser-ndh-neo-wireless-weather-station\/#primaryimage","url":"https:\/\/pihernz.com\/wp-content\/uploads\/2024\/07\/Bresser-Estacion-Meteorologica-Inalambrica-NDH-NEO_1.jpg","contentUrl":"https:\/\/pihernz.com\/wp-content\/uploads\/2024\/07\/Bresser-Estacion-Meteorologica-Inalambrica-NDH-NEO_1.jpg","width":2500,"height":2500,"caption":"Bresser Estaci\u00f3n Meteorol\u00f3gica Inal\u00e1mbrica NDH-NEO"},{"@type":"BreadcrumbList","@id":"https:\/\/pihernz.com\/en\/producto\/bresser-ndh-neo-wireless-weather-station\/#breadcrumb","itemListElement":[{"@type":"ListItem","position":1,"name":"Portada","item":"https:\/\/pihernz.com\/en\/"},{"@type":"ListItem","position":2,"name":"Shop","item":"https:\/\/pihernz.com\/en\/shop\/"},{"@type":"ListItem","position":3,"name":"Bresser NDH-NEO Wireless Weather Station"}]},{"@type":"WebSite","@id":"https:\/\/pihernz.com\/#website","url":"https:\/\/pihernz.com\/","name":"www.pihernz.com","description":"Expertos en radiocomunicaciones","publisher":{"@id":"https:\/\/pihernz.com\/#organization"},"alternateName":"Pihenrz","potentialAction":[{"@type":"SearchAction","target":{"@type":"EntryPoint","urlTemplate":"https:\/\/pihernz.com\/?s={search_term_string}"},"query-input":{"@type":"PropertyValueSpecification","valueRequired":true,"valueName":"search_term_string"}}],"inLanguage":"en-US"},{"@type":"Organization","@id":"https:\/\/pihernz.com\/#organization","name":"Pihernz comunicaciones S.A.","alternateName":"Pihernz","url":"https:\/\/pihernz.com\/","logo":{"@type":"ImageObject","inLanguage":"en-US","@id":"https:\/\/pihernz.com\/#\/schema\/logo\/image\/","url":"https:\/\/pihernz.com\/wp-content\/uploads\/2020\/09\/logo.svg","contentUrl":"https:\/\/pihernz.com\/wp-content\/uploads\/2020\/09\/logo.svg","width":178,"height":39,"caption":"Pihernz comunicaciones S.A."},"image":{"@id":"https:\/\/pihernz.com\/#\/schema\/logo\/image\/"},"sameAs":["https:\/\/www.facebook.com\/pihernz.comunicaciones\/","https:\/\/x.com\/pihernz","https:\/\/www.instagram.com\/pihernzcomunicaciones\/","https:\/\/es.linkedin.com\/company\/pihernz-comunicaciones"]}]}},"_links":{"self":[{"href":"https:\/\/pihernz.com\/en\/wp-json\/wp\/v2\/product\/67002","targetHints":{"allow":["GET"]}}],"collection":[{"href":"https:\/\/pihernz.com\/en\/wp-json\/wp\/v2\/product"}],"about":[{"href":"https:\/\/pihernz.com\/en\/wp-json\/wp\/v2\/types\/product"}],"wp:featuredmedia":[{"embeddable":true,"href":"https:\/\/pihernz.com\/en\/wp-json\/wp\/v2\/media\/66916"}],"wp:attachment":[{"href":"https:\/\/pihernz.com\/en\/wp-json\/wp\/v2\/media?parent=67002"}],"wp:term":[{"taxonomy":"product_brand","embeddable":true,"href":"https:\/\/pihernz.com\/en\/wp-json\/wp\/v2\/product_brand?post=67002"},{"taxonomy":"product_cat","embeddable":true,"href":"https:\/\/pihernz.com\/en\/wp-json\/wp\/v2\/product_cat?post=67002"},{"taxonomy":"product_tag","embeddable":true,"href":"https:\/\/pihernz.com\/en\/wp-json\/wp\/v2\/product_tag?post=67002"}],"curies":[{"name":"wp","href":"https:\/\/api.w.org\/{rel}","templated":true}]}}