
{"id":67001,"date":"2024-10-01T11:46:03","date_gmt":"2024-10-01T09:46:03","guid":{"rendered":"https:\/\/pihernz.com\/?post_type=product&#038;p=67001"},"modified":"2025-10-27T10:08:28","modified_gmt":"2025-10-27T09:08:28","slug":"bresser-bf-weather-station-with-touch-screen","status":"publish","type":"product","link":"https:\/\/pihernz.com\/en\/producto\/bresser-bf-weather-station-with-touch-screen\/","title":{"rendered":"Bresser BF Weather Station with Touch Screen"},"content":{"rendered":"<p>With the <strong>BRESSER MeteoTemp BF colour weather station with touchscreen<\/strong>, you always have all the information about the local weather and the indoor environment at your fingertips. The attractive graphical <strong>weather forecast<\/strong> with trend tells you whether you should opt for the rain jacket or sunglasses. In addition, the <strong>thermo-hygro sensor<\/strong> integrated in the base station and the external sensor keep you informed about the <strong>temperature and humidity<\/strong>. <strong>Alarm function<\/strong>, display of<strong> maximum\/minimum values<\/strong>, alarm clock, etc. \u2013 all information and setting options appear with a short touch on the modern <strong>touchscreen<\/strong>.<\/p>\n<p><strong>Modern weather station with external sensor for flexible use<\/strong>.<\/p>\n<p>Located in the garden or on the balcony, the <strong>remote sensor<\/strong> quickly provides the<strong> weather station<\/strong> with reliable data on the outdoor <strong>temperature and humidity<\/strong>. In this way, it also provides the basis for calculating the heat index and dew point.<\/p>\n<p>Would you rather keep an eye on the<strong> indoor climate<\/strong> in another room? Keep an eye on the conditions in two rooms with the thermometer and hygrometer on the base station and the remote sensor. The<strong> comfort indicator<\/strong> informs you about the <strong>humidity<\/strong> situation. High, medium, low or non-existent \u2013 \u200b\u200bthe risk of mould is also displayed at the push of a button. In addition, the weather station has room for more: the device can be expanded with up to two additional, optional thermo-hygro sensors (see BRESSER accessories).<\/p>\n<p>Good prospects for the (indoor) climate: Enjoy reliable measurements and practical functions with the <strong>BRESSER MeteoTemp BF Weather Station<\/strong> with remote sensor.<\/p>\n<h2>FEATURES:<\/h2>\n<ul>\n<li>Weather station with colour display and touchscreen<\/li>\n<li>Graphic weather forecast with trend<\/li>\n<li>Indoor temperature and humidity with trend<\/li>\n<li>Outdoor temperature and humidity display with trend<\/li>\n<li>Indoor climate comfort indicator and mould risk display<\/li>\n<li>Information on mould risk at the touch of a button<\/li>\n<li>Heat index and dew point<\/li>\n<li>Temperature and humidity alarm<\/li>\n<li>Maximum\/minimum value memory<\/li>\n<li>Automatic time and date setting (DCF)<\/li>\n<li>Alarm clock<\/li>\n<li>Moon phases<\/li>\n<li>Alarm clock with snooze function (Snooze)<\/li>\n<li>3 channels for remote sensors<\/li>\n<li>Automatic time and date setting (DCF), alarm clock<\/li>\n<li>Dimensions: 140 x 114 x 24 mm<\/li>\n<li>Weight: 347 g<\/li>\n<li>Thermo-Hygro remote sensor<\/li>\n<li>Temperature and humidity (indoor or outdoor)<\/li>\n<li>Display for direct reading of measured data<\/li>\n<li>Range: up to 80 m.<\/li>\n<li>Battery operated: 2x AAA (not included)<\/li>\n<li>For table or wall mounting<\/li>\n<\/ul>\n<h2><strong>INCLUDES:<\/strong><\/h2>\n<ul>\n<li>Base station<\/li>\n<li>1x External sensor<\/li>\n<li>Instruction manual<\/li>\n<\/ul>\n","protected":false},"excerpt":{"rendered":"<p>Weather Station<\/p>\n","protected":false},"featured_media":66908,"template":"","meta":{"_acf_changed":false,"_relevanssi_hide_post":"","_relevanssi_hide_content":"","_relevanssi_pin_for_all":"","_relevanssi_pin_keywords":"","_relevanssi_unpin_keywords":"","_relevanssi_related_keywords":"","_relevanssi_related_include_ids":"","_relevanssi_related_exclude_ids":"","_relevanssi_related_no_append":"","_relevanssi_related_not_related":"","_relevanssi_related_posts":"","_relevanssi_noindex_reason":"","inline_featured_image":false,"_joinchat":[]},"product_brand":[12924],"product_cat":[12778],"product_tag":[12744],"class_list":{"0":"post-67001","1":"product","2":"type-product","3":"status-publish","4":"has-post-thumbnail","6":"product_brand-bresser-en","7":"product_cat-weather-stations","8":"product_tag-gifts","10":"first","11":"instock","12":"taxable","13":"shipping-taxable","14":"purchasable","15":"product-type-simple"},"acf":[],"yoast_head":"<!-- This site is optimized with the Yoast SEO plugin v27.0 - https:\/\/yoast.com\/product\/yoast-seo-wordpress\/ -->\n<title>Bresser BF Weather Station with Touch Screen &#8211; Pihernz Comunicaciones<\/title>\n<meta name=\"robots\" content=\"index, follow, max-snippet:-1, max-image-preview:large, max-video-preview:-1\" \/>\n<link rel=\"canonical\" href=\"https:\/\/pihernz.com\/producto\/bresser-estacion-meteorologica-bf-con-pantalla-tactil\/\" \/>\n<meta property=\"og:locale\" content=\"en_US\" \/>\n<meta property=\"og:type\" content=\"article\" \/>\n<meta property=\"og:title\" content=\"Bresser BF Weather Station with Touch Screen &#8211; Pihernz Comunicaciones\" \/>\n<meta property=\"og:description\" content=\"Weather Station\" \/>\n<meta property=\"og:url\" content=\"https:\/\/pihernz.com\/producto\/bresser-estacion-meteorologica-bf-con-pantalla-tactil\/\" \/>\n<meta property=\"og:site_name\" content=\"Pihernz Comunicaciones\" \/>\n<meta property=\"article:publisher\" content=\"https:\/\/www.facebook.com\/pihernz.comunicaciones\/\" \/>\n<meta property=\"article:modified_time\" content=\"2025-10-27T09:08:28+00:00\" \/>\n<meta property=\"og:image\" content=\"https:\/\/pihernz.com\/wp-content\/uploads\/2024\/07\/Bresser-Estacion-Meteorologica-BF-con-Pantalla-Tactil_1.jpg\" \/>\n\t<meta property=\"og:image:width\" content=\"2500\" \/>\n\t<meta property=\"og:image:height\" content=\"2500\" \/>\n\t<meta property=\"og:image:type\" content=\"image\/jpeg\" \/>\n<meta name=\"twitter:card\" content=\"summary_large_image\" \/>\n<meta name=\"twitter:site\" content=\"@pihernz\" \/>\n<meta name=\"twitter:label1\" content=\"Est. reading time\" \/>\n\t<meta name=\"twitter:data1\" content=\"2 minutes\" \/>\n<script type=\"application\/ld+json\" class=\"yoast-schema-graph\">{\"@context\":\"https:\/\/schema.org\",\"@graph\":[{\"@type\":\"WebPage\",\"@id\":\"https:\/\/pihernz.com\/producto\/bresser-estacion-meteorologica-bf-con-pantalla-tactil\/\",\"url\":\"https:\/\/pihernz.com\/producto\/bresser-estacion-meteorologica-bf-con-pantalla-tactil\/\",\"name\":\"Bresser BF Weather Station with Touch Screen &#8211; Pihernz Comunicaciones\",\"isPartOf\":{\"@id\":\"https:\/\/pihernz.com\/#website\"},\"primaryImageOfPage\":{\"@id\":\"https:\/\/pihernz.com\/producto\/bresser-estacion-meteorologica-bf-con-pantalla-tactil\/#primaryimage\"},\"image\":{\"@id\":\"https:\/\/pihernz.com\/producto\/bresser-estacion-meteorologica-bf-con-pantalla-tactil\/#primaryimage\"},\"thumbnailUrl\":\"https:\/\/pihernz.com\/wp-content\/uploads\/2024\/07\/Bresser-Estacion-Meteorologica-BF-con-Pantalla-Tactil_1.jpg\",\"datePublished\":\"2024-10-01T09:46:03+00:00\",\"dateModified\":\"2025-10-27T09:08:28+00:00\",\"breadcrumb\":{\"@id\":\"https:\/\/pihernz.com\/producto\/bresser-estacion-meteorologica-bf-con-pantalla-tactil\/#breadcrumb\"},\"inLanguage\":\"en-US\",\"potentialAction\":[{\"@type\":\"ReadAction\",\"target\":[\"https:\/\/pihernz.com\/producto\/bresser-estacion-meteorologica-bf-con-pantalla-tactil\/\"]}]},{\"@type\":\"ImageObject\",\"inLanguage\":\"en-US\",\"@id\":\"https:\/\/pihernz.com\/producto\/bresser-estacion-meteorologica-bf-con-pantalla-tactil\/#primaryimage\",\"url\":\"https:\/\/pihernz.com\/wp-content\/uploads\/2024\/07\/Bresser-Estacion-Meteorologica-BF-con-Pantalla-Tactil_1.jpg\",\"contentUrl\":\"https:\/\/pihernz.com\/wp-content\/uploads\/2024\/07\/Bresser-Estacion-Meteorologica-BF-con-Pantalla-Tactil_1.jpg\",\"width\":2500,\"height\":2500,\"caption\":\"Bresser Estaci\u00f3n Meteorol\u00f3gica BF con Pantalla T\u00e1ctil\"},{\"@type\":\"BreadcrumbList\",\"@id\":\"https:\/\/pihernz.com\/producto\/bresser-estacion-meteorologica-bf-con-pantalla-tactil\/#breadcrumb\",\"itemListElement\":[{\"@type\":\"ListItem\",\"position\":1,\"name\":\"Portada\",\"item\":\"https:\/\/pihernz.com\/en\/\"},{\"@type\":\"ListItem\",\"position\":2,\"name\":\"Shop\",\"item\":\"https:\/\/pihernz.com\/en\/shop\/\"},{\"@type\":\"ListItem\",\"position\":3,\"name\":\"Bresser BF Weather Station with Touch Screen\"}]},{\"@type\":\"WebSite\",\"@id\":\"https:\/\/pihernz.com\/#website\",\"url\":\"https:\/\/pihernz.com\/\",\"name\":\"www.pihernz.com\",\"description\":\"Expertos en radiocomunicaciones\",\"publisher\":{\"@id\":\"https:\/\/pihernz.com\/#organization\"},\"alternateName\":\"Pihenrz\",\"potentialAction\":[{\"@type\":\"SearchAction\",\"target\":{\"@type\":\"EntryPoint\",\"urlTemplate\":\"https:\/\/pihernz.com\/?s={search_term_string}\"},\"query-input\":{\"@type\":\"PropertyValueSpecification\",\"valueRequired\":true,\"valueName\":\"search_term_string\"}}],\"inLanguage\":\"en-US\"},{\"@type\":\"Organization\",\"@id\":\"https:\/\/pihernz.com\/#organization\",\"name\":\"Pihernz comunicaciones S.A.\",\"alternateName\":\"Pihernz\",\"url\":\"https:\/\/pihernz.com\/\",\"logo\":{\"@type\":\"ImageObject\",\"inLanguage\":\"en-US\",\"@id\":\"https:\/\/pihernz.com\/#\/schema\/logo\/image\/\",\"url\":\"https:\/\/pihernz.com\/wp-content\/uploads\/2020\/09\/logo.svg\",\"contentUrl\":\"https:\/\/pihernz.com\/wp-content\/uploads\/2020\/09\/logo.svg\",\"width\":178,\"height\":39,\"caption\":\"Pihernz comunicaciones S.A.\"},\"image\":{\"@id\":\"https:\/\/pihernz.com\/#\/schema\/logo\/image\/\"},\"sameAs\":[\"https:\/\/www.facebook.com\/pihernz.comunicaciones\/\",\"https:\/\/x.com\/pihernz\",\"https:\/\/www.instagram.com\/pihernzcomunicaciones\/\",\"https:\/\/es.linkedin.com\/company\/pihernz-comunicaciones\"]}]}<\/script>\n<!-- \/ Yoast SEO plugin. -->","yoast_head_json":{"title":"Bresser BF Weather Station with Touch Screen &#8211; Pihernz Comunicaciones","robots":{"index":"index","follow":"follow","max-snippet":"max-snippet:-1","max-image-preview":"max-image-preview:large","max-video-preview":"max-video-preview:-1"},"canonical":"https:\/\/pihernz.com\/producto\/bresser-estacion-meteorologica-bf-con-pantalla-tactil\/","og_locale":"en_US","og_type":"article","og_title":"Bresser BF Weather Station with Touch Screen &#8211; Pihernz Comunicaciones","og_description":"Weather Station","og_url":"https:\/\/pihernz.com\/producto\/bresser-estacion-meteorologica-bf-con-pantalla-tactil\/","og_site_name":"Pihernz Comunicaciones","article_publisher":"https:\/\/www.facebook.com\/pihernz.comunicaciones\/","article_modified_time":"2025-10-27T09:08:28+00:00","og_image":[{"width":2500,"height":2500,"url":"https:\/\/pihernz.com\/wp-content\/uploads\/2024\/07\/Bresser-Estacion-Meteorologica-BF-con-Pantalla-Tactil_1.jpg","type":"image\/jpeg"}],"twitter_card":"summary_large_image","twitter_site":"@pihernz","twitter_misc":{"Est. reading time":"2 minutes"},"schema":{"@context":"https:\/\/schema.org","@graph":[{"@type":"WebPage","@id":"https:\/\/pihernz.com\/producto\/bresser-estacion-meteorologica-bf-con-pantalla-tactil\/","url":"https:\/\/pihernz.com\/producto\/bresser-estacion-meteorologica-bf-con-pantalla-tactil\/","name":"Bresser BF Weather Station with Touch Screen &#8211; Pihernz Comunicaciones","isPartOf":{"@id":"https:\/\/pihernz.com\/#website"},"primaryImageOfPage":{"@id":"https:\/\/pihernz.com\/producto\/bresser-estacion-meteorologica-bf-con-pantalla-tactil\/#primaryimage"},"image":{"@id":"https:\/\/pihernz.com\/producto\/bresser-estacion-meteorologica-bf-con-pantalla-tactil\/#primaryimage"},"thumbnailUrl":"https:\/\/pihernz.com\/wp-content\/uploads\/2024\/07\/Bresser-Estacion-Meteorologica-BF-con-Pantalla-Tactil_1.jpg","datePublished":"2024-10-01T09:46:03+00:00","dateModified":"2025-10-27T09:08:28+00:00","breadcrumb":{"@id":"https:\/\/pihernz.com\/producto\/bresser-estacion-meteorologica-bf-con-pantalla-tactil\/#breadcrumb"},"inLanguage":"en-US","potentialAction":[{"@type":"ReadAction","target":["https:\/\/pihernz.com\/producto\/bresser-estacion-meteorologica-bf-con-pantalla-tactil\/"]}]},{"@type":"ImageObject","inLanguage":"en-US","@id":"https:\/\/pihernz.com\/producto\/bresser-estacion-meteorologica-bf-con-pantalla-tactil\/#primaryimage","url":"https:\/\/pihernz.com\/wp-content\/uploads\/2024\/07\/Bresser-Estacion-Meteorologica-BF-con-Pantalla-Tactil_1.jpg","contentUrl":"https:\/\/pihernz.com\/wp-content\/uploads\/2024\/07\/Bresser-Estacion-Meteorologica-BF-con-Pantalla-Tactil_1.jpg","width":2500,"height":2500,"caption":"Bresser Estaci\u00f3n Meteorol\u00f3gica BF con Pantalla T\u00e1ctil"},{"@type":"BreadcrumbList","@id":"https:\/\/pihernz.com\/producto\/bresser-estacion-meteorologica-bf-con-pantalla-tactil\/#breadcrumb","itemListElement":[{"@type":"ListItem","position":1,"name":"Portada","item":"https:\/\/pihernz.com\/en\/"},{"@type":"ListItem","position":2,"name":"Shop","item":"https:\/\/pihernz.com\/en\/shop\/"},{"@type":"ListItem","position":3,"name":"Bresser BF Weather Station with Touch Screen"}]},{"@type":"WebSite","@id":"https:\/\/pihernz.com\/#website","url":"https:\/\/pihernz.com\/","name":"www.pihernz.com","description":"Expertos en radiocomunicaciones","publisher":{"@id":"https:\/\/pihernz.com\/#organization"},"alternateName":"Pihenrz","potentialAction":[{"@type":"SearchAction","target":{"@type":"EntryPoint","urlTemplate":"https:\/\/pihernz.com\/?s={search_term_string}"},"query-input":{"@type":"PropertyValueSpecification","valueRequired":true,"valueName":"search_term_string"}}],"inLanguage":"en-US"},{"@type":"Organization","@id":"https:\/\/pihernz.com\/#organization","name":"Pihernz comunicaciones S.A.","alternateName":"Pihernz","url":"https:\/\/pihernz.com\/","logo":{"@type":"ImageObject","inLanguage":"en-US","@id":"https:\/\/pihernz.com\/#\/schema\/logo\/image\/","url":"https:\/\/pihernz.com\/wp-content\/uploads\/2020\/09\/logo.svg","contentUrl":"https:\/\/pihernz.com\/wp-content\/uploads\/2020\/09\/logo.svg","width":178,"height":39,"caption":"Pihernz comunicaciones S.A."},"image":{"@id":"https:\/\/pihernz.com\/#\/schema\/logo\/image\/"},"sameAs":["https:\/\/www.facebook.com\/pihernz.comunicaciones\/","https:\/\/x.com\/pihernz","https:\/\/www.instagram.com\/pihernzcomunicaciones\/","https:\/\/es.linkedin.com\/company\/pihernz-comunicaciones"]}]}},"_links":{"self":[{"href":"https:\/\/pihernz.com\/en\/wp-json\/wp\/v2\/product\/67001","targetHints":{"allow":["GET"]}}],"collection":[{"href":"https:\/\/pihernz.com\/en\/wp-json\/wp\/v2\/product"}],"about":[{"href":"https:\/\/pihernz.com\/en\/wp-json\/wp\/v2\/types\/product"}],"wp:featuredmedia":[{"embeddable":true,"href":"https:\/\/pihernz.com\/en\/wp-json\/wp\/v2\/media\/66908"}],"wp:attachment":[{"href":"https:\/\/pihernz.com\/en\/wp-json\/wp\/v2\/media?parent=67001"}],"wp:term":[{"taxonomy":"product_brand","embeddable":true,"href":"https:\/\/pihernz.com\/en\/wp-json\/wp\/v2\/product_brand?post=67001"},{"taxonomy":"product_cat","embeddable":true,"href":"https:\/\/pihernz.com\/en\/wp-json\/wp\/v2\/product_cat?post=67001"},{"taxonomy":"product_tag","embeddable":true,"href":"https:\/\/pihernz.com\/en\/wp-json\/wp\/v2\/product_tag?post=67001"}],"curies":[{"name":"wp","href":"https:\/\/api.w.org\/{rel}","templated":true}]}}