
{"id":65195,"date":"2024-07-03T11:34:44","date_gmt":"2024-07-03T09:34:44","guid":{"rendered":"https:\/\/pihernz.com\/?post_type=product&#038;p=65195"},"modified":"2025-05-06T13:04:23","modified_gmt":"2025-05-06T11:04:23","slug":"dynascan-d11v-walkie-vhf-digital","status":"publish","type":"product","link":"https:\/\/pihernz.com\/en\/producto\/dynascan-d11v-walkie-vhf-digital\/","title":{"rendered":"Dynascan D11V  VHF Digital DMR Walkie"},"content":{"rendered":"<p>The <strong>Dynascan D11V<\/strong> is a <a href=\"https:\/\/pihernz.com\/en\/product-category\/walkies-en\/dmr-walkies-en\/\"><strong>DMR digital portable transceiver<\/strong><\/a> for the <strong>VHF<\/strong> band (136-174 MHz) with <strong>32 channels<\/strong> (2 zones, digital and analog). It&#8217;s <strong>robust and resistant<\/strong> with excellent sound quality that allows us <strong>crisp and clear communication<\/strong> even in noisy environments.<\/p>\n<p><strong>DMR walkie-talkies<\/strong> <strong>such as the D11V<\/strong> and <strong>D12U<\/strong> from <strong><a href=\"https:\/\/www.dynascanradio.com\/\">Dynascan<\/a><\/strong> offer us several advantages over their <a href=\"https:\/\/pihernz.com\/categoria-producto\/walkies\/vhf-o-uhf-profesional-walkies\/\">analog counterparts <\/a> like:<\/p>\n<ul>\n<li><strong>Improved Audio Quality<\/strong>: DMR radios have better voice quality than analog radios. Digital audio processing reduces background noise and reconstructs signals from degraded transmissions. Therefore, users can communicate even in difficult conditions.<\/li>\n<li><strong>Improved range: <\/strong>DMR radios offer greater radio signal penetration capacity by being able to penetrate buildings and other obstacles, increasing their range.<\/li>\n<li><strong>Better battery life: <\/strong>DMR uses time division multiple access (TDMA) technologies that reduce power consumption. A call uses only one of the two time slots, so it uses less energy. Consequently, this increases battery life.<\/li>\n<li><strong>Advanced privacy and security features:<\/strong> DMR supports modern digital authentication and encryption methods. Prevent other users from listening to your call. This feature makes communication more secure and private<\/li>\n<\/ul>\n<p>Nowadays, opting for a <strong>walkie-talkie<\/strong> for <strong>communications in your work environment<\/strong> still makes a lot of sense. Portable radio transceivers such as <strong>DMR walkie-talkies<\/strong> offer several advantages over the use of <a href=\"https:\/\/pihernz.com\/en\/product-category\/phone-systems-connectivity-en\/rugged-phones\/\"><strong>smartphones<\/strong><\/a> or <strong>mobile phones<\/strong> for business communications since they are more <strong>resistant, reliable and profitable<\/strong>. They are also <strong>easier to use in the workplace<\/strong> and provide <strong>instant communication<\/strong> between groups of workers with the <strong>press of a button<\/strong>.<\/p>\n<p>Walkies connect people and teams in your facilities so they can coordinate and improve collaboration. Providing <strong>reliable and easy-to-use communications<\/strong>, the <strong>Dynascan D11V<\/strong> and <strong>D12U<\/strong> help us streamline daily operations to <strong>improve efficiency, productivity and safety <\/strong>of workers.<\/p>\n<h2>FEATURES<\/h2>\n<ul>\n<li>Programmable side keys<\/li>\n<li>Emergency alarm function<\/li>\n<li>Digital encryption<\/li>\n<li>Recording function (optional)<\/li>\n<li>Up to 32 memory channels (2 zones)<\/li>\n<li>Private, group and all user calls<\/li>\n<li>Scanning and automatic scanning<\/li>\n<li>Emergency call<\/li>\n<li>VOX voice activated broadcast function<\/li>\n<li>TOT Transmission Timer<\/li>\n<li>Battery saving function<\/li>\n<li>Low battery indicator<\/li>\n<li>High (H)\/low (L) transmission power selectable<\/li>\n<\/ul>\n<h2>SPECIFICATIONS<\/h2>\n<h3>GENERAL<\/h3>\n<ul>\n<li>Frequency range: 136-174 MHz<\/li>\n<li>Number of channels: 32 (2 zones, 16 digital and 16 analog)<\/li>\n<li>Channel separation: 12.5\/25 kHz<\/li>\n<li>Modulation type: F3E \/ 4FSK<\/li>\n<li>Power: 7.4V\/2000 mAh Lithium-Ion Battery<\/li>\n<li>Audio Power: 2W<\/li>\n<li>Operating temperature: -10\u00baC + 55 \u00baC<\/li>\n<li>Dimensions: 118 x 58 x 37.5 mm (with battery)<\/li>\n<li>Weight: 230 g with antenna and battery<\/li>\n<\/ul>\n<h3>RECEIVER<\/h3>\n<ul>\n<li>Sensitivity: \u2264 12 dB\u03bcV<\/li>\n<li>Adjacent channel selectivity: \u2265 60 dB<\/li>\n<li>Intermodulation: \u2264 55 dB<\/li>\n<li>Spurious radiation:\u00a0 \u2264 60 dB<\/li>\n<li>Distortion: \u2264 5%<\/li>\n<\/ul>\n<h3>TRANSMITTER<\/h3>\n<ul>\n<li>Frequency stability: \u00b12.5 ppm<\/li>\n<li>Transmission power: 5W \/ 1W<\/li>\n<li>Adjacent channel power: \u2264 60 dB<\/li>\n<li>Spurious emissions: \u2264 0.25 \u03bcW<\/li>\n<li>Distortion:\u00a0\u2264 5%<\/li>\n<\/ul>\n<h2>CONTENT<\/h2>\n<ul>\n<li>Dynascan D11V walkie-talkie<\/li>\n<li>Antenna<\/li>\n<li>Li-Ion 7.V 2000 mAh battery<\/li>\n<li>Desktop charger<\/li>\n<li>AC\/DC power supply<\/li>\n<li>Belt clip<\/li>\n<li>Hand strap<\/li>\n<li>User manual<\/li>\n<\/ul>\n","protected":false},"excerpt":{"rendered":"<p>Walkie DMR VHF<\/p>\n","protected":false},"featured_media":65759,"template":"","meta":{"_acf_changed":false,"_relevanssi_hide_post":"","_relevanssi_hide_content":"","_relevanssi_pin_for_all":"","_relevanssi_pin_keywords":"","_relevanssi_unpin_keywords":"","_relevanssi_related_keywords":"","_relevanssi_related_include_ids":"","_relevanssi_related_exclude_ids":"","_relevanssi_related_no_append":"","_relevanssi_related_not_related":"","_relevanssi_related_posts":"","_relevanssi_noindex_reason":"","inline_featured_image":false,"_joinchat":[]},"product_brand":[12209],"product_cat":[12356,12469,12354],"product_tag":[12707],"class_list":{"0":"post-65195","1":"product","2":"type-product","3":"status-publish","4":"has-post-thumbnail","6":"product_brand-dynascan-en","7":"product_cat-dmr-walkies-en","8":"product_cat-dynascan-en","9":"product_cat-walkies-en","10":"product_tag-industry-logistics","11":"model-d11v-d12u","13":"first","14":"instock","15":"taxable","16":"shipping-taxable","17":"purchasable","18":"product-type-simple"},"acf":[],"yoast_head":"<!-- This site is optimized with the Yoast SEO plugin v27.0 - https:\/\/yoast.com\/product\/yoast-seo-wordpress\/ -->\n<title>Walkie Dynascan D11V DMR VHF &#8211; Pihernz Comunicaciones<\/title>\n<meta name=\"description\" content=\"The Dynascan D11V is a DMR digital portable transceiver for the VHF band (136-174 MHz) with 32 channels (2 zones). It&#039;s robust and resistant with excellent sound quality that allows us crisp and clear communication even in noisy environments.\" \/>\n<meta name=\"robots\" content=\"index, follow, max-snippet:-1, max-image-preview:large, max-video-preview:-1\" \/>\n<link rel=\"canonical\" href=\"https:\/\/pihernz.com\/en\/producto\/dynascan-d11v-walkie-vhf-digital\/\" \/>\n<meta property=\"og:locale\" content=\"en_US\" \/>\n<meta property=\"og:type\" content=\"article\" \/>\n<meta property=\"og:title\" content=\"Walkie Dynascan D11V DMR VHF &#8211; Pihernz Comunicaciones\" \/>\n<meta property=\"og:description\" content=\"The Dynascan D11V is a DMR digital portable transceiver for the VHF band (136-174 MHz) with 32 channels (2 zones). It&#039;s robust and resistant with excellent sound quality that allows us crisp and clear communication even in noisy environments.\" \/>\n<meta property=\"og:url\" content=\"https:\/\/pihernz.com\/en\/producto\/dynascan-d11v-walkie-vhf-digital\/\" \/>\n<meta property=\"og:site_name\" content=\"Pihernz Comunicaciones\" \/>\n<meta property=\"article:publisher\" content=\"https:\/\/www.facebook.com\/pihernz.comunicaciones\/\" \/>\n<meta property=\"article:modified_time\" content=\"2025-05-06T11:04:23+00:00\" \/>\n<meta property=\"og:image\" content=\"https:\/\/pihernz.com\/wp-content\/uploads\/2024\/07\/D11V_Dynascan-D11V_front_logoDMR.jpg\" \/>\n\t<meta property=\"og:image:width\" content=\"2274\" \/>\n\t<meta property=\"og:image:height\" content=\"2400\" \/>\n\t<meta property=\"og:image:type\" content=\"image\/jpeg\" \/>\n<meta name=\"twitter:card\" content=\"summary_large_image\" \/>\n<meta name=\"twitter:site\" content=\"@pihernz\" \/>\n<meta name=\"twitter:label1\" content=\"Est. reading time\" \/>\n\t<meta name=\"twitter:data1\" content=\"3 minutes\" \/>\n<script type=\"application\/ld+json\" class=\"yoast-schema-graph\">{\"@context\":\"https:\/\/schema.org\",\"@graph\":[{\"@type\":\"WebPage\",\"@id\":\"https:\/\/pihernz.com\/en\/producto\/dynascan-d11v-walkie-vhf-digital\/\",\"url\":\"https:\/\/pihernz.com\/en\/producto\/dynascan-d11v-walkie-vhf-digital\/\",\"name\":\"Walkie Dynascan D11V DMR VHF &#8211; Pihernz Comunicaciones\",\"isPartOf\":{\"@id\":\"https:\/\/pihernz.com\/#website\"},\"primaryImageOfPage\":{\"@id\":\"https:\/\/pihernz.com\/en\/producto\/dynascan-d11v-walkie-vhf-digital\/#primaryimage\"},\"image\":{\"@id\":\"https:\/\/pihernz.com\/en\/producto\/dynascan-d11v-walkie-vhf-digital\/#primaryimage\"},\"thumbnailUrl\":\"https:\/\/pihernz.com\/wp-content\/uploads\/2024\/07\/D11V_Dynascan-D11V_front_logoDMR.jpg\",\"datePublished\":\"2024-07-03T09:34:44+00:00\",\"dateModified\":\"2025-05-06T11:04:23+00:00\",\"description\":\"The Dynascan D11V is a DMR digital portable transceiver for the VHF band (136-174 MHz) with 32 channels (2 zones). It's robust and resistant with excellent sound quality that allows us crisp and clear communication even in noisy environments.\",\"breadcrumb\":{\"@id\":\"https:\/\/pihernz.com\/en\/producto\/dynascan-d11v-walkie-vhf-digital\/#breadcrumb\"},\"inLanguage\":\"en-US\",\"potentialAction\":[{\"@type\":\"ReadAction\",\"target\":[\"https:\/\/pihernz.com\/en\/producto\/dynascan-d11v-walkie-vhf-digital\/\"]}]},{\"@type\":\"ImageObject\",\"inLanguage\":\"en-US\",\"@id\":\"https:\/\/pihernz.com\/en\/producto\/dynascan-d11v-walkie-vhf-digital\/#primaryimage\",\"url\":\"https:\/\/pihernz.com\/wp-content\/uploads\/2024\/07\/D11V_Dynascan-D11V_front_logoDMR.jpg\",\"contentUrl\":\"https:\/\/pihernz.com\/wp-content\/uploads\/2024\/07\/D11V_Dynascan-D11V_front_logoDMR.jpg\",\"width\":2274,\"height\":2400,\"caption\":\"Alexis Dengra \u00b7 Retouch &amp; Photo Fotograf\u00eda industrial, especialidad maquinaria en acero y cromados. Fotograf\u00eda e-commerce y productos en 360\u00ba. Fotograf\u00eda publicitaria de producto y life style. Fotograf\u00eda de interiorismo comercial, empresas, hosteler\u00eda y restauraci\u00f3n. Tours virtuales interactivos en 360\u00ba. Retoque digital profesional para agencias. Consultoria para departamentos e-commerce.\"},{\"@type\":\"BreadcrumbList\",\"@id\":\"https:\/\/pihernz.com\/en\/producto\/dynascan-d11v-walkie-vhf-digital\/#breadcrumb\",\"itemListElement\":[{\"@type\":\"ListItem\",\"position\":1,\"name\":\"Portada\",\"item\":\"https:\/\/pihernz.com\/en\/\"},{\"@type\":\"ListItem\",\"position\":2,\"name\":\"Shop\",\"item\":\"https:\/\/pihernz.com\/en\/shop\/\"},{\"@type\":\"ListItem\",\"position\":3,\"name\":\"Dynascan D11V VHF Digital DMR Walkie\"}]},{\"@type\":\"WebSite\",\"@id\":\"https:\/\/pihernz.com\/#website\",\"url\":\"https:\/\/pihernz.com\/\",\"name\":\"www.pihernz.com\",\"description\":\"Expertos en radiocomunicaciones\",\"publisher\":{\"@id\":\"https:\/\/pihernz.com\/#organization\"},\"alternateName\":\"Pihenrz\",\"potentialAction\":[{\"@type\":\"SearchAction\",\"target\":{\"@type\":\"EntryPoint\",\"urlTemplate\":\"https:\/\/pihernz.com\/?s={search_term_string}\"},\"query-input\":{\"@type\":\"PropertyValueSpecification\",\"valueRequired\":true,\"valueName\":\"search_term_string\"}}],\"inLanguage\":\"en-US\"},{\"@type\":\"Organization\",\"@id\":\"https:\/\/pihernz.com\/#organization\",\"name\":\"Pihernz comunicaciones S.A.\",\"alternateName\":\"Pihernz\",\"url\":\"https:\/\/pihernz.com\/\",\"logo\":{\"@type\":\"ImageObject\",\"inLanguage\":\"en-US\",\"@id\":\"https:\/\/pihernz.com\/#\/schema\/logo\/image\/\",\"url\":\"https:\/\/pihernz.com\/wp-content\/uploads\/2020\/09\/logo.svg\",\"contentUrl\":\"https:\/\/pihernz.com\/wp-content\/uploads\/2020\/09\/logo.svg\",\"width\":178,\"height\":39,\"caption\":\"Pihernz comunicaciones S.A.\"},\"image\":{\"@id\":\"https:\/\/pihernz.com\/#\/schema\/logo\/image\/\"},\"sameAs\":[\"https:\/\/www.facebook.com\/pihernz.comunicaciones\/\",\"https:\/\/x.com\/pihernz\",\"https:\/\/www.instagram.com\/pihernzcomunicaciones\/\",\"https:\/\/es.linkedin.com\/company\/pihernz-comunicaciones\"]}]}<\/script>\n<!-- \/ Yoast SEO plugin. -->","yoast_head_json":{"title":"Walkie Dynascan D11V DMR VHF &#8211; Pihernz Comunicaciones","description":"The Dynascan D11V is a DMR digital portable transceiver for the VHF band (136-174 MHz) with 32 channels (2 zones). It's robust and resistant with excellent sound quality that allows us crisp and clear communication even in noisy environments.","robots":{"index":"index","follow":"follow","max-snippet":"max-snippet:-1","max-image-preview":"max-image-preview:large","max-video-preview":"max-video-preview:-1"},"canonical":"https:\/\/pihernz.com\/en\/producto\/dynascan-d11v-walkie-vhf-digital\/","og_locale":"en_US","og_type":"article","og_title":"Walkie Dynascan D11V DMR VHF &#8211; Pihernz Comunicaciones","og_description":"The Dynascan D11V is a DMR digital portable transceiver for the VHF band (136-174 MHz) with 32 channels (2 zones). It's robust and resistant with excellent sound quality that allows us crisp and clear communication even in noisy environments.","og_url":"https:\/\/pihernz.com\/en\/producto\/dynascan-d11v-walkie-vhf-digital\/","og_site_name":"Pihernz Comunicaciones","article_publisher":"https:\/\/www.facebook.com\/pihernz.comunicaciones\/","article_modified_time":"2025-05-06T11:04:23+00:00","og_image":[{"width":2274,"height":2400,"url":"https:\/\/pihernz.com\/wp-content\/uploads\/2024\/07\/D11V_Dynascan-D11V_front_logoDMR.jpg","type":"image\/jpeg"}],"twitter_card":"summary_large_image","twitter_site":"@pihernz","twitter_misc":{"Est. reading time":"3 minutes"},"schema":{"@context":"https:\/\/schema.org","@graph":[{"@type":"WebPage","@id":"https:\/\/pihernz.com\/en\/producto\/dynascan-d11v-walkie-vhf-digital\/","url":"https:\/\/pihernz.com\/en\/producto\/dynascan-d11v-walkie-vhf-digital\/","name":"Walkie Dynascan D11V DMR VHF &#8211; Pihernz Comunicaciones","isPartOf":{"@id":"https:\/\/pihernz.com\/#website"},"primaryImageOfPage":{"@id":"https:\/\/pihernz.com\/en\/producto\/dynascan-d11v-walkie-vhf-digital\/#primaryimage"},"image":{"@id":"https:\/\/pihernz.com\/en\/producto\/dynascan-d11v-walkie-vhf-digital\/#primaryimage"},"thumbnailUrl":"https:\/\/pihernz.com\/wp-content\/uploads\/2024\/07\/D11V_Dynascan-D11V_front_logoDMR.jpg","datePublished":"2024-07-03T09:34:44+00:00","dateModified":"2025-05-06T11:04:23+00:00","description":"The Dynascan D11V is a DMR digital portable transceiver for the VHF band (136-174 MHz) with 32 channels (2 zones). It's robust and resistant with excellent sound quality that allows us crisp and clear communication even in noisy environments.","breadcrumb":{"@id":"https:\/\/pihernz.com\/en\/producto\/dynascan-d11v-walkie-vhf-digital\/#breadcrumb"},"inLanguage":"en-US","potentialAction":[{"@type":"ReadAction","target":["https:\/\/pihernz.com\/en\/producto\/dynascan-d11v-walkie-vhf-digital\/"]}]},{"@type":"ImageObject","inLanguage":"en-US","@id":"https:\/\/pihernz.com\/en\/producto\/dynascan-d11v-walkie-vhf-digital\/#primaryimage","url":"https:\/\/pihernz.com\/wp-content\/uploads\/2024\/07\/D11V_Dynascan-D11V_front_logoDMR.jpg","contentUrl":"https:\/\/pihernz.com\/wp-content\/uploads\/2024\/07\/D11V_Dynascan-D11V_front_logoDMR.jpg","width":2274,"height":2400,"caption":"Alexis Dengra \u00b7 Retouch &amp; Photo Fotograf\u00eda industrial, especialidad maquinaria en acero y cromados. Fotograf\u00eda e-commerce y productos en 360\u00ba. Fotograf\u00eda publicitaria de producto y life style. Fotograf\u00eda de interiorismo comercial, empresas, hosteler\u00eda y restauraci\u00f3n. Tours virtuales interactivos en 360\u00ba. Retoque digital profesional para agencias. Consultoria para departamentos e-commerce."},{"@type":"BreadcrumbList","@id":"https:\/\/pihernz.com\/en\/producto\/dynascan-d11v-walkie-vhf-digital\/#breadcrumb","itemListElement":[{"@type":"ListItem","position":1,"name":"Portada","item":"https:\/\/pihernz.com\/en\/"},{"@type":"ListItem","position":2,"name":"Shop","item":"https:\/\/pihernz.com\/en\/shop\/"},{"@type":"ListItem","position":3,"name":"Dynascan D11V VHF Digital DMR Walkie"}]},{"@type":"WebSite","@id":"https:\/\/pihernz.com\/#website","url":"https:\/\/pihernz.com\/","name":"www.pihernz.com","description":"Expertos en radiocomunicaciones","publisher":{"@id":"https:\/\/pihernz.com\/#organization"},"alternateName":"Pihenrz","potentialAction":[{"@type":"SearchAction","target":{"@type":"EntryPoint","urlTemplate":"https:\/\/pihernz.com\/?s={search_term_string}"},"query-input":{"@type":"PropertyValueSpecification","valueRequired":true,"valueName":"search_term_string"}}],"inLanguage":"en-US"},{"@type":"Organization","@id":"https:\/\/pihernz.com\/#organization","name":"Pihernz comunicaciones S.A.","alternateName":"Pihernz","url":"https:\/\/pihernz.com\/","logo":{"@type":"ImageObject","inLanguage":"en-US","@id":"https:\/\/pihernz.com\/#\/schema\/logo\/image\/","url":"https:\/\/pihernz.com\/wp-content\/uploads\/2020\/09\/logo.svg","contentUrl":"https:\/\/pihernz.com\/wp-content\/uploads\/2020\/09\/logo.svg","width":178,"height":39,"caption":"Pihernz comunicaciones S.A."},"image":{"@id":"https:\/\/pihernz.com\/#\/schema\/logo\/image\/"},"sameAs":["https:\/\/www.facebook.com\/pihernz.comunicaciones\/","https:\/\/x.com\/pihernz","https:\/\/www.instagram.com\/pihernzcomunicaciones\/","https:\/\/es.linkedin.com\/company\/pihernz-comunicaciones"]}]}},"_links":{"self":[{"href":"https:\/\/pihernz.com\/en\/wp-json\/wp\/v2\/product\/65195","targetHints":{"allow":["GET"]}}],"collection":[{"href":"https:\/\/pihernz.com\/en\/wp-json\/wp\/v2\/product"}],"about":[{"href":"https:\/\/pihernz.com\/en\/wp-json\/wp\/v2\/types\/product"}],"wp:featuredmedia":[{"embeddable":true,"href":"https:\/\/pihernz.com\/en\/wp-json\/wp\/v2\/media\/65759"}],"wp:attachment":[{"href":"https:\/\/pihernz.com\/en\/wp-json\/wp\/v2\/media?parent=65195"}],"wp:term":[{"taxonomy":"product_brand","embeddable":true,"href":"https:\/\/pihernz.com\/en\/wp-json\/wp\/v2\/product_brand?post=65195"},{"taxonomy":"product_cat","embeddable":true,"href":"https:\/\/pihernz.com\/en\/wp-json\/wp\/v2\/product_cat?post=65195"},{"taxonomy":"product_tag","embeddable":true,"href":"https:\/\/pihernz.com\/en\/wp-json\/wp\/v2\/product_tag?post=65195"}],"curies":[{"name":"wp","href":"https:\/\/api.w.org\/{rel}","templated":true}]}}