
{"id":63874,"date":"2024-04-30T09:11:09","date_gmt":"2024-04-30T08:11:09","guid":{"rendered":"https:\/\/pihernz.com\/?post_type=product&#038;p=63874"},"modified":"2025-02-20T13:37:52","modified_gmt":"2025-02-20T12:37:52","slug":"aor-ar-dv1-receptor-digital-banda-ancha-clave-activacion-tetra-gssi","status":"publish","type":"product","link":"https:\/\/pihernz.com\/en\/producto\/aor-ar-dv1-receptor-digital-banda-ancha-clave-activacion-tetra-gssi\/","title":{"rendered":"AOR AR-DV1 Receptor digital banda ancha + CLAVE ACTIVACION TETRA GSSI"},"content":{"rendered":"<p>El <strong>AOR AR-DV1<\/strong> con <a href=\"https:\/\/pihernz.com\/en\/producto\/aor-code-tetra-gssi\/\"><strong>clave de activaci\u00f3n GSSI<\/strong><\/a> (incluida*) es un <strong><a href=\"https:\/\/pihernz.com\/categoria-producto\/receptores-y-scanners\/\">receptor<\/a> de banda ancha<\/strong> todo modo (<strong>anal\u00f3gico y digital<\/strong>) con un amplio rango de frecuencias que va desde los <strong>100 kHz<\/strong> a <strong>1.3 Ghz<\/strong>, dispone de <strong>3 VFO<\/strong> y <strong>2000 canales<\/strong> de memoria divididos en 40 bancos. Dispone de <strong>decodificador<\/strong> para <strong>modos digitales<\/strong> como <strong>DMR, dPMR, NXDN, D-STAR y TRETA<\/strong>*, as\u00ed como las se\u00f1ales anal\u00f3gicas corrientes, entre ellas, AM, las modulaciones de banda ancha y estrecha, la <strong>banda lateral superior<\/strong> y la banda lateral desde las estructuras de telecomunicaciones tipo torres, en r\u00e9gimen ininterrumpido.<\/p>\n<p>El <strong>AOR AR-DV1<\/strong> puede ser empleado por servicios policiales, de emergencia, sanitarios, entre otros, para obtener noticias y controlar la seguridad en las zonas donde los \u00f3rganos estatales, as\u00ed como radioaficionados y otros organismos que usan diferentes formatos digitales. El <strong>AR-DV1<\/strong> puede ser operado de manera independiente o ser controlado por el ordenador (el juego incluye una lista de mandos c\u00f3moda para el programador) para facilitar la programaci\u00f3n y el control.<\/p>\n<p>La ranura para <strong>tarjetas SD \/ SDHC<\/strong> soporta funciones de registro y de actualizaci\u00f3n de firmware. Tambi\u00e9n dispone de un <strong>puerto micro USB<\/strong>.<\/p>\n<h2>CARACTERISTICAS<\/h2>\n<ul>\n<li>Cobertura: 100 kHz a 1.3 Ghz<\/li>\n<li>Manejo sencillo e intuitivo<\/li>\n<li>Controlable por PC con un cable USB &#8211; Micro USB cl\u00e1sico. Podemos descargar el programa en: <a href=\"http:\/\/aorja.com\/receivers\/ar-dv1.html\" target=\"_blank\" rel=\"noopener\">http:\/\/aorja.com\/receivers\/ar-dv1.html<\/a><\/li>\n<li>Recepci\u00f3n multimodo AM, USB, LSB, CW, NFM, P25 (APCO25), NXDN, D-STAR, ALINCO EJ-47U, YAESU, DIGITAL CR, dPMR, DMR, MOTOTRBO, KENWOOD.<\/li>\n<li>Incorpora ranura para SD\/ SDHC para grabaci\u00f3n de audio.<\/li>\n<li>Filtro ancho de banda IF seleccionable<\/li>\n<li>Tonos CTCSS y DCS seleccionables<\/li>\n<li>Decodificador de voz (descrambling) \u00a0incluido (no incluido en la versi\u00f3n Americana)<\/li>\n<li>AGC<\/li>\n<li>Incluye filtro reductor de ruido &#8220;Auto-notch noise reduction (NR)&#8221;<\/li>\n<li>Interface USB<\/li>\n<li>Dispone de 3 VFO\u00b4s<\/li>\n<li>2000 Canales de memoria alfanum\u00e9ricos\u00a0 (40 bancos de 50 canales).<\/li>\n<li>Peso aprox.: 1.5 Kg<\/li>\n<li>Dimensiones: 178 (W) x 50 (H) x 215 (D) mm aprox (proyecciones excluidas)<\/li>\n<\/ul>\n<h2>CONTENIDO<\/h2>\n<p>-Receptor<br \/>\n-Adaptador corriente AC<br \/>\n-Antena telesc\u00f3pica<br \/>\n-Manual Instrucciones<br \/>\n-Tarjeta de memoria microSD 16GB<br \/>\n-Adaptador tarjeta microSD a SDHC<br \/>\n-Clave activaci\u00f3n TETRA GSSI (preinstalada*)<\/p>\n","protected":false},"excerpt":{"rendered":"<p>Receptor banda ancha anal\u00f3gico-digital<\/p>\n","protected":false},"featured_media":64233,"template":"","meta":{"_acf_changed":false,"_relevanssi_hide_post":"","_relevanssi_hide_content":"","_relevanssi_pin_for_all":"","_relevanssi_pin_keywords":"","_relevanssi_unpin_keywords":"","_relevanssi_related_keywords":"","_relevanssi_related_include_ids":"","_relevanssi_related_exclude_ids":"","_relevanssi_related_no_append":"","_relevanssi_related_not_related":"","_relevanssi_related_posts":"","_relevanssi_noindex_reason":"","inline_featured_image":false,"_joinchat":[]},"product_brand":[12131],"product_cat":[12345,12449,12343],"product_tag":[12710],"class_list":{"0":"post-63874","1":"product","2":"type-product","3":"status-publish","4":"has-post-thumbnail","6":"product_brand-aor-en","7":"product_cat-aor-receptores-y-scanners-en","8":"product_cat-packs","9":"product_cat-receptores-y-scanners-en","10":"product_tag-ham-radio","12":"first","13":"instock","14":"taxable","15":"shipping-taxable","16":"purchasable","17":"product-type-simple"},"acf":[],"yoast_head":"<!-- This site is optimized with the Yoast SEO plugin v27.0 - https:\/\/yoast.com\/product\/yoast-seo-wordpress\/ -->\n<title>AOR AR-DV1 Receptor digital de banda ancha<\/title>\n<meta name=\"description\" content=\"El AOR AR-DV1 es un receptor de banda ancha todo modo con un amplio rango de frecuencias que va desde los 100 kHz a 1.3 Ghz\" \/>\n<meta name=\"robots\" content=\"index, follow, max-snippet:-1, max-image-preview:large, max-video-preview:-1\" \/>\n<link rel=\"canonical\" href=\"https:\/\/pihernz.com\/en\/producto\/aor-ar-dv1-receptor-digital-banda-ancha-clave-activacion-tetra-gssi\/\" \/>\n<meta property=\"og:locale\" content=\"en_US\" \/>\n<meta property=\"og:type\" content=\"article\" \/>\n<meta property=\"og:title\" content=\"AOR AR-DV1 Receptor digital de banda ancha\" \/>\n<meta property=\"og:description\" content=\"El AOR AR-DV1 es un receptor de banda ancha todo modo con un amplio rango de frecuencias que va desde los 100 kHz a 1.3 Ghz\" \/>\n<meta property=\"og:url\" content=\"https:\/\/pihernz.com\/en\/producto\/aor-ar-dv1-receptor-digital-banda-ancha-clave-activacion-tetra-gssi\/\" \/>\n<meta property=\"og:site_name\" content=\"Pihernz Comunicaciones\" \/>\n<meta property=\"article:publisher\" content=\"https:\/\/www.facebook.com\/pihernz.comunicaciones\/\" \/>\n<meta property=\"article:modified_time\" content=\"2025-02-20T12:37:52+00:00\" \/>\n<meta property=\"og:image\" content=\"https:\/\/pihernz.com\/wp-content\/uploads\/2024\/04\/AOR-AR-DV1-GSSI-Activado.jpg\" \/>\n\t<meta property=\"og:image:width\" content=\"436\" \/>\n\t<meta property=\"og:image:height\" content=\"467\" \/>\n\t<meta property=\"og:image:type\" content=\"image\/jpeg\" \/>\n<meta name=\"twitter:card\" content=\"summary_large_image\" \/>\n<meta name=\"twitter:site\" content=\"@pihernz\" \/>\n<meta name=\"twitter:label1\" content=\"Est. reading time\" \/>\n\t<meta name=\"twitter:data1\" content=\"2 minutes\" \/>\n<script type=\"application\/ld+json\" class=\"yoast-schema-graph\">{\"@context\":\"https:\/\/schema.org\",\"@graph\":[{\"@type\":\"WebPage\",\"@id\":\"https:\/\/pihernz.com\/en\/producto\/aor-ar-dv1-receptor-digital-banda-ancha-clave-activacion-tetra-gssi\/\",\"url\":\"https:\/\/pihernz.com\/en\/producto\/aor-ar-dv1-receptor-digital-banda-ancha-clave-activacion-tetra-gssi\/\",\"name\":\"AOR AR-DV1 Receptor digital de banda ancha\",\"isPartOf\":{\"@id\":\"https:\/\/pihernz.com\/#website\"},\"primaryImageOfPage\":{\"@id\":\"https:\/\/pihernz.com\/en\/producto\/aor-ar-dv1-receptor-digital-banda-ancha-clave-activacion-tetra-gssi\/#primaryimage\"},\"image\":{\"@id\":\"https:\/\/pihernz.com\/en\/producto\/aor-ar-dv1-receptor-digital-banda-ancha-clave-activacion-tetra-gssi\/#primaryimage\"},\"thumbnailUrl\":\"https:\/\/pihernz.com\/wp-content\/uploads\/2024\/04\/AOR-AR-DV1-GSSI-Activado.jpg\",\"datePublished\":\"2024-04-30T08:11:09+00:00\",\"dateModified\":\"2025-02-20T12:37:52+00:00\",\"description\":\"El AOR AR-DV1 es un receptor de banda ancha todo modo con un amplio rango de frecuencias que va desde los 100 kHz a 1.3 Ghz\",\"breadcrumb\":{\"@id\":\"https:\/\/pihernz.com\/en\/producto\/aor-ar-dv1-receptor-digital-banda-ancha-clave-activacion-tetra-gssi\/#breadcrumb\"},\"inLanguage\":\"en-US\",\"potentialAction\":[{\"@type\":\"ReadAction\",\"target\":[\"https:\/\/pihernz.com\/en\/producto\/aor-ar-dv1-receptor-digital-banda-ancha-clave-activacion-tetra-gssi\/\"]}]},{\"@type\":\"ImageObject\",\"inLanguage\":\"en-US\",\"@id\":\"https:\/\/pihernz.com\/en\/producto\/aor-ar-dv1-receptor-digital-banda-ancha-clave-activacion-tetra-gssi\/#primaryimage\",\"url\":\"https:\/\/pihernz.com\/wp-content\/uploads\/2024\/04\/AOR-AR-DV1-GSSI-Activado.jpg\",\"contentUrl\":\"https:\/\/pihernz.com\/wp-content\/uploads\/2024\/04\/AOR-AR-DV1-GSSI-Activado.jpg\",\"width\":436,\"height\":467,\"caption\":\"AOR AR-DV1 cn GSSI activado\"},{\"@type\":\"BreadcrumbList\",\"@id\":\"https:\/\/pihernz.com\/en\/producto\/aor-ar-dv1-receptor-digital-banda-ancha-clave-activacion-tetra-gssi\/#breadcrumb\",\"itemListElement\":[{\"@type\":\"ListItem\",\"position\":1,\"name\":\"Portada\",\"item\":\"https:\/\/pihernz.com\/en\/\"},{\"@type\":\"ListItem\",\"position\":2,\"name\":\"Shop\",\"item\":\"https:\/\/pihernz.com\/en\/shop\/\"},{\"@type\":\"ListItem\",\"position\":3,\"name\":\"AOR AR-DV1 Receptor digital banda ancha + CLAVE ACTIVACION TETRA GSSI\"}]},{\"@type\":\"WebSite\",\"@id\":\"https:\/\/pihernz.com\/#website\",\"url\":\"https:\/\/pihernz.com\/\",\"name\":\"www.pihernz.com\",\"description\":\"Expertos en radiocomunicaciones\",\"publisher\":{\"@id\":\"https:\/\/pihernz.com\/#organization\"},\"alternateName\":\"Pihenrz\",\"potentialAction\":[{\"@type\":\"SearchAction\",\"target\":{\"@type\":\"EntryPoint\",\"urlTemplate\":\"https:\/\/pihernz.com\/?s={search_term_string}\"},\"query-input\":{\"@type\":\"PropertyValueSpecification\",\"valueRequired\":true,\"valueName\":\"search_term_string\"}}],\"inLanguage\":\"en-US\"},{\"@type\":\"Organization\",\"@id\":\"https:\/\/pihernz.com\/#organization\",\"name\":\"Pihernz comunicaciones S.A.\",\"alternateName\":\"Pihernz\",\"url\":\"https:\/\/pihernz.com\/\",\"logo\":{\"@type\":\"ImageObject\",\"inLanguage\":\"en-US\",\"@id\":\"https:\/\/pihernz.com\/#\/schema\/logo\/image\/\",\"url\":\"https:\/\/pihernz.com\/wp-content\/uploads\/2020\/09\/logo.svg\",\"contentUrl\":\"https:\/\/pihernz.com\/wp-content\/uploads\/2020\/09\/logo.svg\",\"width\":178,\"height\":39,\"caption\":\"Pihernz comunicaciones S.A.\"},\"image\":{\"@id\":\"https:\/\/pihernz.com\/#\/schema\/logo\/image\/\"},\"sameAs\":[\"https:\/\/www.facebook.com\/pihernz.comunicaciones\/\",\"https:\/\/x.com\/pihernz\",\"https:\/\/www.instagram.com\/pihernzcomunicaciones\/\",\"https:\/\/es.linkedin.com\/company\/pihernz-comunicaciones\"]}]}<\/script>\n<!-- \/ Yoast SEO plugin. -->","yoast_head_json":{"title":"AOR AR-DV1 Receptor digital de banda ancha","description":"El AOR AR-DV1 es un receptor de banda ancha todo modo con un amplio rango de frecuencias que va desde los 100 kHz a 1.3 Ghz","robots":{"index":"index","follow":"follow","max-snippet":"max-snippet:-1","max-image-preview":"max-image-preview:large","max-video-preview":"max-video-preview:-1"},"canonical":"https:\/\/pihernz.com\/en\/producto\/aor-ar-dv1-receptor-digital-banda-ancha-clave-activacion-tetra-gssi\/","og_locale":"en_US","og_type":"article","og_title":"AOR AR-DV1 Receptor digital de banda ancha","og_description":"El AOR AR-DV1 es un receptor de banda ancha todo modo con un amplio rango de frecuencias que va desde los 100 kHz a 1.3 Ghz","og_url":"https:\/\/pihernz.com\/en\/producto\/aor-ar-dv1-receptor-digital-banda-ancha-clave-activacion-tetra-gssi\/","og_site_name":"Pihernz Comunicaciones","article_publisher":"https:\/\/www.facebook.com\/pihernz.comunicaciones\/","article_modified_time":"2025-02-20T12:37:52+00:00","og_image":[{"width":436,"height":467,"url":"https:\/\/pihernz.com\/wp-content\/uploads\/2024\/04\/AOR-AR-DV1-GSSI-Activado.jpg","type":"image\/jpeg"}],"twitter_card":"summary_large_image","twitter_site":"@pihernz","twitter_misc":{"Est. reading time":"2 minutes"},"schema":{"@context":"https:\/\/schema.org","@graph":[{"@type":"WebPage","@id":"https:\/\/pihernz.com\/en\/producto\/aor-ar-dv1-receptor-digital-banda-ancha-clave-activacion-tetra-gssi\/","url":"https:\/\/pihernz.com\/en\/producto\/aor-ar-dv1-receptor-digital-banda-ancha-clave-activacion-tetra-gssi\/","name":"AOR AR-DV1 Receptor digital de banda ancha","isPartOf":{"@id":"https:\/\/pihernz.com\/#website"},"primaryImageOfPage":{"@id":"https:\/\/pihernz.com\/en\/producto\/aor-ar-dv1-receptor-digital-banda-ancha-clave-activacion-tetra-gssi\/#primaryimage"},"image":{"@id":"https:\/\/pihernz.com\/en\/producto\/aor-ar-dv1-receptor-digital-banda-ancha-clave-activacion-tetra-gssi\/#primaryimage"},"thumbnailUrl":"https:\/\/pihernz.com\/wp-content\/uploads\/2024\/04\/AOR-AR-DV1-GSSI-Activado.jpg","datePublished":"2024-04-30T08:11:09+00:00","dateModified":"2025-02-20T12:37:52+00:00","description":"El AOR AR-DV1 es un receptor de banda ancha todo modo con un amplio rango de frecuencias que va desde los 100 kHz a 1.3 Ghz","breadcrumb":{"@id":"https:\/\/pihernz.com\/en\/producto\/aor-ar-dv1-receptor-digital-banda-ancha-clave-activacion-tetra-gssi\/#breadcrumb"},"inLanguage":"en-US","potentialAction":[{"@type":"ReadAction","target":["https:\/\/pihernz.com\/en\/producto\/aor-ar-dv1-receptor-digital-banda-ancha-clave-activacion-tetra-gssi\/"]}]},{"@type":"ImageObject","inLanguage":"en-US","@id":"https:\/\/pihernz.com\/en\/producto\/aor-ar-dv1-receptor-digital-banda-ancha-clave-activacion-tetra-gssi\/#primaryimage","url":"https:\/\/pihernz.com\/wp-content\/uploads\/2024\/04\/AOR-AR-DV1-GSSI-Activado.jpg","contentUrl":"https:\/\/pihernz.com\/wp-content\/uploads\/2024\/04\/AOR-AR-DV1-GSSI-Activado.jpg","width":436,"height":467,"caption":"AOR AR-DV1 cn GSSI activado"},{"@type":"BreadcrumbList","@id":"https:\/\/pihernz.com\/en\/producto\/aor-ar-dv1-receptor-digital-banda-ancha-clave-activacion-tetra-gssi\/#breadcrumb","itemListElement":[{"@type":"ListItem","position":1,"name":"Portada","item":"https:\/\/pihernz.com\/en\/"},{"@type":"ListItem","position":2,"name":"Shop","item":"https:\/\/pihernz.com\/en\/shop\/"},{"@type":"ListItem","position":3,"name":"AOR AR-DV1 Receptor digital banda ancha + CLAVE ACTIVACION TETRA GSSI"}]},{"@type":"WebSite","@id":"https:\/\/pihernz.com\/#website","url":"https:\/\/pihernz.com\/","name":"www.pihernz.com","description":"Expertos en radiocomunicaciones","publisher":{"@id":"https:\/\/pihernz.com\/#organization"},"alternateName":"Pihenrz","potentialAction":[{"@type":"SearchAction","target":{"@type":"EntryPoint","urlTemplate":"https:\/\/pihernz.com\/?s={search_term_string}"},"query-input":{"@type":"PropertyValueSpecification","valueRequired":true,"valueName":"search_term_string"}}],"inLanguage":"en-US"},{"@type":"Organization","@id":"https:\/\/pihernz.com\/#organization","name":"Pihernz comunicaciones S.A.","alternateName":"Pihernz","url":"https:\/\/pihernz.com\/","logo":{"@type":"ImageObject","inLanguage":"en-US","@id":"https:\/\/pihernz.com\/#\/schema\/logo\/image\/","url":"https:\/\/pihernz.com\/wp-content\/uploads\/2020\/09\/logo.svg","contentUrl":"https:\/\/pihernz.com\/wp-content\/uploads\/2020\/09\/logo.svg","width":178,"height":39,"caption":"Pihernz comunicaciones S.A."},"image":{"@id":"https:\/\/pihernz.com\/#\/schema\/logo\/image\/"},"sameAs":["https:\/\/www.facebook.com\/pihernz.comunicaciones\/","https:\/\/x.com\/pihernz","https:\/\/www.instagram.com\/pihernzcomunicaciones\/","https:\/\/es.linkedin.com\/company\/pihernz-comunicaciones"]}]}},"_links":{"self":[{"href":"https:\/\/pihernz.com\/en\/wp-json\/wp\/v2\/product\/63874","targetHints":{"allow":["GET"]}}],"collection":[{"href":"https:\/\/pihernz.com\/en\/wp-json\/wp\/v2\/product"}],"about":[{"href":"https:\/\/pihernz.com\/en\/wp-json\/wp\/v2\/types\/product"}],"wp:featuredmedia":[{"embeddable":true,"href":"https:\/\/pihernz.com\/en\/wp-json\/wp\/v2\/media\/64233"}],"wp:attachment":[{"href":"https:\/\/pihernz.com\/en\/wp-json\/wp\/v2\/media?parent=63874"}],"wp:term":[{"taxonomy":"product_brand","embeddable":true,"href":"https:\/\/pihernz.com\/en\/wp-json\/wp\/v2\/product_brand?post=63874"},{"taxonomy":"product_cat","embeddable":true,"href":"https:\/\/pihernz.com\/en\/wp-json\/wp\/v2\/product_cat?post=63874"},{"taxonomy":"product_tag","embeddable":true,"href":"https:\/\/pihernz.com\/en\/wp-json\/wp\/v2\/product_tag?post=63874"}],"curies":[{"name":"wp","href":"https:\/\/api.w.org\/{rel}","templated":true}]}}