
{"id":62483,"date":"2024-03-19T07:30:59","date_gmt":"2024-03-19T06:30:59","guid":{"rendered":"https:\/\/pihernz.com\/?post_type=product&#038;p=62483"},"modified":"2025-02-20T13:35:07","modified_gmt":"2025-02-20T12:35:07","slug":"pni-hunting-bh800-digital-binoculars-with-camera-night-vision","status":"publish","type":"product","link":"https:\/\/pihernz.com\/en\/producto\/pni-hunting-bh800-digital-binoculars-with-camera-night-vision\/","title":{"rendered":"PNI Hunting BH800 Digital Binoculars with night vision"},"content":{"rendered":"<p><strong>The PNI Hunting BH800 Digital Binoculars<\/strong> are an essential tool during hunting for reconnaissance, security and surveillance of the territory. It has several operating modes: photo, video and display. It also works in <strong>night mode<\/strong> with the ability to see <strong>up to 300 meters<\/strong>.<\/p>\n<p>Thanks to the 30mm lens. in diameter, a<strong> 1-10X optical zoom<\/strong> as well as a <strong>1-8X digital zoom<\/strong> makes it ideal for capturing clear and detailed images that can be <strong>Full HD<\/strong> <strong>1920&#215;1080<\/strong> in the case of videos and maximum <strong>8MP<\/strong> for photographs.<\/p>\n<p>Storage is on a maximum 258GB <strong>microSD card<\/strong> (not included) so that recordings can be transferred to a laptop or viewed directly on the binoculars via the <strong>3-inch LCD screen<\/strong>.<\/p>\n<h2>FEATURES<\/h2>\n<ul>\n<li>Detector type: IR &#8211; Infrared<\/li>\n<li>Video resolution: 1920 x 1080 pixels<\/li>\n<li>Photography resolution: max. 8MP<\/li>\n<li>Lens diameter: 30mm.<\/li>\n<li>Field of view angle: Close focus: 60, 51, 28 \/ Distance focus: 9, 7.7, 6.4<\/li>\n<li>Digital zoom: 1-8x<\/li>\n<li>Optical zoom: 1-10x<\/li>\n<li>Wavelength coverage: 850 nanometer<\/li>\n<li>IR wave distance: up to 300 meters<\/li>\n<li>Battery: Li-polymer 3.7V 4000 mAh<\/li>\n<li>Storage space: 256 GB microSD card (not included)<\/li>\n<li>Image format: JPEG<\/li>\n<li>Video format: MP4<\/li>\n<li>USB port: Type C<\/li>\n<li>Operating time (battery 100%): Up to 10 hours<\/li>\n<li>Size:130 x 140 x 50mm.<\/li>\n<li>Working temperature: -26\u00b0C ~ +80\u00b0C<\/li>\n<li>Weight: 602g.<\/li>\n<\/ul>\n<h2>CONTENT<\/h2>\n<ul>\n<li>PNI Hunting BH800<\/li>\n<li>Carrying bag<\/li>\n<li>USB-USB Type C Cable<\/li>\n<li>Screen\/lens cloth<\/li>\n<li>User manual<\/li>\n<\/ul>\n<p>&nbsp;<\/p>\n<p style=\"text-align: center;\"><iframe loading=\"lazy\" title=\"PNI Hunting BH800 digit\u00e1lis vad\u00e1szt\u00e1vcs\u0151 ES\" src=\"https:\/\/www.youtube.com\/embed\/TxpcUTP2Ew4\" width=\"560\" height=\"315\" frameborder=\"0\" allowfullscreen=\"allowfullscreen\"><\/iframe><\/p>\n<p>&nbsp;<\/p>\n","protected":false},"excerpt":{"rendered":"<p>Digital binocular x8<\/p>\n","protected":false},"featured_media":62372,"template":"","meta":{"_acf_changed":false,"_relevanssi_hide_post":"","_relevanssi_hide_content":"","_relevanssi_pin_for_all":"","_relevanssi_pin_keywords":"","_relevanssi_unpin_keywords":"","_relevanssi_related_keywords":"","_relevanssi_related_include_ids":"","_relevanssi_related_exclude_ids":"","_relevanssi_related_no_append":"","_relevanssi_related_not_related":"","_relevanssi_related_posts":"","_relevanssi_noindex_reason":"","inline_featured_image":false,"_joinchat":[]},"product_brand":[12213],"product_cat":[12685,12601],"product_tag":[12709,12669],"class_list":{"0":"post-62483","1":"product","2":"type-product","3":"status-publish","4":"has-post-thumbnail","6":"product_brand-pni-en","7":"product_cat-binoculars","8":"product_cat-outdoor","9":"product_tag-leisure-and-outdoor-activities","10":"product_tag-hunting-nature","12":"first","13":"instock","14":"taxable","15":"shipping-taxable","16":"purchasable","17":"product-type-simple"},"acf":[],"yoast_head":"<!-- This site is optimized with the Yoast SEO plugin v27.0 - https:\/\/yoast.com\/product\/yoast-seo-wordpress\/ -->\n<title>PNI Hunting BH800 Digital Binoculars with night vision &#8211; Pihernz Comunicaciones<\/title>\n<meta name=\"description\" content=\"The PNI Hunting BH800 Digital Binoculars are an essential tool during hunting for reconnaissance, security and surveillance of the territory.\" \/>\n<meta name=\"robots\" content=\"index, follow, max-snippet:-1, max-image-preview:large, max-video-preview:-1\" \/>\n<link rel=\"canonical\" href=\"https:\/\/pihernz.com\/en\/producto\/pni-hunting-bh800-digital-binoculars-with-camera-night-vision\/\" \/>\n<meta property=\"og:locale\" content=\"en_US\" \/>\n<meta property=\"og:type\" content=\"article\" \/>\n<meta property=\"og:title\" content=\"PNI Hunting BH800 Digital Binoculars with night vision &#8211; Pihernz Comunicaciones\" \/>\n<meta property=\"og:description\" content=\"The PNI Hunting BH800 Digital Binoculars are an essential tool during hunting for reconnaissance, security and surveillance of the territory.\" \/>\n<meta property=\"og:url\" content=\"https:\/\/pihernz.com\/en\/producto\/pni-hunting-bh800-digital-binoculars-with-camera-night-vision\/\" \/>\n<meta property=\"og:site_name\" content=\"Pihernz Comunicaciones\" \/>\n<meta property=\"article:publisher\" content=\"https:\/\/www.facebook.com\/pihernz.comunicaciones\/\" \/>\n<meta property=\"article:modified_time\" content=\"2025-02-20T12:35:07+00:00\" \/>\n<meta property=\"og:image\" content=\"https:\/\/pihernz.com\/wp-content\/uploads\/2024\/02\/PNIBH800_9.jpg\" \/>\n\t<meta property=\"og:image:width\" content=\"2000\" \/>\n\t<meta property=\"og:image:height\" content=\"2000\" \/>\n\t<meta property=\"og:image:type\" content=\"image\/jpeg\" \/>\n<meta name=\"twitter:card\" content=\"summary_large_image\" \/>\n<meta name=\"twitter:site\" content=\"@pihernz\" \/>\n<meta name=\"twitter:label1\" content=\"Est. reading time\" \/>\n\t<meta name=\"twitter:data1\" content=\"2 minutes\" \/>\n<script type=\"application\/ld+json\" class=\"yoast-schema-graph\">{\"@context\":\"https:\/\/schema.org\",\"@graph\":[{\"@type\":\"WebPage\",\"@id\":\"https:\/\/pihernz.com\/en\/producto\/pni-hunting-bh800-digital-binoculars-with-camera-night-vision\/\",\"url\":\"https:\/\/pihernz.com\/en\/producto\/pni-hunting-bh800-digital-binoculars-with-camera-night-vision\/\",\"name\":\"PNI Hunting BH800 Digital Binoculars with night vision &#8211; Pihernz Comunicaciones\",\"isPartOf\":{\"@id\":\"https:\/\/pihernz.com\/#website\"},\"primaryImageOfPage\":{\"@id\":\"https:\/\/pihernz.com\/en\/producto\/pni-hunting-bh800-digital-binoculars-with-camera-night-vision\/#primaryimage\"},\"image\":{\"@id\":\"https:\/\/pihernz.com\/en\/producto\/pni-hunting-bh800-digital-binoculars-with-camera-night-vision\/#primaryimage\"},\"thumbnailUrl\":\"https:\/\/pihernz.com\/wp-content\/uploads\/2024\/02\/PNIBH800_9.jpg\",\"datePublished\":\"2024-03-19T06:30:59+00:00\",\"dateModified\":\"2025-02-20T12:35:07+00:00\",\"description\":\"The PNI Hunting BH800 Digital Binoculars are an essential tool during hunting for reconnaissance, security and surveillance of the territory.\",\"breadcrumb\":{\"@id\":\"https:\/\/pihernz.com\/en\/producto\/pni-hunting-bh800-digital-binoculars-with-camera-night-vision\/#breadcrumb\"},\"inLanguage\":\"en-US\",\"potentialAction\":[{\"@type\":\"ReadAction\",\"target\":[\"https:\/\/pihernz.com\/en\/producto\/pni-hunting-bh800-digital-binoculars-with-camera-night-vision\/\"]}]},{\"@type\":\"ImageObject\",\"inLanguage\":\"en-US\",\"@id\":\"https:\/\/pihernz.com\/en\/producto\/pni-hunting-bh800-digital-binoculars-with-camera-night-vision\/#primaryimage\",\"url\":\"https:\/\/pihernz.com\/wp-content\/uploads\/2024\/02\/PNIBH800_9.jpg\",\"contentUrl\":\"https:\/\/pihernz.com\/wp-content\/uploads\/2024\/02\/PNIBH800_9.jpg\",\"width\":2000,\"height\":2000,\"caption\":\"PNI Hunting BH800 Binoculares digitales con c\u00e1mara\"},{\"@type\":\"BreadcrumbList\",\"@id\":\"https:\/\/pihernz.com\/en\/producto\/pni-hunting-bh800-digital-binoculars-with-camera-night-vision\/#breadcrumb\",\"itemListElement\":[{\"@type\":\"ListItem\",\"position\":1,\"name\":\"Portada\",\"item\":\"https:\/\/pihernz.com\/en\/\"},{\"@type\":\"ListItem\",\"position\":2,\"name\":\"Shop\",\"item\":\"https:\/\/pihernz.com\/en\/shop\/\"},{\"@type\":\"ListItem\",\"position\":3,\"name\":\"PNI Hunting BH800 Digital Binoculars with night vision\"}]},{\"@type\":\"WebSite\",\"@id\":\"https:\/\/pihernz.com\/#website\",\"url\":\"https:\/\/pihernz.com\/\",\"name\":\"www.pihernz.com\",\"description\":\"Expertos en radiocomunicaciones\",\"publisher\":{\"@id\":\"https:\/\/pihernz.com\/#organization\"},\"alternateName\":\"Pihenrz\",\"potentialAction\":[{\"@type\":\"SearchAction\",\"target\":{\"@type\":\"EntryPoint\",\"urlTemplate\":\"https:\/\/pihernz.com\/?s={search_term_string}\"},\"query-input\":{\"@type\":\"PropertyValueSpecification\",\"valueRequired\":true,\"valueName\":\"search_term_string\"}}],\"inLanguage\":\"en-US\"},{\"@type\":\"Organization\",\"@id\":\"https:\/\/pihernz.com\/#organization\",\"name\":\"Pihernz comunicaciones S.A.\",\"alternateName\":\"Pihernz\",\"url\":\"https:\/\/pihernz.com\/\",\"logo\":{\"@type\":\"ImageObject\",\"inLanguage\":\"en-US\",\"@id\":\"https:\/\/pihernz.com\/#\/schema\/logo\/image\/\",\"url\":\"https:\/\/pihernz.com\/wp-content\/uploads\/2020\/09\/logo.svg\",\"contentUrl\":\"https:\/\/pihernz.com\/wp-content\/uploads\/2020\/09\/logo.svg\",\"width\":178,\"height\":39,\"caption\":\"Pihernz comunicaciones S.A.\"},\"image\":{\"@id\":\"https:\/\/pihernz.com\/#\/schema\/logo\/image\/\"},\"sameAs\":[\"https:\/\/www.facebook.com\/pihernz.comunicaciones\/\",\"https:\/\/x.com\/pihernz\",\"https:\/\/www.instagram.com\/pihernzcomunicaciones\/\",\"https:\/\/es.linkedin.com\/company\/pihernz-comunicaciones\"]}]}<\/script>\n<!-- \/ Yoast SEO plugin. -->","yoast_head_json":{"title":"PNI Hunting BH800 Digital Binoculars with night vision &#8211; Pihernz Comunicaciones","description":"The PNI Hunting BH800 Digital Binoculars are an essential tool during hunting for reconnaissance, security and surveillance of the territory.","robots":{"index":"index","follow":"follow","max-snippet":"max-snippet:-1","max-image-preview":"max-image-preview:large","max-video-preview":"max-video-preview:-1"},"canonical":"https:\/\/pihernz.com\/en\/producto\/pni-hunting-bh800-digital-binoculars-with-camera-night-vision\/","og_locale":"en_US","og_type":"article","og_title":"PNI Hunting BH800 Digital Binoculars with night vision &#8211; Pihernz Comunicaciones","og_description":"The PNI Hunting BH800 Digital Binoculars are an essential tool during hunting for reconnaissance, security and surveillance of the territory.","og_url":"https:\/\/pihernz.com\/en\/producto\/pni-hunting-bh800-digital-binoculars-with-camera-night-vision\/","og_site_name":"Pihernz Comunicaciones","article_publisher":"https:\/\/www.facebook.com\/pihernz.comunicaciones\/","article_modified_time":"2025-02-20T12:35:07+00:00","og_image":[{"width":2000,"height":2000,"url":"https:\/\/pihernz.com\/wp-content\/uploads\/2024\/02\/PNIBH800_9.jpg","type":"image\/jpeg"}],"twitter_card":"summary_large_image","twitter_site":"@pihernz","twitter_misc":{"Est. reading time":"2 minutes"},"schema":{"@context":"https:\/\/schema.org","@graph":[{"@type":"WebPage","@id":"https:\/\/pihernz.com\/en\/producto\/pni-hunting-bh800-digital-binoculars-with-camera-night-vision\/","url":"https:\/\/pihernz.com\/en\/producto\/pni-hunting-bh800-digital-binoculars-with-camera-night-vision\/","name":"PNI Hunting BH800 Digital Binoculars with night vision &#8211; Pihernz Comunicaciones","isPartOf":{"@id":"https:\/\/pihernz.com\/#website"},"primaryImageOfPage":{"@id":"https:\/\/pihernz.com\/en\/producto\/pni-hunting-bh800-digital-binoculars-with-camera-night-vision\/#primaryimage"},"image":{"@id":"https:\/\/pihernz.com\/en\/producto\/pni-hunting-bh800-digital-binoculars-with-camera-night-vision\/#primaryimage"},"thumbnailUrl":"https:\/\/pihernz.com\/wp-content\/uploads\/2024\/02\/PNIBH800_9.jpg","datePublished":"2024-03-19T06:30:59+00:00","dateModified":"2025-02-20T12:35:07+00:00","description":"The PNI Hunting BH800 Digital Binoculars are an essential tool during hunting for reconnaissance, security and surveillance of the territory.","breadcrumb":{"@id":"https:\/\/pihernz.com\/en\/producto\/pni-hunting-bh800-digital-binoculars-with-camera-night-vision\/#breadcrumb"},"inLanguage":"en-US","potentialAction":[{"@type":"ReadAction","target":["https:\/\/pihernz.com\/en\/producto\/pni-hunting-bh800-digital-binoculars-with-camera-night-vision\/"]}]},{"@type":"ImageObject","inLanguage":"en-US","@id":"https:\/\/pihernz.com\/en\/producto\/pni-hunting-bh800-digital-binoculars-with-camera-night-vision\/#primaryimage","url":"https:\/\/pihernz.com\/wp-content\/uploads\/2024\/02\/PNIBH800_9.jpg","contentUrl":"https:\/\/pihernz.com\/wp-content\/uploads\/2024\/02\/PNIBH800_9.jpg","width":2000,"height":2000,"caption":"PNI Hunting BH800 Binoculares digitales con c\u00e1mara"},{"@type":"BreadcrumbList","@id":"https:\/\/pihernz.com\/en\/producto\/pni-hunting-bh800-digital-binoculars-with-camera-night-vision\/#breadcrumb","itemListElement":[{"@type":"ListItem","position":1,"name":"Portada","item":"https:\/\/pihernz.com\/en\/"},{"@type":"ListItem","position":2,"name":"Shop","item":"https:\/\/pihernz.com\/en\/shop\/"},{"@type":"ListItem","position":3,"name":"PNI Hunting BH800 Digital Binoculars with night vision"}]},{"@type":"WebSite","@id":"https:\/\/pihernz.com\/#website","url":"https:\/\/pihernz.com\/","name":"www.pihernz.com","description":"Expertos en radiocomunicaciones","publisher":{"@id":"https:\/\/pihernz.com\/#organization"},"alternateName":"Pihenrz","potentialAction":[{"@type":"SearchAction","target":{"@type":"EntryPoint","urlTemplate":"https:\/\/pihernz.com\/?s={search_term_string}"},"query-input":{"@type":"PropertyValueSpecification","valueRequired":true,"valueName":"search_term_string"}}],"inLanguage":"en-US"},{"@type":"Organization","@id":"https:\/\/pihernz.com\/#organization","name":"Pihernz comunicaciones S.A.","alternateName":"Pihernz","url":"https:\/\/pihernz.com\/","logo":{"@type":"ImageObject","inLanguage":"en-US","@id":"https:\/\/pihernz.com\/#\/schema\/logo\/image\/","url":"https:\/\/pihernz.com\/wp-content\/uploads\/2020\/09\/logo.svg","contentUrl":"https:\/\/pihernz.com\/wp-content\/uploads\/2020\/09\/logo.svg","width":178,"height":39,"caption":"Pihernz comunicaciones S.A."},"image":{"@id":"https:\/\/pihernz.com\/#\/schema\/logo\/image\/"},"sameAs":["https:\/\/www.facebook.com\/pihernz.comunicaciones\/","https:\/\/x.com\/pihernz","https:\/\/www.instagram.com\/pihernzcomunicaciones\/","https:\/\/es.linkedin.com\/company\/pihernz-comunicaciones"]}]}},"_links":{"self":[{"href":"https:\/\/pihernz.com\/en\/wp-json\/wp\/v2\/product\/62483","targetHints":{"allow":["GET"]}}],"collection":[{"href":"https:\/\/pihernz.com\/en\/wp-json\/wp\/v2\/product"}],"about":[{"href":"https:\/\/pihernz.com\/en\/wp-json\/wp\/v2\/types\/product"}],"wp:featuredmedia":[{"embeddable":true,"href":"https:\/\/pihernz.com\/en\/wp-json\/wp\/v2\/media\/62372"}],"wp:attachment":[{"href":"https:\/\/pihernz.com\/en\/wp-json\/wp\/v2\/media?parent=62483"}],"wp:term":[{"taxonomy":"product_brand","embeddable":true,"href":"https:\/\/pihernz.com\/en\/wp-json\/wp\/v2\/product_brand?post=62483"},{"taxonomy":"product_cat","embeddable":true,"href":"https:\/\/pihernz.com\/en\/wp-json\/wp\/v2\/product_cat?post=62483"},{"taxonomy":"product_tag","embeddable":true,"href":"https:\/\/pihernz.com\/en\/wp-json\/wp\/v2\/product_tag?post=62483"}],"curies":[{"name":"wp","href":"https:\/\/api.w.org\/{rel}","templated":true}]}}