
{"id":62121,"date":"2024-07-22T11:30:49","date_gmt":"2024-07-22T09:30:49","guid":{"rendered":"https:\/\/pihernz.com\/?post_type=product&#038;p=62121"},"modified":"2025-11-04T09:57:10","modified_gmt":"2025-11-04T08:57:10","slug":"jetfon-jr-17clpe-micro-headset-for-motorola-clpe","status":"publish","type":"product","link":"https:\/\/pihernz.com\/en\/producto\/jetfon-jr-17clpe-micro-headset-for-motorola-clpe\/","title":{"rendered":"JETFON JR-17CLPe Micro-headset for Motorola CLPe"},"content":{"rendered":"<p>El&nbsp;<strong>Jetfon JR-17CLPe<\/strong> is a <a href=\"\/?product_cat=microauriculares-accesorios-walkies-en\" data-mce-href=\"https:\/\/pihernz.com\/en\/product-category\/walkies-accessories\/microauriculares-accesorios-walkies-en\/\"><strong>professional micro-headset<\/strong><\/a> with <strong>curly cable<\/strong> and <span class=\"Y2IQFc\" lang=\"en\"><strong>rotating earmuff<\/strong> with a <strong>specific connection<\/strong> for the <\/span><a href=\"\/?p=34688\" data-mce-href=\"https:\/\/pihernz.com\/en\/producto\/motorola-clpe\/\"><strong>Motorola CLPe<\/strong><\/a>.<\/p>\n<p>Replaces the genuine micro-headset to a <strong>lower cost<\/strong> without sacrificing the <strong>quality<\/strong> or <strong>performance<\/strong> of an accessory for <strong>professional use<\/strong>.<\/p>\n<p><br data-mce-bogus=\"1\"><\/p>\n<h2>FEATURES<\/h2>\n<ul>\n<li>Kit de micro-auricular para Motorola CLPe<\/li>\n<li>Clip de sujeci\u00f3n rotatorio 360\u00ba<\/li>\n<li>Cable reforzado, rizado<\/li>\n<li>C\u00f3modo y compacto<\/li>\n<li>Altavoz y micr\u00f3fono de gran calidad para una comunicaci\u00f3n excelente.<\/li>\n<\/ul>\n<h2>SPECS<\/h2>\n<ul>\n<li>Diameter: 15 mm.<\/li>\n<li>Output level: 92 dB<\/li>\n<li>Input Power: 100 mW<\/li>\n<li>Max. Imput Power: 200 mW<\/li>\n<li>Impedance: 32 Ohms<\/li>\n<li>Microphone Type: Electret<\/li>\n<li>Sensibility: -58 dB<\/li>\n<li>Impedance: 2K Ohm<\/li>\n<\/ul>\n<p>* Walkie-talkie not included<\/p>\n","protected":false},"excerpt":{"rendered":"<p>Replacement micro-headset for CLPe<\/p>\n","protected":false},"featured_media":65613,"template":"","meta":{"_acf_changed":false,"_relevanssi_hide_post":"","_relevanssi_hide_content":"","_relevanssi_pin_for_all":"","_relevanssi_pin_keywords":"","_relevanssi_unpin_keywords":"","_relevanssi_related_keywords":"","_relevanssi_related_include_ids":"","_relevanssi_related_exclude_ids":"","_relevanssi_related_no_append":"","_relevanssi_related_not_related":"","_relevanssi_related_posts":"","_relevanssi_noindex_reason":"","inline_featured_image":false,"_joinchat":[]},"product_brand":[12093,12110],"product_cat":[12320,12314],"product_tag":[],"class_list":{"0":"post-62121","1":"product","2":"type-product","3":"status-publish","4":"has-post-thumbnail","6":"product_brand-jetfon-en","7":"product_brand-motorola-en","8":"product_cat-jetfon-serie-jr-microauriculares-accesorios-walkies-en","9":"product_cat-microauriculares-accesorios-walkies-en","11":"first","12":"instock","13":"taxable","14":"shipping-taxable","15":"purchasable","16":"product-type-simple"},"acf":[],"yoast_head":"<!-- This site is optimized with the Yoast SEO plugin v27.0 - https:\/\/yoast.com\/product\/yoast-seo-wordpress\/ -->\n<title>JETFON JR-17CLPe Micro-heaset for Motorola CLPe<\/title>\n<meta name=\"description\" content=\"El\u00a0Jetfon JR-17CLPe is a professional micro-headset with curly cable and rotating earmuff with a specific connection for the Motorola CLPe.\" \/>\n<meta name=\"robots\" content=\"index, follow, max-snippet:-1, max-image-preview:large, max-video-preview:-1\" \/>\n<link rel=\"canonical\" href=\"https:\/\/pihernz.com\/en\/producto\/jetfon-jr-17clpe-micro-headset-for-motorola-clpe\/\" \/>\n<meta property=\"og:locale\" content=\"en_US\" \/>\n<meta property=\"og:type\" content=\"article\" \/>\n<meta property=\"og:title\" content=\"JETFON JR-17CLPe Micro-heaset for Motorola CLPe\" \/>\n<meta property=\"og:description\" content=\"El\u00a0Jetfon JR-17CLPe is a professional micro-headset with curly cable and rotating earmuff with a specific connection for the Motorola CLPe.\" \/>\n<meta property=\"og:url\" content=\"https:\/\/pihernz.com\/en\/producto\/jetfon-jr-17clpe-micro-headset-for-motorola-clpe\/\" \/>\n<meta property=\"og:site_name\" content=\"Pihernz Comunicaciones\" \/>\n<meta property=\"article:publisher\" content=\"https:\/\/www.facebook.com\/pihernz.comunicaciones\/\" \/>\n<meta property=\"article:modified_time\" content=\"2025-11-04T08:57:10+00:00\" \/>\n<meta property=\"og:image\" content=\"https:\/\/pihernz.com\/wp-content\/uploads\/2024\/04\/0624E_Jetfon-JR-17CLPe_gris.jpg\" \/>\n\t<meta property=\"og:image:width\" content=\"1200\" \/>\n\t<meta property=\"og:image:height\" content=\"1200\" \/>\n\t<meta property=\"og:image:type\" content=\"image\/jpeg\" \/>\n<meta name=\"twitter:card\" content=\"summary_large_image\" \/>\n<meta name=\"twitter:site\" content=\"@pihernz\" \/>\n<meta name=\"twitter:label1\" content=\"Est. reading time\" \/>\n\t<meta name=\"twitter:data1\" content=\"1 minute\" \/>\n<script type=\"application\/ld+json\" class=\"yoast-schema-graph\">{\"@context\":\"https:\/\/schema.org\",\"@graph\":[{\"@type\":\"WebPage\",\"@id\":\"https:\/\/pihernz.com\/en\/producto\/jetfon-jr-17clpe-micro-headset-for-motorola-clpe\/\",\"url\":\"https:\/\/pihernz.com\/en\/producto\/jetfon-jr-17clpe-micro-headset-for-motorola-clpe\/\",\"name\":\"JETFON JR-17CLPe Micro-heaset for Motorola CLPe\",\"isPartOf\":{\"@id\":\"https:\/\/pihernz.com\/#website\"},\"primaryImageOfPage\":{\"@id\":\"https:\/\/pihernz.com\/en\/producto\/jetfon-jr-17clpe-micro-headset-for-motorola-clpe\/#primaryimage\"},\"image\":{\"@id\":\"https:\/\/pihernz.com\/en\/producto\/jetfon-jr-17clpe-micro-headset-for-motorola-clpe\/#primaryimage\"},\"thumbnailUrl\":\"https:\/\/pihernz.com\/wp-content\/uploads\/2024\/04\/0624E_Jetfon-JR-17CLPe_gris.jpg\",\"datePublished\":\"2024-07-22T09:30:49+00:00\",\"dateModified\":\"2025-11-04T08:57:10+00:00\",\"description\":\"El\u00a0Jetfon JR-17CLPe is a professional micro-headset with curly cable and rotating earmuff with a specific connection for the Motorola CLPe.\",\"breadcrumb\":{\"@id\":\"https:\/\/pihernz.com\/en\/producto\/jetfon-jr-17clpe-micro-headset-for-motorola-clpe\/#breadcrumb\"},\"inLanguage\":\"en-US\",\"potentialAction\":[{\"@type\":\"ReadAction\",\"target\":[\"https:\/\/pihernz.com\/en\/producto\/jetfon-jr-17clpe-micro-headset-for-motorola-clpe\/\"]}]},{\"@type\":\"ImageObject\",\"inLanguage\":\"en-US\",\"@id\":\"https:\/\/pihernz.com\/en\/producto\/jetfon-jr-17clpe-micro-headset-for-motorola-clpe\/#primaryimage\",\"url\":\"https:\/\/pihernz.com\/wp-content\/uploads\/2024\/04\/0624E_Jetfon-JR-17CLPe_gris.jpg\",\"contentUrl\":\"https:\/\/pihernz.com\/wp-content\/uploads\/2024\/04\/0624E_Jetfon-JR-17CLPe_gris.jpg\",\"width\":1200,\"height\":1200,\"caption\":\"Alexis Dengra \u00b7 Retouch &amp; PhotoFotograf\u00eda industrial, especialidad maquinaria en acero y cromados.Fotograf\u00eda e-commerce y productos en 360\u00ba.Fotograf\u00eda publicitaria de producto y life style.Fotograf\u00eda de interiorismo comercial, empresas, hosteler\u00eda y restauraci\u00f3n.Tours virtuales interactivos en 360\u00ba.Retoque digital profesional para agencias.Consultoria para departamentos e-commerce.\"},{\"@type\":\"BreadcrumbList\",\"@id\":\"https:\/\/pihernz.com\/en\/producto\/jetfon-jr-17clpe-micro-headset-for-motorola-clpe\/#breadcrumb\",\"itemListElement\":[{\"@type\":\"ListItem\",\"position\":1,\"name\":\"Portada\",\"item\":\"https:\/\/pihernz.com\/en\/\"},{\"@type\":\"ListItem\",\"position\":2,\"name\":\"Shop\",\"item\":\"https:\/\/pihernz.com\/en\/shop\/\"},{\"@type\":\"ListItem\",\"position\":3,\"name\":\"JETFON JR-17CLPe Micro-headset for Motorola CLPe\"}]},{\"@type\":\"WebSite\",\"@id\":\"https:\/\/pihernz.com\/#website\",\"url\":\"https:\/\/pihernz.com\/\",\"name\":\"www.pihernz.com\",\"description\":\"Expertos en radiocomunicaciones\",\"publisher\":{\"@id\":\"https:\/\/pihernz.com\/#organization\"},\"alternateName\":\"Pihenrz\",\"potentialAction\":[{\"@type\":\"SearchAction\",\"target\":{\"@type\":\"EntryPoint\",\"urlTemplate\":\"https:\/\/pihernz.com\/?s={search_term_string}\"},\"query-input\":{\"@type\":\"PropertyValueSpecification\",\"valueRequired\":true,\"valueName\":\"search_term_string\"}}],\"inLanguage\":\"en-US\"},{\"@type\":\"Organization\",\"@id\":\"https:\/\/pihernz.com\/#organization\",\"name\":\"Pihernz comunicaciones S.A.\",\"alternateName\":\"Pihernz\",\"url\":\"https:\/\/pihernz.com\/\",\"logo\":{\"@type\":\"ImageObject\",\"inLanguage\":\"en-US\",\"@id\":\"https:\/\/pihernz.com\/#\/schema\/logo\/image\/\",\"url\":\"https:\/\/pihernz.com\/wp-content\/uploads\/2020\/09\/logo.svg\",\"contentUrl\":\"https:\/\/pihernz.com\/wp-content\/uploads\/2020\/09\/logo.svg\",\"width\":178,\"height\":39,\"caption\":\"Pihernz comunicaciones S.A.\"},\"image\":{\"@id\":\"https:\/\/pihernz.com\/#\/schema\/logo\/image\/\"},\"sameAs\":[\"https:\/\/www.facebook.com\/pihernz.comunicaciones\/\",\"https:\/\/x.com\/pihernz\",\"https:\/\/www.instagram.com\/pihernzcomunicaciones\/\",\"https:\/\/es.linkedin.com\/company\/pihernz-comunicaciones\"]}]}<\/script>\n<!-- \/ Yoast SEO plugin. -->","yoast_head_json":{"title":"JETFON JR-17CLPe Micro-heaset for Motorola CLPe","description":"El\u00a0Jetfon JR-17CLPe is a professional micro-headset with curly cable and rotating earmuff with a specific connection for the Motorola CLPe.","robots":{"index":"index","follow":"follow","max-snippet":"max-snippet:-1","max-image-preview":"max-image-preview:large","max-video-preview":"max-video-preview:-1"},"canonical":"https:\/\/pihernz.com\/en\/producto\/jetfon-jr-17clpe-micro-headset-for-motorola-clpe\/","og_locale":"en_US","og_type":"article","og_title":"JETFON JR-17CLPe Micro-heaset for Motorola CLPe","og_description":"El\u00a0Jetfon JR-17CLPe is a professional micro-headset with curly cable and rotating earmuff with a specific connection for the Motorola CLPe.","og_url":"https:\/\/pihernz.com\/en\/producto\/jetfon-jr-17clpe-micro-headset-for-motorola-clpe\/","og_site_name":"Pihernz Comunicaciones","article_publisher":"https:\/\/www.facebook.com\/pihernz.comunicaciones\/","article_modified_time":"2025-11-04T08:57:10+00:00","og_image":[{"width":1200,"height":1200,"url":"https:\/\/pihernz.com\/wp-content\/uploads\/2024\/04\/0624E_Jetfon-JR-17CLPe_gris.jpg","type":"image\/jpeg"}],"twitter_card":"summary_large_image","twitter_site":"@pihernz","twitter_misc":{"Est. reading time":"1 minute"},"schema":{"@context":"https:\/\/schema.org","@graph":[{"@type":"WebPage","@id":"https:\/\/pihernz.com\/en\/producto\/jetfon-jr-17clpe-micro-headset-for-motorola-clpe\/","url":"https:\/\/pihernz.com\/en\/producto\/jetfon-jr-17clpe-micro-headset-for-motorola-clpe\/","name":"JETFON JR-17CLPe Micro-heaset for Motorola CLPe","isPartOf":{"@id":"https:\/\/pihernz.com\/#website"},"primaryImageOfPage":{"@id":"https:\/\/pihernz.com\/en\/producto\/jetfon-jr-17clpe-micro-headset-for-motorola-clpe\/#primaryimage"},"image":{"@id":"https:\/\/pihernz.com\/en\/producto\/jetfon-jr-17clpe-micro-headset-for-motorola-clpe\/#primaryimage"},"thumbnailUrl":"https:\/\/pihernz.com\/wp-content\/uploads\/2024\/04\/0624E_Jetfon-JR-17CLPe_gris.jpg","datePublished":"2024-07-22T09:30:49+00:00","dateModified":"2025-11-04T08:57:10+00:00","description":"El\u00a0Jetfon JR-17CLPe is a professional micro-headset with curly cable and rotating earmuff with a specific connection for the Motorola CLPe.","breadcrumb":{"@id":"https:\/\/pihernz.com\/en\/producto\/jetfon-jr-17clpe-micro-headset-for-motorola-clpe\/#breadcrumb"},"inLanguage":"en-US","potentialAction":[{"@type":"ReadAction","target":["https:\/\/pihernz.com\/en\/producto\/jetfon-jr-17clpe-micro-headset-for-motorola-clpe\/"]}]},{"@type":"ImageObject","inLanguage":"en-US","@id":"https:\/\/pihernz.com\/en\/producto\/jetfon-jr-17clpe-micro-headset-for-motorola-clpe\/#primaryimage","url":"https:\/\/pihernz.com\/wp-content\/uploads\/2024\/04\/0624E_Jetfon-JR-17CLPe_gris.jpg","contentUrl":"https:\/\/pihernz.com\/wp-content\/uploads\/2024\/04\/0624E_Jetfon-JR-17CLPe_gris.jpg","width":1200,"height":1200,"caption":"Alexis Dengra \u00b7 Retouch &amp; PhotoFotograf\u00eda industrial, especialidad maquinaria en acero y cromados.Fotograf\u00eda e-commerce y productos en 360\u00ba.Fotograf\u00eda publicitaria de producto y life style.Fotograf\u00eda de interiorismo comercial, empresas, hosteler\u00eda y restauraci\u00f3n.Tours virtuales interactivos en 360\u00ba.Retoque digital profesional para agencias.Consultoria para departamentos e-commerce."},{"@type":"BreadcrumbList","@id":"https:\/\/pihernz.com\/en\/producto\/jetfon-jr-17clpe-micro-headset-for-motorola-clpe\/#breadcrumb","itemListElement":[{"@type":"ListItem","position":1,"name":"Portada","item":"https:\/\/pihernz.com\/en\/"},{"@type":"ListItem","position":2,"name":"Shop","item":"https:\/\/pihernz.com\/en\/shop\/"},{"@type":"ListItem","position":3,"name":"JETFON JR-17CLPe Micro-headset for Motorola CLPe"}]},{"@type":"WebSite","@id":"https:\/\/pihernz.com\/#website","url":"https:\/\/pihernz.com\/","name":"www.pihernz.com","description":"Expertos en radiocomunicaciones","publisher":{"@id":"https:\/\/pihernz.com\/#organization"},"alternateName":"Pihenrz","potentialAction":[{"@type":"SearchAction","target":{"@type":"EntryPoint","urlTemplate":"https:\/\/pihernz.com\/?s={search_term_string}"},"query-input":{"@type":"PropertyValueSpecification","valueRequired":true,"valueName":"search_term_string"}}],"inLanguage":"en-US"},{"@type":"Organization","@id":"https:\/\/pihernz.com\/#organization","name":"Pihernz comunicaciones S.A.","alternateName":"Pihernz","url":"https:\/\/pihernz.com\/","logo":{"@type":"ImageObject","inLanguage":"en-US","@id":"https:\/\/pihernz.com\/#\/schema\/logo\/image\/","url":"https:\/\/pihernz.com\/wp-content\/uploads\/2020\/09\/logo.svg","contentUrl":"https:\/\/pihernz.com\/wp-content\/uploads\/2020\/09\/logo.svg","width":178,"height":39,"caption":"Pihernz comunicaciones S.A."},"image":{"@id":"https:\/\/pihernz.com\/#\/schema\/logo\/image\/"},"sameAs":["https:\/\/www.facebook.com\/pihernz.comunicaciones\/","https:\/\/x.com\/pihernz","https:\/\/www.instagram.com\/pihernzcomunicaciones\/","https:\/\/es.linkedin.com\/company\/pihernz-comunicaciones"]}]}},"_links":{"self":[{"href":"https:\/\/pihernz.com\/en\/wp-json\/wp\/v2\/product\/62121","targetHints":{"allow":["GET"]}}],"collection":[{"href":"https:\/\/pihernz.com\/en\/wp-json\/wp\/v2\/product"}],"about":[{"href":"https:\/\/pihernz.com\/en\/wp-json\/wp\/v2\/types\/product"}],"wp:featuredmedia":[{"embeddable":true,"href":"https:\/\/pihernz.com\/en\/wp-json\/wp\/v2\/media\/65613"}],"wp:attachment":[{"href":"https:\/\/pihernz.com\/en\/wp-json\/wp\/v2\/media?parent=62121"}],"wp:term":[{"taxonomy":"product_brand","embeddable":true,"href":"https:\/\/pihernz.com\/en\/wp-json\/wp\/v2\/product_brand?post=62121"},{"taxonomy":"product_cat","embeddable":true,"href":"https:\/\/pihernz.com\/en\/wp-json\/wp\/v2\/product_cat?post=62121"},{"taxonomy":"product_tag","embeddable":true,"href":"https:\/\/pihernz.com\/en\/wp-json\/wp\/v2\/product_tag?post=62121"}],"curies":[{"name":"wp","href":"https:\/\/api.w.org\/{rel}","templated":true}]}}