
{"id":60834,"date":"2023-11-02T18:15:04","date_gmt":"2024-01-02T17:15:05","guid":{"rendered":"https:\/\/pihernz.com\/?post_type=product&#038;p=60834"},"modified":"2025-02-20T13:34:12","modified_gmt":"2025-02-20T12:34:12","slug":"avair-av-5045nf-power-supply-45a-sale","status":"publish","type":"product","link":"https:\/\/pihernz.com\/en\/producto\/avair-av-5045nf-power-supply-45a-sale\/","title":{"rendered":"Avair AV-5045NF Power Supply 45A (SALE)"},"content":{"rendered":"<p>The <strong>Avair AV-5045NF<\/strong> is a slimline <strong>45A<\/strong> switching <a href=\"https:\/\/pihernz.com\/en\/product-category\/power\/power-supplies\/\">power supply<\/a>. It is adjustable from<strong> 4 to 16 VDC<\/strong> with instruments, <strong>voltmeter and ammeter<\/strong>. It includes a front cigarette lighter socket and 2 terminals on the back compatible with bananas, it also includes a <strong>noise suppressor<\/strong>.<\/p>\n<h2>FEATURES<\/h2>\n<ul>\n<li>Power: 90-220V AC<\/li>\n<li>Dimmable: 4 &#8211; 16 VDC<\/li>\n<li>Power: 40 &#8211; 45A (peak)<\/li>\n<li>Fuse: 8A\/220V<\/li>\n<li>Cooling: Auto-Fan<\/li>\n<li>Measurements: 172 x 65 x 200 mm<\/li>\n<li>Weight: 1.9K<\/li>\n<\/ul>\n<p><H3>CONDITION<\/H3> New. Not used. Only box damaged (small scratches)<\/p>\n","protected":false},"excerpt":{"rendered":"<p>Power Supply<\/p>\n","protected":false},"featured_media":53026,"template":"","meta":{"_acf_changed":false,"_relevanssi_hide_post":"","_relevanssi_hide_content":"","_relevanssi_pin_for_all":"","_relevanssi_pin_keywords":"","_relevanssi_unpin_keywords":"","_relevanssi_related_keywords":"","_relevanssi_related_include_ids":"","_relevanssi_related_exclude_ids":"","_relevanssi_related_no_append":"","_relevanssi_related_not_related":"","_relevanssi_related_posts":"","_relevanssi_noindex_reason":"","inline_featured_image":false,"_joinchat":[]},"product_brand":[12750],"product_cat":[12692],"product_tag":[],"class_list":{"0":"post-60834","1":"product","2":"type-product","3":"status-publish","4":"has-post-thumbnail","6":"product_brand-avair-en","7":"product_cat-sales","9":"first","10":"outofstock","11":"sale","12":"taxable","13":"shipping-taxable","14":"purchasable","15":"product-type-simple"},"acf":[],"yoast_head":"<!-- This site is optimized with the Yoast SEO plugin v27.0 - https:\/\/yoast.com\/product\/yoast-seo-wordpress\/ -->\n<title>Avair AV-5045NF Power Supply 45A (SALE) &#8211; Pihernz Comunicaciones<\/title>\n<meta name=\"robots\" content=\"index, follow, max-snippet:-1, max-image-preview:large, max-video-preview:-1\" \/>\n<link rel=\"canonical\" href=\"https:\/\/pihernz.com\/?post_type=product&p=60833\" \/>\n<meta property=\"og:locale\" content=\"en_US\" \/>\n<meta property=\"og:type\" content=\"article\" \/>\n<meta property=\"og:title\" content=\"Avair AV-5045NF Power Supply 45A (SALE) &#8211; Pihernz Comunicaciones\" \/>\n<meta property=\"og:description\" content=\"Power Supply\" \/>\n<meta property=\"og:url\" content=\"https:\/\/pihernz.com\/?post_type=product&amp;p=60833\" \/>\n<meta property=\"og:site_name\" content=\"Pihernz Comunicaciones\" \/>\n<meta property=\"article:publisher\" content=\"https:\/\/www.facebook.com\/pihernz.comunicaciones\/\" \/>\n<meta property=\"article:modified_time\" content=\"2025-02-20T12:34:12+00:00\" \/>\n<meta property=\"og:image\" content=\"https:\/\/pihernz.com\/wp-content\/uploads\/2023\/01\/Avair-AV5045NF6315_HDR_4web.jpg\" \/>\n\t<meta property=\"og:image:width\" content=\"2048\" \/>\n\t<meta property=\"og:image:height\" content=\"1366\" \/>\n\t<meta property=\"og:image:type\" content=\"image\/jpeg\" \/>\n<meta name=\"twitter:card\" content=\"summary_large_image\" \/>\n<meta name=\"twitter:site\" content=\"@pihernz\" \/>\n<meta name=\"twitter:label1\" content=\"Est. reading time\" \/>\n\t<meta name=\"twitter:data1\" content=\"1 minute\" \/>\n<script type=\"application\/ld+json\" class=\"yoast-schema-graph\">{\"@context\":\"https:\/\/schema.org\",\"@graph\":[{\"@type\":\"WebPage\",\"@id\":\"https:\/\/pihernz.com\/?post_type=product&p=60833\",\"url\":\"https:\/\/pihernz.com\/?post_type=product&p=60833\",\"name\":\"Avair AV-5045NF Power Supply 45A (SALE) &#8211; Pihernz Comunicaciones\",\"isPartOf\":{\"@id\":\"https:\/\/pihernz.com\/#website\"},\"primaryImageOfPage\":{\"@id\":\"https:\/\/pihernz.com\/?post_type=product&p=60833#primaryimage\"},\"image\":{\"@id\":\"https:\/\/pihernz.com\/?post_type=product&p=60833#primaryimage\"},\"thumbnailUrl\":\"https:\/\/pihernz.com\/wp-content\/uploads\/2023\/01\/Avair-AV5045NF6315_HDR_4web.jpg\",\"datePublished\":\"2024-01-02T17:15:05+00:00\",\"dateModified\":\"2025-02-20T12:34:12+00:00\",\"breadcrumb\":{\"@id\":\"https:\/\/pihernz.com\/?post_type=product&p=60833#breadcrumb\"},\"inLanguage\":\"en-US\",\"potentialAction\":[{\"@type\":\"ReadAction\",\"target\":[\"https:\/\/pihernz.com\/?post_type=product&p=60833\"]}]},{\"@type\":\"ImageObject\",\"inLanguage\":\"en-US\",\"@id\":\"https:\/\/pihernz.com\/?post_type=product&p=60833#primaryimage\",\"url\":\"https:\/\/pihernz.com\/wp-content\/uploads\/2023\/01\/Avair-AV5045NF6315_HDR_4web.jpg\",\"contentUrl\":\"https:\/\/pihernz.com\/wp-content\/uploads\/2023\/01\/Avair-AV5045NF6315_HDR_4web.jpg\",\"width\":2048,\"height\":1366,\"caption\":\"La Avair AV-5045NF es una fuente de alimentaci\u00f3n conmutada extraplana de 45A.\u00a0 Es regulable de 4 a 16 VCC con instrumentos, volt\u00edmetro y amper\u00edmetro. Incluye toma frontal de encendedor y 2 bornas en su parte trasera compatible con bananas, tambi\u00e9n incluye supresor de ruidos.\"},{\"@type\":\"BreadcrumbList\",\"@id\":\"https:\/\/pihernz.com\/?post_type=product&p=60833#breadcrumb\",\"itemListElement\":[{\"@type\":\"ListItem\",\"position\":1,\"name\":\"Portada\",\"item\":\"https:\/\/pihernz.com\/en\/\"},{\"@type\":\"ListItem\",\"position\":2,\"name\":\"Shop\",\"item\":\"https:\/\/pihernz.com\/en\/shop\/\"},{\"@type\":\"ListItem\",\"position\":3,\"name\":\"Avair AV-5045NF Power Supply 45A (SALE)\"}]},{\"@type\":\"WebSite\",\"@id\":\"https:\/\/pihernz.com\/#website\",\"url\":\"https:\/\/pihernz.com\/\",\"name\":\"www.pihernz.com\",\"description\":\"Expertos en radiocomunicaciones\",\"publisher\":{\"@id\":\"https:\/\/pihernz.com\/#organization\"},\"alternateName\":\"Pihenrz\",\"potentialAction\":[{\"@type\":\"SearchAction\",\"target\":{\"@type\":\"EntryPoint\",\"urlTemplate\":\"https:\/\/pihernz.com\/?s={search_term_string}\"},\"query-input\":{\"@type\":\"PropertyValueSpecification\",\"valueRequired\":true,\"valueName\":\"search_term_string\"}}],\"inLanguage\":\"en-US\"},{\"@type\":\"Organization\",\"@id\":\"https:\/\/pihernz.com\/#organization\",\"name\":\"Pihernz comunicaciones S.A.\",\"alternateName\":\"Pihernz\",\"url\":\"https:\/\/pihernz.com\/\",\"logo\":{\"@type\":\"ImageObject\",\"inLanguage\":\"en-US\",\"@id\":\"https:\/\/pihernz.com\/#\/schema\/logo\/image\/\",\"url\":\"https:\/\/pihernz.com\/wp-content\/uploads\/2020\/09\/logo.svg\",\"contentUrl\":\"https:\/\/pihernz.com\/wp-content\/uploads\/2020\/09\/logo.svg\",\"width\":178,\"height\":39,\"caption\":\"Pihernz comunicaciones S.A.\"},\"image\":{\"@id\":\"https:\/\/pihernz.com\/#\/schema\/logo\/image\/\"},\"sameAs\":[\"https:\/\/www.facebook.com\/pihernz.comunicaciones\/\",\"https:\/\/x.com\/pihernz\",\"https:\/\/www.instagram.com\/pihernzcomunicaciones\/\",\"https:\/\/es.linkedin.com\/company\/pihernz-comunicaciones\"]}]}<\/script>\n<!-- \/ Yoast SEO plugin. -->","yoast_head_json":{"title":"Avair AV-5045NF Power Supply 45A (SALE) &#8211; Pihernz Comunicaciones","robots":{"index":"index","follow":"follow","max-snippet":"max-snippet:-1","max-image-preview":"max-image-preview:large","max-video-preview":"max-video-preview:-1"},"canonical":"https:\/\/pihernz.com\/?post_type=product&p=60833","og_locale":"en_US","og_type":"article","og_title":"Avair AV-5045NF Power Supply 45A (SALE) &#8211; Pihernz Comunicaciones","og_description":"Power Supply","og_url":"https:\/\/pihernz.com\/?post_type=product&p=60833","og_site_name":"Pihernz Comunicaciones","article_publisher":"https:\/\/www.facebook.com\/pihernz.comunicaciones\/","article_modified_time":"2025-02-20T12:34:12+00:00","og_image":[{"width":2048,"height":1366,"url":"https:\/\/pihernz.com\/wp-content\/uploads\/2023\/01\/Avair-AV5045NF6315_HDR_4web.jpg","type":"image\/jpeg"}],"twitter_card":"summary_large_image","twitter_site":"@pihernz","twitter_misc":{"Est. reading time":"1 minute"},"schema":{"@context":"https:\/\/schema.org","@graph":[{"@type":"WebPage","@id":"https:\/\/pihernz.com\/?post_type=product&p=60833","url":"https:\/\/pihernz.com\/?post_type=product&p=60833","name":"Avair AV-5045NF Power Supply 45A (SALE) &#8211; Pihernz Comunicaciones","isPartOf":{"@id":"https:\/\/pihernz.com\/#website"},"primaryImageOfPage":{"@id":"https:\/\/pihernz.com\/?post_type=product&p=60833#primaryimage"},"image":{"@id":"https:\/\/pihernz.com\/?post_type=product&p=60833#primaryimage"},"thumbnailUrl":"https:\/\/pihernz.com\/wp-content\/uploads\/2023\/01\/Avair-AV5045NF6315_HDR_4web.jpg","datePublished":"2024-01-02T17:15:05+00:00","dateModified":"2025-02-20T12:34:12+00:00","breadcrumb":{"@id":"https:\/\/pihernz.com\/?post_type=product&p=60833#breadcrumb"},"inLanguage":"en-US","potentialAction":[{"@type":"ReadAction","target":["https:\/\/pihernz.com\/?post_type=product&p=60833"]}]},{"@type":"ImageObject","inLanguage":"en-US","@id":"https:\/\/pihernz.com\/?post_type=product&p=60833#primaryimage","url":"https:\/\/pihernz.com\/wp-content\/uploads\/2023\/01\/Avair-AV5045NF6315_HDR_4web.jpg","contentUrl":"https:\/\/pihernz.com\/wp-content\/uploads\/2023\/01\/Avair-AV5045NF6315_HDR_4web.jpg","width":2048,"height":1366,"caption":"La Avair AV-5045NF es una fuente de alimentaci\u00f3n conmutada extraplana de 45A.\u00a0 Es regulable de 4 a 16 VCC con instrumentos, volt\u00edmetro y amper\u00edmetro. Incluye toma frontal de encendedor y 2 bornas en su parte trasera compatible con bananas, tambi\u00e9n incluye supresor de ruidos."},{"@type":"BreadcrumbList","@id":"https:\/\/pihernz.com\/?post_type=product&p=60833#breadcrumb","itemListElement":[{"@type":"ListItem","position":1,"name":"Portada","item":"https:\/\/pihernz.com\/en\/"},{"@type":"ListItem","position":2,"name":"Shop","item":"https:\/\/pihernz.com\/en\/shop\/"},{"@type":"ListItem","position":3,"name":"Avair AV-5045NF Power Supply 45A (SALE)"}]},{"@type":"WebSite","@id":"https:\/\/pihernz.com\/#website","url":"https:\/\/pihernz.com\/","name":"www.pihernz.com","description":"Expertos en radiocomunicaciones","publisher":{"@id":"https:\/\/pihernz.com\/#organization"},"alternateName":"Pihenrz","potentialAction":[{"@type":"SearchAction","target":{"@type":"EntryPoint","urlTemplate":"https:\/\/pihernz.com\/?s={search_term_string}"},"query-input":{"@type":"PropertyValueSpecification","valueRequired":true,"valueName":"search_term_string"}}],"inLanguage":"en-US"},{"@type":"Organization","@id":"https:\/\/pihernz.com\/#organization","name":"Pihernz comunicaciones S.A.","alternateName":"Pihernz","url":"https:\/\/pihernz.com\/","logo":{"@type":"ImageObject","inLanguage":"en-US","@id":"https:\/\/pihernz.com\/#\/schema\/logo\/image\/","url":"https:\/\/pihernz.com\/wp-content\/uploads\/2020\/09\/logo.svg","contentUrl":"https:\/\/pihernz.com\/wp-content\/uploads\/2020\/09\/logo.svg","width":178,"height":39,"caption":"Pihernz comunicaciones S.A."},"image":{"@id":"https:\/\/pihernz.com\/#\/schema\/logo\/image\/"},"sameAs":["https:\/\/www.facebook.com\/pihernz.comunicaciones\/","https:\/\/x.com\/pihernz","https:\/\/www.instagram.com\/pihernzcomunicaciones\/","https:\/\/es.linkedin.com\/company\/pihernz-comunicaciones"]}]}},"_links":{"self":[{"href":"https:\/\/pihernz.com\/en\/wp-json\/wp\/v2\/product\/60834","targetHints":{"allow":["GET"]}}],"collection":[{"href":"https:\/\/pihernz.com\/en\/wp-json\/wp\/v2\/product"}],"about":[{"href":"https:\/\/pihernz.com\/en\/wp-json\/wp\/v2\/types\/product"}],"wp:featuredmedia":[{"embeddable":true,"href":"https:\/\/pihernz.com\/en\/wp-json\/wp\/v2\/media\/53026"}],"wp:attachment":[{"href":"https:\/\/pihernz.com\/en\/wp-json\/wp\/v2\/media?parent=60834"}],"wp:term":[{"taxonomy":"product_brand","embeddable":true,"href":"https:\/\/pihernz.com\/en\/wp-json\/wp\/v2\/product_brand?post=60834"},{"taxonomy":"product_cat","embeddable":true,"href":"https:\/\/pihernz.com\/en\/wp-json\/wp\/v2\/product_cat?post=60834"},{"taxonomy":"product_tag","embeddable":true,"href":"https:\/\/pihernz.com\/en\/wp-json\/wp\/v2\/product_tag?post=60834"}],"curies":[{"name":"wp","href":"https:\/\/api.w.org\/{rel}","templated":true}]}}