
{"id":60254,"date":"2024-07-02T05:59:43","date_gmt":"2024-07-02T03:59:43","guid":{"rendered":"https:\/\/pihernz.com\/?post_type=product&#038;p=60254"},"modified":"2025-09-23T07:30:53","modified_gmt":"2025-09-23T05:30:53","slug":"battery-ap-4407-li-ion-37v-2-000-mah-for-motorola-dp4400-dp4600-dp4800","status":"publish","type":"product","link":"https:\/\/pihernz.com\/en\/producto\/battery-ap-4407-li-ion-37v-2-000-mah-for-motorola-dp4400-dp4600-dp4800\/","title":{"rendered":"Battery AP-4407 Li-Ion 3,7V 2.000 mAh for Motorola DP4400, DP4600, DP4800"},"content":{"rendered":"<p>The <strong>AP-4407<\/strong> is a Premium quality <strong>replacement battery pack<\/strong> for <strong>Motorola DP-4400, DP-4600, DP-4800<\/strong> handheld radio and others*<\/p>\n<p>This battery has over temperature and time cut off protection and is guaranteed to meet or exceed the specifications of the original Motorola battery.<\/p>\n<h2>FEATURES<\/h2>\n<p>Chemistry: LI-ION<\/p>\n<p>Capacity: 2000 mAh<\/p>\n<p>Voltage: 3.7 V<\/p>\n<p>Supplied with belt clip<\/p>\n<p>&nbsp;<\/p>\n<h3>COMPATIBILITY<\/h3>\n<p>XPR7350, XPR3000, XPR3500, XPR3300, DP4000, DP4400, DP4401, DP4600, DP4601, DP4800, DP4801, P8608. Replaces the genuine batteries: PMNN4409, PMNN4409AR, PMNN4412, PMNN4448<\/p>\n","protected":false},"excerpt":{"rendered":"<p>Li-Ion battery 3,7V 2000 mAh<\/p>\n","protected":false},"featured_media":68158,"template":"","meta":{"_acf_changed":false,"_relevanssi_hide_post":"","_relevanssi_hide_content":"","_relevanssi_pin_for_all":"","_relevanssi_pin_keywords":"","_relevanssi_unpin_keywords":"","_relevanssi_related_keywords":"","_relevanssi_related_include_ids":"","_relevanssi_related_exclude_ids":"","_relevanssi_related_no_append":"","_relevanssi_related_not_related":"","_relevanssi_related_posts":"","_relevanssi_noindex_reason":"","inline_featured_image":false,"_joinchat":[]},"product_brand":[12125],"product_cat":[12305,12303],"product_tag":[],"class_list":{"0":"post-60254","1":"product","2":"type-product","3":"status-publish","4":"has-post-thumbnail","6":"product_brand-pc-en","7":"product_cat-baterias-en","8":"product_cat-walkies-accessories","10":"first","11":"instock","12":"taxable","13":"shipping-taxable","14":"purchasable","15":"product-type-simple"},"acf":[],"yoast_head":"<!-- This site is optimized with the Yoast SEO plugin v27.0 - https:\/\/yoast.com\/product\/yoast-seo-wordpress\/ -->\n<title>Battery AP-4407 Li-Ion 3,7V 2.000 mAh for Motorola DP4400<\/title>\n<meta name=\"description\" content=\"Battery AP-6574 Li-Ion 3,7V 2.200 mAh for Motorola MTP850, MTP800, CEP400The AP-4407 is a Premium quality replacement battery pack for Motorola DP-4400, DP-4600, DP-4800 handheld radio and others\" \/>\n<meta name=\"robots\" content=\"index, follow, max-snippet:-1, max-image-preview:large, max-video-preview:-1\" \/>\n<link rel=\"canonical\" href=\"https:\/\/pihernz.com\/producto\/bateria-ap-4407-li-ion-37v-2-000-mah-para-motorola\/\" \/>\n<meta property=\"og:locale\" content=\"en_US\" \/>\n<meta property=\"og:type\" content=\"article\" \/>\n<meta property=\"og:title\" content=\"Battery AP-4407 Li-Ion 3,7V 2.000 mAh for Motorola DP4400\" \/>\n<meta property=\"og:description\" content=\"Battery AP-6574 Li-Ion 3,7V 2.200 mAh for Motorola MTP850, MTP800, CEP400The AP-4407 is a Premium quality replacement battery pack for Motorola DP-4400, DP-4600, DP-4800 handheld radio and others\" \/>\n<meta property=\"og:url\" content=\"https:\/\/pihernz.com\/producto\/bateria-ap-4407-li-ion-37v-2-000-mah-para-motorola\/\" \/>\n<meta property=\"og:site_name\" content=\"Pihernz Comunicaciones\" \/>\n<meta property=\"article:publisher\" content=\"https:\/\/www.facebook.com\/pihernz.comunicaciones\/\" \/>\n<meta property=\"article:modified_time\" content=\"2025-09-23T05:30:53+00:00\" \/>\n<meta property=\"og:image\" content=\"https:\/\/pihernz.com\/wp-content\/uploads\/2024\/07\/AP-4407_02.jpg\" \/>\n\t<meta property=\"og:image:width\" content=\"2400\" \/>\n\t<meta property=\"og:image:height\" content=\"2400\" \/>\n\t<meta property=\"og:image:type\" content=\"image\/jpeg\" \/>\n<meta name=\"twitter:card\" content=\"summary_large_image\" \/>\n<meta name=\"twitter:site\" content=\"@pihernz\" \/>\n<meta name=\"twitter:label1\" content=\"Est. reading time\" \/>\n\t<meta name=\"twitter:data1\" content=\"1 minute\" \/>\n<script type=\"application\/ld+json\" class=\"yoast-schema-graph\">{\"@context\":\"https:\/\/schema.org\",\"@graph\":[{\"@type\":\"WebPage\",\"@id\":\"https:\/\/pihernz.com\/producto\/bateria-ap-4407-li-ion-37v-2-000-mah-para-motorola\/\",\"url\":\"https:\/\/pihernz.com\/producto\/bateria-ap-4407-li-ion-37v-2-000-mah-para-motorola\/\",\"name\":\"Battery AP-4407 Li-Ion 3,7V 2.000 mAh for Motorola DP4400\",\"isPartOf\":{\"@id\":\"https:\/\/pihernz.com\/#website\"},\"primaryImageOfPage\":{\"@id\":\"https:\/\/pihernz.com\/producto\/bateria-ap-4407-li-ion-37v-2-000-mah-para-motorola\/#primaryimage\"},\"image\":{\"@id\":\"https:\/\/pihernz.com\/producto\/bateria-ap-4407-li-ion-37v-2-000-mah-para-motorola\/#primaryimage\"},\"thumbnailUrl\":\"https:\/\/pihernz.com\/wp-content\/uploads\/2024\/07\/AP-4407_02.jpg\",\"datePublished\":\"2024-07-02T03:59:43+00:00\",\"dateModified\":\"2025-09-23T05:30:53+00:00\",\"description\":\"Battery AP-6574 Li-Ion 3,7V 2.200 mAh for Motorola MTP850, MTP800, CEP400The AP-4407 is a Premium quality replacement battery pack for Motorola DP-4400, DP-4600, DP-4800 handheld radio and others\",\"breadcrumb\":{\"@id\":\"https:\/\/pihernz.com\/producto\/bateria-ap-4407-li-ion-37v-2-000-mah-para-motorola\/#breadcrumb\"},\"inLanguage\":\"en-US\",\"potentialAction\":[{\"@type\":\"ReadAction\",\"target\":[\"https:\/\/pihernz.com\/producto\/bateria-ap-4407-li-ion-37v-2-000-mah-para-motorola\/\"]}]},{\"@type\":\"ImageObject\",\"inLanguage\":\"en-US\",\"@id\":\"https:\/\/pihernz.com\/producto\/bateria-ap-4407-li-ion-37v-2-000-mah-para-motorola\/#primaryimage\",\"url\":\"https:\/\/pihernz.com\/wp-content\/uploads\/2024\/07\/AP-4407_02.jpg\",\"contentUrl\":\"https:\/\/pihernz.com\/wp-content\/uploads\/2024\/07\/AP-4407_02.jpg\",\"width\":2400,\"height\":2400,\"caption\":\"Alexis Dengra \u00b7 Retouch &amp; Photo Fotograf\u00eda industrial, especialidad maquinaria en acero y cromados. Fotograf\u00eda e-commerce y productos en 360\u00ba. Fotograf\u00eda publicitaria de producto y life style. Fotograf\u00eda de interiorismo comercial, empresas, hosteler\u00eda y restauraci\u00f3n. Tours virtuales interactivos en 360\u00ba. Retoque digital profesional para agencias. Consultoria para departamentos e-commerce.\"},{\"@type\":\"BreadcrumbList\",\"@id\":\"https:\/\/pihernz.com\/producto\/bateria-ap-4407-li-ion-37v-2-000-mah-para-motorola\/#breadcrumb\",\"itemListElement\":[{\"@type\":\"ListItem\",\"position\":1,\"name\":\"Portada\",\"item\":\"https:\/\/pihernz.com\/en\/\"},{\"@type\":\"ListItem\",\"position\":2,\"name\":\"Shop\",\"item\":\"https:\/\/pihernz.com\/en\/shop\/\"},{\"@type\":\"ListItem\",\"position\":3,\"name\":\"Battery AP-4407 Li-Ion 3,7V 2.000 mAh for Motorola DP4400, DP4600, DP4800\"}]},{\"@type\":\"WebSite\",\"@id\":\"https:\/\/pihernz.com\/#website\",\"url\":\"https:\/\/pihernz.com\/\",\"name\":\"www.pihernz.com\",\"description\":\"Expertos en radiocomunicaciones\",\"publisher\":{\"@id\":\"https:\/\/pihernz.com\/#organization\"},\"alternateName\":\"Pihenrz\",\"potentialAction\":[{\"@type\":\"SearchAction\",\"target\":{\"@type\":\"EntryPoint\",\"urlTemplate\":\"https:\/\/pihernz.com\/?s={search_term_string}\"},\"query-input\":{\"@type\":\"PropertyValueSpecification\",\"valueRequired\":true,\"valueName\":\"search_term_string\"}}],\"inLanguage\":\"en-US\"},{\"@type\":\"Organization\",\"@id\":\"https:\/\/pihernz.com\/#organization\",\"name\":\"Pihernz comunicaciones S.A.\",\"alternateName\":\"Pihernz\",\"url\":\"https:\/\/pihernz.com\/\",\"logo\":{\"@type\":\"ImageObject\",\"inLanguage\":\"en-US\",\"@id\":\"https:\/\/pihernz.com\/#\/schema\/logo\/image\/\",\"url\":\"https:\/\/pihernz.com\/wp-content\/uploads\/2020\/09\/logo.svg\",\"contentUrl\":\"https:\/\/pihernz.com\/wp-content\/uploads\/2020\/09\/logo.svg\",\"width\":178,\"height\":39,\"caption\":\"Pihernz comunicaciones S.A.\"},\"image\":{\"@id\":\"https:\/\/pihernz.com\/#\/schema\/logo\/image\/\"},\"sameAs\":[\"https:\/\/www.facebook.com\/pihernz.comunicaciones\/\",\"https:\/\/x.com\/pihernz\",\"https:\/\/www.instagram.com\/pihernzcomunicaciones\/\",\"https:\/\/es.linkedin.com\/company\/pihernz-comunicaciones\"]}]}<\/script>\n<!-- \/ Yoast SEO plugin. -->","yoast_head_json":{"title":"Battery AP-4407 Li-Ion 3,7V 2.000 mAh for Motorola DP4400","description":"Battery AP-6574 Li-Ion 3,7V 2.200 mAh for Motorola MTP850, MTP800, CEP400The AP-4407 is a Premium quality replacement battery pack for Motorola DP-4400, DP-4600, DP-4800 handheld radio and others","robots":{"index":"index","follow":"follow","max-snippet":"max-snippet:-1","max-image-preview":"max-image-preview:large","max-video-preview":"max-video-preview:-1"},"canonical":"https:\/\/pihernz.com\/producto\/bateria-ap-4407-li-ion-37v-2-000-mah-para-motorola\/","og_locale":"en_US","og_type":"article","og_title":"Battery AP-4407 Li-Ion 3,7V 2.000 mAh for Motorola DP4400","og_description":"Battery AP-6574 Li-Ion 3,7V 2.200 mAh for Motorola MTP850, MTP800, CEP400The AP-4407 is a Premium quality replacement battery pack for Motorola DP-4400, DP-4600, DP-4800 handheld radio and others","og_url":"https:\/\/pihernz.com\/producto\/bateria-ap-4407-li-ion-37v-2-000-mah-para-motorola\/","og_site_name":"Pihernz Comunicaciones","article_publisher":"https:\/\/www.facebook.com\/pihernz.comunicaciones\/","article_modified_time":"2025-09-23T05:30:53+00:00","og_image":[{"width":2400,"height":2400,"url":"https:\/\/pihernz.com\/wp-content\/uploads\/2024\/07\/AP-4407_02.jpg","type":"image\/jpeg"}],"twitter_card":"summary_large_image","twitter_site":"@pihernz","twitter_misc":{"Est. reading time":"1 minute"},"schema":{"@context":"https:\/\/schema.org","@graph":[{"@type":"WebPage","@id":"https:\/\/pihernz.com\/producto\/bateria-ap-4407-li-ion-37v-2-000-mah-para-motorola\/","url":"https:\/\/pihernz.com\/producto\/bateria-ap-4407-li-ion-37v-2-000-mah-para-motorola\/","name":"Battery AP-4407 Li-Ion 3,7V 2.000 mAh for Motorola DP4400","isPartOf":{"@id":"https:\/\/pihernz.com\/#website"},"primaryImageOfPage":{"@id":"https:\/\/pihernz.com\/producto\/bateria-ap-4407-li-ion-37v-2-000-mah-para-motorola\/#primaryimage"},"image":{"@id":"https:\/\/pihernz.com\/producto\/bateria-ap-4407-li-ion-37v-2-000-mah-para-motorola\/#primaryimage"},"thumbnailUrl":"https:\/\/pihernz.com\/wp-content\/uploads\/2024\/07\/AP-4407_02.jpg","datePublished":"2024-07-02T03:59:43+00:00","dateModified":"2025-09-23T05:30:53+00:00","description":"Battery AP-6574 Li-Ion 3,7V 2.200 mAh for Motorola MTP850, MTP800, CEP400The AP-4407 is a Premium quality replacement battery pack for Motorola DP-4400, DP-4600, DP-4800 handheld radio and others","breadcrumb":{"@id":"https:\/\/pihernz.com\/producto\/bateria-ap-4407-li-ion-37v-2-000-mah-para-motorola\/#breadcrumb"},"inLanguage":"en-US","potentialAction":[{"@type":"ReadAction","target":["https:\/\/pihernz.com\/producto\/bateria-ap-4407-li-ion-37v-2-000-mah-para-motorola\/"]}]},{"@type":"ImageObject","inLanguage":"en-US","@id":"https:\/\/pihernz.com\/producto\/bateria-ap-4407-li-ion-37v-2-000-mah-para-motorola\/#primaryimage","url":"https:\/\/pihernz.com\/wp-content\/uploads\/2024\/07\/AP-4407_02.jpg","contentUrl":"https:\/\/pihernz.com\/wp-content\/uploads\/2024\/07\/AP-4407_02.jpg","width":2400,"height":2400,"caption":"Alexis Dengra \u00b7 Retouch &amp; Photo Fotograf\u00eda industrial, especialidad maquinaria en acero y cromados. Fotograf\u00eda e-commerce y productos en 360\u00ba. Fotograf\u00eda publicitaria de producto y life style. Fotograf\u00eda de interiorismo comercial, empresas, hosteler\u00eda y restauraci\u00f3n. Tours virtuales interactivos en 360\u00ba. Retoque digital profesional para agencias. Consultoria para departamentos e-commerce."},{"@type":"BreadcrumbList","@id":"https:\/\/pihernz.com\/producto\/bateria-ap-4407-li-ion-37v-2-000-mah-para-motorola\/#breadcrumb","itemListElement":[{"@type":"ListItem","position":1,"name":"Portada","item":"https:\/\/pihernz.com\/en\/"},{"@type":"ListItem","position":2,"name":"Shop","item":"https:\/\/pihernz.com\/en\/shop\/"},{"@type":"ListItem","position":3,"name":"Battery AP-4407 Li-Ion 3,7V 2.000 mAh for Motorola DP4400, DP4600, DP4800"}]},{"@type":"WebSite","@id":"https:\/\/pihernz.com\/#website","url":"https:\/\/pihernz.com\/","name":"www.pihernz.com","description":"Expertos en radiocomunicaciones","publisher":{"@id":"https:\/\/pihernz.com\/#organization"},"alternateName":"Pihenrz","potentialAction":[{"@type":"SearchAction","target":{"@type":"EntryPoint","urlTemplate":"https:\/\/pihernz.com\/?s={search_term_string}"},"query-input":{"@type":"PropertyValueSpecification","valueRequired":true,"valueName":"search_term_string"}}],"inLanguage":"en-US"},{"@type":"Organization","@id":"https:\/\/pihernz.com\/#organization","name":"Pihernz comunicaciones S.A.","alternateName":"Pihernz","url":"https:\/\/pihernz.com\/","logo":{"@type":"ImageObject","inLanguage":"en-US","@id":"https:\/\/pihernz.com\/#\/schema\/logo\/image\/","url":"https:\/\/pihernz.com\/wp-content\/uploads\/2020\/09\/logo.svg","contentUrl":"https:\/\/pihernz.com\/wp-content\/uploads\/2020\/09\/logo.svg","width":178,"height":39,"caption":"Pihernz comunicaciones S.A."},"image":{"@id":"https:\/\/pihernz.com\/#\/schema\/logo\/image\/"},"sameAs":["https:\/\/www.facebook.com\/pihernz.comunicaciones\/","https:\/\/x.com\/pihernz","https:\/\/www.instagram.com\/pihernzcomunicaciones\/","https:\/\/es.linkedin.com\/company\/pihernz-comunicaciones"]}]}},"_links":{"self":[{"href":"https:\/\/pihernz.com\/en\/wp-json\/wp\/v2\/product\/60254","targetHints":{"allow":["GET"]}}],"collection":[{"href":"https:\/\/pihernz.com\/en\/wp-json\/wp\/v2\/product"}],"about":[{"href":"https:\/\/pihernz.com\/en\/wp-json\/wp\/v2\/types\/product"}],"wp:featuredmedia":[{"embeddable":true,"href":"https:\/\/pihernz.com\/en\/wp-json\/wp\/v2\/media\/68158"}],"wp:attachment":[{"href":"https:\/\/pihernz.com\/en\/wp-json\/wp\/v2\/media?parent=60254"}],"wp:term":[{"taxonomy":"product_brand","embeddable":true,"href":"https:\/\/pihernz.com\/en\/wp-json\/wp\/v2\/product_brand?post=60254"},{"taxonomy":"product_cat","embeddable":true,"href":"https:\/\/pihernz.com\/en\/wp-json\/wp\/v2\/product_cat?post=60254"},{"taxonomy":"product_tag","embeddable":true,"href":"https:\/\/pihernz.com\/en\/wp-json\/wp\/v2\/product_tag?post=60254"}],"curies":[{"name":"wp","href":"https:\/\/api.w.org\/{rel}","templated":true}]}}