
{"id":59640,"date":"2023-11-21T15:34:40","date_gmt":"2023-11-21T14:34:40","guid":{"rendered":"https:\/\/pihernz.com\/?post_type=product&#038;p=59640"},"modified":"2026-03-31T16:33:45","modified_gmt":"2026-03-31T14:33:45","slug":"tecsun-pl-320-receptor-digital-multibanda","status":"publish","type":"product","link":"https:\/\/pihernz.com\/en\/producto\/tecsun-pl-320-receptor-digital-multibanda\/","title":{"rendered":"Tecsun PL-320 Receptor digital multibanda"},"content":{"rendered":"<p>The <strong>TECSUN PL-320<\/strong> is a <strong>PLL DSP radio receiver<\/strong> for listening to <strong>FM, Longwave (LW), AM \/ Medium Wave (MW) and Shortwave (SW) frequency bands<\/strong>.<\/p>\n<p>The <strong>PL-320<\/strong> receiver has Tecsun&#8217;s new<strong> ETM+ feature<\/strong>, which gives the possibility of setting up <strong>time-specific memories for long wave (LW), medium wave (AM) and shortwave (SW)<\/strong>. For quick access to your most listened to radio station, the keypad provides a shortcut by pressing the &#8216;<strong>Favourite&#8217; button<\/strong>.\u00a0Its <strong>compact size<\/strong> is ideal for travelling. Let the radio wake you up in the morning by setting <strong>the alarm<\/strong>, or set the<strong> sleep timer<\/strong> to auto turn-off the device while listening before going to sleep. Charge the battery by connecting the radio to a 5V USB charger, one similar to those used for most smartphones and tablets.<\/p>\n<h2>FEATURES<\/h2>\n<ul>\n<li>Signal strength and S\/N ratio indication<\/li>\n<li>Clock &amp; Alarm (24-hour format)<\/li>\n<li>650 stations storage locations<\/li>\n<li>FM stereo \/ mono selection<\/li>\n<li>Set to independent alarms (Timer A and Timer B)<\/li>\n<li>Alarm by radio<\/li>\n<li>Snooze function \u2013 5 minutes<\/li>\n<li>Sleep timer from 1 &#8211; 120 minutes<\/li>\n<li>LCD backlight (always-on or auto-off)<\/li>\n<li>Keylock function<\/li>\n<li>Kickstand<\/li>\n<li>Antenna socket (3.5mm) for FM \/ SW<\/li>\n<li>Earphone jack (3.5 mm; 1\/8 inch; 32 ~ 150\u03a9)<\/li>\n<li>Speaker (8\u03a9, 0.25W)<\/li>\n<li>USB-C charging socket<\/li>\n<li>Built-in Charging System to charge lithium (Li-ion) rechargeable battery<\/li>\n<\/ul>\n<h2>ESPECIFICATIONS:<\/h2>\n<p><strong>Special Features<\/strong><\/p>\n<ul>\n<li>&#8216;Favourite&#8217; key: Shortcut to your favorite station<\/li>\n<li>ETM+<\/li>\n<li>Antenna socket (3.5mm) for FM \/ SW<\/li>\n<li>AM bandwidth settings:\n<ul>\n<li>LW\/MW: 2.5, 3.5, 5.0 and 9.0 kHz<\/li>\n<li>SW: 2.5, 3.5, 5.0 and 9.0 kHz<\/li>\n<\/ul>\n<\/li>\n<\/ul>\n<p><strong>Frequency Range<\/strong><\/p>\n<ul>\n<li>FM: \u00a0 \u00a064 \u2013 108 MHz\n<ul>\n<li>64.0 \u2013 108 MHz<\/li>\n<li>76.0 \u2013 108 MHz<\/li>\n<li>87.0 \u2013 108 MHz<\/li>\n<li>88.0 \u2013 108 MHz<\/li>\n<\/ul>\n<\/li>\n<\/ul>\n<p>Tuning steps of 100 kHz<\/p>\n<p>Fine tuning steps of 10 kHz<\/p>\n<ul>\n<li>MW: \u00a0520 \u2013 1710 kHz\n<ul>\n<li>522 &#8211; 1620 kHz (tuning steps of 9 kHz)<\/li>\n<li>520 &#8211; 1710 kHz (tuning steps 10 kHz)<\/li>\n<\/ul>\n<\/li>\n<\/ul>\n<p>Tuning steps of 9 kHz or 10 kHz<\/p>\n<p>Fine tuning steps of 1 kHz<\/p>\n<ul>\n<li>LW:\u00a0 \u00a0153 kHz to 513 kHz<\/li>\n<\/ul>\n<p>Tuning steps of 9 kHz<\/p>\n<p>Fine tuning steps of 1 kHz<\/p>\n<ul>\n<li>SW: \u00a0 1711 kHz to 29999 kHz<\/li>\n<\/ul>\n<p>Tuning steps of 5 kHz<\/p>\n<p>Fine tuning steps of 1 kHz<\/p>\n<p><strong>Tuning Methods<\/strong><\/p>\n<ul>\n<li>Direct keypad entry<\/li>\n<li>Auto scan<\/li>\n<li>Manual dial tuning<\/li>\n<\/ul>\n<p><strong>Storing Stations Methods<\/strong><\/p>\n<ul>\n<li>Manually: Tune into a station using the knob and then store them<\/li>\n<li>Storing stations during auto-scan<\/li>\n<li>Auto Tuning Storage (ATS): Automatically tune and store stations<\/li>\n<li>(Recall stations by browsing the memory manually or by auto-scan)<\/li>\n<li>Enhanced Tuning Mode (ETM+): Create time-specific memories for LW\/MW\/SW<\/li>\n<\/ul>\n<p><strong>Power \/ Charging<\/strong><\/p>\n<ul>\n<li>Battery power: BL-5C lithium (Li-ion) battery<\/li>\n<li>DC power (for FM only): 5V<\/li>\n<li>Charging\/Power: DC 5V \/ 500mA<\/li>\n<\/ul>\n<p><strong>Unit Size<br \/>\n<\/strong><\/p>\n<ul>\n<li>139 x 85 x 26 mm (W x H x D)<\/li>\n<\/ul>\n<p><strong>Specifications<br \/>\n<\/strong><\/p>\n<ul>\n<li>Sensitivity:\n<ul>\n<li>FM (S \/ N = 30dB) &lt; 3uV<\/li>\n<li>MW (S \/ N = 26dB) &lt; 1mV\/m<\/li>\n<li>LW (S \/ N = 26dB) &lt; 10mV\/m<\/li>\n<li>SW (S \/ N = 26dB) &lt; 20uV<\/li>\n<\/ul>\n<\/li>\n<\/ul>\n<ul>\n<li>Selectivity:\n<ul>\n<li>FM &gt; 60dB<\/li>\n<li>MW \/ LW &gt; 60dB<\/li>\n<li>SW &gt; 60dB<\/li>\n<\/ul>\n<\/li>\n<\/ul>\n<ul>\n<li>IF Frequency (DSP):\n<ul>\n<li>AM: 45 kHz<\/li>\n<li>FM: 128kHz<\/li>\n<\/ul>\n<\/li>\n<\/ul>\n<ul>\n<li>FM Stereo Crosstalk: 35dB<\/li>\n<\/ul>\n<ul>\n<li>Output Power: Approx. 200mW<\/li>\n<\/ul>\n<h2><strong>CONTENT<\/strong><\/h2>\n<ul>\n<li>Tecsun PL-320<\/li>\n<li>Tecsun stereo earphones<\/li>\n<li>USB charging cable<\/li>\n<li>Tecsun zippered pouch<\/li>\n<li>English manual<\/li>\n<\/ul>\n","protected":false},"excerpt":{"rendered":"<p>Receptor digital multibanda<\/p>\n","protected":false},"featured_media":59630,"template":"","meta":{"_acf_changed":false,"_relevanssi_hide_post":"","_relevanssi_hide_content":"","_relevanssi_pin_for_all":"","_relevanssi_pin_keywords":"","_relevanssi_unpin_keywords":"","_relevanssi_related_keywords":"","_relevanssi_related_include_ids":"","_relevanssi_related_exclude_ids":"","_relevanssi_related_no_append":"","_relevanssi_related_not_related":"","_relevanssi_related_posts":"","_relevanssi_noindex_reason":"","inline_featured_image":false,"_joinchat":[]},"product_brand":[12100],"product_cat":[12888,12343,12348],"product_tag":[],"class_list":{"0":"post-59640","1":"product","2":"type-product","3":"status-publish","4":"has-post-thumbnail","6":"product_brand-tecsun-en","7":"product_cat-multiband-radio-receivers","8":"product_cat-receptores-y-scanners-en","9":"product_cat-tecsun-receivers","11":"first","12":"instock","13":"taxable","14":"shipping-taxable","15":"purchasable","16":"product-type-simple"},"acf":[],"yoast_head":"<!-- This site is optimized with the Yoast SEO plugin v27.0 - https:\/\/yoast.com\/product\/yoast-seo-wordpress\/ -->\n<title>Tecsun PL-320 Receptor digital multibanda<\/title>\n<meta name=\"description\" content=\"The TECSUN PL-320 is a PLL DSP radio receiver for listening to FM, Longwave (LW), AM \/ Medium Wave (MW) and Shortwave (SW) frequency bands.\" \/>\n<meta name=\"robots\" content=\"index, follow, max-snippet:-1, max-image-preview:large, max-video-preview:-1\" \/>\n<link rel=\"canonical\" href=\"https:\/\/pihernz.com\/en\/producto\/tecsun-pl-320-receptor-digital-multibanda\/\" \/>\n<meta property=\"og:locale\" content=\"en_US\" \/>\n<meta property=\"og:type\" content=\"article\" \/>\n<meta property=\"og:title\" content=\"Tecsun PL-320 Receptor digital multibanda\" \/>\n<meta property=\"og:description\" content=\"The TECSUN PL-320 is a PLL DSP radio receiver for listening to FM, Longwave (LW), AM \/ Medium Wave (MW) and Shortwave (SW) frequency bands.\" \/>\n<meta property=\"og:url\" content=\"https:\/\/pihernz.com\/en\/producto\/tecsun-pl-320-receptor-digital-multibanda\/\" \/>\n<meta property=\"og:site_name\" content=\"Pihernz Comunicaciones\" \/>\n<meta property=\"article:publisher\" content=\"https:\/\/www.facebook.com\/pihernz.comunicaciones\/\" \/>\n<meta property=\"article:modified_time\" content=\"2026-03-31T14:33:45+00:00\" \/>\n<meta property=\"og:image\" content=\"https:\/\/pihernz.com\/wp-content\/uploads\/2023\/11\/PL-320-front-1.jpg\" \/>\n\t<meta property=\"og:image:width\" content=\"1297\" \/>\n\t<meta property=\"og:image:height\" content=\"921\" \/>\n\t<meta property=\"og:image:type\" content=\"image\/jpeg\" \/>\n<meta name=\"twitter:card\" content=\"summary_large_image\" \/>\n<meta name=\"twitter:site\" content=\"@pihernz\" \/>\n<meta name=\"twitter:label1\" content=\"Est. reading time\" \/>\n\t<meta name=\"twitter:data1\" content=\"3 minutes\" \/>\n<script type=\"application\/ld+json\" class=\"yoast-schema-graph\">{\"@context\":\"https:\/\/schema.org\",\"@graph\":[{\"@type\":\"WebPage\",\"@id\":\"https:\/\/pihernz.com\/en\/producto\/tecsun-pl-320-receptor-digital-multibanda\/\",\"url\":\"https:\/\/pihernz.com\/en\/producto\/tecsun-pl-320-receptor-digital-multibanda\/\",\"name\":\"Tecsun PL-320 Receptor digital multibanda\",\"isPartOf\":{\"@id\":\"https:\/\/pihernz.com\/#website\"},\"primaryImageOfPage\":{\"@id\":\"https:\/\/pihernz.com\/en\/producto\/tecsun-pl-320-receptor-digital-multibanda\/#primaryimage\"},\"image\":{\"@id\":\"https:\/\/pihernz.com\/en\/producto\/tecsun-pl-320-receptor-digital-multibanda\/#primaryimage\"},\"thumbnailUrl\":\"https:\/\/pihernz.com\/wp-content\/uploads\/2023\/11\/PL-320-front-1.jpg\",\"datePublished\":\"2023-11-21T14:34:40+00:00\",\"dateModified\":\"2026-03-31T14:33:45+00:00\",\"description\":\"The TECSUN PL-320 is a PLL DSP radio receiver for listening to FM, Longwave (LW), AM \/ Medium Wave (MW) and Shortwave (SW) frequency bands.\",\"breadcrumb\":{\"@id\":\"https:\/\/pihernz.com\/en\/producto\/tecsun-pl-320-receptor-digital-multibanda\/#breadcrumb\"},\"inLanguage\":\"en-US\",\"potentialAction\":[{\"@type\":\"ReadAction\",\"target\":[\"https:\/\/pihernz.com\/en\/producto\/tecsun-pl-320-receptor-digital-multibanda\/\"]}]},{\"@type\":\"ImageObject\",\"inLanguage\":\"en-US\",\"@id\":\"https:\/\/pihernz.com\/en\/producto\/tecsun-pl-320-receptor-digital-multibanda\/#primaryimage\",\"url\":\"https:\/\/pihernz.com\/wp-content\/uploads\/2023\/11\/PL-320-front-1.jpg\",\"contentUrl\":\"https:\/\/pihernz.com\/wp-content\/uploads\/2023\/11\/PL-320-front-1.jpg\",\"width\":1297,\"height\":921,\"caption\":\"El TECSUN PL-320 es un receptor multibanda port\u00e1til PLL DSP que cuenta con la nueva funci\u00f3n ETM+ de Tecsun, que ofrece la posibilidad de configurar memorias espec\u00edficas de tiempo para onda larga, onda media (AM) y onda corta. Para acceder r\u00e1pidamente a la estaci\u00f3n de radio m\u00e1s escuchada, el teclado proporciona un acceso directo pulsando el bot\u00f3n \\\"Favorito\\\".\"},{\"@type\":\"BreadcrumbList\",\"@id\":\"https:\/\/pihernz.com\/en\/producto\/tecsun-pl-320-receptor-digital-multibanda\/#breadcrumb\",\"itemListElement\":[{\"@type\":\"ListItem\",\"position\":1,\"name\":\"Portada\",\"item\":\"https:\/\/pihernz.com\/en\/\"},{\"@type\":\"ListItem\",\"position\":2,\"name\":\"Shop\",\"item\":\"https:\/\/pihernz.com\/en\/shop\/\"},{\"@type\":\"ListItem\",\"position\":3,\"name\":\"Tecsun PL-320 Receptor digital multibanda\"}]},{\"@type\":\"WebSite\",\"@id\":\"https:\/\/pihernz.com\/#website\",\"url\":\"https:\/\/pihernz.com\/\",\"name\":\"www.pihernz.com\",\"description\":\"Expertos en radiocomunicaciones\",\"publisher\":{\"@id\":\"https:\/\/pihernz.com\/#organization\"},\"alternateName\":\"Pihenrz\",\"potentialAction\":[{\"@type\":\"SearchAction\",\"target\":{\"@type\":\"EntryPoint\",\"urlTemplate\":\"https:\/\/pihernz.com\/?s={search_term_string}\"},\"query-input\":{\"@type\":\"PropertyValueSpecification\",\"valueRequired\":true,\"valueName\":\"search_term_string\"}}],\"inLanguage\":\"en-US\"},{\"@type\":\"Organization\",\"@id\":\"https:\/\/pihernz.com\/#organization\",\"name\":\"Pihernz comunicaciones S.A.\",\"alternateName\":\"Pihernz\",\"url\":\"https:\/\/pihernz.com\/\",\"logo\":{\"@type\":\"ImageObject\",\"inLanguage\":\"en-US\",\"@id\":\"https:\/\/pihernz.com\/#\/schema\/logo\/image\/\",\"url\":\"https:\/\/pihernz.com\/wp-content\/uploads\/2020\/09\/logo.svg\",\"contentUrl\":\"https:\/\/pihernz.com\/wp-content\/uploads\/2020\/09\/logo.svg\",\"width\":178,\"height\":39,\"caption\":\"Pihernz comunicaciones S.A.\"},\"image\":{\"@id\":\"https:\/\/pihernz.com\/#\/schema\/logo\/image\/\"},\"sameAs\":[\"https:\/\/www.facebook.com\/pihernz.comunicaciones\/\",\"https:\/\/x.com\/pihernz\",\"https:\/\/www.instagram.com\/pihernzcomunicaciones\/\",\"https:\/\/es.linkedin.com\/company\/pihernz-comunicaciones\"]}]}<\/script>\n<!-- \/ Yoast SEO plugin. -->","yoast_head_json":{"title":"Tecsun PL-320 Receptor digital multibanda","description":"The TECSUN PL-320 is a PLL DSP radio receiver for listening to FM, Longwave (LW), AM \/ Medium Wave (MW) and Shortwave (SW) frequency bands.","robots":{"index":"index","follow":"follow","max-snippet":"max-snippet:-1","max-image-preview":"max-image-preview:large","max-video-preview":"max-video-preview:-1"},"canonical":"https:\/\/pihernz.com\/en\/producto\/tecsun-pl-320-receptor-digital-multibanda\/","og_locale":"en_US","og_type":"article","og_title":"Tecsun PL-320 Receptor digital multibanda","og_description":"The TECSUN PL-320 is a PLL DSP radio receiver for listening to FM, Longwave (LW), AM \/ Medium Wave (MW) and Shortwave (SW) frequency bands.","og_url":"https:\/\/pihernz.com\/en\/producto\/tecsun-pl-320-receptor-digital-multibanda\/","og_site_name":"Pihernz Comunicaciones","article_publisher":"https:\/\/www.facebook.com\/pihernz.comunicaciones\/","article_modified_time":"2026-03-31T14:33:45+00:00","og_image":[{"width":1297,"height":921,"url":"https:\/\/pihernz.com\/wp-content\/uploads\/2023\/11\/PL-320-front-1.jpg","type":"image\/jpeg"}],"twitter_card":"summary_large_image","twitter_site":"@pihernz","twitter_misc":{"Est. reading time":"3 minutes"},"schema":{"@context":"https:\/\/schema.org","@graph":[{"@type":"WebPage","@id":"https:\/\/pihernz.com\/en\/producto\/tecsun-pl-320-receptor-digital-multibanda\/","url":"https:\/\/pihernz.com\/en\/producto\/tecsun-pl-320-receptor-digital-multibanda\/","name":"Tecsun PL-320 Receptor digital multibanda","isPartOf":{"@id":"https:\/\/pihernz.com\/#website"},"primaryImageOfPage":{"@id":"https:\/\/pihernz.com\/en\/producto\/tecsun-pl-320-receptor-digital-multibanda\/#primaryimage"},"image":{"@id":"https:\/\/pihernz.com\/en\/producto\/tecsun-pl-320-receptor-digital-multibanda\/#primaryimage"},"thumbnailUrl":"https:\/\/pihernz.com\/wp-content\/uploads\/2023\/11\/PL-320-front-1.jpg","datePublished":"2023-11-21T14:34:40+00:00","dateModified":"2026-03-31T14:33:45+00:00","description":"The TECSUN PL-320 is a PLL DSP radio receiver for listening to FM, Longwave (LW), AM \/ Medium Wave (MW) and Shortwave (SW) frequency bands.","breadcrumb":{"@id":"https:\/\/pihernz.com\/en\/producto\/tecsun-pl-320-receptor-digital-multibanda\/#breadcrumb"},"inLanguage":"en-US","potentialAction":[{"@type":"ReadAction","target":["https:\/\/pihernz.com\/en\/producto\/tecsun-pl-320-receptor-digital-multibanda\/"]}]},{"@type":"ImageObject","inLanguage":"en-US","@id":"https:\/\/pihernz.com\/en\/producto\/tecsun-pl-320-receptor-digital-multibanda\/#primaryimage","url":"https:\/\/pihernz.com\/wp-content\/uploads\/2023\/11\/PL-320-front-1.jpg","contentUrl":"https:\/\/pihernz.com\/wp-content\/uploads\/2023\/11\/PL-320-front-1.jpg","width":1297,"height":921,"caption":"El TECSUN PL-320 es un receptor multibanda port\u00e1til PLL DSP que cuenta con la nueva funci\u00f3n ETM+ de Tecsun, que ofrece la posibilidad de configurar memorias espec\u00edficas de tiempo para onda larga, onda media (AM) y onda corta. Para acceder r\u00e1pidamente a la estaci\u00f3n de radio m\u00e1s escuchada, el teclado proporciona un acceso directo pulsando el bot\u00f3n \"Favorito\"."},{"@type":"BreadcrumbList","@id":"https:\/\/pihernz.com\/en\/producto\/tecsun-pl-320-receptor-digital-multibanda\/#breadcrumb","itemListElement":[{"@type":"ListItem","position":1,"name":"Portada","item":"https:\/\/pihernz.com\/en\/"},{"@type":"ListItem","position":2,"name":"Shop","item":"https:\/\/pihernz.com\/en\/shop\/"},{"@type":"ListItem","position":3,"name":"Tecsun PL-320 Receptor digital multibanda"}]},{"@type":"WebSite","@id":"https:\/\/pihernz.com\/#website","url":"https:\/\/pihernz.com\/","name":"www.pihernz.com","description":"Expertos en radiocomunicaciones","publisher":{"@id":"https:\/\/pihernz.com\/#organization"},"alternateName":"Pihenrz","potentialAction":[{"@type":"SearchAction","target":{"@type":"EntryPoint","urlTemplate":"https:\/\/pihernz.com\/?s={search_term_string}"},"query-input":{"@type":"PropertyValueSpecification","valueRequired":true,"valueName":"search_term_string"}}],"inLanguage":"en-US"},{"@type":"Organization","@id":"https:\/\/pihernz.com\/#organization","name":"Pihernz comunicaciones S.A.","alternateName":"Pihernz","url":"https:\/\/pihernz.com\/","logo":{"@type":"ImageObject","inLanguage":"en-US","@id":"https:\/\/pihernz.com\/#\/schema\/logo\/image\/","url":"https:\/\/pihernz.com\/wp-content\/uploads\/2020\/09\/logo.svg","contentUrl":"https:\/\/pihernz.com\/wp-content\/uploads\/2020\/09\/logo.svg","width":178,"height":39,"caption":"Pihernz comunicaciones S.A."},"image":{"@id":"https:\/\/pihernz.com\/#\/schema\/logo\/image\/"},"sameAs":["https:\/\/www.facebook.com\/pihernz.comunicaciones\/","https:\/\/x.com\/pihernz","https:\/\/www.instagram.com\/pihernzcomunicaciones\/","https:\/\/es.linkedin.com\/company\/pihernz-comunicaciones"]}]}},"_links":{"self":[{"href":"https:\/\/pihernz.com\/en\/wp-json\/wp\/v2\/product\/59640","targetHints":{"allow":["GET"]}}],"collection":[{"href":"https:\/\/pihernz.com\/en\/wp-json\/wp\/v2\/product"}],"about":[{"href":"https:\/\/pihernz.com\/en\/wp-json\/wp\/v2\/types\/product"}],"wp:featuredmedia":[{"embeddable":true,"href":"https:\/\/pihernz.com\/en\/wp-json\/wp\/v2\/media\/59630"}],"wp:attachment":[{"href":"https:\/\/pihernz.com\/en\/wp-json\/wp\/v2\/media?parent=59640"}],"wp:term":[{"taxonomy":"product_brand","embeddable":true,"href":"https:\/\/pihernz.com\/en\/wp-json\/wp\/v2\/product_brand?post=59640"},{"taxonomy":"product_cat","embeddable":true,"href":"https:\/\/pihernz.com\/en\/wp-json\/wp\/v2\/product_cat?post=59640"},{"taxonomy":"product_tag","embeddable":true,"href":"https:\/\/pihernz.com\/en\/wp-json\/wp\/v2\/product_tag?post=59640"}],"curies":[{"name":"wp","href":"https:\/\/api.w.org\/{rel}","templated":true}]}}