
{"id":58334,"date":"2023-09-18T05:54:16","date_gmt":"2023-09-18T04:54:16","guid":{"rendered":"https:\/\/pihernz.com\/producto\/pni-ct60-termostato-inalambrico\/"},"modified":"2025-02-20T13:33:35","modified_gmt":"2025-02-20T12:33:35","slug":"pni-ct60-wireless-thermostat","status":"publish","type":"product","link":"https:\/\/pihernz.com\/en\/producto\/pni-ct60-wireless-thermostat\/","title":{"rendered":"PNI CT60 Wireless thermostat"},"content":{"rendered":"<p>The <strong>PNI CT60<\/strong> is a wireless thermostat very accurate in measuring temperature and turns the heating system on and off based on a temperature limit and a preset time period. The thermostat has 3 operating modes: <strong>Scheduled<\/strong> , <strong>Manual<\/strong> and <strong>Holiday<\/strong> (anti-freeze). In programmed mode, 4 operating periods can be set for each day of the week.<\/p>\n<h3 class=\"h-st\">Schedule by day<\/h3>\n<p class=\"detalii\">For each day of the week you can set a maximum of <strong>4 time periods<\/strong> , each with its own temperature limit. Thus, you can have different programs every day, depending on the time of departure or arrival at home.<\/p>\n<p class=\"detalii\">Example of 4 time periods in a day:<br \/>\n06:00 &#8211; 23 degrees<br \/>\n08:00 &#8211; 22 degrees<br \/>\n17:00 &#8211; 23 degrees<br \/>\n23:00 &#8211; 22 degrees<\/p>\n<h3 class=\"h-dr\">Men\u00fa de configuraci\u00f3n de par\u00e1metros<\/h3>\n<p class=\"detalii\">El men\u00fa de configuraci\u00f3n avanzada le permite configurar par\u00e1metros para diferentes funciones: Hist\u00e9resis, temperatura anticongelante, funci\u00f3n de protecci\u00f3n infantil, funci\u00f3n de ventana abierta, reinicio, etc.<\/p>\n<h3 class=\"h-dr\">Parameter setting menu<\/h3>\n<p class=\"detalii\">The advanced settings menu allows you to set parameters for different functions: Hysteresis, anti-freeze temperature, child protection function, open window function, reset, etc.<\/p>\n<h3 class=\"h-st\">Key lock function<\/h3>\n<p class=\"detalii\">If the <strong>child protection<\/strong> function has been activated in the advanced settings, the thermostat keys will lock as soon as the screen backlight turns off to prevent inadvertent temperature change.<\/p>\n<h3 class=\"h-dr\">Anti-freeze function<\/h3>\n<p class=\"detalii\">With the <strong>anti-freeze<\/strong> function you can leave the boiler quietly on account of the smart thermostat PNI CT60. From the advanced settings menu, set a temperature level between 5 \u00b0 C and 15 \u00b0 C, a temperature that will be maintained throughout your absence.<\/p>\n<h2>SPECIFICATIONS<\/h2>\n<table style=\"width: 100%; height: 744px;\">\n<tbody>\n<tr style=\"height: 24px;\">\n<td style=\"height: 24px; width: 63.9373%;\" colspan=\"2\"><\/td>\n<td style=\"width: 35.0174%;\"><\/td>\n<\/tr>\n<tr style=\"height: 24px;\">\n<td style=\"height: 24px; width: 22.1254%;\"><\/td>\n<td style=\"height: 24px; width: 41.8118%;\"><\/td>\n<td style=\"width: 35.0174%;\"><\/td>\n<\/tr>\n<tr style=\"height: 24px;\">\n<td style=\"height: 24px; width: 63.9373%;\" colspan=\"2\"><strong>Caracter\u00edsticas generales<\/strong><\/td>\n<td style=\"width: 35.0174%;\"><\/td>\n<\/tr>\n<tr style=\"height: 24px;\">\n<td style=\"height: 24px; width: 22.1254%;\">Tipo de producto<\/td>\n<td style=\"height: 24px; width: 41.8118%;\">Termostato inal\u00e1mbrico<\/td>\n<td style=\"width: 35.0174%;\"><\/td>\n<\/tr>\n<tr style=\"height: 24px;\">\n<td style=\"height: 24px; width: 22.1254%;\">Destinado para<\/td>\n<td style=\"height: 24px; width: 41.8118%;\">Calefacci\u00f3n central<\/td>\n<td style=\"width: 35.0174%;\"><\/td>\n<\/tr>\n<tr style=\"height: 24px;\">\n<td style=\"height: 24px; width: 22.1254%;\">Marca compatible<\/td>\n<td style=\"height: 24px; width: 41.8118%;\">Universal<\/td>\n<td style=\"width: 35.0174%;\"><\/td>\n<\/tr>\n<tr style=\"height: 24px;\">\n<td style=\"height: 24px; width: 22.1254%;\">MONTAJE<\/td>\n<td style=\"height: 24px; width: 41.8118%;\">escritorio \/ pared<\/td>\n<td style=\"width: 35.0174%;\"><\/td>\n<\/tr>\n<tr style=\"height: 24px;\">\n<td style=\"height: 24px; width: 22.1254%;\">Material<\/td>\n<td style=\"height: 24px; width: 41.8118%;\">abdominales<\/td>\n<td style=\"width: 35.0174%;\"><\/td>\n<\/tr>\n<tr style=\"height: 24px;\">\n<td style=\"height: 24px; width: 22.1254%;\">Color<\/td>\n<td style=\"height: 24px; width: 41.8118%;\">Blanco<\/td>\n<td style=\"width: 35.0174%;\"><\/td>\n<\/tr>\n<tr style=\"height: 24px;\">\n<td style=\"height: 24px; width: 22.1254%;\">Conectividad<\/td>\n<td style=\"height: 24px; width: 41.8118%;\">&#8211; Inal\u00e1mbrico entre las 2 unidades: radio 868 MHz &#8211; Con cable a la caldera<\/td>\n<td style=\"width: 35.0174%;\"><\/td>\n<\/tr>\n<tr style=\"height: 24px;\">\n<td style=\"height: 24px; width: 22.1254%;\">tipo de comida<\/td>\n<td style=\"height: 24px; width: 41.8118%;\">Unidad central: Pilas AAA Unidad receptora: Red 230V<\/td>\n<td style=\"width: 35.0174%;\"><\/td>\n<\/tr>\n<tr style=\"height: 48px;\">\n<td style=\"height: 48px; width: 22.1254%;\">Funciones<\/td>\n<td style=\"height: 48px; width: 41.8118%;\">&#8211; Horario diario: 4 zonas horarias por d\u00eda &#8211; Horario semanal: Lunes &#8211; Domingo &#8211; Control de temperatura local &#8211; Unidad central m\u00f3vil &#8211; Anticongelante &#8211; Detecci\u00f3n de ventana abierta &#8211; Protecci\u00f3n infantil<\/td>\n<td style=\"width: 35.0174%;\"><\/td>\n<\/tr>\n<tr style=\"height: 48px;\">\n<td style=\"height: 48px; width: 22.1254%;\">Par\u00e1metros de operaci\u00f3n<\/td>\n<td style=\"height: 48px; width: 41.8118%;\">&#8211; Rango de temperatura de ajuste: 5 &#8211; 35 \u00b0C &#8211; Paso de ajuste de temperatura deseado: 0,5 \u00b0C &#8211; Rango de temperatura medido: 0 &#8211; 50 \u00b0C &#8211; Unidad de medida: Grados Celsius &#8211; Sensibilidad del sensor: \u00b1 0,1 \u00b0C &#8211; Hist\u00e9resis (zona muerta) : 0,2 \u00baC<\/td>\n<td style=\"width: 35.0174%;\"><\/td>\n<\/tr>\n<tr style=\"height: 48px;\">\n<td style=\"height: 48px; width: 22.1254%;\">Par\u00e1metros configurables<\/td>\n<td style=\"height: 48px; width: 41.8118%;\">&#8211; Calibraci\u00f3n del sensor de temperatura interna &#8211; Temperatura m\u00ednima y m\u00e1xima configurable &#8211; Temperatura antihielo &#8211; Hist\u00e9resis &#8211; Par\u00e1metros &#8211; ventana abierta<\/td>\n<td style=\"width: 35.0174%;\"><\/td>\n<\/tr>\n<tr style=\"height: 24px;\">\n<td style=\"height: 24px; width: 22.1254%;\">Comunicaci\u00f3n<\/td>\n<td style=\"height: 24px; width: 41.8118%;\">868 MHz<\/td>\n<td style=\"width: 35.0174%;\"><\/td>\n<\/tr>\n<tr style=\"height: 24px;\">\n<td style=\"height: 24px; width: 63.9373%;\" colspan=\"2\"><strong>Caracter\u00edsticas de la unidad central<\/strong><\/td>\n<td style=\"width: 35.0174%;\"><\/td>\n<\/tr>\n<tr style=\"height: 24px;\">\n<td style=\"height: 24px; width: 22.1254%;\">alimentaci\u00f3n<\/td>\n<td style=\"height: 24px; width: 41.8118%;\">2 pilas LR3\/AAA (no incluidas)<\/td>\n<td style=\"width: 35.0174%;\"><\/td>\n<\/tr>\n<tr style=\"height: 24px;\">\n<td style=\"height: 24px; width: 22.1254%;\">Pantalla<\/td>\n<td style=\"height: 24px; width: 41.8118%;\">si, iluminaci\u00f3n<\/td>\n<td style=\"width: 35.0174%;\"><\/td>\n<\/tr>\n<tr style=\"height: 48px;\">\n<td style=\"height: 48px; width: 22.1254%;\">Mostrar par\u00e1metros<\/td>\n<td style=\"height: 48px; width: 41.8118%;\">&#8211; Temperatura medida (de la habitaci\u00f3n) &#8211; Temperatura ajustada &#8211; Hora actual &#8211; Programa actual &#8211; D\u00eda de la semana &#8211; Modo de funcionamiento<\/td>\n<td style=\"width: 35.0174%;\"><\/td>\n<\/tr>\n<tr style=\"height: 24px;\">\n<td style=\"height: 24px; width: 22.1254%;\">Superficie de ensamblaje<\/td>\n<td style=\"height: 24px; width: 41.8118%;\">Pared \/ Escritorio<\/td>\n<td style=\"width: 35.0174%;\"><\/td>\n<\/tr>\n<tr style=\"height: 24px;\">\n<td style=\"height: 24px; width: 22.1254%;\">Comunicaci\u00f3n<\/td>\n<td style=\"height: 24px; width: 41.8118%;\">Inal\u00e1mbrico \/ Radio &#8211; 868 MHz<\/td>\n<td style=\"width: 35.0174%;\"><\/td>\n<\/tr>\n<tr style=\"height: 24px;\">\n<td style=\"height: 24px; width: 63.9373%;\" colspan=\"2\"><strong>Caracter\u00edsticas de la unidad receptora<\/strong><\/td>\n<td style=\"width: 35.0174%;\"><\/td>\n<\/tr>\n<tr style=\"height: 24px;\">\n<td style=\"height: 24px; width: 22.1254%;\">Superficie de ensamblaje<\/td>\n<td style=\"height: 24px; width: 41.8118%;\">Muro<\/td>\n<td style=\"width: 35.0174%;\"><\/td>\n<\/tr>\n<tr style=\"height: 24px;\">\n<td style=\"height: 24px; width: 22.1254%;\">alimentaci\u00f3n<\/td>\n<td style=\"height: 24px; width: 41.8118%;\">230 V CA 50\/60 Hz<\/td>\n<td style=\"width: 35.0174%;\"><\/td>\n<\/tr>\n<tr style=\"height: 24px;\">\n<td style=\"height: 24px; width: 22.1254%;\">Tipo de comando central<\/td>\n<td style=\"height: 24px; width: 41.8118%;\">Rel\u00e9 NA\/NC sin potencial (no energizado)<\/td>\n<td style=\"width: 35.0174%;\"><\/td>\n<\/tr>\n<tr style=\"height: 48px;\">\n<td style=\"height: 48px; width: 22.1254%;\">Par\u00e1metros del circuito de rel\u00e9 controlables (m\u00e1ximo)<\/td>\n<td style=\"width: 76.8293%;\" colspan=\"2\"><strong>General characteristics<\/strong><\/td>\n<\/tr>\n<tr>\n<td style=\"width: 22.1254%;\"><\/td>\n<td style=\"width: 41.8118%;\">Product type<\/td>\n<td style=\"width: 35.0174%;\">Wireless thermostat<\/td>\n<\/tr>\n<tr>\n<td style=\"width: 22.1254%;\"><\/td>\n<td style=\"width: 41.8118%;\">Destined for<\/td>\n<td style=\"width: 35.0174%;\">Central heating<\/td>\n<\/tr>\n<tr>\n<td style=\"width: 22.1254%;\"><\/td>\n<td style=\"width: 41.8118%;\">Compatible brand<\/td>\n<td style=\"width: 35.0174%;\">Universal<\/td>\n<\/tr>\n<tr>\n<td style=\"width: 22.1254%;\"><\/td>\n<td style=\"width: 41.8118%;\">MOUNTING<\/td>\n<td style=\"width: 35.0174%;\">Desk \/ wall<\/td>\n<\/tr>\n<tr>\n<td style=\"width: 22.1254%;\"><\/td>\n<td style=\"width: 41.8118%;\">Material<\/td>\n<td style=\"width: 35.0174%;\">abs<\/td>\n<\/tr>\n<tr>\n<td style=\"width: 22.1254%;\"><\/td>\n<td style=\"width: 41.8118%;\">Color<\/td>\n<td style=\"width: 35.0174%;\">White<\/td>\n<\/tr>\n<tr>\n<td style=\"width: 22.1254%;\"><\/td>\n<td style=\"width: 41.8118%;\">Connectivity<\/td>\n<td style=\"width: 35.0174%;\">&#8211; Wireless between the 2 units: 868 MHz radio &#8211; Wired to the boiler<\/td>\n<\/tr>\n<tr>\n<td style=\"width: 22.1254%;\"><\/td>\n<td style=\"width: 41.8118%;\">Food type<\/td>\n<td style=\"width: 35.0174%;\">Central unit: AAA batteries Receiver unit: 230V mains<\/td>\n<\/tr>\n<tr>\n<td style=\"width: 22.1254%;\"><\/td>\n<td style=\"width: 41.8118%;\">Functions<\/td>\n<td style=\"width: 35.0174%;\">&#8211; Daily schedule: 4 time zones per day &#8211; Weekly schedule: Monday &#8211; Sunday &#8211; Local temperature control &#8211; Mobile central unit &#8211; Anti-freeze &#8211; Open window detection &#8211; Child protection<\/td>\n<\/tr>\n<tr>\n<td style=\"width: 22.1254%;\"><\/td>\n<td style=\"width: 41.8118%;\">Operating parameters<\/td>\n<td style=\"width: 35.0174%;\">&#8211; Set temperature range: 5 &#8211; 35\u00b0C &#8211; Desired temperature setting step: 0.5\u00b0C &#8211; Measured temperature range: 0 &#8211; 50\u00b0C &#8211; Unit of measure: Degrees Celsius &#8211; Sensor sensitivity: \u00b1 0.1\u00b0C &#8211; Hysteresis (Dead Zone ): 0.2 \u00b0C<\/td>\n<\/tr>\n<tr>\n<td style=\"width: 22.1254%;\"><\/td>\n<td style=\"width: 41.8118%;\">Configurable parameters<\/td>\n<td style=\"width: 35.0174%;\">&#8211; Internal temperature sensor calibration &#8211; Minimum and maximum settable temperature &#8211; Antifreeze temperature &#8211; Hysteresis &#8211; Parameters &#8211; open window<\/td>\n<\/tr>\n<tr>\n<td style=\"width: 22.1254%;\"><\/td>\n<td style=\"width: 41.8118%;\">Communication<\/td>\n<td style=\"width: 35.0174%;\">868 Mhz<\/td>\n<\/tr>\n<tr>\n<td style=\"width: 22.1254%;\"><\/td>\n<td style=\"width: 76.8293%;\" colspan=\"2\"><strong>Central unit features<\/strong><\/td>\n<\/tr>\n<tr>\n<td style=\"width: 22.1254%;\"><\/td>\n<td style=\"width: 41.8118%;\">feeding<\/td>\n<td style=\"width: 35.0174%;\">2 LR3\/AAA batteries (not included)<\/td>\n<\/tr>\n<tr>\n<td style=\"width: 22.1254%;\"><\/td>\n<td style=\"width: 41.8118%;\">Screen<\/td>\n<td style=\"width: 35.0174%;\">Yes, lighting<\/td>\n<\/tr>\n<tr>\n<td style=\"width: 22.1254%;\"><\/td>\n<td style=\"width: 41.8118%;\">Display parameters<\/td>\n<td style=\"width: 35.0174%;\">&#8211; Measured temperature (from the room) &#8211; Set temperature &#8211; Current time &#8211; Current program &#8211; Day of the week &#8211; Mode of operation<\/td>\n<\/tr>\n<tr>\n<td style=\"width: 22.1254%;\"><\/td>\n<td style=\"width: 41.8118%;\">Mounting surface<\/td>\n<td style=\"width: 35.0174%;\">Wall \/ Desk<\/td>\n<\/tr>\n<tr>\n<td style=\"width: 22.1254%;\"><\/td>\n<td style=\"width: 41.8118%;\">Communication<\/td>\n<td style=\"width: 35.0174%;\">Wireless \/ Radio &#8211; 868 MHz<\/td>\n<\/tr>\n<tr>\n<td style=\"width: 22.1254%;\"><\/td>\n<td style=\"width: 76.8293%;\" colspan=\"2\"><strong>Receiver unit features<\/strong><\/td>\n<\/tr>\n<tr>\n<td style=\"width: 22.1254%;\"><\/td>\n<td style=\"width: 41.8118%;\">Mounting surface<\/td>\n<td style=\"width: 35.0174%;\">Wall<\/td>\n<\/tr>\n<tr>\n<td style=\"width: 22.1254%;\"><\/td>\n<td style=\"width: 41.8118%;\">feeding<\/td>\n<td style=\"width: 35.0174%;\">230VAC 50 \/ 60Hz<\/td>\n<\/tr>\n<tr>\n<td style=\"width: 22.1254%;\"><\/td>\n<td style=\"width: 41.8118%;\">Central command type<\/td>\n<td style=\"width: 35.0174%;\">NO\/NC relay without potential (not energized)<\/td>\n<\/tr>\n<tr>\n<td style=\"width: 22.1254%;\"><\/td>\n<td style=\"width: 41.8118%;\">Controllable relay circuit parameters (maximum)<\/td>\n<td style=\"width: 35.0174%;\">12-240V AC\/DC, 10 Amps<\/td>\n<\/tr>\n<\/tbody>\n<\/table>\n<h2>CONTENT<\/h2>\n<table>\n<tbody>\n<tr>\n<td>Central unit<\/td>\n<td>Yes<\/td>\n<\/tr>\n<tr>\n<td>Receiver unit<\/td>\n<td>Yes<\/td>\n<\/tr>\n<tr>\n<td>Mounting accessories<\/td>\n<td>Screws<\/td>\n<\/tr>\n<tr>\n<td>User manual<\/td>\n<td>Yes<\/td>\n<\/tr>\n<\/tbody>\n<\/table>\n","protected":false},"excerpt":{"rendered":"<p>wireless thermostat<\/p>\n","protected":false},"featured_media":58319,"template":"","meta":{"_acf_changed":false,"_relevanssi_hide_post":"","_relevanssi_hide_content":"","_relevanssi_pin_for_all":"","_relevanssi_pin_keywords":"","_relevanssi_unpin_keywords":"","_relevanssi_related_keywords":"","_relevanssi_related_include_ids":"","_relevanssi_related_exclude_ids":"","_relevanssi_related_no_append":"","_relevanssi_related_not_related":"","_relevanssi_related_posts":"","_relevanssi_noindex_reason":"","inline_featured_image":false,"_joinchat":[]},"product_brand":[12213],"product_cat":[12521,12902],"product_tag":[],"class_list":{"0":"post-58334","1":"product","2":"type-product","3":"status-publish","4":"has-post-thumbnail","6":"product_brand-pni-en","7":"product_cat-measurement","8":"product_cat-thermostat","10":"first","11":"instock","12":"taxable","13":"shipping-taxable","14":"purchasable","15":"product-type-simple"},"acf":[],"yoast_head":"<!-- This site is optimized with the Yoast SEO plugin v27.0 - https:\/\/yoast.com\/product\/yoast-seo-wordpress\/ -->\n<title>PNI CT60 Wireless thermostat &#8211; Pihernz Comunicaciones<\/title>\n<meta name=\"robots\" content=\"index, follow, max-snippet:-1, max-image-preview:large, max-video-preview:-1\" \/>\n<link rel=\"canonical\" href=\"https:\/\/pihernz.com\/en\/producto\/pni-ct60-wireless-thermostat\/\" \/>\n<meta property=\"og:locale\" content=\"en_US\" \/>\n<meta property=\"og:type\" content=\"article\" \/>\n<meta property=\"og:title\" content=\"PNI CT60 Wireless thermostat &#8211; Pihernz Comunicaciones\" \/>\n<meta property=\"og:description\" content=\"wireless thermostat\" \/>\n<meta property=\"og:url\" content=\"https:\/\/pihernz.com\/en\/producto\/pni-ct60-wireless-thermostat\/\" \/>\n<meta property=\"og:site_name\" content=\"Pihernz Comunicaciones\" \/>\n<meta property=\"article:publisher\" content=\"https:\/\/www.facebook.com\/pihernz.comunicaciones\/\" \/>\n<meta property=\"article:modified_time\" content=\"2025-02-20T12:33:35+00:00\" \/>\n<meta property=\"og:image\" content=\"https:\/\/pihernz.com\/wp-content\/uploads\/2023\/09\/PNI-CT60-Termostato-inalambrico.jpg\" \/>\n\t<meta property=\"og:image:width\" content=\"1000\" \/>\n\t<meta property=\"og:image:height\" content=\"1000\" \/>\n\t<meta property=\"og:image:type\" content=\"image\/jpeg\" \/>\n<meta name=\"twitter:card\" content=\"summary_large_image\" \/>\n<meta name=\"twitter:site\" content=\"@pihernz\" \/>\n<meta name=\"twitter:label1\" content=\"Est. reading time\" \/>\n\t<meta name=\"twitter:data1\" content=\"4 minutes\" \/>\n<script type=\"application\/ld+json\" class=\"yoast-schema-graph\">{\"@context\":\"https:\/\/schema.org\",\"@graph\":[{\"@type\":\"WebPage\",\"@id\":\"https:\/\/pihernz.com\/en\/producto\/pni-ct60-wireless-thermostat\/\",\"url\":\"https:\/\/pihernz.com\/en\/producto\/pni-ct60-wireless-thermostat\/\",\"name\":\"PNI CT60 Wireless thermostat &#8211; Pihernz Comunicaciones\",\"isPartOf\":{\"@id\":\"https:\/\/pihernz.com\/#website\"},\"primaryImageOfPage\":{\"@id\":\"https:\/\/pihernz.com\/en\/producto\/pni-ct60-wireless-thermostat\/#primaryimage\"},\"image\":{\"@id\":\"https:\/\/pihernz.com\/en\/producto\/pni-ct60-wireless-thermostat\/#primaryimage\"},\"thumbnailUrl\":\"https:\/\/pihernz.com\/wp-content\/uploads\/2023\/09\/PNI-CT60-Termostato-inalambrico.jpg\",\"datePublished\":\"2023-09-18T04:54:16+00:00\",\"dateModified\":\"2025-02-20T12:33:35+00:00\",\"breadcrumb\":{\"@id\":\"https:\/\/pihernz.com\/en\/producto\/pni-ct60-wireless-thermostat\/#breadcrumb\"},\"inLanguage\":\"en-US\",\"potentialAction\":[{\"@type\":\"ReadAction\",\"target\":[\"https:\/\/pihernz.com\/en\/producto\/pni-ct60-wireless-thermostat\/\"]}]},{\"@type\":\"ImageObject\",\"inLanguage\":\"en-US\",\"@id\":\"https:\/\/pihernz.com\/en\/producto\/pni-ct60-wireless-thermostat\/#primaryimage\",\"url\":\"https:\/\/pihernz.com\/wp-content\/uploads\/2023\/09\/PNI-CT60-Termostato-inalambrico.jpg\",\"contentUrl\":\"https:\/\/pihernz.com\/wp-content\/uploads\/2023\/09\/PNI-CT60-Termostato-inalambrico.jpg\",\"width\":1000,\"height\":1000,\"caption\":\"PNI CT60 TERMOSTATO INAL\u00c1MBRICO\"},{\"@type\":\"BreadcrumbList\",\"@id\":\"https:\/\/pihernz.com\/en\/producto\/pni-ct60-wireless-thermostat\/#breadcrumb\",\"itemListElement\":[{\"@type\":\"ListItem\",\"position\":1,\"name\":\"Portada\",\"item\":\"https:\/\/pihernz.com\/en\/\"},{\"@type\":\"ListItem\",\"position\":2,\"name\":\"Shop\",\"item\":\"https:\/\/pihernz.com\/en\/shop\/\"},{\"@type\":\"ListItem\",\"position\":3,\"name\":\"PNI CT60 Wireless thermostat\"}]},{\"@type\":\"WebSite\",\"@id\":\"https:\/\/pihernz.com\/#website\",\"url\":\"https:\/\/pihernz.com\/\",\"name\":\"www.pihernz.com\",\"description\":\"Expertos en radiocomunicaciones\",\"publisher\":{\"@id\":\"https:\/\/pihernz.com\/#organization\"},\"alternateName\":\"Pihenrz\",\"potentialAction\":[{\"@type\":\"SearchAction\",\"target\":{\"@type\":\"EntryPoint\",\"urlTemplate\":\"https:\/\/pihernz.com\/?s={search_term_string}\"},\"query-input\":{\"@type\":\"PropertyValueSpecification\",\"valueRequired\":true,\"valueName\":\"search_term_string\"}}],\"inLanguage\":\"en-US\"},{\"@type\":\"Organization\",\"@id\":\"https:\/\/pihernz.com\/#organization\",\"name\":\"Pihernz comunicaciones S.A.\",\"alternateName\":\"Pihernz\",\"url\":\"https:\/\/pihernz.com\/\",\"logo\":{\"@type\":\"ImageObject\",\"inLanguage\":\"en-US\",\"@id\":\"https:\/\/pihernz.com\/#\/schema\/logo\/image\/\",\"url\":\"https:\/\/pihernz.com\/wp-content\/uploads\/2020\/09\/logo.svg\",\"contentUrl\":\"https:\/\/pihernz.com\/wp-content\/uploads\/2020\/09\/logo.svg\",\"width\":178,\"height\":39,\"caption\":\"Pihernz comunicaciones S.A.\"},\"image\":{\"@id\":\"https:\/\/pihernz.com\/#\/schema\/logo\/image\/\"},\"sameAs\":[\"https:\/\/www.facebook.com\/pihernz.comunicaciones\/\",\"https:\/\/x.com\/pihernz\",\"https:\/\/www.instagram.com\/pihernzcomunicaciones\/\",\"https:\/\/es.linkedin.com\/company\/pihernz-comunicaciones\"]}]}<\/script>\n<!-- \/ Yoast SEO plugin. -->","yoast_head_json":{"title":"PNI CT60 Wireless thermostat &#8211; Pihernz Comunicaciones","robots":{"index":"index","follow":"follow","max-snippet":"max-snippet:-1","max-image-preview":"max-image-preview:large","max-video-preview":"max-video-preview:-1"},"canonical":"https:\/\/pihernz.com\/en\/producto\/pni-ct60-wireless-thermostat\/","og_locale":"en_US","og_type":"article","og_title":"PNI CT60 Wireless thermostat &#8211; Pihernz Comunicaciones","og_description":"wireless thermostat","og_url":"https:\/\/pihernz.com\/en\/producto\/pni-ct60-wireless-thermostat\/","og_site_name":"Pihernz Comunicaciones","article_publisher":"https:\/\/www.facebook.com\/pihernz.comunicaciones\/","article_modified_time":"2025-02-20T12:33:35+00:00","og_image":[{"width":1000,"height":1000,"url":"https:\/\/pihernz.com\/wp-content\/uploads\/2023\/09\/PNI-CT60-Termostato-inalambrico.jpg","type":"image\/jpeg"}],"twitter_card":"summary_large_image","twitter_site":"@pihernz","twitter_misc":{"Est. reading time":"4 minutes"},"schema":{"@context":"https:\/\/schema.org","@graph":[{"@type":"WebPage","@id":"https:\/\/pihernz.com\/en\/producto\/pni-ct60-wireless-thermostat\/","url":"https:\/\/pihernz.com\/en\/producto\/pni-ct60-wireless-thermostat\/","name":"PNI CT60 Wireless thermostat &#8211; Pihernz Comunicaciones","isPartOf":{"@id":"https:\/\/pihernz.com\/#website"},"primaryImageOfPage":{"@id":"https:\/\/pihernz.com\/en\/producto\/pni-ct60-wireless-thermostat\/#primaryimage"},"image":{"@id":"https:\/\/pihernz.com\/en\/producto\/pni-ct60-wireless-thermostat\/#primaryimage"},"thumbnailUrl":"https:\/\/pihernz.com\/wp-content\/uploads\/2023\/09\/PNI-CT60-Termostato-inalambrico.jpg","datePublished":"2023-09-18T04:54:16+00:00","dateModified":"2025-02-20T12:33:35+00:00","breadcrumb":{"@id":"https:\/\/pihernz.com\/en\/producto\/pni-ct60-wireless-thermostat\/#breadcrumb"},"inLanguage":"en-US","potentialAction":[{"@type":"ReadAction","target":["https:\/\/pihernz.com\/en\/producto\/pni-ct60-wireless-thermostat\/"]}]},{"@type":"ImageObject","inLanguage":"en-US","@id":"https:\/\/pihernz.com\/en\/producto\/pni-ct60-wireless-thermostat\/#primaryimage","url":"https:\/\/pihernz.com\/wp-content\/uploads\/2023\/09\/PNI-CT60-Termostato-inalambrico.jpg","contentUrl":"https:\/\/pihernz.com\/wp-content\/uploads\/2023\/09\/PNI-CT60-Termostato-inalambrico.jpg","width":1000,"height":1000,"caption":"PNI CT60 TERMOSTATO INAL\u00c1MBRICO"},{"@type":"BreadcrumbList","@id":"https:\/\/pihernz.com\/en\/producto\/pni-ct60-wireless-thermostat\/#breadcrumb","itemListElement":[{"@type":"ListItem","position":1,"name":"Portada","item":"https:\/\/pihernz.com\/en\/"},{"@type":"ListItem","position":2,"name":"Shop","item":"https:\/\/pihernz.com\/en\/shop\/"},{"@type":"ListItem","position":3,"name":"PNI CT60 Wireless thermostat"}]},{"@type":"WebSite","@id":"https:\/\/pihernz.com\/#website","url":"https:\/\/pihernz.com\/","name":"www.pihernz.com","description":"Expertos en radiocomunicaciones","publisher":{"@id":"https:\/\/pihernz.com\/#organization"},"alternateName":"Pihenrz","potentialAction":[{"@type":"SearchAction","target":{"@type":"EntryPoint","urlTemplate":"https:\/\/pihernz.com\/?s={search_term_string}"},"query-input":{"@type":"PropertyValueSpecification","valueRequired":true,"valueName":"search_term_string"}}],"inLanguage":"en-US"},{"@type":"Organization","@id":"https:\/\/pihernz.com\/#organization","name":"Pihernz comunicaciones S.A.","alternateName":"Pihernz","url":"https:\/\/pihernz.com\/","logo":{"@type":"ImageObject","inLanguage":"en-US","@id":"https:\/\/pihernz.com\/#\/schema\/logo\/image\/","url":"https:\/\/pihernz.com\/wp-content\/uploads\/2020\/09\/logo.svg","contentUrl":"https:\/\/pihernz.com\/wp-content\/uploads\/2020\/09\/logo.svg","width":178,"height":39,"caption":"Pihernz comunicaciones S.A."},"image":{"@id":"https:\/\/pihernz.com\/#\/schema\/logo\/image\/"},"sameAs":["https:\/\/www.facebook.com\/pihernz.comunicaciones\/","https:\/\/x.com\/pihernz","https:\/\/www.instagram.com\/pihernzcomunicaciones\/","https:\/\/es.linkedin.com\/company\/pihernz-comunicaciones"]}]}},"_links":{"self":[{"href":"https:\/\/pihernz.com\/en\/wp-json\/wp\/v2\/product\/58334","targetHints":{"allow":["GET"]}}],"collection":[{"href":"https:\/\/pihernz.com\/en\/wp-json\/wp\/v2\/product"}],"about":[{"href":"https:\/\/pihernz.com\/en\/wp-json\/wp\/v2\/types\/product"}],"wp:featuredmedia":[{"embeddable":true,"href":"https:\/\/pihernz.com\/en\/wp-json\/wp\/v2\/media\/58319"}],"wp:attachment":[{"href":"https:\/\/pihernz.com\/en\/wp-json\/wp\/v2\/media?parent=58334"}],"wp:term":[{"taxonomy":"product_brand","embeddable":true,"href":"https:\/\/pihernz.com\/en\/wp-json\/wp\/v2\/product_brand?post=58334"},{"taxonomy":"product_cat","embeddable":true,"href":"https:\/\/pihernz.com\/en\/wp-json\/wp\/v2\/product_cat?post=58334"},{"taxonomy":"product_tag","embeddable":true,"href":"https:\/\/pihernz.com\/en\/wp-json\/wp\/v2\/product_tag?post=58334"}],"curies":[{"name":"wp","href":"https:\/\/api.w.org\/{rel}","templated":true}]}}