
{"id":56197,"date":"2023-06-15T15:18:04","date_gmt":"2023-06-15T14:18:04","guid":{"rendered":"https:\/\/pihernz.com\/?post_type=product&#038;p=56197"},"modified":"2025-11-25T10:12:47","modified_gmt":"2025-11-25T09:12:47","slug":"astatic-636l-flag-starsn-stripes-cb-microphone","status":"publish","type":"product","link":"https:\/\/pihernz.com\/en\/producto\/astatic-636l-flag-starsn-stripes-cb-microphone\/","title":{"rendered":"Astatic 636L-FLAG (STARS&#8217;n STRIPES) CB microphone"},"content":{"rendered":"<p>The <strong>Astatic<\/strong> Model <strong>636L-FLAG<\/strong>\u00a0is a noise canceling dynamic microphone for close talking, hand held applications in CB, Amateur Radio, and SSB communications.<\/p>\n<p>It fits all 4-pin <strong>Cobra<\/strong>, <strong>Uniden<\/strong> and <strong>Galaxy<\/strong> radios, also the <a href=\"http:\/\/El micr\u00f3fono Astatic 636L-Flag con el ic\u00f3nico dise\u00f1o de barras y estrellas de la bandera estadounidense, es un micr\u00f3fono din\u00e1mico de mano con cancelaci\u00f3n de ruido para equipos de radio de CB, radioaficionado y SSB.\"><strong>Super Star 3900<\/strong><\/a> thath effectively reduces wind and vehicle noise. Durable construction is combined with double chrome plated steel grille and soft vinyl lip guard.<br \/>\nThe exclusive stainless steel cord extends to 228,5cm (7 1\/2 ft).<\/p>\n<h2>ESPECIFICATIONS:<\/h2>\n<ul>\n<li>Type: Dynamic Noise Canceling<\/li>\n<li>Frequency Response: 100 to 5.000 Hz<\/li>\n<li>Output Level: -58 dB (0dB = 1 mw\/10 microbars); -76dB (0dB = 1 volt\/microbar);<\/li>\n<li>Impedance: 400 ohms, matches any radio<\/li>\n<li>Connector: 4-Pin female locking ring connector<\/li>\n<li>Cable: Six wire, five conductor (one conductor shielded) stainless steel cord that extends to 2.3 m (7 1\/2 ft).<\/li>\n<li>Durable strain relief bushing protects against cable breakage at microphone housing.<\/li>\n<li>Switch: DPDT smooth operating, long life, trouble free switch with spring return<\/li>\n<\/ul>\n<p><strong>WIRING OF MIC CABLE:<\/strong><\/p>\n<ul>\n<li>Pin 1 = Shield Blue; Ground Common<\/li>\n<li>Pin 2 = White; Audio<\/li>\n<li>Pin 3 = Red; PTT TX<\/li>\n<li>Pin 4 = Black; RX<\/li>\n<\/ul>\n","protected":false},"excerpt":{"rendered":"<p>4 PIN hand microphone<\/p>\n","protected":false},"featured_media":56140,"template":"","meta":{"_acf_changed":false,"_relevanssi_hide_post":"","_relevanssi_hide_content":"","_relevanssi_pin_for_all":"","_relevanssi_pin_keywords":"","_relevanssi_unpin_keywords":"","_relevanssi_related_keywords":"","_relevanssi_related_include_ids":"","_relevanssi_related_exclude_ids":"","_relevanssi_related_no_append":"","_relevanssi_related_not_related":"","_relevanssi_related_posts":"","_relevanssi_noindex_reason":"","inline_featured_image":false,"_joinchat":[]},"product_brand":[12810],"product_cat":[12297,12295,12275],"product_tag":[12985],"class_list":{"0":"post-56197","1":"product","2":"type-product","3":"status-publish","4":"has-post-thumbnail","6":"product_brand-astatic-en","7":"product_cat-cb-en","8":"product_cat-microfonos-accesorios-emisoras-en","9":"product_cat-accesorios-emisoras-en","10":"product_tag-cb-en","12":"first","13":"onbackorder","14":"taxable","15":"shipping-taxable","16":"purchasable","17":"product-type-simple"},"acf":[],"yoast_head":"<!-- This site is optimized with the Yoast SEO plugin v27.0 - https:\/\/yoast.com\/product\/yoast-seo-wordpress\/ -->\n<title>Astatic 636L-FLAG (STARS&#039;n STRIPES) CB microphone<\/title>\n<meta name=\"description\" content=\"The Astatic Model 636L-FLAG\u00a0is a noise canceling dynamic microphone for close talking, hand held applications in CB, Amateur Radio, and SSB communications.\" \/>\n<meta name=\"robots\" content=\"index, follow, max-snippet:-1, max-image-preview:large, max-video-preview:-1\" \/>\n<link rel=\"canonical\" href=\"https:\/\/pihernz.com\/en\/producto\/astatic-636l-flag-starsn-stripes-cb-microphone\/\" \/>\n<meta property=\"og:locale\" content=\"en_US\" \/>\n<meta property=\"og:type\" content=\"article\" \/>\n<meta property=\"og:title\" content=\"Astatic 636L-FLAG (STARS&#039;n STRIPES) CB microphone\" \/>\n<meta property=\"og:description\" content=\"The Astatic Model 636L-FLAG\u00a0is a noise canceling dynamic microphone for close talking, hand held applications in CB, Amateur Radio, and SSB communications.\" \/>\n<meta property=\"og:url\" content=\"https:\/\/pihernz.com\/en\/producto\/astatic-636l-flag-starsn-stripes-cb-microphone\/\" \/>\n<meta property=\"og:site_name\" content=\"Pihernz Comunicaciones\" \/>\n<meta property=\"article:publisher\" content=\"https:\/\/www.facebook.com\/pihernz.comunicaciones\/\" \/>\n<meta property=\"article:modified_time\" content=\"2025-11-25T09:12:47+00:00\" \/>\n<meta property=\"og:image\" content=\"https:\/\/pihernz.com\/wp-content\/uploads\/2023\/06\/Astatic-636L-FLAG-Microfono-de-CB-1.jpg\" \/>\n\t<meta property=\"og:image:width\" content=\"458\" \/>\n\t<meta property=\"og:image:height\" content=\"472\" \/>\n\t<meta property=\"og:image:type\" content=\"image\/jpeg\" \/>\n<meta name=\"twitter:card\" content=\"summary_large_image\" \/>\n<meta name=\"twitter:site\" content=\"@pihernz\" \/>\n<meta name=\"twitter:label1\" content=\"Est. reading time\" \/>\n\t<meta name=\"twitter:data1\" content=\"1 minute\" \/>\n<script type=\"application\/ld+json\" class=\"yoast-schema-graph\">{\"@context\":\"https:\/\/schema.org\",\"@graph\":[{\"@type\":\"WebPage\",\"@id\":\"https:\/\/pihernz.com\/en\/producto\/astatic-636l-flag-starsn-stripes-cb-microphone\/\",\"url\":\"https:\/\/pihernz.com\/en\/producto\/astatic-636l-flag-starsn-stripes-cb-microphone\/\",\"name\":\"Astatic 636L-FLAG (STARS'n STRIPES) CB microphone\",\"isPartOf\":{\"@id\":\"https:\/\/pihernz.com\/#website\"},\"primaryImageOfPage\":{\"@id\":\"https:\/\/pihernz.com\/en\/producto\/astatic-636l-flag-starsn-stripes-cb-microphone\/#primaryimage\"},\"image\":{\"@id\":\"https:\/\/pihernz.com\/en\/producto\/astatic-636l-flag-starsn-stripes-cb-microphone\/#primaryimage\"},\"thumbnailUrl\":\"https:\/\/pihernz.com\/wp-content\/uploads\/2023\/06\/Astatic-636L-FLAG-Microfono-de-CB-1.jpg\",\"datePublished\":\"2023-06-15T14:18:04+00:00\",\"dateModified\":\"2025-11-25T09:12:47+00:00\",\"description\":\"The Astatic Model 636L-FLAG\u00a0is a noise canceling dynamic microphone for close talking, hand held applications in CB, Amateur Radio, and SSB communications.\",\"breadcrumb\":{\"@id\":\"https:\/\/pihernz.com\/en\/producto\/astatic-636l-flag-starsn-stripes-cb-microphone\/#breadcrumb\"},\"inLanguage\":\"en-US\",\"potentialAction\":[{\"@type\":\"ReadAction\",\"target\":[\"https:\/\/pihernz.com\/en\/producto\/astatic-636l-flag-starsn-stripes-cb-microphone\/\"]}]},{\"@type\":\"ImageObject\",\"inLanguage\":\"en-US\",\"@id\":\"https:\/\/pihernz.com\/en\/producto\/astatic-636l-flag-starsn-stripes-cb-microphone\/#primaryimage\",\"url\":\"https:\/\/pihernz.com\/wp-content\/uploads\/2023\/06\/Astatic-636L-FLAG-Microfono-de-CB-1.jpg\",\"contentUrl\":\"https:\/\/pihernz.com\/wp-content\/uploads\/2023\/06\/Astatic-636L-FLAG-Microfono-de-CB-1.jpg\",\"width\":458,\"height\":472,\"caption\":\"Astatic 636L-FLAG Micr\u00f3fono de CB\"},{\"@type\":\"BreadcrumbList\",\"@id\":\"https:\/\/pihernz.com\/en\/producto\/astatic-636l-flag-starsn-stripes-cb-microphone\/#breadcrumb\",\"itemListElement\":[{\"@type\":\"ListItem\",\"position\":1,\"name\":\"Portada\",\"item\":\"https:\/\/pihernz.com\/en\/\"},{\"@type\":\"ListItem\",\"position\":2,\"name\":\"Shop\",\"item\":\"https:\/\/pihernz.com\/en\/shop\/\"},{\"@type\":\"ListItem\",\"position\":3,\"name\":\"Astatic 636L-FLAG (STARS&#8217;n STRIPES) CB microphone\"}]},{\"@type\":\"WebSite\",\"@id\":\"https:\/\/pihernz.com\/#website\",\"url\":\"https:\/\/pihernz.com\/\",\"name\":\"www.pihernz.com\",\"description\":\"Expertos en radiocomunicaciones\",\"publisher\":{\"@id\":\"https:\/\/pihernz.com\/#organization\"},\"alternateName\":\"Pihenrz\",\"potentialAction\":[{\"@type\":\"SearchAction\",\"target\":{\"@type\":\"EntryPoint\",\"urlTemplate\":\"https:\/\/pihernz.com\/?s={search_term_string}\"},\"query-input\":{\"@type\":\"PropertyValueSpecification\",\"valueRequired\":true,\"valueName\":\"search_term_string\"}}],\"inLanguage\":\"en-US\"},{\"@type\":\"Organization\",\"@id\":\"https:\/\/pihernz.com\/#organization\",\"name\":\"Pihernz comunicaciones S.A.\",\"alternateName\":\"Pihernz\",\"url\":\"https:\/\/pihernz.com\/\",\"logo\":{\"@type\":\"ImageObject\",\"inLanguage\":\"en-US\",\"@id\":\"https:\/\/pihernz.com\/#\/schema\/logo\/image\/\",\"url\":\"https:\/\/pihernz.com\/wp-content\/uploads\/2020\/09\/logo.svg\",\"contentUrl\":\"https:\/\/pihernz.com\/wp-content\/uploads\/2020\/09\/logo.svg\",\"width\":178,\"height\":39,\"caption\":\"Pihernz comunicaciones S.A.\"},\"image\":{\"@id\":\"https:\/\/pihernz.com\/#\/schema\/logo\/image\/\"},\"sameAs\":[\"https:\/\/www.facebook.com\/pihernz.comunicaciones\/\",\"https:\/\/x.com\/pihernz\",\"https:\/\/www.instagram.com\/pihernzcomunicaciones\/\",\"https:\/\/es.linkedin.com\/company\/pihernz-comunicaciones\"]}]}<\/script>\n<!-- \/ Yoast SEO plugin. -->","yoast_head_json":{"title":"Astatic 636L-FLAG (STARS'n STRIPES) CB microphone","description":"The Astatic Model 636L-FLAG\u00a0is a noise canceling dynamic microphone for close talking, hand held applications in CB, Amateur Radio, and SSB communications.","robots":{"index":"index","follow":"follow","max-snippet":"max-snippet:-1","max-image-preview":"max-image-preview:large","max-video-preview":"max-video-preview:-1"},"canonical":"https:\/\/pihernz.com\/en\/producto\/astatic-636l-flag-starsn-stripes-cb-microphone\/","og_locale":"en_US","og_type":"article","og_title":"Astatic 636L-FLAG (STARS'n STRIPES) CB microphone","og_description":"The Astatic Model 636L-FLAG\u00a0is a noise canceling dynamic microphone for close talking, hand held applications in CB, Amateur Radio, and SSB communications.","og_url":"https:\/\/pihernz.com\/en\/producto\/astatic-636l-flag-starsn-stripes-cb-microphone\/","og_site_name":"Pihernz Comunicaciones","article_publisher":"https:\/\/www.facebook.com\/pihernz.comunicaciones\/","article_modified_time":"2025-11-25T09:12:47+00:00","og_image":[{"width":458,"height":472,"url":"https:\/\/pihernz.com\/wp-content\/uploads\/2023\/06\/Astatic-636L-FLAG-Microfono-de-CB-1.jpg","type":"image\/jpeg"}],"twitter_card":"summary_large_image","twitter_site":"@pihernz","twitter_misc":{"Est. reading time":"1 minute"},"schema":{"@context":"https:\/\/schema.org","@graph":[{"@type":"WebPage","@id":"https:\/\/pihernz.com\/en\/producto\/astatic-636l-flag-starsn-stripes-cb-microphone\/","url":"https:\/\/pihernz.com\/en\/producto\/astatic-636l-flag-starsn-stripes-cb-microphone\/","name":"Astatic 636L-FLAG (STARS'n STRIPES) CB microphone","isPartOf":{"@id":"https:\/\/pihernz.com\/#website"},"primaryImageOfPage":{"@id":"https:\/\/pihernz.com\/en\/producto\/astatic-636l-flag-starsn-stripes-cb-microphone\/#primaryimage"},"image":{"@id":"https:\/\/pihernz.com\/en\/producto\/astatic-636l-flag-starsn-stripes-cb-microphone\/#primaryimage"},"thumbnailUrl":"https:\/\/pihernz.com\/wp-content\/uploads\/2023\/06\/Astatic-636L-FLAG-Microfono-de-CB-1.jpg","datePublished":"2023-06-15T14:18:04+00:00","dateModified":"2025-11-25T09:12:47+00:00","description":"The Astatic Model 636L-FLAG\u00a0is a noise canceling dynamic microphone for close talking, hand held applications in CB, Amateur Radio, and SSB communications.","breadcrumb":{"@id":"https:\/\/pihernz.com\/en\/producto\/astatic-636l-flag-starsn-stripes-cb-microphone\/#breadcrumb"},"inLanguage":"en-US","potentialAction":[{"@type":"ReadAction","target":["https:\/\/pihernz.com\/en\/producto\/astatic-636l-flag-starsn-stripes-cb-microphone\/"]}]},{"@type":"ImageObject","inLanguage":"en-US","@id":"https:\/\/pihernz.com\/en\/producto\/astatic-636l-flag-starsn-stripes-cb-microphone\/#primaryimage","url":"https:\/\/pihernz.com\/wp-content\/uploads\/2023\/06\/Astatic-636L-FLAG-Microfono-de-CB-1.jpg","contentUrl":"https:\/\/pihernz.com\/wp-content\/uploads\/2023\/06\/Astatic-636L-FLAG-Microfono-de-CB-1.jpg","width":458,"height":472,"caption":"Astatic 636L-FLAG Micr\u00f3fono de CB"},{"@type":"BreadcrumbList","@id":"https:\/\/pihernz.com\/en\/producto\/astatic-636l-flag-starsn-stripes-cb-microphone\/#breadcrumb","itemListElement":[{"@type":"ListItem","position":1,"name":"Portada","item":"https:\/\/pihernz.com\/en\/"},{"@type":"ListItem","position":2,"name":"Shop","item":"https:\/\/pihernz.com\/en\/shop\/"},{"@type":"ListItem","position":3,"name":"Astatic 636L-FLAG (STARS&#8217;n STRIPES) CB microphone"}]},{"@type":"WebSite","@id":"https:\/\/pihernz.com\/#website","url":"https:\/\/pihernz.com\/","name":"www.pihernz.com","description":"Expertos en radiocomunicaciones","publisher":{"@id":"https:\/\/pihernz.com\/#organization"},"alternateName":"Pihenrz","potentialAction":[{"@type":"SearchAction","target":{"@type":"EntryPoint","urlTemplate":"https:\/\/pihernz.com\/?s={search_term_string}"},"query-input":{"@type":"PropertyValueSpecification","valueRequired":true,"valueName":"search_term_string"}}],"inLanguage":"en-US"},{"@type":"Organization","@id":"https:\/\/pihernz.com\/#organization","name":"Pihernz comunicaciones S.A.","alternateName":"Pihernz","url":"https:\/\/pihernz.com\/","logo":{"@type":"ImageObject","inLanguage":"en-US","@id":"https:\/\/pihernz.com\/#\/schema\/logo\/image\/","url":"https:\/\/pihernz.com\/wp-content\/uploads\/2020\/09\/logo.svg","contentUrl":"https:\/\/pihernz.com\/wp-content\/uploads\/2020\/09\/logo.svg","width":178,"height":39,"caption":"Pihernz comunicaciones S.A."},"image":{"@id":"https:\/\/pihernz.com\/#\/schema\/logo\/image\/"},"sameAs":["https:\/\/www.facebook.com\/pihernz.comunicaciones\/","https:\/\/x.com\/pihernz","https:\/\/www.instagram.com\/pihernzcomunicaciones\/","https:\/\/es.linkedin.com\/company\/pihernz-comunicaciones"]}]}},"_links":{"self":[{"href":"https:\/\/pihernz.com\/en\/wp-json\/wp\/v2\/product\/56197","targetHints":{"allow":["GET"]}}],"collection":[{"href":"https:\/\/pihernz.com\/en\/wp-json\/wp\/v2\/product"}],"about":[{"href":"https:\/\/pihernz.com\/en\/wp-json\/wp\/v2\/types\/product"}],"wp:featuredmedia":[{"embeddable":true,"href":"https:\/\/pihernz.com\/en\/wp-json\/wp\/v2\/media\/56140"}],"wp:attachment":[{"href":"https:\/\/pihernz.com\/en\/wp-json\/wp\/v2\/media?parent=56197"}],"wp:term":[{"taxonomy":"product_brand","embeddable":true,"href":"https:\/\/pihernz.com\/en\/wp-json\/wp\/v2\/product_brand?post=56197"},{"taxonomy":"product_cat","embeddable":true,"href":"https:\/\/pihernz.com\/en\/wp-json\/wp\/v2\/product_cat?post=56197"},{"taxonomy":"product_tag","embeddable":true,"href":"https:\/\/pihernz.com\/en\/wp-json\/wp\/v2\/product_tag?post=56197"}],"curies":[{"name":"wp","href":"https:\/\/api.w.org\/{rel}","templated":true}]}}