
{"id":54848,"date":"2019-04-12T16:51:20","date_gmt":"2019-04-12T15:51:20","guid":{"rendered":"https:\/\/pihernz.com\/?post_type=product&#038;p=54848"},"modified":"2025-02-20T12:47:12","modified_gmt":"2025-02-20T11:47:12","slug":"cp226-pareja-walkies-pmr-446-ip67-con-maletin","status":"publish","type":"product","link":"https:\/\/pihernz.com\/en\/producto\/cp226-pareja-walkies-pmr-446-ip67-con-maletin\/","title":{"rendered":"CP226 pareja walkies PMR-446 IP67 con malet\u00edn"},"content":{"rendered":"<p>Los <strong>CP226<\/strong> son unos<strong>\u00a0<a href=\"https:\/\/pihernz.com\/en\/product-category\/walkies-en\/pmr-446-professional-business-walkies-en\/\">walkie talkies PMR-446<\/a><\/strong> (UHF sin licencia) formado por un\u00a0<strong>par de walkie talkies PMR-446 anal\u00f3gicos<\/strong>\u00a0acompa\u00f1ados por sus respectivos cargadores r\u00e1pidos con sus cables microUSB y un\u00a0<strong>malet\u00edn para su f\u00e1cil transporte.<\/strong>\u00a0Los PMR-446 son unos transceptores port\u00e1tiles anal\u00f3gicos de uso libre con un<strong>\u00a0rango de hasta 10 Km en las condiciones \u00f3ptimas,<\/strong>\u00a0se trata de un transceptor ideal para implementarlo a sus negocios.<\/p>\n<p>El kit <strong>CP226<\/strong> combina\u00a0<strong>calidad y versatilidad<\/strong>\u00a0con un\u00a0<strong>dise\u00f1o elegante<\/strong>\u00a0y\u00a0<strong>discreto<\/strong>\u00a0para garantizarle comunicaciones efectivas al alcance de su mano.<\/p>\n<p>Los walkies talkies PMR-446 que ofrece, compuestos por\u00a0<strong>53 sub-tonos y 104 c\u00f3digos implementados en 8 canales<\/strong>\u00a0que gracias a la funci\u00f3n de escaneado de canales, el transceptor, buscar\u00e1 el canal que mejor se adapte a sus condiciones.<\/p>\n<p>Tambi\u00e9n implementa funciones como el\u00a0<strong>ahorro de bater\u00eda,<\/strong>\u00a0que le ayuda a disminuir los gasto de la bater\u00eda para largas jornadas de trabajo como la funci\u00f3n RSSI, que le permite saber en qu\u00e9 lugar tiene una mayor intensidad de la se\u00f1al de recepci\u00f3n ayudan a optimizar el tiempo.<\/p>\n<p>Debido a un<strong>\u00a0altavoz de gran potencia (500mW),<\/strong>\u00a0el\u00a0<strong>certificaci\u00f3n IP67<\/strong>\u00a0(protecci\u00f3n frente el polvo con cierta resistencia de agua) y una<strong>\u00a0bater\u00eda de 3,7V. -1.100 mAh<\/strong>\u00a0hacen de \u00e9l, un producto ideal y confiable para su uso en el \u00e1mbito profesional.<\/p>\n<h2>CARACTERISTICAS<\/h2>\n<p>\u2022 Canales: 8<br \/>\n\u2022 Frecuencia: 446.00625 a 446.09375 Mhz<br \/>\n\u2022 Bater\u00eda: 3,7 V \u2013 1.100 mAh de pol\u00edmero de Litio<br \/>\n\u2022 Incluye tonos: 53 CTCSS y 104 DCS<br \/>\n\u2022 Bloqueo de canal ocupado<br \/>\n\u2022 Funci\u00f3n de escaneo de canales, explora la actividad a trav\u00e9s de los diferentes canales de comunicaci\u00f3n<br \/>\n\u2022 Indicador del estado de la bater\u00eda<br \/>\n\u2022 Funci\u00f3n de bloqueo de teclado<br \/>\n\u2022 Peso: 80 gramos con bater\u00eda y clip<br \/>\n\u2022 Dimensiones: 75 x 44 x 20 mm<br \/>\n\u2022 Cumple norma IP67 protegido del polvo y resistente al agua, protecci\u00f3n de inmersi\u00f3n al agua a una profundidad de 1 metro durante 30 minutos (con todos los orificios tapados)<br \/>\n\u2022 Incluye maleta de transporte<br \/>\n\u2022 Ajuste de volumen con niveles del 1 al 16<br \/>\n\u2022 Funci\u00f3n de ahorro de bater\u00eda<br \/>\n\u2022 Altavoz de alta potencia con 500 mW<br \/>\n\u2022 Funci\u00f3n de RSSI indica la intensidad de la se\u00f1al de recepci\u00f3n<br \/>\n\u2022 Indicador \u201cStandby\u201d<br \/>\n\u2022 Ajuste del micro-auricular inteligente<\/p>\n<h2>CONTENIDO<\/h2>\n<p>1 maleta, 2 walkys CP-226, 2 clip de cintur\u00f3n, 2 bater\u00edas recargables, 2 cargadores de sobremesa, 2 adaptadores e corriente, manual de instrucciones en castellano.<\/p>\n","protected":false},"excerpt":{"rendered":"<p>Pareja de walkies PMR-446 IP67<\/p>\n","protected":false},"featured_media":54852,"template":"","meta":{"_acf_changed":false,"_relevanssi_hide_post":"","_relevanssi_hide_content":"","_relevanssi_pin_for_all":"","_relevanssi_pin_keywords":"","_relevanssi_unpin_keywords":"","_relevanssi_related_keywords":"","_relevanssi_related_include_ids":"","_relevanssi_related_exclude_ids":"","_relevanssi_related_no_append":"","_relevanssi_related_not_related":"","_relevanssi_related_posts":"","_relevanssi_noindex_reason":"","inline_featured_image":false,"_joinchat":[]},"product_brand":[12086],"product_cat":[12780],"product_tag":[],"class_list":{"0":"post-54848","1":"product","2":"type-product","3":"status-publish","4":"has-post-thumbnail","6":"product_brand-cps-en","7":"product_cat-discontinued","9":"first","10":"outofstock","11":"taxable","12":"shipping-taxable","13":"purchasable","14":"product-type-simple"},"acf":[],"yoast_head":"<!-- This site is optimized with the Yoast SEO plugin v27.0 - https:\/\/yoast.com\/product\/yoast-seo-wordpress\/ -->\n<title>CP226 pareja walkies PMR-446 IP67<\/title>\n<meta name=\"description\" content=\"Los CP226 son unos\u00a0walkie talkies PMR-446 (UHF sin licencia) formado por un\u00a0par de walkie talkies PMR-446 anal\u00f3gicos con malet\u00edn\" \/>\n<meta name=\"robots\" content=\"index, follow, max-snippet:-1, max-image-preview:large, max-video-preview:-1\" \/>\n<link rel=\"canonical\" href=\"https:\/\/pihernz.com\/producto\/cp226-pareja-walkies-pmr-446-ip67-con-maletin\/\" \/>\n<meta property=\"og:locale\" content=\"en_US\" \/>\n<meta property=\"og:type\" content=\"article\" \/>\n<meta property=\"og:title\" content=\"CP226 pareja walkies PMR-446 IP67\" \/>\n<meta property=\"og:description\" content=\"Los CP226 son unos\u00a0walkie talkies PMR-446 (UHF sin licencia) formado por un\u00a0par de walkie talkies PMR-446 anal\u00f3gicos con malet\u00edn\" \/>\n<meta property=\"og:url\" content=\"https:\/\/pihernz.com\/producto\/cp226-pareja-walkies-pmr-446-ip67-con-maletin\/\" \/>\n<meta property=\"og:site_name\" content=\"Pihernz Comunicaciones\" \/>\n<meta property=\"article:publisher\" content=\"https:\/\/www.facebook.com\/pihernz.comunicaciones\/\" \/>\n<meta property=\"article:modified_time\" content=\"2025-02-20T11:47:12+00:00\" \/>\n<meta property=\"og:image\" content=\"https:\/\/pihernz.com\/wp-content\/uploads\/2023\/04\/Pack-CP226.jpg\" \/>\n\t<meta property=\"og:image:width\" content=\"428\" \/>\n\t<meta property=\"og:image:height\" content=\"421\" \/>\n\t<meta property=\"og:image:type\" content=\"image\/jpeg\" \/>\n<meta name=\"twitter:card\" content=\"summary_large_image\" \/>\n<meta name=\"twitter:site\" content=\"@pihernz\" \/>\n<meta name=\"twitter:label1\" content=\"Est. reading time\" \/>\n\t<meta name=\"twitter:data1\" content=\"2 minutes\" \/>\n<script type=\"application\/ld+json\" class=\"yoast-schema-graph\">{\"@context\":\"https:\/\/schema.org\",\"@graph\":[{\"@type\":\"WebPage\",\"@id\":\"https:\/\/pihernz.com\/producto\/cp226-pareja-walkies-pmr-446-ip67-con-maletin\/\",\"url\":\"https:\/\/pihernz.com\/producto\/cp226-pareja-walkies-pmr-446-ip67-con-maletin\/\",\"name\":\"CP226 pareja walkies PMR-446 IP67\",\"isPartOf\":{\"@id\":\"https:\/\/pihernz.com\/#website\"},\"primaryImageOfPage\":{\"@id\":\"https:\/\/pihernz.com\/producto\/cp226-pareja-walkies-pmr-446-ip67-con-maletin\/#primaryimage\"},\"image\":{\"@id\":\"https:\/\/pihernz.com\/producto\/cp226-pareja-walkies-pmr-446-ip67-con-maletin\/#primaryimage\"},\"thumbnailUrl\":\"https:\/\/pihernz.com\/wp-content\/uploads\/2023\/04\/Pack-CP226.jpg\",\"datePublished\":\"2019-04-12T15:51:20+00:00\",\"dateModified\":\"2025-02-20T11:47:12+00:00\",\"description\":\"Los CP226 son unos\u00a0walkie talkies PMR-446 (UHF sin licencia) formado por un\u00a0par de walkie talkies PMR-446 anal\u00f3gicos con malet\u00edn\",\"breadcrumb\":{\"@id\":\"https:\/\/pihernz.com\/producto\/cp226-pareja-walkies-pmr-446-ip67-con-maletin\/#breadcrumb\"},\"inLanguage\":\"en-US\",\"potentialAction\":[{\"@type\":\"ReadAction\",\"target\":[\"https:\/\/pihernz.com\/producto\/cp226-pareja-walkies-pmr-446-ip67-con-maletin\/\"]}]},{\"@type\":\"ImageObject\",\"inLanguage\":\"en-US\",\"@id\":\"https:\/\/pihernz.com\/producto\/cp226-pareja-walkies-pmr-446-ip67-con-maletin\/#primaryimage\",\"url\":\"https:\/\/pihernz.com\/wp-content\/uploads\/2023\/04\/Pack-CP226.jpg\",\"contentUrl\":\"https:\/\/pihernz.com\/wp-content\/uploads\/2023\/04\/Pack-CP226.jpg\",\"width\":428,\"height\":421,\"caption\":\"Pareja de walkie talkies CPS CP226 con malet\u00edn\"},{\"@type\":\"BreadcrumbList\",\"@id\":\"https:\/\/pihernz.com\/producto\/cp226-pareja-walkies-pmr-446-ip67-con-maletin\/#breadcrumb\",\"itemListElement\":[{\"@type\":\"ListItem\",\"position\":1,\"name\":\"Portada\",\"item\":\"https:\/\/pihernz.com\/en\/\"},{\"@type\":\"ListItem\",\"position\":2,\"name\":\"Shop\",\"item\":\"https:\/\/pihernz.com\/en\/shop\/\"},{\"@type\":\"ListItem\",\"position\":3,\"name\":\"CP226 pareja walkies PMR-446 IP67 con malet\u00edn\"}]},{\"@type\":\"WebSite\",\"@id\":\"https:\/\/pihernz.com\/#website\",\"url\":\"https:\/\/pihernz.com\/\",\"name\":\"www.pihernz.com\",\"description\":\"Expertos en radiocomunicaciones\",\"publisher\":{\"@id\":\"https:\/\/pihernz.com\/#organization\"},\"alternateName\":\"Pihenrz\",\"potentialAction\":[{\"@type\":\"SearchAction\",\"target\":{\"@type\":\"EntryPoint\",\"urlTemplate\":\"https:\/\/pihernz.com\/?s={search_term_string}\"},\"query-input\":{\"@type\":\"PropertyValueSpecification\",\"valueRequired\":true,\"valueName\":\"search_term_string\"}}],\"inLanguage\":\"en-US\"},{\"@type\":\"Organization\",\"@id\":\"https:\/\/pihernz.com\/#organization\",\"name\":\"Pihernz comunicaciones S.A.\",\"alternateName\":\"Pihernz\",\"url\":\"https:\/\/pihernz.com\/\",\"logo\":{\"@type\":\"ImageObject\",\"inLanguage\":\"en-US\",\"@id\":\"https:\/\/pihernz.com\/#\/schema\/logo\/image\/\",\"url\":\"https:\/\/pihernz.com\/wp-content\/uploads\/2020\/09\/logo.svg\",\"contentUrl\":\"https:\/\/pihernz.com\/wp-content\/uploads\/2020\/09\/logo.svg\",\"width\":178,\"height\":39,\"caption\":\"Pihernz comunicaciones S.A.\"},\"image\":{\"@id\":\"https:\/\/pihernz.com\/#\/schema\/logo\/image\/\"},\"sameAs\":[\"https:\/\/www.facebook.com\/pihernz.comunicaciones\/\",\"https:\/\/x.com\/pihernz\",\"https:\/\/www.instagram.com\/pihernzcomunicaciones\/\",\"https:\/\/es.linkedin.com\/company\/pihernz-comunicaciones\"]}]}<\/script>\n<!-- \/ Yoast SEO plugin. -->","yoast_head_json":{"title":"CP226 pareja walkies PMR-446 IP67","description":"Los CP226 son unos\u00a0walkie talkies PMR-446 (UHF sin licencia) formado por un\u00a0par de walkie talkies PMR-446 anal\u00f3gicos con malet\u00edn","robots":{"index":"index","follow":"follow","max-snippet":"max-snippet:-1","max-image-preview":"max-image-preview:large","max-video-preview":"max-video-preview:-1"},"canonical":"https:\/\/pihernz.com\/producto\/cp226-pareja-walkies-pmr-446-ip67-con-maletin\/","og_locale":"en_US","og_type":"article","og_title":"CP226 pareja walkies PMR-446 IP67","og_description":"Los CP226 son unos\u00a0walkie talkies PMR-446 (UHF sin licencia) formado por un\u00a0par de walkie talkies PMR-446 anal\u00f3gicos con malet\u00edn","og_url":"https:\/\/pihernz.com\/producto\/cp226-pareja-walkies-pmr-446-ip67-con-maletin\/","og_site_name":"Pihernz Comunicaciones","article_publisher":"https:\/\/www.facebook.com\/pihernz.comunicaciones\/","article_modified_time":"2025-02-20T11:47:12+00:00","og_image":[{"width":428,"height":421,"url":"https:\/\/pihernz.com\/wp-content\/uploads\/2023\/04\/Pack-CP226.jpg","type":"image\/jpeg"}],"twitter_card":"summary_large_image","twitter_site":"@pihernz","twitter_misc":{"Est. reading time":"2 minutes"},"schema":{"@context":"https:\/\/schema.org","@graph":[{"@type":"WebPage","@id":"https:\/\/pihernz.com\/producto\/cp226-pareja-walkies-pmr-446-ip67-con-maletin\/","url":"https:\/\/pihernz.com\/producto\/cp226-pareja-walkies-pmr-446-ip67-con-maletin\/","name":"CP226 pareja walkies PMR-446 IP67","isPartOf":{"@id":"https:\/\/pihernz.com\/#website"},"primaryImageOfPage":{"@id":"https:\/\/pihernz.com\/producto\/cp226-pareja-walkies-pmr-446-ip67-con-maletin\/#primaryimage"},"image":{"@id":"https:\/\/pihernz.com\/producto\/cp226-pareja-walkies-pmr-446-ip67-con-maletin\/#primaryimage"},"thumbnailUrl":"https:\/\/pihernz.com\/wp-content\/uploads\/2023\/04\/Pack-CP226.jpg","datePublished":"2019-04-12T15:51:20+00:00","dateModified":"2025-02-20T11:47:12+00:00","description":"Los CP226 son unos\u00a0walkie talkies PMR-446 (UHF sin licencia) formado por un\u00a0par de walkie talkies PMR-446 anal\u00f3gicos con malet\u00edn","breadcrumb":{"@id":"https:\/\/pihernz.com\/producto\/cp226-pareja-walkies-pmr-446-ip67-con-maletin\/#breadcrumb"},"inLanguage":"en-US","potentialAction":[{"@type":"ReadAction","target":["https:\/\/pihernz.com\/producto\/cp226-pareja-walkies-pmr-446-ip67-con-maletin\/"]}]},{"@type":"ImageObject","inLanguage":"en-US","@id":"https:\/\/pihernz.com\/producto\/cp226-pareja-walkies-pmr-446-ip67-con-maletin\/#primaryimage","url":"https:\/\/pihernz.com\/wp-content\/uploads\/2023\/04\/Pack-CP226.jpg","contentUrl":"https:\/\/pihernz.com\/wp-content\/uploads\/2023\/04\/Pack-CP226.jpg","width":428,"height":421,"caption":"Pareja de walkie talkies CPS CP226 con malet\u00edn"},{"@type":"BreadcrumbList","@id":"https:\/\/pihernz.com\/producto\/cp226-pareja-walkies-pmr-446-ip67-con-maletin\/#breadcrumb","itemListElement":[{"@type":"ListItem","position":1,"name":"Portada","item":"https:\/\/pihernz.com\/en\/"},{"@type":"ListItem","position":2,"name":"Shop","item":"https:\/\/pihernz.com\/en\/shop\/"},{"@type":"ListItem","position":3,"name":"CP226 pareja walkies PMR-446 IP67 con malet\u00edn"}]},{"@type":"WebSite","@id":"https:\/\/pihernz.com\/#website","url":"https:\/\/pihernz.com\/","name":"www.pihernz.com","description":"Expertos en radiocomunicaciones","publisher":{"@id":"https:\/\/pihernz.com\/#organization"},"alternateName":"Pihenrz","potentialAction":[{"@type":"SearchAction","target":{"@type":"EntryPoint","urlTemplate":"https:\/\/pihernz.com\/?s={search_term_string}"},"query-input":{"@type":"PropertyValueSpecification","valueRequired":true,"valueName":"search_term_string"}}],"inLanguage":"en-US"},{"@type":"Organization","@id":"https:\/\/pihernz.com\/#organization","name":"Pihernz comunicaciones S.A.","alternateName":"Pihernz","url":"https:\/\/pihernz.com\/","logo":{"@type":"ImageObject","inLanguage":"en-US","@id":"https:\/\/pihernz.com\/#\/schema\/logo\/image\/","url":"https:\/\/pihernz.com\/wp-content\/uploads\/2020\/09\/logo.svg","contentUrl":"https:\/\/pihernz.com\/wp-content\/uploads\/2020\/09\/logo.svg","width":178,"height":39,"caption":"Pihernz comunicaciones S.A."},"image":{"@id":"https:\/\/pihernz.com\/#\/schema\/logo\/image\/"},"sameAs":["https:\/\/www.facebook.com\/pihernz.comunicaciones\/","https:\/\/x.com\/pihernz","https:\/\/www.instagram.com\/pihernzcomunicaciones\/","https:\/\/es.linkedin.com\/company\/pihernz-comunicaciones"]}]}},"_links":{"self":[{"href":"https:\/\/pihernz.com\/en\/wp-json\/wp\/v2\/product\/54848","targetHints":{"allow":["GET"]}}],"collection":[{"href":"https:\/\/pihernz.com\/en\/wp-json\/wp\/v2\/product"}],"about":[{"href":"https:\/\/pihernz.com\/en\/wp-json\/wp\/v2\/types\/product"}],"wp:featuredmedia":[{"embeddable":true,"href":"https:\/\/pihernz.com\/en\/wp-json\/wp\/v2\/media\/54852"}],"wp:attachment":[{"href":"https:\/\/pihernz.com\/en\/wp-json\/wp\/v2\/media?parent=54848"}],"wp:term":[{"taxonomy":"product_brand","embeddable":true,"href":"https:\/\/pihernz.com\/en\/wp-json\/wp\/v2\/product_brand?post=54848"},{"taxonomy":"product_cat","embeddable":true,"href":"https:\/\/pihernz.com\/en\/wp-json\/wp\/v2\/product_cat?post=54848"},{"taxonomy":"product_tag","embeddable":true,"href":"https:\/\/pihernz.com\/en\/wp-json\/wp\/v2\/product_tag?post=54848"}],"curies":[{"name":"wp","href":"https:\/\/api.w.org\/{rel}","templated":true}]}}