
{"id":54656,"date":"2023-03-28T16:50:58","date_gmt":"2023-03-28T15:50:58","guid":{"rendered":"https:\/\/pihernz.com\/?post_type=product&#038;p=54656"},"modified":"2025-02-20T12:47:11","modified_gmt":"2025-02-20T11:47:11","slug":"rockpro-receptor-exteriores-fm-dab-bluetooth-30w","status":"publish","type":"product","link":"https:\/\/pihernz.com\/en\/producto\/rockpro-receptor-exteriores-fm-dab-bluetooth-30w\/","title":{"rendered":"ROCKPRO receptor Outdoor FM, DAB+,USB, Bluetooth, 30W"},"content":{"rendered":"<p>El <strong>ROCKPRO<\/strong> es un <strong><a href=\"https:\/\/pihernz.com\/en\/product-category\/outdoor\/outdoor-radio\/\">receptor Outdoor<\/a><\/strong> de radio vers\u00e1til, equipado con la mejor tecnolog\u00eda disponible en estos momentos para que puedas disfrutar de un <strong>potente sonido de 2X 15 W<\/strong> gracias a sus <strong>altavoces de Neodimio<\/strong>,\u00a0 ya sea en el <strong>trabajo<\/strong>, de <strong>fiesta<\/strong> o de <strong>vacaciones<\/strong>. El <strong>ROCKPRO<\/strong> es <strong>compacto<\/strong> y <strong>robusto<\/strong>, el con una <strong>carcasa a prueba de golpes<\/strong>, podr\u00e1s llevartelo a cualquier lugar y<strong> disfrutar del mejor sonido<\/strong>, gracias a su <strong>bater\u00eda recargable de LI-Ion<\/strong>.<\/p>\n<h2>DESTACADO<\/h2>\n<ul>\n<li>Bluetooth, DAB+, FM, AUX-IN, USB player<\/li>\n<li>Bater\u00eda Litio-Ion recargable que nos ofrece hasta 30 horas de autonom\u00eda de funcionamiento.<\/li>\n<li>Altavoces 30 watt\u00a0 de Neodimio<\/li>\n<\/ul>\n<h2>CARACTERISTICAS<\/h2>\n<h3>Radio:<\/h3>\n<p>&#8211; Dab + Radio Digital<br \/>\n&#8211; Radio FM<br \/>\n&#8211; 3 X 40 Memorias Presinton\u00edas<\/p>\n<h3>Audio:<\/h3>\n<p>&#8211; Altavoz doble de neodimio de 2 x 3 pulgadas<br \/>\n&#8211; Salida de 2 x 15 vatios<br \/>\n&#8211; Clase D, amplificador de alta eficiencia<br \/>\n&#8211; Procesamiento de sonido digital Dsp<br \/>\n&#8211; Funci\u00f3n de ecualizador<br \/>\n&#8211; Control de tono separado (graves &#8211; agudos)<\/p>\n<h3>Bater\u00eda:<\/h3>\n<p>&#8211; Recargable Li-Ion<br \/>\n&#8211; Tambi\u00e9n se carga mientras funciona<br \/>\n&#8211; Indicador de carga en la pantalla<\/p>\n<h3>Funciones adicionales:<\/h3>\n<p>&#8211; Salida de alimentaci\u00f3n USB 5v-1a<br \/>\n&#8211; Men\u00fa Operativo En Varios Idiomas<br \/>\n&#8211; Lista de dispositivos Bluetooth<br \/>\n&#8211; Funci\u00f3n de alarma dual con repetici\u00f3n<br \/>\n&#8211; Tiempo de dormir<\/p>\n<h3>Clasificaciones:<\/h3>\n<p>&#8211; Resistente a la lluvia, la suciedad y el polvo (est\u00e1ndar Ip65)<br \/>\n&#8211; Certificado T\u00fcv \/ Gs<\/p>\n<h3>Exterior<\/h3>\n<p>&#8211; Carcasa de pl\u00e1stico ABS resistente a los impactos<br \/>\n&#8211; Pantalla LCD iluminada<br \/>\n&#8211; Rejilla de altavoz de metal<br \/>\n&#8211; Perillas de control de goma<br \/>\n&#8211; Cable de alimentaci\u00f3n de goma de neopreno de 3,0 metros<br \/>\n&#8211; Opci\u00f3n de almacenamiento de cable en la parte posterior de la radio<br \/>\n&#8211; Jaula protectora alrededor<br \/>\n&#8211; Posici\u00f3n de inclinaci\u00f3n para aumentar el sonido<br \/>\n&#8211; Apunta desde el suelo o la mesa de trabajo<br \/>\n&#8211; Antena flexible y plegable (Tipo Kdab1)<\/p>\n<h2>ESPECIFICACIONES<\/h2>\n<h3>Media:<\/h3>\n<p>&#8211; Bluetooth 5.0<br \/>\n&#8211; Reproductor USB (admite archivos Mp3, Wma, Flac, Aac, Apple Lossless, Lpcm, Real Audio y Wav) Entrada auxiliar<\/p>\n<h3>Fuente de alimentaci\u00f3n\/corriente:<\/h3>\n<p>&#8211; Red el\u00e9ctrica 240v<br \/>\n&#8211; Bater\u00eda de pol\u00edmero de litio de larga duraci\u00f3n incorporada (11,1 v &#8211; 3 X 4000 Mah)<br \/>\n&#8211; Tiempo medio de reproducci\u00f3n con una sola carga de 18 a 24 horas.<\/p>\n<h3>Dimensiones y peso:<\/h3>\n<p>&#8211; Dimensiones 32,5 x 25 x 21,5 cm (ancho x alto x profundidad)<br \/>\n&#8211; Peso: 3,5kg<\/p>\n","protected":false},"excerpt":{"rendered":"<p>Receptor de radio de trabajo<\/p>\n","protected":false},"featured_media":54660,"template":"","meta":{"_acf_changed":false,"_relevanssi_hide_post":"","_relevanssi_hide_content":"","_relevanssi_pin_for_all":"","_relevanssi_pin_keywords":"","_relevanssi_unpin_keywords":"","_relevanssi_related_keywords":"","_relevanssi_related_include_ids":"","_relevanssi_related_exclude_ids":"","_relevanssi_related_no_append":"","_relevanssi_related_not_related":"","_relevanssi_related_posts":"","_relevanssi_noindex_reason":"","inline_featured_image":false,"_joinchat":[]},"product_brand":[],"product_cat":[12423,12601,12721],"product_tag":[12709],"class_list":{"0":"post-54656","1":"product","2":"type-product","3":"status-publish","4":"has-post-thumbnail","6":"product_cat-work-radio-receiver","7":"product_cat-outdoor","8":"product_cat-outdoor-radio","9":"product_tag-leisure-and-outdoor-activities","11":"first","12":"instock","13":"taxable","14":"shipping-taxable","15":"purchasable","16":"product-type-simple"},"acf":[],"yoast_head":"<!-- This site is optimized with the Yoast SEO plugin v27.0 - https:\/\/yoast.com\/product\/yoast-seo-wordpress\/ -->\n<title>ROCKPRO receptor Outdoor FM, DAB+, USB, Bluetooth, 30W<\/title>\n<meta name=\"description\" content=\"The ROCKPRO is es un receptor Outdoor de radio versatil, equipado con la mejor tecnolog\u00eda disponibl para que puedas disfrutar de un potente sonido\" \/>\n<meta name=\"robots\" content=\"index, follow, max-snippet:-1, max-image-preview:large, max-video-preview:-1\" \/>\n<link rel=\"canonical\" href=\"https:\/\/pihernz.com\/producto\/rockpro-receptor-exteriores-fm-dab-bluetooth-30w\/\" \/>\n<meta property=\"og:locale\" content=\"en_US\" \/>\n<meta property=\"og:type\" content=\"article\" \/>\n<meta property=\"og:title\" content=\"ROCKPRO receptor Outdoor FM, DAB+, USB, Bluetooth, 30W\" \/>\n<meta property=\"og:description\" content=\"The ROCKPRO is es un receptor Outdoor de radio versatil, equipado con la mejor tecnolog\u00eda disponibl para que puedas disfrutar de un potente sonido\" \/>\n<meta property=\"og:url\" content=\"https:\/\/pihernz.com\/producto\/rockpro-receptor-exteriores-fm-dab-bluetooth-30w\/\" \/>\n<meta property=\"og:site_name\" content=\"Pihernz Comunicaciones\" \/>\n<meta property=\"article:publisher\" content=\"https:\/\/www.facebook.com\/pihernz.comunicaciones\/\" \/>\n<meta property=\"article:modified_time\" content=\"2025-02-20T11:47:11+00:00\" \/>\n<meta property=\"og:image\" content=\"https:\/\/pihernz.com\/wp-content\/uploads\/2023\/03\/PerfectPro-ROCKPRO-Job-Site-Radio.jpg\" \/>\n\t<meta property=\"og:image:width\" content=\"835\" \/>\n\t<meta property=\"og:image:height\" content=\"761\" \/>\n\t<meta property=\"og:image:type\" content=\"image\/jpeg\" \/>\n<meta name=\"twitter:card\" content=\"summary_large_image\" \/>\n<meta name=\"twitter:site\" content=\"@pihernz\" \/>\n<meta name=\"twitter:label1\" content=\"Est. reading time\" \/>\n\t<meta name=\"twitter:data1\" content=\"1 minute\" \/>\n<script type=\"application\/ld+json\" class=\"yoast-schema-graph\">{\"@context\":\"https:\/\/schema.org\",\"@graph\":[{\"@type\":\"WebPage\",\"@id\":\"https:\/\/pihernz.com\/producto\/rockpro-receptor-exteriores-fm-dab-bluetooth-30w\/\",\"url\":\"https:\/\/pihernz.com\/producto\/rockpro-receptor-exteriores-fm-dab-bluetooth-30w\/\",\"name\":\"ROCKPRO receptor Outdoor FM, DAB+, USB, Bluetooth, 30W\",\"isPartOf\":{\"@id\":\"https:\/\/pihernz.com\/#website\"},\"primaryImageOfPage\":{\"@id\":\"https:\/\/pihernz.com\/producto\/rockpro-receptor-exteriores-fm-dab-bluetooth-30w\/#primaryimage\"},\"image\":{\"@id\":\"https:\/\/pihernz.com\/producto\/rockpro-receptor-exteriores-fm-dab-bluetooth-30w\/#primaryimage\"},\"thumbnailUrl\":\"https:\/\/pihernz.com\/wp-content\/uploads\/2023\/03\/PerfectPro-ROCKPRO-Job-Site-Radio.jpg\",\"datePublished\":\"2023-03-28T15:50:58+00:00\",\"dateModified\":\"2025-02-20T11:47:11+00:00\",\"description\":\"The ROCKPRO is es un receptor Outdoor de radio versatil, equipado con la mejor tecnolog\u00eda disponibl para que puedas disfrutar de un potente sonido\",\"breadcrumb\":{\"@id\":\"https:\/\/pihernz.com\/producto\/rockpro-receptor-exteriores-fm-dab-bluetooth-30w\/#breadcrumb\"},\"inLanguage\":\"en-US\",\"potentialAction\":[{\"@type\":\"ReadAction\",\"target\":[\"https:\/\/pihernz.com\/producto\/rockpro-receptor-exteriores-fm-dab-bluetooth-30w\/\"]}]},{\"@type\":\"ImageObject\",\"inLanguage\":\"en-US\",\"@id\":\"https:\/\/pihernz.com\/producto\/rockpro-receptor-exteriores-fm-dab-bluetooth-30w\/#primaryimage\",\"url\":\"https:\/\/pihernz.com\/wp-content\/uploads\/2023\/03\/PerfectPro-ROCKPRO-Job-Site-Radio.jpg\",\"contentUrl\":\"https:\/\/pihernz.com\/wp-content\/uploads\/2023\/03\/PerfectPro-ROCKPRO-Job-Site-Radio.jpg\",\"width\":835,\"height\":761,\"caption\":\"PerfectPro ROCKPRO Job Site Radio\"},{\"@type\":\"BreadcrumbList\",\"@id\":\"https:\/\/pihernz.com\/producto\/rockpro-receptor-exteriores-fm-dab-bluetooth-30w\/#breadcrumb\",\"itemListElement\":[{\"@type\":\"ListItem\",\"position\":1,\"name\":\"Portada\",\"item\":\"https:\/\/pihernz.com\/en\/\"},{\"@type\":\"ListItem\",\"position\":2,\"name\":\"Shop\",\"item\":\"https:\/\/pihernz.com\/en\/shop\/\"},{\"@type\":\"ListItem\",\"position\":3,\"name\":\"ROCKPRO receptor Outdoor FM, DAB+,USB, Bluetooth, 30W\"}]},{\"@type\":\"WebSite\",\"@id\":\"https:\/\/pihernz.com\/#website\",\"url\":\"https:\/\/pihernz.com\/\",\"name\":\"www.pihernz.com\",\"description\":\"Expertos en radiocomunicaciones\",\"publisher\":{\"@id\":\"https:\/\/pihernz.com\/#organization\"},\"alternateName\":\"Pihenrz\",\"potentialAction\":[{\"@type\":\"SearchAction\",\"target\":{\"@type\":\"EntryPoint\",\"urlTemplate\":\"https:\/\/pihernz.com\/?s={search_term_string}\"},\"query-input\":{\"@type\":\"PropertyValueSpecification\",\"valueRequired\":true,\"valueName\":\"search_term_string\"}}],\"inLanguage\":\"en-US\"},{\"@type\":\"Organization\",\"@id\":\"https:\/\/pihernz.com\/#organization\",\"name\":\"Pihernz comunicaciones S.A.\",\"alternateName\":\"Pihernz\",\"url\":\"https:\/\/pihernz.com\/\",\"logo\":{\"@type\":\"ImageObject\",\"inLanguage\":\"en-US\",\"@id\":\"https:\/\/pihernz.com\/#\/schema\/logo\/image\/\",\"url\":\"https:\/\/pihernz.com\/wp-content\/uploads\/2020\/09\/logo.svg\",\"contentUrl\":\"https:\/\/pihernz.com\/wp-content\/uploads\/2020\/09\/logo.svg\",\"width\":178,\"height\":39,\"caption\":\"Pihernz comunicaciones S.A.\"},\"image\":{\"@id\":\"https:\/\/pihernz.com\/#\/schema\/logo\/image\/\"},\"sameAs\":[\"https:\/\/www.facebook.com\/pihernz.comunicaciones\/\",\"https:\/\/x.com\/pihernz\",\"https:\/\/www.instagram.com\/pihernzcomunicaciones\/\",\"https:\/\/es.linkedin.com\/company\/pihernz-comunicaciones\"]}]}<\/script>\n<!-- \/ Yoast SEO plugin. -->","yoast_head_json":{"title":"ROCKPRO receptor Outdoor FM, DAB+, USB, Bluetooth, 30W","description":"The ROCKPRO is es un receptor Outdoor de radio versatil, equipado con la mejor tecnolog\u00eda disponibl para que puedas disfrutar de un potente sonido","robots":{"index":"index","follow":"follow","max-snippet":"max-snippet:-1","max-image-preview":"max-image-preview:large","max-video-preview":"max-video-preview:-1"},"canonical":"https:\/\/pihernz.com\/producto\/rockpro-receptor-exteriores-fm-dab-bluetooth-30w\/","og_locale":"en_US","og_type":"article","og_title":"ROCKPRO receptor Outdoor FM, DAB+, USB, Bluetooth, 30W","og_description":"The ROCKPRO is es un receptor Outdoor de radio versatil, equipado con la mejor tecnolog\u00eda disponibl para que puedas disfrutar de un potente sonido","og_url":"https:\/\/pihernz.com\/producto\/rockpro-receptor-exteriores-fm-dab-bluetooth-30w\/","og_site_name":"Pihernz Comunicaciones","article_publisher":"https:\/\/www.facebook.com\/pihernz.comunicaciones\/","article_modified_time":"2025-02-20T11:47:11+00:00","og_image":[{"width":835,"height":761,"url":"https:\/\/pihernz.com\/wp-content\/uploads\/2023\/03\/PerfectPro-ROCKPRO-Job-Site-Radio.jpg","type":"image\/jpeg"}],"twitter_card":"summary_large_image","twitter_site":"@pihernz","twitter_misc":{"Est. reading time":"1 minute"},"schema":{"@context":"https:\/\/schema.org","@graph":[{"@type":"WebPage","@id":"https:\/\/pihernz.com\/producto\/rockpro-receptor-exteriores-fm-dab-bluetooth-30w\/","url":"https:\/\/pihernz.com\/producto\/rockpro-receptor-exteriores-fm-dab-bluetooth-30w\/","name":"ROCKPRO receptor Outdoor FM, DAB+, USB, Bluetooth, 30W","isPartOf":{"@id":"https:\/\/pihernz.com\/#website"},"primaryImageOfPage":{"@id":"https:\/\/pihernz.com\/producto\/rockpro-receptor-exteriores-fm-dab-bluetooth-30w\/#primaryimage"},"image":{"@id":"https:\/\/pihernz.com\/producto\/rockpro-receptor-exteriores-fm-dab-bluetooth-30w\/#primaryimage"},"thumbnailUrl":"https:\/\/pihernz.com\/wp-content\/uploads\/2023\/03\/PerfectPro-ROCKPRO-Job-Site-Radio.jpg","datePublished":"2023-03-28T15:50:58+00:00","dateModified":"2025-02-20T11:47:11+00:00","description":"The ROCKPRO is es un receptor Outdoor de radio versatil, equipado con la mejor tecnolog\u00eda disponibl para que puedas disfrutar de un potente sonido","breadcrumb":{"@id":"https:\/\/pihernz.com\/producto\/rockpro-receptor-exteriores-fm-dab-bluetooth-30w\/#breadcrumb"},"inLanguage":"en-US","potentialAction":[{"@type":"ReadAction","target":["https:\/\/pihernz.com\/producto\/rockpro-receptor-exteriores-fm-dab-bluetooth-30w\/"]}]},{"@type":"ImageObject","inLanguage":"en-US","@id":"https:\/\/pihernz.com\/producto\/rockpro-receptor-exteriores-fm-dab-bluetooth-30w\/#primaryimage","url":"https:\/\/pihernz.com\/wp-content\/uploads\/2023\/03\/PerfectPro-ROCKPRO-Job-Site-Radio.jpg","contentUrl":"https:\/\/pihernz.com\/wp-content\/uploads\/2023\/03\/PerfectPro-ROCKPRO-Job-Site-Radio.jpg","width":835,"height":761,"caption":"PerfectPro ROCKPRO Job Site Radio"},{"@type":"BreadcrumbList","@id":"https:\/\/pihernz.com\/producto\/rockpro-receptor-exteriores-fm-dab-bluetooth-30w\/#breadcrumb","itemListElement":[{"@type":"ListItem","position":1,"name":"Portada","item":"https:\/\/pihernz.com\/en\/"},{"@type":"ListItem","position":2,"name":"Shop","item":"https:\/\/pihernz.com\/en\/shop\/"},{"@type":"ListItem","position":3,"name":"ROCKPRO receptor Outdoor FM, DAB+,USB, Bluetooth, 30W"}]},{"@type":"WebSite","@id":"https:\/\/pihernz.com\/#website","url":"https:\/\/pihernz.com\/","name":"www.pihernz.com","description":"Expertos en radiocomunicaciones","publisher":{"@id":"https:\/\/pihernz.com\/#organization"},"alternateName":"Pihenrz","potentialAction":[{"@type":"SearchAction","target":{"@type":"EntryPoint","urlTemplate":"https:\/\/pihernz.com\/?s={search_term_string}"},"query-input":{"@type":"PropertyValueSpecification","valueRequired":true,"valueName":"search_term_string"}}],"inLanguage":"en-US"},{"@type":"Organization","@id":"https:\/\/pihernz.com\/#organization","name":"Pihernz comunicaciones S.A.","alternateName":"Pihernz","url":"https:\/\/pihernz.com\/","logo":{"@type":"ImageObject","inLanguage":"en-US","@id":"https:\/\/pihernz.com\/#\/schema\/logo\/image\/","url":"https:\/\/pihernz.com\/wp-content\/uploads\/2020\/09\/logo.svg","contentUrl":"https:\/\/pihernz.com\/wp-content\/uploads\/2020\/09\/logo.svg","width":178,"height":39,"caption":"Pihernz comunicaciones S.A."},"image":{"@id":"https:\/\/pihernz.com\/#\/schema\/logo\/image\/"},"sameAs":["https:\/\/www.facebook.com\/pihernz.comunicaciones\/","https:\/\/x.com\/pihernz","https:\/\/www.instagram.com\/pihernzcomunicaciones\/","https:\/\/es.linkedin.com\/company\/pihernz-comunicaciones"]}]}},"_links":{"self":[{"href":"https:\/\/pihernz.com\/en\/wp-json\/wp\/v2\/product\/54656","targetHints":{"allow":["GET"]}}],"collection":[{"href":"https:\/\/pihernz.com\/en\/wp-json\/wp\/v2\/product"}],"about":[{"href":"https:\/\/pihernz.com\/en\/wp-json\/wp\/v2\/types\/product"}],"wp:featuredmedia":[{"embeddable":true,"href":"https:\/\/pihernz.com\/en\/wp-json\/wp\/v2\/media\/54660"}],"wp:attachment":[{"href":"https:\/\/pihernz.com\/en\/wp-json\/wp\/v2\/media?parent=54656"}],"wp:term":[{"taxonomy":"product_brand","embeddable":true,"href":"https:\/\/pihernz.com\/en\/wp-json\/wp\/v2\/product_brand?post=54656"},{"taxonomy":"product_cat","embeddable":true,"href":"https:\/\/pihernz.com\/en\/wp-json\/wp\/v2\/product_cat?post=54656"},{"taxonomy":"product_tag","embeddable":true,"href":"https:\/\/pihernz.com\/en\/wp-json\/wp\/v2\/product_tag?post=54656"}],"curies":[{"name":"wp","href":"https:\/\/api.w.org\/{rel}","templated":true}]}}