
{"id":54172,"date":"2023-03-07T12:55:35","date_gmt":"2023-03-07T11:55:35","guid":{"rendered":"https:\/\/pihernz.com\/?post_type=product&#038;p=54172"},"modified":"2025-10-06T11:22:09","modified_gmt":"2025-10-06T09:22:09","slug":"moonraker-ws200-v2-pro-professional-solar-weather-station","status":"publish","type":"product","link":"https:\/\/pihernz.com\/en\/producto\/moonraker-ws200-v2-pro-professional-solar-weather-station\/","title":{"rendered":"MOONRAKER WS200 V2 &#8211; PRO PROFESSIONAL SOLAR WEATHER STATION"},"content":{"rendered":"<p>The <strong>Moonraker WS200 Pro station<\/strong> utilises a <strong>solar panel<\/strong> to optimise battery life for the outside unit which sends the collected data to the indoor display unit <strong>wirelessly on 433 MHz<\/strong> with up to 100m range.<\/p>\n<p><strong>The indoor unit displays:<\/strong> Indoor and Outdoor Humidity; Indoor and Outfoor Temperature (selectable Celsius or Fahrenheit); Wind Speed; Wind Direction (in eight sectors): Rainfall History; Time, Day; Date (DCF radio controlled) and Available Memory. Features a built in alarm for weather limits.<\/p>\n<div class=\"video-responsive\">\n<iframe src=\"https:\/\/www.youtube.com\/embed\/vBe62ymABw8?controls=0\" frameborder=\"0\" allowfullscreen><\/iframe>\n<\/div>\n<h2>FEATURES<\/h2>\n<p><strong>Outdoor Data Specifications:<\/strong><\/p>\n<ul>\n<li>Transmission distance in open field : 100m (300 feet)<\/li>\n<li>Frequency: 433MHz<\/li>\n<li>Temperature range: -40-65oC<\/li>\n<li>Accuracy: + \/ &#8211; 1\u00b0C<\/li>\n<li>Resolution: 0.1\u00cb\u0161C<\/li>\n<li>Measuring range rel. humidity: 10%\u00ef\u00bd\u017e99%<\/li>\n<li>Accuracy: +\/- 5%<\/li>\n<li>Rain volume display: 9999mm (show &#8212; if outside range)<\/li>\n<li>Accuracy: + \/ &#8211; 10%<\/li>\n<li>Resolution:0.3mm (if rain volume &lt; 1000mm) \/ 1mm (if rain volume &gt; 1000mm)<\/li>\n<li>Wind speed 0-180km\/h (0~110mph) (show &#8212; if outside range)<\/li>\n<li>Accuracy: +\/- 1m\/s (wind speed&lt; 10m\/s) \/+\/-10% (wind speed &gt; 10m\/s)<\/li>\n<li>Measuring interval thermo-hygro sensor: 48 sec<\/li>\n<li>Water proof level: IPX3<\/li>\n<\/ul>\n<p><strong>Indoor Data Specifications:<\/strong><\/p>\n<ul>\n<li>Measuring interval temperature\/humidity: 30 sec<\/li>\n<li>Indoor temperature range: -9.9\u00cb\u0161C&#8211;60\u00cb\u0161C (14\u00e2\u201e\u2030 to + 140\u00e2\u201e\u2030) (show &#8212; if outside range)<\/li>\n<li>Resolution: 0.1\u00cb\u0161C<\/li>\n<li>Measuring range rel. humidity: 1%\u00ef\u00bd\u017e99%<\/li>\n<li>Resolution: 1%<\/li>\n<li>Alarm duration: 120 sec<\/li>\n<\/ul>\n<p><strong>This unit requires 3 x AA cells (not included) for the display panel.<\/strong><\/p>\n<p><strong>Please note:\u00a0<\/strong>setting the clock should be done when the reciever has been on for 24 hours as it is controlled by the MSF Signal.To set the clock press set for 2 seconds when display flashes release set and press again then you will see the offset settings.<\/p>\n<p><iframe loading=\"lazy\" title=\"YouTube video player\" src=\"https:\/\/www.youtube.com\/embed\/vBe62ymABw8\" width=\"560\" height=\"315\" frameborder=\"0\" allowfullscreen=\"allowfullscreen\"><\/iframe><\/p>\n","protected":false},"excerpt":{"rendered":"<p>Weather Station<\/p>\n","protected":false},"featured_media":54247,"template":"","meta":{"_acf_changed":false,"_relevanssi_hide_post":"","_relevanssi_hide_content":"","_relevanssi_pin_for_all":"","_relevanssi_pin_keywords":"","_relevanssi_unpin_keywords":"","_relevanssi_related_keywords":"","_relevanssi_related_include_ids":"","_relevanssi_related_exclude_ids":"","_relevanssi_related_no_append":"","_relevanssi_related_not_related":"","_relevanssi_related_posts":"","_relevanssi_noindex_reason":"","inline_featured_image":false,"_joinchat":[]},"product_brand":[12526],"product_cat":[12521,12452,12778],"product_tag":[12744],"class_list":{"0":"post-54172","1":"product","2":"type-product","3":"status-publish","4":"has-post-thumbnail","6":"product_brand-moonraker-en","7":"product_cat-measurement","8":"product_cat-various-en","9":"product_cat-weather-stations","10":"product_tag-gifts","12":"first","13":"onbackorder","14":"taxable","15":"shipping-taxable","16":"purchasable","17":"product-type-simple"},"acf":[],"yoast_head":"<!-- This site is optimized with the Yoast SEO plugin v27.0 - https:\/\/yoast.com\/product\/yoast-seo-wordpress\/ -->\n<title>MOONRAKER WS200 V2 - PRO PROFESSIONAL SOLAR WEATHER STATION<\/title>\n<meta name=\"description\" content=\"MOONRAKER WS200 V2 - PRO PROFESSIONAL SOLAR WEATHER STATION\" \/>\n<meta name=\"robots\" content=\"index, follow, max-snippet:-1, max-image-preview:large, max-video-preview:-1\" \/>\n<link rel=\"canonical\" href=\"https:\/\/pihernz.com\/en\/producto\/moonraker-ws200-v2-pro-professional-solar-weather-station\/\" \/>\n<meta property=\"og:locale\" content=\"en_US\" \/>\n<meta property=\"og:type\" content=\"article\" \/>\n<meta property=\"og:title\" content=\"MOONRAKER WS200 V2 - PRO PROFESSIONAL SOLAR WEATHER STATION\" \/>\n<meta property=\"og:description\" content=\"MOONRAKER WS200 V2 - PRO PROFESSIONAL SOLAR WEATHER STATION\" \/>\n<meta property=\"og:url\" content=\"https:\/\/pihernz.com\/en\/producto\/moonraker-ws200-v2-pro-professional-solar-weather-station\/\" \/>\n<meta property=\"og:site_name\" content=\"Pihernz Comunicaciones\" \/>\n<meta property=\"article:publisher\" content=\"https:\/\/www.facebook.com\/pihernz.comunicaciones\/\" \/>\n<meta property=\"article:modified_time\" content=\"2025-10-06T09:22:09+00:00\" \/>\n<meta property=\"og:image\" content=\"https:\/\/pihernz.com\/wp-content\/uploads\/2023\/03\/Moonraker-WS200-V2-Pro.jpg\" \/>\n\t<meta property=\"og:image:width\" content=\"600\" \/>\n\t<meta property=\"og:image:height\" content=\"600\" \/>\n\t<meta property=\"og:image:type\" content=\"image\/jpeg\" \/>\n<meta name=\"twitter:card\" content=\"summary_large_image\" \/>\n<meta name=\"twitter:site\" content=\"@pihernz\" \/>\n<meta name=\"twitter:label1\" content=\"Est. reading time\" \/>\n\t<meta name=\"twitter:data1\" content=\"1 minute\" \/>\n<script type=\"application\/ld+json\" class=\"yoast-schema-graph\">{\"@context\":\"https:\/\/schema.org\",\"@graph\":[{\"@type\":\"WebPage\",\"@id\":\"https:\/\/pihernz.com\/en\/producto\/moonraker-ws200-v2-pro-professional-solar-weather-station\/\",\"url\":\"https:\/\/pihernz.com\/en\/producto\/moonraker-ws200-v2-pro-professional-solar-weather-station\/\",\"name\":\"MOONRAKER WS200 V2 - PRO PROFESSIONAL SOLAR WEATHER STATION\",\"isPartOf\":{\"@id\":\"https:\/\/pihernz.com\/#website\"},\"primaryImageOfPage\":{\"@id\":\"https:\/\/pihernz.com\/en\/producto\/moonraker-ws200-v2-pro-professional-solar-weather-station\/#primaryimage\"},\"image\":{\"@id\":\"https:\/\/pihernz.com\/en\/producto\/moonraker-ws200-v2-pro-professional-solar-weather-station\/#primaryimage\"},\"thumbnailUrl\":\"https:\/\/pihernz.com\/wp-content\/uploads\/2023\/03\/Moonraker-WS200-V2-Pro.jpg\",\"datePublished\":\"2023-03-07T11:55:35+00:00\",\"dateModified\":\"2025-10-06T09:22:09+00:00\",\"description\":\"MOONRAKER WS200 V2 - PRO PROFESSIONAL SOLAR WEATHER STATION\",\"breadcrumb\":{\"@id\":\"https:\/\/pihernz.com\/en\/producto\/moonraker-ws200-v2-pro-professional-solar-weather-station\/#breadcrumb\"},\"inLanguage\":\"en-US\",\"potentialAction\":[{\"@type\":\"ReadAction\",\"target\":[\"https:\/\/pihernz.com\/en\/producto\/moonraker-ws200-v2-pro-professional-solar-weather-station\/\"]}]},{\"@type\":\"ImageObject\",\"inLanguage\":\"en-US\",\"@id\":\"https:\/\/pihernz.com\/en\/producto\/moonraker-ws200-v2-pro-professional-solar-weather-station\/#primaryimage\",\"url\":\"https:\/\/pihernz.com\/wp-content\/uploads\/2023\/03\/Moonraker-WS200-V2-Pro.jpg\",\"contentUrl\":\"https:\/\/pihernz.com\/wp-content\/uploads\/2023\/03\/Moonraker-WS200-V2-Pro.jpg\",\"width\":600,\"height\":600,\"caption\":\"Moonraker WS200 V2 Pro Estaci\u00f3n meteorol\u00f3gica solar\"},{\"@type\":\"BreadcrumbList\",\"@id\":\"https:\/\/pihernz.com\/en\/producto\/moonraker-ws200-v2-pro-professional-solar-weather-station\/#breadcrumb\",\"itemListElement\":[{\"@type\":\"ListItem\",\"position\":1,\"name\":\"Portada\",\"item\":\"https:\/\/pihernz.com\/en\/\"},{\"@type\":\"ListItem\",\"position\":2,\"name\":\"Shop\",\"item\":\"https:\/\/pihernz.com\/en\/shop\/\"},{\"@type\":\"ListItem\",\"position\":3,\"name\":\"MOONRAKER WS200 V2 &#8211; PRO PROFESSIONAL SOLAR WEATHER STATION\"}]},{\"@type\":\"WebSite\",\"@id\":\"https:\/\/pihernz.com\/#website\",\"url\":\"https:\/\/pihernz.com\/\",\"name\":\"www.pihernz.com\",\"description\":\"Expertos en radiocomunicaciones\",\"publisher\":{\"@id\":\"https:\/\/pihernz.com\/#organization\"},\"alternateName\":\"Pihenrz\",\"potentialAction\":[{\"@type\":\"SearchAction\",\"target\":{\"@type\":\"EntryPoint\",\"urlTemplate\":\"https:\/\/pihernz.com\/?s={search_term_string}\"},\"query-input\":{\"@type\":\"PropertyValueSpecification\",\"valueRequired\":true,\"valueName\":\"search_term_string\"}}],\"inLanguage\":\"en-US\"},{\"@type\":\"Organization\",\"@id\":\"https:\/\/pihernz.com\/#organization\",\"name\":\"Pihernz comunicaciones S.A.\",\"alternateName\":\"Pihernz\",\"url\":\"https:\/\/pihernz.com\/\",\"logo\":{\"@type\":\"ImageObject\",\"inLanguage\":\"en-US\",\"@id\":\"https:\/\/pihernz.com\/#\/schema\/logo\/image\/\",\"url\":\"https:\/\/pihernz.com\/wp-content\/uploads\/2020\/09\/logo.svg\",\"contentUrl\":\"https:\/\/pihernz.com\/wp-content\/uploads\/2020\/09\/logo.svg\",\"width\":178,\"height\":39,\"caption\":\"Pihernz comunicaciones S.A.\"},\"image\":{\"@id\":\"https:\/\/pihernz.com\/#\/schema\/logo\/image\/\"},\"sameAs\":[\"https:\/\/www.facebook.com\/pihernz.comunicaciones\/\",\"https:\/\/x.com\/pihernz\",\"https:\/\/www.instagram.com\/pihernzcomunicaciones\/\",\"https:\/\/es.linkedin.com\/company\/pihernz-comunicaciones\"]}]}<\/script>\n<!-- \/ Yoast SEO plugin. -->","yoast_head_json":{"title":"MOONRAKER WS200 V2 - PRO PROFESSIONAL SOLAR WEATHER STATION","description":"MOONRAKER WS200 V2 - PRO PROFESSIONAL SOLAR WEATHER STATION","robots":{"index":"index","follow":"follow","max-snippet":"max-snippet:-1","max-image-preview":"max-image-preview:large","max-video-preview":"max-video-preview:-1"},"canonical":"https:\/\/pihernz.com\/en\/producto\/moonraker-ws200-v2-pro-professional-solar-weather-station\/","og_locale":"en_US","og_type":"article","og_title":"MOONRAKER WS200 V2 - PRO PROFESSIONAL SOLAR WEATHER STATION","og_description":"MOONRAKER WS200 V2 - PRO PROFESSIONAL SOLAR WEATHER STATION","og_url":"https:\/\/pihernz.com\/en\/producto\/moonraker-ws200-v2-pro-professional-solar-weather-station\/","og_site_name":"Pihernz Comunicaciones","article_publisher":"https:\/\/www.facebook.com\/pihernz.comunicaciones\/","article_modified_time":"2025-10-06T09:22:09+00:00","og_image":[{"width":600,"height":600,"url":"https:\/\/pihernz.com\/wp-content\/uploads\/2023\/03\/Moonraker-WS200-V2-Pro.jpg","type":"image\/jpeg"}],"twitter_card":"summary_large_image","twitter_site":"@pihernz","twitter_misc":{"Est. reading time":"1 minute"},"schema":{"@context":"https:\/\/schema.org","@graph":[{"@type":"WebPage","@id":"https:\/\/pihernz.com\/en\/producto\/moonraker-ws200-v2-pro-professional-solar-weather-station\/","url":"https:\/\/pihernz.com\/en\/producto\/moonraker-ws200-v2-pro-professional-solar-weather-station\/","name":"MOONRAKER WS200 V2 - PRO PROFESSIONAL SOLAR WEATHER STATION","isPartOf":{"@id":"https:\/\/pihernz.com\/#website"},"primaryImageOfPage":{"@id":"https:\/\/pihernz.com\/en\/producto\/moonraker-ws200-v2-pro-professional-solar-weather-station\/#primaryimage"},"image":{"@id":"https:\/\/pihernz.com\/en\/producto\/moonraker-ws200-v2-pro-professional-solar-weather-station\/#primaryimage"},"thumbnailUrl":"https:\/\/pihernz.com\/wp-content\/uploads\/2023\/03\/Moonraker-WS200-V2-Pro.jpg","datePublished":"2023-03-07T11:55:35+00:00","dateModified":"2025-10-06T09:22:09+00:00","description":"MOONRAKER WS200 V2 - PRO PROFESSIONAL SOLAR WEATHER STATION","breadcrumb":{"@id":"https:\/\/pihernz.com\/en\/producto\/moonraker-ws200-v2-pro-professional-solar-weather-station\/#breadcrumb"},"inLanguage":"en-US","potentialAction":[{"@type":"ReadAction","target":["https:\/\/pihernz.com\/en\/producto\/moonraker-ws200-v2-pro-professional-solar-weather-station\/"]}]},{"@type":"ImageObject","inLanguage":"en-US","@id":"https:\/\/pihernz.com\/en\/producto\/moonraker-ws200-v2-pro-professional-solar-weather-station\/#primaryimage","url":"https:\/\/pihernz.com\/wp-content\/uploads\/2023\/03\/Moonraker-WS200-V2-Pro.jpg","contentUrl":"https:\/\/pihernz.com\/wp-content\/uploads\/2023\/03\/Moonraker-WS200-V2-Pro.jpg","width":600,"height":600,"caption":"Moonraker WS200 V2 Pro Estaci\u00f3n meteorol\u00f3gica solar"},{"@type":"BreadcrumbList","@id":"https:\/\/pihernz.com\/en\/producto\/moonraker-ws200-v2-pro-professional-solar-weather-station\/#breadcrumb","itemListElement":[{"@type":"ListItem","position":1,"name":"Portada","item":"https:\/\/pihernz.com\/en\/"},{"@type":"ListItem","position":2,"name":"Shop","item":"https:\/\/pihernz.com\/en\/shop\/"},{"@type":"ListItem","position":3,"name":"MOONRAKER WS200 V2 &#8211; PRO PROFESSIONAL SOLAR WEATHER STATION"}]},{"@type":"WebSite","@id":"https:\/\/pihernz.com\/#website","url":"https:\/\/pihernz.com\/","name":"www.pihernz.com","description":"Expertos en radiocomunicaciones","publisher":{"@id":"https:\/\/pihernz.com\/#organization"},"alternateName":"Pihenrz","potentialAction":[{"@type":"SearchAction","target":{"@type":"EntryPoint","urlTemplate":"https:\/\/pihernz.com\/?s={search_term_string}"},"query-input":{"@type":"PropertyValueSpecification","valueRequired":true,"valueName":"search_term_string"}}],"inLanguage":"en-US"},{"@type":"Organization","@id":"https:\/\/pihernz.com\/#organization","name":"Pihernz comunicaciones S.A.","alternateName":"Pihernz","url":"https:\/\/pihernz.com\/","logo":{"@type":"ImageObject","inLanguage":"en-US","@id":"https:\/\/pihernz.com\/#\/schema\/logo\/image\/","url":"https:\/\/pihernz.com\/wp-content\/uploads\/2020\/09\/logo.svg","contentUrl":"https:\/\/pihernz.com\/wp-content\/uploads\/2020\/09\/logo.svg","width":178,"height":39,"caption":"Pihernz comunicaciones S.A."},"image":{"@id":"https:\/\/pihernz.com\/#\/schema\/logo\/image\/"},"sameAs":["https:\/\/www.facebook.com\/pihernz.comunicaciones\/","https:\/\/x.com\/pihernz","https:\/\/www.instagram.com\/pihernzcomunicaciones\/","https:\/\/es.linkedin.com\/company\/pihernz-comunicaciones"]}]}},"_links":{"self":[{"href":"https:\/\/pihernz.com\/en\/wp-json\/wp\/v2\/product\/54172","targetHints":{"allow":["GET"]}}],"collection":[{"href":"https:\/\/pihernz.com\/en\/wp-json\/wp\/v2\/product"}],"about":[{"href":"https:\/\/pihernz.com\/en\/wp-json\/wp\/v2\/types\/product"}],"wp:featuredmedia":[{"embeddable":true,"href":"https:\/\/pihernz.com\/en\/wp-json\/wp\/v2\/media\/54247"}],"wp:attachment":[{"href":"https:\/\/pihernz.com\/en\/wp-json\/wp\/v2\/media?parent=54172"}],"wp:term":[{"taxonomy":"product_brand","embeddable":true,"href":"https:\/\/pihernz.com\/en\/wp-json\/wp\/v2\/product_brand?post=54172"},{"taxonomy":"product_cat","embeddable":true,"href":"https:\/\/pihernz.com\/en\/wp-json\/wp\/v2\/product_cat?post=54172"},{"taxonomy":"product_tag","embeddable":true,"href":"https:\/\/pihernz.com\/en\/wp-json\/wp\/v2\/product_tag?post=54172"}],"curies":[{"name":"wp","href":"https:\/\/api.w.org\/{rel}","templated":true}]}}