
{"id":51019,"date":"2026-03-12T09:32:39","date_gmt":"2026-03-12T08:32:39","guid":{"rendered":"https:\/\/pihernz.com\/?post_type=product&#038;p=51019"},"modified":"2026-03-12T09:33:00","modified_gmt":"2026-03-12T08:33:00","slug":"pni-mhs60-micro-loudspeaker-pni-hp62-hp72-or-midland-42ds","status":"publish","type":"product","link":"https:\/\/pihernz.com\/en\/producto\/pni-mhs60-micro-loudspeaker-pni-hp62-hp72-or-midland-42ds\/","title":{"rendered":"PNI MHS60 speaker-microphone PNI HP62, HP72 or Midland 42DS"},"content":{"rendered":"<table style=\"border-collapse: collapse; width: 100%; height: 227px;\">\n<tbody>\n<tr style=\"height: 203px;\">\n<td style=\"width: 50%; text-align: center; height: 203px;\">\n<h3 class=\"h-dr\">Micr\u00f3fono con altavoz<\/h3>\n<p class=\"detalii\">El micr\u00f3fono con altavoz PNI MHS60 facilita el uso de la estaci\u00f3n CB. Para transmitir, ya no necesitar\u00e1 sostener la estaci\u00f3n en su mano; basta con conectar el micr\u00f3fono al puerto de accesorios de audio de la emisora CB. El altavoz integrado en el micr\u00f3fono cancela el altavoz de la estaci\u00f3n. As\u00ed, sin importar d\u00f3nde hayas colocado la emisora, podr\u00e1s disfrutar de una emisi\u00f3n y recepci\u00f3n \u00f3ptimas.<\/p>\n<\/td>\n<td style=\"width: 50%; text-align: center; height: 203px;\"><img decoding=\"async\" width=\"300\" height=\"300\" class=\"size-medium wp-image-51005 aligncenter\" src=\"https:\/\/pihernz.com\/wp-content\/uploads\/2022\/11\/microfon-difuzor-pni-03-300x300.jpg\" alt=\"PNI MHS60 Micro-altavoz\" srcset=\"https:\/\/pihernz.com\/wp-content\/uploads\/2022\/11\/microfon-difuzor-pni-03.jpg 300w, https:\/\/pihernz.com\/wp-content\/uploads\/2022\/11\/microfon-difuzor-pni-03-100x100.jpg 100w, https:\/\/pihernz.com\/wp-content\/uploads\/2022\/11\/microfon-difuzor-pni-03-150x150.jpg 150w, https:\/\/pihernz.com\/wp-content\/uploads\/2022\/11\/microfon-difuzor-pni-03-200x200.jpg 200w, https:\/\/pihernz.com\/wp-content\/uploads\/2022\/11\/microfon-difuzor-pni-03-50x50.jpg 50w\" sizes=\"(max-width: 300px) 100vw, 300px\" \/><\/td>\n<\/tr>\n<tr style=\"height: 24px;\">\n<td style=\"width: 50%; text-align: center; height: 24px;\"><img decoding=\"async\" width=\"300\" height=\"300\" class=\"size-medium wp-image-51017 aligncenter\" src=\"https:\/\/pihernz.com\/wp-content\/uploads\/2022\/11\/microfon-difuzor-pni-01-300x300.jpg\" alt=\"PNI MHS60 Micro-altavoz\" srcset=\"https:\/\/pihernz.com\/wp-content\/uploads\/2022\/11\/microfon-difuzor-pni-01.jpg 300w, https:\/\/pihernz.com\/wp-content\/uploads\/2022\/11\/microfon-difuzor-pni-01-100x100.jpg 100w, https:\/\/pihernz.com\/wp-content\/uploads\/2022\/11\/microfon-difuzor-pni-01-150x150.jpg 150w, https:\/\/pihernz.com\/wp-content\/uploads\/2022\/11\/microfon-difuzor-pni-01-200x200.jpg 200w, https:\/\/pihernz.com\/wp-content\/uploads\/2022\/11\/microfon-difuzor-pni-01-50x50.jpg 50w\" sizes=\"(max-width: 300px) 100vw, 300px\" \/><\/td>\n<td style=\"width: 50%; text-align: center; height: 24px;\">\n<h3 class=\"h-st\">Conector tipo PNI-M de 2 pines<\/h3>\n<p class=\"detalii\">El micr\u00f3fono altavoz PNI MHS60 es compatible con estaciones CB equipadas con un conector de 2 pines tipo PNI-M (Midland). Estaciones CB recomendadas: PNI Escort HP 62, PNI Escort HP 72 (solo recepci\u00f3n), President Randy III.<\/p>\n<\/td>\n<\/tr>\n<\/tbody>\n<\/table>\n<h2>Specifications:<\/h2>\n<ul>\n<li>Microphone type: electret<\/li>\n<li>Product Color Black<\/li>\n<li>Number of pins 2 pins type PNI-M (Midland)<\/li>\n<li>Built-in speaker<\/li>\n<li>Dimensions: 60 x 35 x 80mm.<\/li>\n<li>Operating temperature: -26\u00b0C ~ +80\u00b0C<\/li>\n<li>Wire length: 60cm<\/li>\n<li>Compatible 2-pin PNI-M stations (Midland): PNI Escort HP 62, PNI Escort HP 72 (receive only), President Randy III<\/li>\n<\/ul>\n","protected":false},"excerpt":{"rendered":"<p>Speaker-microphone<\/p>\n","protected":false},"featured_media":51014,"template":"","meta":{"_acf_changed":false,"_relevanssi_hide_post":"","_relevanssi_hide_content":"","_relevanssi_pin_for_all":"","_relevanssi_pin_keywords":"","_relevanssi_unpin_keywords":"","_relevanssi_related_keywords":"","_relevanssi_related_include_ids":"","_relevanssi_related_exclude_ids":"","_relevanssi_related_no_append":"","_relevanssi_related_not_related":"","_relevanssi_related_posts":"","_relevanssi_noindex_reason":"","inline_featured_image":false,"_joinchat":[]},"product_brand":[12213],"product_cat":[12313,12303],"product_tag":[],"class_list":{"0":"post-51019","1":"product","2":"type-product","3":"status-publish","4":"has-post-thumbnail","6":"product_brand-pni-en","7":"product_cat-microaltavoces-accesorios-walkies-en","8":"product_cat-walkies-accessories","10":"first","11":"instock","12":"taxable","13":"shipping-taxable","14":"purchasable","15":"product-type-simple"},"acf":[],"yoast_head":"<!-- This site is optimized with the Yoast SEO plugin v27.0 - https:\/\/yoast.com\/product\/yoast-seo-wordpress\/ -->\n<title>PNI MHS60 speaker-microphone PNI HP62, HP72 or Midland 42DS Wholesale | B2B Distributor | Pihernz Comunicaciones<\/title>\n<meta name=\"description\" content=\"Buy PNI MHS60 speaker-microphone PNI HP62, HP72 or Midland 42DS at wholesale prices. Professional B2B distributor of radiocommunication gear. Fast European shipping. Register for exclusive dealer discounts!\" \/>\n<meta name=\"robots\" content=\"index, follow, max-snippet:-1, max-image-preview:large, max-video-preview:-1\" \/>\n<link rel=\"canonical\" href=\"https:\/\/pihernz.com\/en\/producto\/pni-mhs60-micro-loudspeaker-pni-hp62-hp72-or-midland-42ds\/\" \/>\n<meta property=\"og:locale\" content=\"en_US\" \/>\n<meta property=\"og:type\" content=\"article\" \/>\n<meta property=\"og:title\" content=\"PNI MHS60 speaker-microphone PNI HP62, HP72 or Midland 42DS Wholesale | B2B Distributor | Pihernz Comunicaciones\" \/>\n<meta property=\"og:description\" content=\"Buy PNI MHS60 speaker-microphone PNI HP62, HP72 or Midland 42DS at wholesale prices. Professional B2B distributor of radiocommunication gear. Fast European shipping. Register for exclusive dealer discounts!\" \/>\n<meta property=\"og:url\" content=\"https:\/\/pihernz.com\/en\/producto\/pni-mhs60-micro-loudspeaker-pni-hp62-hp72-or-midland-42ds\/\" \/>\n<meta property=\"og:site_name\" content=\"Pihernz Comunicaciones\" \/>\n<meta property=\"article:publisher\" content=\"https:\/\/www.facebook.com\/pihernz.comunicaciones\/\" \/>\n<meta property=\"article:modified_time\" content=\"2026-03-12T08:33:00+00:00\" \/>\n<meta property=\"og:image\" content=\"https:\/\/pihernz.com\/wp-content\/uploads\/2022\/11\/PNIMHS60_4_2.jpg\" \/>\n\t<meta property=\"og:image:width\" content=\"2000\" \/>\n\t<meta property=\"og:image:height\" content=\"2000\" \/>\n\t<meta property=\"og:image:type\" content=\"image\/jpeg\" \/>\n<meta name=\"twitter:card\" content=\"summary_large_image\" \/>\n<meta name=\"twitter:site\" content=\"@pihernz\" \/>\n<meta name=\"twitter:label1\" content=\"Est. reading time\" \/>\n\t<meta name=\"twitter:data1\" content=\"2 minutes\" \/>\n<script type=\"application\/ld+json\" class=\"yoast-schema-graph\">{\"@context\":\"https:\/\/schema.org\",\"@graph\":[{\"@type\":\"WebPage\",\"@id\":\"https:\/\/pihernz.com\/en\/producto\/pni-mhs60-micro-loudspeaker-pni-hp62-hp72-or-midland-42ds\/\",\"url\":\"https:\/\/pihernz.com\/en\/producto\/pni-mhs60-micro-loudspeaker-pni-hp62-hp72-or-midland-42ds\/\",\"name\":\"PNI MHS60 speaker-microphone PNI HP62, HP72 or Midland 42DS Wholesale | B2B Distributor | Pihernz Comunicaciones\",\"isPartOf\":{\"@id\":\"https:\/\/pihernz.com\/#website\"},\"primaryImageOfPage\":{\"@id\":\"https:\/\/pihernz.com\/en\/producto\/pni-mhs60-micro-loudspeaker-pni-hp62-hp72-or-midland-42ds\/#primaryimage\"},\"image\":{\"@id\":\"https:\/\/pihernz.com\/en\/producto\/pni-mhs60-micro-loudspeaker-pni-hp62-hp72-or-midland-42ds\/#primaryimage\"},\"thumbnailUrl\":\"https:\/\/pihernz.com\/wp-content\/uploads\/2022\/11\/PNIMHS60_4_2.jpg\",\"datePublished\":\"2026-03-12T08:32:39+00:00\",\"dateModified\":\"2026-03-12T08:33:00+00:00\",\"description\":\"Buy PNI MHS60 speaker-microphone PNI HP62, HP72 or Midland 42DS at wholesale prices. Professional B2B distributor of radiocommunication gear. Fast European shipping. Register for exclusive dealer discounts!\",\"breadcrumb\":{\"@id\":\"https:\/\/pihernz.com\/en\/producto\/pni-mhs60-micro-loudspeaker-pni-hp62-hp72-or-midland-42ds\/#breadcrumb\"},\"inLanguage\":\"en-US\",\"potentialAction\":[{\"@type\":\"ReadAction\",\"target\":[\"https:\/\/pihernz.com\/en\/producto\/pni-mhs60-micro-loudspeaker-pni-hp62-hp72-or-midland-42ds\/\"]}]},{\"@type\":\"ImageObject\",\"inLanguage\":\"en-US\",\"@id\":\"https:\/\/pihernz.com\/en\/producto\/pni-mhs60-micro-loudspeaker-pni-hp62-hp72-or-midland-42ds\/#primaryimage\",\"url\":\"https:\/\/pihernz.com\/wp-content\/uploads\/2022\/11\/PNIMHS60_4_2.jpg\",\"contentUrl\":\"https:\/\/pihernz.com\/wp-content\/uploads\/2022\/11\/PNIMHS60_4_2.jpg\",\"width\":2000,\"height\":2000,\"caption\":\"PNI MHS60 Micro-altavoz\"},{\"@type\":\"BreadcrumbList\",\"@id\":\"https:\/\/pihernz.com\/en\/producto\/pni-mhs60-micro-loudspeaker-pni-hp62-hp72-or-midland-42ds\/#breadcrumb\",\"itemListElement\":[{\"@type\":\"ListItem\",\"position\":1,\"name\":\"Portada\",\"item\":\"https:\/\/pihernz.com\/en\/\"},{\"@type\":\"ListItem\",\"position\":2,\"name\":\"Shop\",\"item\":\"https:\/\/pihernz.com\/en\/shop\/\"},{\"@type\":\"ListItem\",\"position\":3,\"name\":\"PNI MHS60 speaker-microphone PNI HP62, HP72 or Midland 42DS\"}]},{\"@type\":\"WebSite\",\"@id\":\"https:\/\/pihernz.com\/#website\",\"url\":\"https:\/\/pihernz.com\/\",\"name\":\"www.pihernz.com\",\"description\":\"Expertos en radiocomunicaciones\",\"publisher\":{\"@id\":\"https:\/\/pihernz.com\/#organization\"},\"alternateName\":\"Pihenrz\",\"potentialAction\":[{\"@type\":\"SearchAction\",\"target\":{\"@type\":\"EntryPoint\",\"urlTemplate\":\"https:\/\/pihernz.com\/?s={search_term_string}\"},\"query-input\":{\"@type\":\"PropertyValueSpecification\",\"valueRequired\":true,\"valueName\":\"search_term_string\"}}],\"inLanguage\":\"en-US\"},{\"@type\":\"Organization\",\"@id\":\"https:\/\/pihernz.com\/#organization\",\"name\":\"Pihernz comunicaciones S.A.\",\"alternateName\":\"Pihernz\",\"url\":\"https:\/\/pihernz.com\/\",\"logo\":{\"@type\":\"ImageObject\",\"inLanguage\":\"en-US\",\"@id\":\"https:\/\/pihernz.com\/#\/schema\/logo\/image\/\",\"url\":\"https:\/\/pihernz.com\/wp-content\/uploads\/2020\/09\/logo.svg\",\"contentUrl\":\"https:\/\/pihernz.com\/wp-content\/uploads\/2020\/09\/logo.svg\",\"width\":178,\"height\":39,\"caption\":\"Pihernz comunicaciones S.A.\"},\"image\":{\"@id\":\"https:\/\/pihernz.com\/#\/schema\/logo\/image\/\"},\"sameAs\":[\"https:\/\/www.facebook.com\/pihernz.comunicaciones\/\",\"https:\/\/x.com\/pihernz\",\"https:\/\/www.instagram.com\/pihernzcomunicaciones\/\",\"https:\/\/es.linkedin.com\/company\/pihernz-comunicaciones\"]}]}<\/script>\n<!-- \/ Yoast SEO plugin. -->","yoast_head_json":{"title":"PNI MHS60 speaker-microphone PNI HP62, HP72 or Midland 42DS Wholesale | B2B Distributor | Pihernz Comunicaciones","description":"Buy PNI MHS60 speaker-microphone PNI HP62, HP72 or Midland 42DS at wholesale prices. Professional B2B distributor of radiocommunication gear. Fast European shipping. Register for exclusive dealer discounts!","robots":{"index":"index","follow":"follow","max-snippet":"max-snippet:-1","max-image-preview":"max-image-preview:large","max-video-preview":"max-video-preview:-1"},"canonical":"https:\/\/pihernz.com\/en\/producto\/pni-mhs60-micro-loudspeaker-pni-hp62-hp72-or-midland-42ds\/","og_locale":"en_US","og_type":"article","og_title":"PNI MHS60 speaker-microphone PNI HP62, HP72 or Midland 42DS Wholesale | B2B Distributor | Pihernz Comunicaciones","og_description":"Buy PNI MHS60 speaker-microphone PNI HP62, HP72 or Midland 42DS at wholesale prices. Professional B2B distributor of radiocommunication gear. Fast European shipping. Register for exclusive dealer discounts!","og_url":"https:\/\/pihernz.com\/en\/producto\/pni-mhs60-micro-loudspeaker-pni-hp62-hp72-or-midland-42ds\/","og_site_name":"Pihernz Comunicaciones","article_publisher":"https:\/\/www.facebook.com\/pihernz.comunicaciones\/","article_modified_time":"2026-03-12T08:33:00+00:00","og_image":[{"width":2000,"height":2000,"url":"https:\/\/pihernz.com\/wp-content\/uploads\/2022\/11\/PNIMHS60_4_2.jpg","type":"image\/jpeg"}],"twitter_card":"summary_large_image","twitter_site":"@pihernz","twitter_misc":{"Est. reading time":"2 minutes"},"schema":{"@context":"https:\/\/schema.org","@graph":[{"@type":"WebPage","@id":"https:\/\/pihernz.com\/en\/producto\/pni-mhs60-micro-loudspeaker-pni-hp62-hp72-or-midland-42ds\/","url":"https:\/\/pihernz.com\/en\/producto\/pni-mhs60-micro-loudspeaker-pni-hp62-hp72-or-midland-42ds\/","name":"PNI MHS60 speaker-microphone PNI HP62, HP72 or Midland 42DS Wholesale | B2B Distributor | Pihernz Comunicaciones","isPartOf":{"@id":"https:\/\/pihernz.com\/#website"},"primaryImageOfPage":{"@id":"https:\/\/pihernz.com\/en\/producto\/pni-mhs60-micro-loudspeaker-pni-hp62-hp72-or-midland-42ds\/#primaryimage"},"image":{"@id":"https:\/\/pihernz.com\/en\/producto\/pni-mhs60-micro-loudspeaker-pni-hp62-hp72-or-midland-42ds\/#primaryimage"},"thumbnailUrl":"https:\/\/pihernz.com\/wp-content\/uploads\/2022\/11\/PNIMHS60_4_2.jpg","datePublished":"2026-03-12T08:32:39+00:00","dateModified":"2026-03-12T08:33:00+00:00","description":"Buy PNI MHS60 speaker-microphone PNI HP62, HP72 or Midland 42DS at wholesale prices. Professional B2B distributor of radiocommunication gear. Fast European shipping. Register for exclusive dealer discounts!","breadcrumb":{"@id":"https:\/\/pihernz.com\/en\/producto\/pni-mhs60-micro-loudspeaker-pni-hp62-hp72-or-midland-42ds\/#breadcrumb"},"inLanguage":"en-US","potentialAction":[{"@type":"ReadAction","target":["https:\/\/pihernz.com\/en\/producto\/pni-mhs60-micro-loudspeaker-pni-hp62-hp72-or-midland-42ds\/"]}]},{"@type":"ImageObject","inLanguage":"en-US","@id":"https:\/\/pihernz.com\/en\/producto\/pni-mhs60-micro-loudspeaker-pni-hp62-hp72-or-midland-42ds\/#primaryimage","url":"https:\/\/pihernz.com\/wp-content\/uploads\/2022\/11\/PNIMHS60_4_2.jpg","contentUrl":"https:\/\/pihernz.com\/wp-content\/uploads\/2022\/11\/PNIMHS60_4_2.jpg","width":2000,"height":2000,"caption":"PNI MHS60 Micro-altavoz"},{"@type":"BreadcrumbList","@id":"https:\/\/pihernz.com\/en\/producto\/pni-mhs60-micro-loudspeaker-pni-hp62-hp72-or-midland-42ds\/#breadcrumb","itemListElement":[{"@type":"ListItem","position":1,"name":"Portada","item":"https:\/\/pihernz.com\/en\/"},{"@type":"ListItem","position":2,"name":"Shop","item":"https:\/\/pihernz.com\/en\/shop\/"},{"@type":"ListItem","position":3,"name":"PNI MHS60 speaker-microphone PNI HP62, HP72 or Midland 42DS"}]},{"@type":"WebSite","@id":"https:\/\/pihernz.com\/#website","url":"https:\/\/pihernz.com\/","name":"www.pihernz.com","description":"Expertos en radiocomunicaciones","publisher":{"@id":"https:\/\/pihernz.com\/#organization"},"alternateName":"Pihenrz","potentialAction":[{"@type":"SearchAction","target":{"@type":"EntryPoint","urlTemplate":"https:\/\/pihernz.com\/?s={search_term_string}"},"query-input":{"@type":"PropertyValueSpecification","valueRequired":true,"valueName":"search_term_string"}}],"inLanguage":"en-US"},{"@type":"Organization","@id":"https:\/\/pihernz.com\/#organization","name":"Pihernz comunicaciones S.A.","alternateName":"Pihernz","url":"https:\/\/pihernz.com\/","logo":{"@type":"ImageObject","inLanguage":"en-US","@id":"https:\/\/pihernz.com\/#\/schema\/logo\/image\/","url":"https:\/\/pihernz.com\/wp-content\/uploads\/2020\/09\/logo.svg","contentUrl":"https:\/\/pihernz.com\/wp-content\/uploads\/2020\/09\/logo.svg","width":178,"height":39,"caption":"Pihernz comunicaciones S.A."},"image":{"@id":"https:\/\/pihernz.com\/#\/schema\/logo\/image\/"},"sameAs":["https:\/\/www.facebook.com\/pihernz.comunicaciones\/","https:\/\/x.com\/pihernz","https:\/\/www.instagram.com\/pihernzcomunicaciones\/","https:\/\/es.linkedin.com\/company\/pihernz-comunicaciones"]}]}},"_links":{"self":[{"href":"https:\/\/pihernz.com\/en\/wp-json\/wp\/v2\/product\/51019","targetHints":{"allow":["GET"]}}],"collection":[{"href":"https:\/\/pihernz.com\/en\/wp-json\/wp\/v2\/product"}],"about":[{"href":"https:\/\/pihernz.com\/en\/wp-json\/wp\/v2\/types\/product"}],"wp:featuredmedia":[{"embeddable":true,"href":"https:\/\/pihernz.com\/en\/wp-json\/wp\/v2\/media\/51014"}],"wp:attachment":[{"href":"https:\/\/pihernz.com\/en\/wp-json\/wp\/v2\/media?parent=51019"}],"wp:term":[{"taxonomy":"product_brand","embeddable":true,"href":"https:\/\/pihernz.com\/en\/wp-json\/wp\/v2\/product_brand?post=51019"},{"taxonomy":"product_cat","embeddable":true,"href":"https:\/\/pihernz.com\/en\/wp-json\/wp\/v2\/product_cat?post=51019"},{"taxonomy":"product_tag","embeddable":true,"href":"https:\/\/pihernz.com\/en\/wp-json\/wp\/v2\/product_tag?post=51019"}],"curies":[{"name":"wp","href":"https:\/\/api.w.org\/{rel}","templated":true}]}}