
{"id":50736,"date":"2022-11-21T16:19:45","date_gmt":"2022-11-21T14:19:45","guid":{"rendered":"https:\/\/pihernz.com\/?post_type=product&#038;p=50736"},"modified":"2025-02-18T22:24:19","modified_gmt":"2025-02-18T21:24:19","slug":"pni-vx6500-microphone-cb-rj-45-vox","status":"publish","type":"product","link":"https:\/\/pihernz.com\/en\/producto\/pni-vx6500-microphone-cb-rj-45-vox\/","title":{"rendered":"PNI VX6500 CB microphone with VOX function"},"content":{"rendered":"<p><strong>PNI VX6500<\/strong> is a <strong>CB microphone with VOX<\/strong> function and <strong>RJ45 connector<\/strong>.<\/p>\n<p>The <strong>VOX function<\/strong> allows the CB user to automatically transmit without pressing the <strong>PTT<\/strong> (Push-to-Talk) key. The emission is activated when the sound (voice) exceeds a certain level.<\/p>\n<p>To avoid accidental emissions, the PNI VX6500 microphone has two functions to adjust the VOX function:<\/p>\n<p>&#8211; the <strong>VOX sensitivity adjustment<\/strong> function. There are 4 sensitivity levels available. We recommend setting the microphone to sensitivity level 1 (the least sensitive), to avoid inadvertent activation of the broadcast during background sounds or parallel conversations.<\/p>\n<p>&#8211; the <strong>emission delay adjustment function<\/strong> (VOX delay) . This function sets the time between when you started speaking and when transmission is activated. 4 levels are available. The shortest time is at level 1.<\/p>\n<p>The microphone is compatible with <strong><a href=\"https:\/\/pihernz.com\/en\/producto\/jopix-pt-31-mobile-transceiver-cb\/\">Jopix PT-31<\/a>, <a href=\"https:\/\/pihernz.com\/en\/producto\/pack-pni-hp-7120-pni-extra-48\/\">PNI Escort HP 7120<\/a>, <a href=\"https:\/\/pihernz.com\/en\/producto\/pni-escort-hp-6500\/\">PNI Escort HP 6500<\/a>.<\/strong><\/p>\n<h2>FEATURES<\/h2>\n<ul>\n<li>Connector type: RJ-45<\/li>\n<li>Channel change buttons<\/li>\n<li>VOX function<\/li>\n<li>Cable length: 60 cm<\/li>\n<li>Dimensions: 55 x 30 x 78 mm<\/li>\n<li>Operating temperature: -26\u00b0C ~ +60\u00b0C<\/li>\n<\/ul>\n","protected":false},"excerpt":{"rendered":"<p>Hand microphone<\/p>\n","protected":false},"featured_media":50729,"template":"","meta":{"_acf_changed":false,"_relevanssi_hide_post":"","_relevanssi_hide_content":"","_relevanssi_pin_for_all":"","_relevanssi_pin_keywords":"","_relevanssi_unpin_keywords":"","_relevanssi_related_keywords":"","_relevanssi_related_include_ids":"","_relevanssi_related_exclude_ids":"","_relevanssi_related_no_append":"","_relevanssi_related_not_related":"","_relevanssi_related_posts":"","_relevanssi_noindex_reason":"","inline_featured_image":false,"_joinchat":[]},"product_brand":[12213],"product_cat":[12297,12295,12463,12275],"product_tag":[12985],"class_list":{"0":"post-50736","1":"product","2":"type-product","3":"status-publish","4":"has-post-thumbnail","6":"product_brand-pni-en","7":"product_cat-cb-en","8":"product_cat-microfonos-accesorios-emisoras-en","9":"product_cat-ofertas-en","10":"product_cat-accesorios-emisoras-en","11":"product_tag-cb-en","13":"first","14":"instock","15":"sale","16":"taxable","17":"shipping-taxable","18":"purchasable","19":"product-type-simple"},"acf":[],"yoast_head":"<!-- This site is optimized with the Yoast SEO plugin v27.0 - https:\/\/yoast.com\/product\/yoast-seo-wordpress\/ -->\n<title>PNI VX6500 CB microphone with VOX function &#8211; Pihernz Comunicaciones<\/title>\n<meta name=\"robots\" content=\"index, follow, max-snippet:-1, max-image-preview:large, max-video-preview:-1\" \/>\n<link rel=\"canonical\" href=\"https:\/\/pihernz.com\/en\/producto\/pni-vx6500-microphone-cb-rj-45-vox\/\" \/>\n<meta property=\"og:locale\" content=\"en_US\" \/>\n<meta property=\"og:type\" content=\"article\" \/>\n<meta property=\"og:title\" content=\"PNI VX6500 CB microphone with VOX function &#8211; Pihernz Comunicaciones\" \/>\n<meta property=\"og:description\" content=\"Hand microphone\" \/>\n<meta property=\"og:url\" content=\"https:\/\/pihernz.com\/en\/producto\/pni-vx6500-microphone-cb-rj-45-vox\/\" \/>\n<meta property=\"og:site_name\" content=\"Pihernz Comunicaciones\" \/>\n<meta property=\"article:publisher\" content=\"https:\/\/www.facebook.com\/pihernz.comunicaciones\/\" \/>\n<meta property=\"article:modified_time\" content=\"2025-02-18T21:24:19+00:00\" \/>\n<meta property=\"og:image\" content=\"https:\/\/pihernz.com\/wp-content\/uploads\/2022\/11\/PNIMVX6500_6.jpg\" \/>\n\t<meta property=\"og:image:width\" content=\"2000\" \/>\n\t<meta property=\"og:image:height\" content=\"2000\" \/>\n\t<meta property=\"og:image:type\" content=\"image\/jpeg\" \/>\n<meta name=\"twitter:card\" content=\"summary_large_image\" \/>\n<meta name=\"twitter:site\" content=\"@pihernz\" \/>\n<meta name=\"twitter:label1\" content=\"Est. reading time\" \/>\n\t<meta name=\"twitter:data1\" content=\"2 minutes\" \/>\n<script type=\"application\/ld+json\" class=\"yoast-schema-graph\">{\"@context\":\"https:\/\/schema.org\",\"@graph\":[{\"@type\":\"WebPage\",\"@id\":\"https:\/\/pihernz.com\/en\/producto\/pni-vx6500-microphone-cb-rj-45-vox\/\",\"url\":\"https:\/\/pihernz.com\/en\/producto\/pni-vx6500-microphone-cb-rj-45-vox\/\",\"name\":\"PNI VX6500 CB microphone with VOX function &#8211; Pihernz Comunicaciones\",\"isPartOf\":{\"@id\":\"https:\/\/pihernz.com\/#website\"},\"primaryImageOfPage\":{\"@id\":\"https:\/\/pihernz.com\/en\/producto\/pni-vx6500-microphone-cb-rj-45-vox\/#primaryimage\"},\"image\":{\"@id\":\"https:\/\/pihernz.com\/en\/producto\/pni-vx6500-microphone-cb-rj-45-vox\/#primaryimage\"},\"thumbnailUrl\":\"https:\/\/pihernz.com\/wp-content\/uploads\/2022\/11\/PNIMVX6500_6.jpg\",\"datePublished\":\"2022-11-21T14:19:45+00:00\",\"dateModified\":\"2025-02-18T21:24:19+00:00\",\"breadcrumb\":{\"@id\":\"https:\/\/pihernz.com\/en\/producto\/pni-vx6500-microphone-cb-rj-45-vox\/#breadcrumb\"},\"inLanguage\":\"en-US\",\"potentialAction\":[{\"@type\":\"ReadAction\",\"target\":[\"https:\/\/pihernz.com\/en\/producto\/pni-vx6500-microphone-cb-rj-45-vox\/\"]}]},{\"@type\":\"ImageObject\",\"inLanguage\":\"en-US\",\"@id\":\"https:\/\/pihernz.com\/en\/producto\/pni-vx6500-microphone-cb-rj-45-vox\/#primaryimage\",\"url\":\"https:\/\/pihernz.com\/wp-content\/uploads\/2022\/11\/PNIMVX6500_6.jpg\",\"contentUrl\":\"https:\/\/pihernz.com\/wp-content\/uploads\/2022\/11\/PNIMVX6500_6.jpg\",\"width\":2000,\"height\":2000,\"caption\":\"Saltar al comienzo de la galer\u00eda de im\u00e1genes Micr\u00f3fono PNI VX6500 con funci\u00f3n VOX\"},{\"@type\":\"BreadcrumbList\",\"@id\":\"https:\/\/pihernz.com\/en\/producto\/pni-vx6500-microphone-cb-rj-45-vox\/#breadcrumb\",\"itemListElement\":[{\"@type\":\"ListItem\",\"position\":1,\"name\":\"Portada\",\"item\":\"https:\/\/pihernz.com\/en\/\"},{\"@type\":\"ListItem\",\"position\":2,\"name\":\"Shop\",\"item\":\"https:\/\/pihernz.com\/en\/shop\/\"},{\"@type\":\"ListItem\",\"position\":3,\"name\":\"PNI VX6500 CB microphone with VOX function\"}]},{\"@type\":\"WebSite\",\"@id\":\"https:\/\/pihernz.com\/#website\",\"url\":\"https:\/\/pihernz.com\/\",\"name\":\"www.pihernz.com\",\"description\":\"Expertos en radiocomunicaciones\",\"publisher\":{\"@id\":\"https:\/\/pihernz.com\/#organization\"},\"alternateName\":\"Pihenrz\",\"potentialAction\":[{\"@type\":\"SearchAction\",\"target\":{\"@type\":\"EntryPoint\",\"urlTemplate\":\"https:\/\/pihernz.com\/?s={search_term_string}\"},\"query-input\":{\"@type\":\"PropertyValueSpecification\",\"valueRequired\":true,\"valueName\":\"search_term_string\"}}],\"inLanguage\":\"en-US\"},{\"@type\":\"Organization\",\"@id\":\"https:\/\/pihernz.com\/#organization\",\"name\":\"Pihernz comunicaciones S.A.\",\"alternateName\":\"Pihernz\",\"url\":\"https:\/\/pihernz.com\/\",\"logo\":{\"@type\":\"ImageObject\",\"inLanguage\":\"en-US\",\"@id\":\"https:\/\/pihernz.com\/#\/schema\/logo\/image\/\",\"url\":\"https:\/\/pihernz.com\/wp-content\/uploads\/2020\/09\/logo.svg\",\"contentUrl\":\"https:\/\/pihernz.com\/wp-content\/uploads\/2020\/09\/logo.svg\",\"width\":178,\"height\":39,\"caption\":\"Pihernz comunicaciones S.A.\"},\"image\":{\"@id\":\"https:\/\/pihernz.com\/#\/schema\/logo\/image\/\"},\"sameAs\":[\"https:\/\/www.facebook.com\/pihernz.comunicaciones\/\",\"https:\/\/x.com\/pihernz\",\"https:\/\/www.instagram.com\/pihernzcomunicaciones\/\",\"https:\/\/es.linkedin.com\/company\/pihernz-comunicaciones\"]}]}<\/script>\n<!-- \/ Yoast SEO plugin. -->","yoast_head_json":{"title":"PNI VX6500 CB microphone with VOX function &#8211; Pihernz Comunicaciones","robots":{"index":"index","follow":"follow","max-snippet":"max-snippet:-1","max-image-preview":"max-image-preview:large","max-video-preview":"max-video-preview:-1"},"canonical":"https:\/\/pihernz.com\/en\/producto\/pni-vx6500-microphone-cb-rj-45-vox\/","og_locale":"en_US","og_type":"article","og_title":"PNI VX6500 CB microphone with VOX function &#8211; Pihernz Comunicaciones","og_description":"Hand microphone","og_url":"https:\/\/pihernz.com\/en\/producto\/pni-vx6500-microphone-cb-rj-45-vox\/","og_site_name":"Pihernz Comunicaciones","article_publisher":"https:\/\/www.facebook.com\/pihernz.comunicaciones\/","article_modified_time":"2025-02-18T21:24:19+00:00","og_image":[{"width":2000,"height":2000,"url":"https:\/\/pihernz.com\/wp-content\/uploads\/2022\/11\/PNIMVX6500_6.jpg","type":"image\/jpeg"}],"twitter_card":"summary_large_image","twitter_site":"@pihernz","twitter_misc":{"Est. reading time":"2 minutes"},"schema":{"@context":"https:\/\/schema.org","@graph":[{"@type":"WebPage","@id":"https:\/\/pihernz.com\/en\/producto\/pni-vx6500-microphone-cb-rj-45-vox\/","url":"https:\/\/pihernz.com\/en\/producto\/pni-vx6500-microphone-cb-rj-45-vox\/","name":"PNI VX6500 CB microphone with VOX function &#8211; Pihernz Comunicaciones","isPartOf":{"@id":"https:\/\/pihernz.com\/#website"},"primaryImageOfPage":{"@id":"https:\/\/pihernz.com\/en\/producto\/pni-vx6500-microphone-cb-rj-45-vox\/#primaryimage"},"image":{"@id":"https:\/\/pihernz.com\/en\/producto\/pni-vx6500-microphone-cb-rj-45-vox\/#primaryimage"},"thumbnailUrl":"https:\/\/pihernz.com\/wp-content\/uploads\/2022\/11\/PNIMVX6500_6.jpg","datePublished":"2022-11-21T14:19:45+00:00","dateModified":"2025-02-18T21:24:19+00:00","breadcrumb":{"@id":"https:\/\/pihernz.com\/en\/producto\/pni-vx6500-microphone-cb-rj-45-vox\/#breadcrumb"},"inLanguage":"en-US","potentialAction":[{"@type":"ReadAction","target":["https:\/\/pihernz.com\/en\/producto\/pni-vx6500-microphone-cb-rj-45-vox\/"]}]},{"@type":"ImageObject","inLanguage":"en-US","@id":"https:\/\/pihernz.com\/en\/producto\/pni-vx6500-microphone-cb-rj-45-vox\/#primaryimage","url":"https:\/\/pihernz.com\/wp-content\/uploads\/2022\/11\/PNIMVX6500_6.jpg","contentUrl":"https:\/\/pihernz.com\/wp-content\/uploads\/2022\/11\/PNIMVX6500_6.jpg","width":2000,"height":2000,"caption":"Saltar al comienzo de la galer\u00eda de im\u00e1genes Micr\u00f3fono PNI VX6500 con funci\u00f3n VOX"},{"@type":"BreadcrumbList","@id":"https:\/\/pihernz.com\/en\/producto\/pni-vx6500-microphone-cb-rj-45-vox\/#breadcrumb","itemListElement":[{"@type":"ListItem","position":1,"name":"Portada","item":"https:\/\/pihernz.com\/en\/"},{"@type":"ListItem","position":2,"name":"Shop","item":"https:\/\/pihernz.com\/en\/shop\/"},{"@type":"ListItem","position":3,"name":"PNI VX6500 CB microphone with VOX function"}]},{"@type":"WebSite","@id":"https:\/\/pihernz.com\/#website","url":"https:\/\/pihernz.com\/","name":"www.pihernz.com","description":"Expertos en radiocomunicaciones","publisher":{"@id":"https:\/\/pihernz.com\/#organization"},"alternateName":"Pihenrz","potentialAction":[{"@type":"SearchAction","target":{"@type":"EntryPoint","urlTemplate":"https:\/\/pihernz.com\/?s={search_term_string}"},"query-input":{"@type":"PropertyValueSpecification","valueRequired":true,"valueName":"search_term_string"}}],"inLanguage":"en-US"},{"@type":"Organization","@id":"https:\/\/pihernz.com\/#organization","name":"Pihernz comunicaciones S.A.","alternateName":"Pihernz","url":"https:\/\/pihernz.com\/","logo":{"@type":"ImageObject","inLanguage":"en-US","@id":"https:\/\/pihernz.com\/#\/schema\/logo\/image\/","url":"https:\/\/pihernz.com\/wp-content\/uploads\/2020\/09\/logo.svg","contentUrl":"https:\/\/pihernz.com\/wp-content\/uploads\/2020\/09\/logo.svg","width":178,"height":39,"caption":"Pihernz comunicaciones S.A."},"image":{"@id":"https:\/\/pihernz.com\/#\/schema\/logo\/image\/"},"sameAs":["https:\/\/www.facebook.com\/pihernz.comunicaciones\/","https:\/\/x.com\/pihernz","https:\/\/www.instagram.com\/pihernzcomunicaciones\/","https:\/\/es.linkedin.com\/company\/pihernz-comunicaciones"]}]}},"_links":{"self":[{"href":"https:\/\/pihernz.com\/en\/wp-json\/wp\/v2\/product\/50736","targetHints":{"allow":["GET"]}}],"collection":[{"href":"https:\/\/pihernz.com\/en\/wp-json\/wp\/v2\/product"}],"about":[{"href":"https:\/\/pihernz.com\/en\/wp-json\/wp\/v2\/types\/product"}],"wp:featuredmedia":[{"embeddable":true,"href":"https:\/\/pihernz.com\/en\/wp-json\/wp\/v2\/media\/50729"}],"wp:attachment":[{"href":"https:\/\/pihernz.com\/en\/wp-json\/wp\/v2\/media?parent=50736"}],"wp:term":[{"taxonomy":"product_brand","embeddable":true,"href":"https:\/\/pihernz.com\/en\/wp-json\/wp\/v2\/product_brand?post=50736"},{"taxonomy":"product_cat","embeddable":true,"href":"https:\/\/pihernz.com\/en\/wp-json\/wp\/v2\/product_cat?post=50736"},{"taxonomy":"product_tag","embeddable":true,"href":"https:\/\/pihernz.com\/en\/wp-json\/wp\/v2\/product_tag?post=50736"}],"curies":[{"name":"wp","href":"https:\/\/api.w.org\/{rel}","templated":true}]}}