
{"id":49858,"date":"2022-09-27T07:34:53","date_gmt":"2022-09-27T05:34:53","guid":{"rendered":"https:\/\/pihernz.com\/?post_type=product&#038;p=49858"},"modified":"2026-02-26T11:53:47","modified_gmt":"2026-02-26T10:53:47","slug":"jabra-talk-15-se-auricular-bluetooth","status":"publish","type":"product","link":"https:\/\/pihernz.com\/en\/producto\/jabra-talk-15-se-auricular-bluetooth\/","title":{"rendered":"Jabra Talk 15 SE Auricular Bluetooth"},"content":{"rendered":"<p>El <strong>Jabra Talk 15 SE<\/strong> es un <a href=\"https:\/\/pihernz.com\/en\/product-category\/phone-systems-connectivity-en\/phone-computer-headsets\/\">auricular<\/a> <strong>Bluetooth<\/strong> dise\u00f1ado para disfrutar de comunicaciones n\u00edtidas con las <strong>manos libres,<\/strong> gracias a un <strong>micr\u00f3fono y un altavoz de gran calidad<\/strong> optimizados para ofrecer conversaciones claras.<\/p>\n<p>Permite <strong>comunicaciones inal\u00e1mbricas<\/strong> con <strong>dispositivos compatibles<\/strong> como el <a href=\"https:\/\/pihernz.com\/producto\/wouxun-kg-968-walkie-uhf-professional\/\"><strong>Walkie Talkie Wouxun KG-968<\/strong><\/a> y otros con <strong>Bluetooth<\/strong> integrado o adaptador externo.\u00a0 Adem\u00e1s, con el <strong>Jabra Talk 15<\/strong> sacar\u00e1 el m\u00e1ximo partido a su <strong>reproducci\u00f3n multimedia<\/strong> para que pueda transmitir de forma inal\u00e1mbrica indicaciones de <strong>GPS, m\u00fasica y podcast<\/strong>\u00a0desde su tel\u00e9fono m\u00f3vil.<\/p>\n<p>Gracias su <strong>gran autonom\u00eda<\/strong> de funcionamiento podr\u00e1 usar el auricular <strong>hasta 6 horas en conversaci\u00f3n y 14 d\u00edas de tiempo en espera,<\/strong> puede hablar sin cables utilizando la conexi\u00f3n Bluetooth durante todo el d\u00eda sin volver a cargar.<\/p>\n<p>Puede sincronizar <strong>hasta 8 dispositivos<\/strong> con el <strong>Jabra Talk 15<\/strong> y puede tener <strong>hasta 2 conectados al mismo tiempo\u00a0<\/strong>(Multiuse\u2122), por ejemplo su <strong>tel\u00e9fono m\u00f3vil<\/strong> y su <a href=\"https:\/\/pihernz.com\/en\/product-category\/walkies-en\/pmr-446-professional-business-walkies-en\/\"><strong>Walkie Talkie<\/strong><\/a>.<\/p>\n<h2>CARACTERISTICAS:<\/h2>\n<ul>\n<li>Compatibilidad Bluetooth\u00ae\u00a0 5.0 y anterriores<\/li>\n<li>Alcance inal\u00e1mbrico: Hasta 10 metros<\/li>\n<li>Conexi\u00f3n con hasta 8 dispositivos Bluetooths<\/li>\n<li>Tiempo de conversaci\u00f3n: Hasta 7 horas<\/li>\n<li>Tiempo de carga: Aproximadamente 2 horas<\/li>\n<li>Tiempo de espera: Hasta 14 d\u00edas<\/li>\n<li>Dispositivos sincronizados: dos conectados al mismo tiempo (Multiuse\u2122)<\/li>\n<li>Estilo de sujeci\u00f3n: intraauricular (con o sin gancho para la oreja)<\/li>\n<li>Tipo de micr\u00f3fono: 1 ECM omnidireccional<\/li>\n<li>Altavoz din\u00e1mico de 11 mm<\/li>\n<li>Gama de frecuencia del micr\u00f3fono: De 100 Hz a 8 kHz<\/li>\n<li>Sensibilidad del micr\u00f3fono: -42 dBV\/Pa<\/li>\n<li>Rango de frecuencia del altavoz: De 300 Hz a 7 kHz<\/li>\n<\/ul>\n<h2>CONTENIDO:<\/h2>\n<ul>\n<li>Auricular Jabra Talk 15<\/li>\n<li>Cable micro USB<\/li>\n<li>3 EarGels<\/li>\n<li>2 ganchos para la oreja<\/li>\n<li>Gu\u00eda de inicio r\u00e1pido<\/li>\n<li>Folletos de garant\u00eda y advertencia<\/li>\n<\/ul>\n","protected":false},"excerpt":{"rendered":"<p>Auricular Bluetooth<\/p>\n","protected":false},"featured_media":49870,"template":"","meta":{"_acf_changed":false,"_relevanssi_hide_post":"","_relevanssi_hide_content":"","_relevanssi_pin_for_all":"","_relevanssi_pin_keywords":"","_relevanssi_unpin_keywords":"","_relevanssi_related_keywords":"","_relevanssi_related_include_ids":"","_relevanssi_related_exclude_ids":"","_relevanssi_related_no_append":"","_relevanssi_related_not_related":"","_relevanssi_related_posts":"","_relevanssi_noindex_reason":"","inline_featured_image":false,"_joinchat":[]},"product_brand":[12735],"product_cat":[12780,12804],"product_tag":[12801,12744],"class_list":{"0":"post-49858","1":"product","2":"type-product","3":"status-publish","4":"has-post-thumbnail","6":"product_brand-jabra-en","7":"product_cat-discontinued","8":"product_cat-phone-headsets","9":"product_tag-lower-price","10":"product_tag-gifts","12":"first","13":"outofstock","14":"taxable","15":"shipping-taxable","16":"purchasable","17":"product-type-simple"},"acf":[],"yoast_head":"<!-- This site is optimized with the Yoast SEO plugin v27.0 - https:\/\/yoast.com\/product\/yoast-seo-wordpress\/ -->\n<title>Jabra Talk 15 SE auricular bluetooth<\/title>\n<meta name=\"description\" content=\"El Jabra Talk 15 SE es un auricular Bluetooth dise\u00f1ado que permite comunicaciones n\u00edtidas manos libres, gracias a su micr\u00f3fono y altavoz de gran calidad.\" \/>\n<meta name=\"robots\" content=\"index, follow, max-snippet:-1, max-image-preview:large, max-video-preview:-1\" \/>\n<link rel=\"canonical\" href=\"https:\/\/pihernz.com\/en\/producto\/jabra-talk-15-se-auricular-bluetooth\/\" \/>\n<meta property=\"og:locale\" content=\"en_US\" \/>\n<meta property=\"og:type\" content=\"article\" \/>\n<meta property=\"og:title\" content=\"Jabra Talk 15 SE auricular bluetooth\" \/>\n<meta property=\"og:description\" content=\"El Jabra Talk 15 SE es un auricular Bluetooth dise\u00f1ado que permite comunicaciones n\u00edtidas manos libres, gracias a su micr\u00f3fono y altavoz de gran calidad.\" \/>\n<meta property=\"og:url\" content=\"https:\/\/pihernz.com\/en\/producto\/jabra-talk-15-se-auricular-bluetooth\/\" \/>\n<meta property=\"og:site_name\" content=\"Pihernz Comunicaciones\" \/>\n<meta property=\"article:publisher\" content=\"https:\/\/www.facebook.com\/pihernz.comunicaciones\/\" \/>\n<meta property=\"article:modified_time\" content=\"2026-02-26T10:53:47+00:00\" \/>\n<meta property=\"og:image\" content=\"https:\/\/pihernz.com\/wp-content\/uploads\/2022\/09\/Auricular-Bluetooth-Jabra-Talk-15.jpg\" \/>\n\t<meta property=\"og:image:width\" content=\"600\" \/>\n\t<meta property=\"og:image:height\" content=\"605\" \/>\n\t<meta property=\"og:image:type\" content=\"image\/jpeg\" \/>\n<meta name=\"twitter:card\" content=\"summary_large_image\" \/>\n<meta name=\"twitter:site\" content=\"@pihernz\" \/>\n<meta name=\"twitter:label1\" content=\"Est. reading time\" \/>\n\t<meta name=\"twitter:data1\" content=\"2 minutes\" \/>\n<script type=\"application\/ld+json\" class=\"yoast-schema-graph\">{\"@context\":\"https:\/\/schema.org\",\"@graph\":[{\"@type\":\"WebPage\",\"@id\":\"https:\/\/pihernz.com\/en\/producto\/jabra-talk-15-se-auricular-bluetooth\/\",\"url\":\"https:\/\/pihernz.com\/en\/producto\/jabra-talk-15-se-auricular-bluetooth\/\",\"name\":\"Jabra Talk 15 SE auricular bluetooth\",\"isPartOf\":{\"@id\":\"https:\/\/pihernz.com\/#website\"},\"primaryImageOfPage\":{\"@id\":\"https:\/\/pihernz.com\/en\/producto\/jabra-talk-15-se-auricular-bluetooth\/#primaryimage\"},\"image\":{\"@id\":\"https:\/\/pihernz.com\/en\/producto\/jabra-talk-15-se-auricular-bluetooth\/#primaryimage\"},\"thumbnailUrl\":\"https:\/\/pihernz.com\/wp-content\/uploads\/2022\/09\/Auricular-Bluetooth-Jabra-Talk-15.jpg\",\"datePublished\":\"2022-09-27T05:34:53+00:00\",\"dateModified\":\"2026-02-26T10:53:47+00:00\",\"description\":\"El Jabra Talk 15 SE es un auricular Bluetooth dise\u00f1ado que permite comunicaciones n\u00edtidas manos libres, gracias a su micr\u00f3fono y altavoz de gran calidad.\",\"breadcrumb\":{\"@id\":\"https:\/\/pihernz.com\/en\/producto\/jabra-talk-15-se-auricular-bluetooth\/#breadcrumb\"},\"inLanguage\":\"en-US\",\"potentialAction\":[{\"@type\":\"ReadAction\",\"target\":[\"https:\/\/pihernz.com\/en\/producto\/jabra-talk-15-se-auricular-bluetooth\/\"]}]},{\"@type\":\"ImageObject\",\"inLanguage\":\"en-US\",\"@id\":\"https:\/\/pihernz.com\/en\/producto\/jabra-talk-15-se-auricular-bluetooth\/#primaryimage\",\"url\":\"https:\/\/pihernz.com\/wp-content\/uploads\/2022\/09\/Auricular-Bluetooth-Jabra-Talk-15.jpg\",\"contentUrl\":\"https:\/\/pihernz.com\/wp-content\/uploads\/2022\/09\/Auricular-Bluetooth-Jabra-Talk-15.jpg\",\"width\":600,\"height\":605,\"caption\":\"Auriculares Inal\u00e1mbricos Talk 15 Mono\"},{\"@type\":\"BreadcrumbList\",\"@id\":\"https:\/\/pihernz.com\/en\/producto\/jabra-talk-15-se-auricular-bluetooth\/#breadcrumb\",\"itemListElement\":[{\"@type\":\"ListItem\",\"position\":1,\"name\":\"Portada\",\"item\":\"https:\/\/pihernz.com\/en\/\"},{\"@type\":\"ListItem\",\"position\":2,\"name\":\"Shop\",\"item\":\"https:\/\/pihernz.com\/en\/shop\/\"},{\"@type\":\"ListItem\",\"position\":3,\"name\":\"Jabra Talk 15 SE Auricular Bluetooth\"}]},{\"@type\":\"WebSite\",\"@id\":\"https:\/\/pihernz.com\/#website\",\"url\":\"https:\/\/pihernz.com\/\",\"name\":\"www.pihernz.com\",\"description\":\"Expertos en radiocomunicaciones\",\"publisher\":{\"@id\":\"https:\/\/pihernz.com\/#organization\"},\"alternateName\":\"Pihenrz\",\"potentialAction\":[{\"@type\":\"SearchAction\",\"target\":{\"@type\":\"EntryPoint\",\"urlTemplate\":\"https:\/\/pihernz.com\/?s={search_term_string}\"},\"query-input\":{\"@type\":\"PropertyValueSpecification\",\"valueRequired\":true,\"valueName\":\"search_term_string\"}}],\"inLanguage\":\"en-US\"},{\"@type\":\"Organization\",\"@id\":\"https:\/\/pihernz.com\/#organization\",\"name\":\"Pihernz comunicaciones S.A.\",\"alternateName\":\"Pihernz\",\"url\":\"https:\/\/pihernz.com\/\",\"logo\":{\"@type\":\"ImageObject\",\"inLanguage\":\"en-US\",\"@id\":\"https:\/\/pihernz.com\/#\/schema\/logo\/image\/\",\"url\":\"https:\/\/pihernz.com\/wp-content\/uploads\/2020\/09\/logo.svg\",\"contentUrl\":\"https:\/\/pihernz.com\/wp-content\/uploads\/2020\/09\/logo.svg\",\"width\":178,\"height\":39,\"caption\":\"Pihernz comunicaciones S.A.\"},\"image\":{\"@id\":\"https:\/\/pihernz.com\/#\/schema\/logo\/image\/\"},\"sameAs\":[\"https:\/\/www.facebook.com\/pihernz.comunicaciones\/\",\"https:\/\/x.com\/pihernz\",\"https:\/\/www.instagram.com\/pihernzcomunicaciones\/\",\"https:\/\/es.linkedin.com\/company\/pihernz-comunicaciones\"]}]}<\/script>\n<!-- \/ Yoast SEO plugin. -->","yoast_head_json":{"title":"Jabra Talk 15 SE auricular bluetooth","description":"El Jabra Talk 15 SE es un auricular Bluetooth dise\u00f1ado que permite comunicaciones n\u00edtidas manos libres, gracias a su micr\u00f3fono y altavoz de gran calidad.","robots":{"index":"index","follow":"follow","max-snippet":"max-snippet:-1","max-image-preview":"max-image-preview:large","max-video-preview":"max-video-preview:-1"},"canonical":"https:\/\/pihernz.com\/en\/producto\/jabra-talk-15-se-auricular-bluetooth\/","og_locale":"en_US","og_type":"article","og_title":"Jabra Talk 15 SE auricular bluetooth","og_description":"El Jabra Talk 15 SE es un auricular Bluetooth dise\u00f1ado que permite comunicaciones n\u00edtidas manos libres, gracias a su micr\u00f3fono y altavoz de gran calidad.","og_url":"https:\/\/pihernz.com\/en\/producto\/jabra-talk-15-se-auricular-bluetooth\/","og_site_name":"Pihernz Comunicaciones","article_publisher":"https:\/\/www.facebook.com\/pihernz.comunicaciones\/","article_modified_time":"2026-02-26T10:53:47+00:00","og_image":[{"width":600,"height":605,"url":"https:\/\/pihernz.com\/wp-content\/uploads\/2022\/09\/Auricular-Bluetooth-Jabra-Talk-15.jpg","type":"image\/jpeg"}],"twitter_card":"summary_large_image","twitter_site":"@pihernz","twitter_misc":{"Est. reading time":"2 minutes"},"schema":{"@context":"https:\/\/schema.org","@graph":[{"@type":"WebPage","@id":"https:\/\/pihernz.com\/en\/producto\/jabra-talk-15-se-auricular-bluetooth\/","url":"https:\/\/pihernz.com\/en\/producto\/jabra-talk-15-se-auricular-bluetooth\/","name":"Jabra Talk 15 SE auricular bluetooth","isPartOf":{"@id":"https:\/\/pihernz.com\/#website"},"primaryImageOfPage":{"@id":"https:\/\/pihernz.com\/en\/producto\/jabra-talk-15-se-auricular-bluetooth\/#primaryimage"},"image":{"@id":"https:\/\/pihernz.com\/en\/producto\/jabra-talk-15-se-auricular-bluetooth\/#primaryimage"},"thumbnailUrl":"https:\/\/pihernz.com\/wp-content\/uploads\/2022\/09\/Auricular-Bluetooth-Jabra-Talk-15.jpg","datePublished":"2022-09-27T05:34:53+00:00","dateModified":"2026-02-26T10:53:47+00:00","description":"El Jabra Talk 15 SE es un auricular Bluetooth dise\u00f1ado que permite comunicaciones n\u00edtidas manos libres, gracias a su micr\u00f3fono y altavoz de gran calidad.","breadcrumb":{"@id":"https:\/\/pihernz.com\/en\/producto\/jabra-talk-15-se-auricular-bluetooth\/#breadcrumb"},"inLanguage":"en-US","potentialAction":[{"@type":"ReadAction","target":["https:\/\/pihernz.com\/en\/producto\/jabra-talk-15-se-auricular-bluetooth\/"]}]},{"@type":"ImageObject","inLanguage":"en-US","@id":"https:\/\/pihernz.com\/en\/producto\/jabra-talk-15-se-auricular-bluetooth\/#primaryimage","url":"https:\/\/pihernz.com\/wp-content\/uploads\/2022\/09\/Auricular-Bluetooth-Jabra-Talk-15.jpg","contentUrl":"https:\/\/pihernz.com\/wp-content\/uploads\/2022\/09\/Auricular-Bluetooth-Jabra-Talk-15.jpg","width":600,"height":605,"caption":"Auriculares Inal\u00e1mbricos Talk 15 Mono"},{"@type":"BreadcrumbList","@id":"https:\/\/pihernz.com\/en\/producto\/jabra-talk-15-se-auricular-bluetooth\/#breadcrumb","itemListElement":[{"@type":"ListItem","position":1,"name":"Portada","item":"https:\/\/pihernz.com\/en\/"},{"@type":"ListItem","position":2,"name":"Shop","item":"https:\/\/pihernz.com\/en\/shop\/"},{"@type":"ListItem","position":3,"name":"Jabra Talk 15 SE Auricular Bluetooth"}]},{"@type":"WebSite","@id":"https:\/\/pihernz.com\/#website","url":"https:\/\/pihernz.com\/","name":"www.pihernz.com","description":"Expertos en radiocomunicaciones","publisher":{"@id":"https:\/\/pihernz.com\/#organization"},"alternateName":"Pihenrz","potentialAction":[{"@type":"SearchAction","target":{"@type":"EntryPoint","urlTemplate":"https:\/\/pihernz.com\/?s={search_term_string}"},"query-input":{"@type":"PropertyValueSpecification","valueRequired":true,"valueName":"search_term_string"}}],"inLanguage":"en-US"},{"@type":"Organization","@id":"https:\/\/pihernz.com\/#organization","name":"Pihernz comunicaciones S.A.","alternateName":"Pihernz","url":"https:\/\/pihernz.com\/","logo":{"@type":"ImageObject","inLanguage":"en-US","@id":"https:\/\/pihernz.com\/#\/schema\/logo\/image\/","url":"https:\/\/pihernz.com\/wp-content\/uploads\/2020\/09\/logo.svg","contentUrl":"https:\/\/pihernz.com\/wp-content\/uploads\/2020\/09\/logo.svg","width":178,"height":39,"caption":"Pihernz comunicaciones S.A."},"image":{"@id":"https:\/\/pihernz.com\/#\/schema\/logo\/image\/"},"sameAs":["https:\/\/www.facebook.com\/pihernz.comunicaciones\/","https:\/\/x.com\/pihernz","https:\/\/www.instagram.com\/pihernzcomunicaciones\/","https:\/\/es.linkedin.com\/company\/pihernz-comunicaciones"]}]}},"_links":{"self":[{"href":"https:\/\/pihernz.com\/en\/wp-json\/wp\/v2\/product\/49858","targetHints":{"allow":["GET"]}}],"collection":[{"href":"https:\/\/pihernz.com\/en\/wp-json\/wp\/v2\/product"}],"about":[{"href":"https:\/\/pihernz.com\/en\/wp-json\/wp\/v2\/types\/product"}],"wp:featuredmedia":[{"embeddable":true,"href":"https:\/\/pihernz.com\/en\/wp-json\/wp\/v2\/media\/49870"}],"wp:attachment":[{"href":"https:\/\/pihernz.com\/en\/wp-json\/wp\/v2\/media?parent=49858"}],"wp:term":[{"taxonomy":"product_brand","embeddable":true,"href":"https:\/\/pihernz.com\/en\/wp-json\/wp\/v2\/product_brand?post=49858"},{"taxonomy":"product_cat","embeddable":true,"href":"https:\/\/pihernz.com\/en\/wp-json\/wp\/v2\/product_cat?post=49858"},{"taxonomy":"product_tag","embeddable":true,"href":"https:\/\/pihernz.com\/en\/wp-json\/wp\/v2\/product_tag?post=49858"}],"curies":[{"name":"wp","href":"https:\/\/api.w.org\/{rel}","templated":true}]}}