
{"id":49442,"date":"2022-09-11T19:39:56","date_gmt":"2022-09-11T17:39:57","guid":{"rendered":"https:\/\/pihernz.com\/?post_type=product&#038;p=49442"},"modified":"2025-02-18T22:23:54","modified_gmt":"2025-02-18T21:23:54","slug":"tread-xl-overland-edition-10-all-terrain-sat-nav","status":"publish","type":"product","link":"https:\/\/pihernz.com\/en\/producto\/tread-xl-overland-edition-10-all-terrain-sat-nav\/","title":{"rendered":"Garmin Tread XL &#8211; Overland Edition 10\u201d All-Terrain sat nav"},"content":{"rendered":"<p>The <strong>Garmin Tread Overland edition\u00a0<\/strong> Built for every part of the journey, this extra big, extra rugged all-terrain sat nav has the mapping you need to stay on track and communication technology to stay in touch while you\u2019re out there.<\/p>\n<h2>KEY FEATURES:<\/h2>\n<p>Navigate unpaved roads and trails by using turn-by-turn trail navigation1 with OpenStreetMap (OSM).<br \/>\nCustom routing for the size and weight of your rig2 and preloaded iOverlander\u2122 points of interest (POIs) help you find where to set up camp.<\/p>\n<p>This rugged sat nav is IP67 weather-resistant and has a 10\u2033 ultrabright touchscreen display.<\/p>\n<p>See vivid aerial views of terrain with downloadable, subscription-free BirdsEye Satellite Imagery.<\/p>\n<p>Use the Tread\u00ae app3 on your compatible smartphone to sync data across your various devices and plan routes.<\/p>\n<p>Peace of mind comes built-in. With an active subscription, you can use inReach\u00ae technology for global satellite communication4.<\/p>\n<h2>SPECIFICATIONS:<\/h2>\n<p>Dimension 9.9&#8243;W x 7.8&#8243;H x 1.2&#8243;D (25.2 x 19.9 x 3.1 cm)<br \/>\nDisplay Size 8.5&#8243;W x 5.3&#8243;H (21.7 cm x 13.6 mm); 10.1&#8243; diagonal (25.7 cm)<br \/>\nDisplay Resolution 1,280 x 800 pixels<br \/>\nDisplay Type Multi-touch, glass, high brightness HD colour TFT with white backlight<br \/>\nDual-Orientation Display<br \/>\nWeight 32.8 oz (930 g)<br \/>\nWater rating IPX7<br \/>\nBattery type Rechargeable lithium-ion<br \/>\nBattery life Up to 6 hours at 50% backlight<br \/>\nUp to 1 hour at 100% backlight<br \/>\nDrop rating MIL-STD-810<br \/>\nDust rating IP6X<br \/>\nMagnetic Mount Locking magnet-assisted mount<br \/>\n1.5&#8243; ball adapter with AMPS plate<\/p>\n<h2>CONTENT<\/h2>\n<ul>\n<li>Tread\u00ae XL &#8211; Overland Edition<\/li>\n<li>Suction cup mount<\/li>\n<li>Vehicle power cable<\/li>\n<li>Locking magnet-assisted mount<\/li>\n<li>USB-C cable<\/li>\n<li>Documentation<\/li>\n<\/ul>\n","protected":false},"excerpt":{"rendered":"<p>All-Terrain sat nav<\/p>\n","protected":false},"featured_media":49444,"template":"","meta":{"_acf_changed":false,"_relevanssi_hide_post":"","_relevanssi_hide_content":"","_relevanssi_pin_for_all":"","_relevanssi_pin_keywords":"","_relevanssi_unpin_keywords":"","_relevanssi_related_keywords":"","_relevanssi_related_include_ids":"","_relevanssi_related_exclude_ids":"","_relevanssi_related_no_append":"","_relevanssi_related_not_related":"","_relevanssi_related_posts":"","_relevanssi_noindex_reason":"","inline_featured_image":false,"_joinchat":[]},"product_brand":[12597],"product_cat":[12593],"product_tag":[12709],"class_list":{"0":"post-49442","1":"product","2":"type-product","3":"status-publish","4":"has-post-thumbnail","6":"product_brand-garmin-en","7":"product_cat-gps-gnss","8":"product_tag-leisure-and-outdoor-activities","10":"first","11":"instock","12":"taxable","13":"shipping-taxable","14":"purchasable","15":"product-type-simple"},"acf":[],"yoast_head":"<!-- This site is optimized with the Yoast SEO plugin v27.0 - https:\/\/yoast.com\/product\/yoast-seo-wordpress\/ -->\n<title>Garmin Tread XL - Overland Edition 10\u201d All-Terrain sat nav<\/title>\n<meta name=\"description\" content=\"Garmin Tread XL - Overland Edition 10\u201d All-Terrain sat nav\" \/>\n<meta name=\"robots\" content=\"index, follow, max-snippet:-1, max-image-preview:large, max-video-preview:-1\" \/>\n<link rel=\"canonical\" href=\"https:\/\/pihernz.com\/producto\/garmin-tread-xl-overland-edition\/\" \/>\n<meta property=\"og:locale\" content=\"en_US\" \/>\n<meta property=\"og:type\" content=\"article\" \/>\n<meta property=\"og:title\" content=\"Garmin Tread XL - Overland Edition 10\u201d All-Terrain sat nav\" \/>\n<meta property=\"og:description\" content=\"Garmin Tread XL - Overland Edition 10\u201d All-Terrain sat nav\" \/>\n<meta property=\"og:url\" content=\"https:\/\/pihernz.com\/producto\/garmin-tread-xl-overland-edition\/\" \/>\n<meta property=\"og:site_name\" content=\"Pihernz Comunicaciones\" \/>\n<meta property=\"article:publisher\" content=\"https:\/\/www.facebook.com\/pihernz.comunicaciones\/\" \/>\n<meta property=\"article:modified_time\" content=\"2025-02-18T21:23:54+00:00\" \/>\n<meta property=\"og:image\" content=\"https:\/\/pihernz.com\/wp-content\/uploads\/2022\/09\/garmin_tread_xl_overland_edition_navegador_todoterreno_10-I.jpg\" \/>\n\t<meta property=\"og:image:width\" content=\"730\" \/>\n\t<meta property=\"og:image:height\" content=\"674\" \/>\n\t<meta property=\"og:image:type\" content=\"image\/jpeg\" \/>\n<meta name=\"twitter:card\" content=\"summary_large_image\" \/>\n<meta name=\"twitter:site\" content=\"@pihernz\" \/>\n<meta name=\"twitter:label1\" content=\"Est. reading time\" \/>\n\t<meta name=\"twitter:data1\" content=\"1 minute\" \/>\n<script type=\"application\/ld+json\" class=\"yoast-schema-graph\">{\"@context\":\"https:\/\/schema.org\",\"@graph\":[{\"@type\":\"WebPage\",\"@id\":\"https:\/\/pihernz.com\/producto\/garmin-tread-xl-overland-edition\/\",\"url\":\"https:\/\/pihernz.com\/producto\/garmin-tread-xl-overland-edition\/\",\"name\":\"Garmin Tread XL - Overland Edition 10\u201d All-Terrain sat nav\",\"isPartOf\":{\"@id\":\"https:\/\/pihernz.com\/#website\"},\"primaryImageOfPage\":{\"@id\":\"https:\/\/pihernz.com\/producto\/garmin-tread-xl-overland-edition\/#primaryimage\"},\"image\":{\"@id\":\"https:\/\/pihernz.com\/producto\/garmin-tread-xl-overland-edition\/#primaryimage\"},\"thumbnailUrl\":\"https:\/\/pihernz.com\/wp-content\/uploads\/2022\/09\/garmin_tread_xl_overland_edition_navegador_todoterreno_10-I.jpg\",\"datePublished\":\"2022-09-11T17:39:57+00:00\",\"dateModified\":\"2025-02-18T21:23:54+00:00\",\"description\":\"Garmin Tread XL - Overland Edition 10\u201d All-Terrain sat nav\",\"breadcrumb\":{\"@id\":\"https:\/\/pihernz.com\/producto\/garmin-tread-xl-overland-edition\/#breadcrumb\"},\"inLanguage\":\"en-US\",\"potentialAction\":[{\"@type\":\"ReadAction\",\"target\":[\"https:\/\/pihernz.com\/producto\/garmin-tread-xl-overland-edition\/\"]}]},{\"@type\":\"ImageObject\",\"inLanguage\":\"en-US\",\"@id\":\"https:\/\/pihernz.com\/producto\/garmin-tread-xl-overland-edition\/#primaryimage\",\"url\":\"https:\/\/pihernz.com\/wp-content\/uploads\/2022\/09\/garmin_tread_xl_overland_edition_navegador_todoterreno_10-I.jpg\",\"contentUrl\":\"https:\/\/pihernz.com\/wp-content\/uploads\/2022\/09\/garmin_tread_xl_overland_edition_navegador_todoterreno_10-I.jpg\",\"width\":730,\"height\":674,\"caption\":\"El Garmin Tread\u2122 XL Overland Edition es un resistente navegador GPS sat\u00e9lite para veh\u00edculo todoterreno con ampl\u00eda pantalla de 10\\\" cuenta con los mapas que necesitas para no perderte y tecnolog\u00eda de comunicaci\u00f3n inReach incorporada ofrece comunicaci\u00f3n satelital global, mensajer\u00eda de texto bidireccional\"},{\"@type\":\"BreadcrumbList\",\"@id\":\"https:\/\/pihernz.com\/producto\/garmin-tread-xl-overland-edition\/#breadcrumb\",\"itemListElement\":[{\"@type\":\"ListItem\",\"position\":1,\"name\":\"Portada\",\"item\":\"https:\/\/pihernz.com\/en\/\"},{\"@type\":\"ListItem\",\"position\":2,\"name\":\"Shop\",\"item\":\"https:\/\/pihernz.com\/en\/shop\/\"},{\"@type\":\"ListItem\",\"position\":3,\"name\":\"Garmin Tread XL &#8211; Overland Edition 10\u201d All-Terrain sat nav\"}]},{\"@type\":\"WebSite\",\"@id\":\"https:\/\/pihernz.com\/#website\",\"url\":\"https:\/\/pihernz.com\/\",\"name\":\"www.pihernz.com\",\"description\":\"Expertos en radiocomunicaciones\",\"publisher\":{\"@id\":\"https:\/\/pihernz.com\/#organization\"},\"alternateName\":\"Pihenrz\",\"potentialAction\":[{\"@type\":\"SearchAction\",\"target\":{\"@type\":\"EntryPoint\",\"urlTemplate\":\"https:\/\/pihernz.com\/?s={search_term_string}\"},\"query-input\":{\"@type\":\"PropertyValueSpecification\",\"valueRequired\":true,\"valueName\":\"search_term_string\"}}],\"inLanguage\":\"en-US\"},{\"@type\":\"Organization\",\"@id\":\"https:\/\/pihernz.com\/#organization\",\"name\":\"Pihernz comunicaciones S.A.\",\"alternateName\":\"Pihernz\",\"url\":\"https:\/\/pihernz.com\/\",\"logo\":{\"@type\":\"ImageObject\",\"inLanguage\":\"en-US\",\"@id\":\"https:\/\/pihernz.com\/#\/schema\/logo\/image\/\",\"url\":\"https:\/\/pihernz.com\/wp-content\/uploads\/2020\/09\/logo.svg\",\"contentUrl\":\"https:\/\/pihernz.com\/wp-content\/uploads\/2020\/09\/logo.svg\",\"width\":178,\"height\":39,\"caption\":\"Pihernz comunicaciones S.A.\"},\"image\":{\"@id\":\"https:\/\/pihernz.com\/#\/schema\/logo\/image\/\"},\"sameAs\":[\"https:\/\/www.facebook.com\/pihernz.comunicaciones\/\",\"https:\/\/x.com\/pihernz\",\"https:\/\/www.instagram.com\/pihernzcomunicaciones\/\",\"https:\/\/es.linkedin.com\/company\/pihernz-comunicaciones\"]}]}<\/script>\n<!-- \/ Yoast SEO plugin. -->","yoast_head_json":{"title":"Garmin Tread XL - Overland Edition 10\u201d All-Terrain sat nav","description":"Garmin Tread XL - Overland Edition 10\u201d All-Terrain sat nav","robots":{"index":"index","follow":"follow","max-snippet":"max-snippet:-1","max-image-preview":"max-image-preview:large","max-video-preview":"max-video-preview:-1"},"canonical":"https:\/\/pihernz.com\/producto\/garmin-tread-xl-overland-edition\/","og_locale":"en_US","og_type":"article","og_title":"Garmin Tread XL - Overland Edition 10\u201d All-Terrain sat nav","og_description":"Garmin Tread XL - Overland Edition 10\u201d All-Terrain sat nav","og_url":"https:\/\/pihernz.com\/producto\/garmin-tread-xl-overland-edition\/","og_site_name":"Pihernz Comunicaciones","article_publisher":"https:\/\/www.facebook.com\/pihernz.comunicaciones\/","article_modified_time":"2025-02-18T21:23:54+00:00","og_image":[{"width":730,"height":674,"url":"https:\/\/pihernz.com\/wp-content\/uploads\/2022\/09\/garmin_tread_xl_overland_edition_navegador_todoterreno_10-I.jpg","type":"image\/jpeg"}],"twitter_card":"summary_large_image","twitter_site":"@pihernz","twitter_misc":{"Est. reading time":"1 minute"},"schema":{"@context":"https:\/\/schema.org","@graph":[{"@type":"WebPage","@id":"https:\/\/pihernz.com\/producto\/garmin-tread-xl-overland-edition\/","url":"https:\/\/pihernz.com\/producto\/garmin-tread-xl-overland-edition\/","name":"Garmin Tread XL - Overland Edition 10\u201d All-Terrain sat nav","isPartOf":{"@id":"https:\/\/pihernz.com\/#website"},"primaryImageOfPage":{"@id":"https:\/\/pihernz.com\/producto\/garmin-tread-xl-overland-edition\/#primaryimage"},"image":{"@id":"https:\/\/pihernz.com\/producto\/garmin-tread-xl-overland-edition\/#primaryimage"},"thumbnailUrl":"https:\/\/pihernz.com\/wp-content\/uploads\/2022\/09\/garmin_tread_xl_overland_edition_navegador_todoterreno_10-I.jpg","datePublished":"2022-09-11T17:39:57+00:00","dateModified":"2025-02-18T21:23:54+00:00","description":"Garmin Tread XL - Overland Edition 10\u201d All-Terrain sat nav","breadcrumb":{"@id":"https:\/\/pihernz.com\/producto\/garmin-tread-xl-overland-edition\/#breadcrumb"},"inLanguage":"en-US","potentialAction":[{"@type":"ReadAction","target":["https:\/\/pihernz.com\/producto\/garmin-tread-xl-overland-edition\/"]}]},{"@type":"ImageObject","inLanguage":"en-US","@id":"https:\/\/pihernz.com\/producto\/garmin-tread-xl-overland-edition\/#primaryimage","url":"https:\/\/pihernz.com\/wp-content\/uploads\/2022\/09\/garmin_tread_xl_overland_edition_navegador_todoterreno_10-I.jpg","contentUrl":"https:\/\/pihernz.com\/wp-content\/uploads\/2022\/09\/garmin_tread_xl_overland_edition_navegador_todoterreno_10-I.jpg","width":730,"height":674,"caption":"El Garmin Tread\u2122 XL Overland Edition es un resistente navegador GPS sat\u00e9lite para veh\u00edculo todoterreno con ampl\u00eda pantalla de 10\" cuenta con los mapas que necesitas para no perderte y tecnolog\u00eda de comunicaci\u00f3n inReach incorporada ofrece comunicaci\u00f3n satelital global, mensajer\u00eda de texto bidireccional"},{"@type":"BreadcrumbList","@id":"https:\/\/pihernz.com\/producto\/garmin-tread-xl-overland-edition\/#breadcrumb","itemListElement":[{"@type":"ListItem","position":1,"name":"Portada","item":"https:\/\/pihernz.com\/en\/"},{"@type":"ListItem","position":2,"name":"Shop","item":"https:\/\/pihernz.com\/en\/shop\/"},{"@type":"ListItem","position":3,"name":"Garmin Tread XL &#8211; Overland Edition 10\u201d All-Terrain sat nav"}]},{"@type":"WebSite","@id":"https:\/\/pihernz.com\/#website","url":"https:\/\/pihernz.com\/","name":"www.pihernz.com","description":"Expertos en radiocomunicaciones","publisher":{"@id":"https:\/\/pihernz.com\/#organization"},"alternateName":"Pihenrz","potentialAction":[{"@type":"SearchAction","target":{"@type":"EntryPoint","urlTemplate":"https:\/\/pihernz.com\/?s={search_term_string}"},"query-input":{"@type":"PropertyValueSpecification","valueRequired":true,"valueName":"search_term_string"}}],"inLanguage":"en-US"},{"@type":"Organization","@id":"https:\/\/pihernz.com\/#organization","name":"Pihernz comunicaciones S.A.","alternateName":"Pihernz","url":"https:\/\/pihernz.com\/","logo":{"@type":"ImageObject","inLanguage":"en-US","@id":"https:\/\/pihernz.com\/#\/schema\/logo\/image\/","url":"https:\/\/pihernz.com\/wp-content\/uploads\/2020\/09\/logo.svg","contentUrl":"https:\/\/pihernz.com\/wp-content\/uploads\/2020\/09\/logo.svg","width":178,"height":39,"caption":"Pihernz comunicaciones S.A."},"image":{"@id":"https:\/\/pihernz.com\/#\/schema\/logo\/image\/"},"sameAs":["https:\/\/www.facebook.com\/pihernz.comunicaciones\/","https:\/\/x.com\/pihernz","https:\/\/www.instagram.com\/pihernzcomunicaciones\/","https:\/\/es.linkedin.com\/company\/pihernz-comunicaciones"]}]}},"_links":{"self":[{"href":"https:\/\/pihernz.com\/en\/wp-json\/wp\/v2\/product\/49442","targetHints":{"allow":["GET"]}}],"collection":[{"href":"https:\/\/pihernz.com\/en\/wp-json\/wp\/v2\/product"}],"about":[{"href":"https:\/\/pihernz.com\/en\/wp-json\/wp\/v2\/types\/product"}],"wp:featuredmedia":[{"embeddable":true,"href":"https:\/\/pihernz.com\/en\/wp-json\/wp\/v2\/media\/49444"}],"wp:attachment":[{"href":"https:\/\/pihernz.com\/en\/wp-json\/wp\/v2\/media?parent=49442"}],"wp:term":[{"taxonomy":"product_brand","embeddable":true,"href":"https:\/\/pihernz.com\/en\/wp-json\/wp\/v2\/product_brand?post=49442"},{"taxonomy":"product_cat","embeddable":true,"href":"https:\/\/pihernz.com\/en\/wp-json\/wp\/v2\/product_cat?post=49442"},{"taxonomy":"product_tag","embeddable":true,"href":"https:\/\/pihernz.com\/en\/wp-json\/wp\/v2\/product_tag?post=49442"}],"curies":[{"name":"wp","href":"https:\/\/api.w.org\/{rel}","templated":true}]}}