
{"id":47264,"date":"2022-06-08T08:03:32","date_gmt":"2022-06-08T06:03:33","guid":{"rendered":"https:\/\/pihernz.com\/?post_type=product&#038;p=47264"},"modified":"2025-02-20T11:33:55","modified_gmt":"2025-02-20T10:33:55","slug":"iridium-go","status":"publish","type":"product","link":"https:\/\/pihernz.com\/en\/producto\/iridium-go\/","title":{"rendered":"Iridium GO"},"content":{"rendered":"<p>With the <strong>Iridium GO!<\/strong> device, paired with your personal <strong>smartphone<\/strong> or <strong>tablet<\/strong>, and the Iridium GO! Text &amp; Call Voucher \u2013 you get a durable, cost-effective satellite connectivity solution that allows you to text, call, tweet and email when the power is out and\/or local networks are down. Plus with the ability to connect up to five devices to the Iridium GO! at once, you and your family can text when you want to, and make important phone calls when a text message simply won\u2019t do.<\/p>\n<h2>KEY FEATURES<\/h2>\n<p>Truly Global Connectivity on Your Own Mobile Devices<\/p>\n<p>Pair with Iridium GO! App for Use with iOS and Android Devices<\/p>\n<p>Connect up to Five (5) Devices Wirelessly<\/p>\n<p>Prepaid Plans Available<\/p>\n<p>Dust Proof, Shock Resistant, and Jet-Water Resistant<\/p>\n<h2>SPECS:<\/h2>\n<p>Mechanical<br \/>\nDimensions (L x W x H) 114mm x 82mm x 32mm<br \/>\nWeight 305 g<br \/>\nEnvironmental<br \/>\nOperating Temperature Range 10 to 50 \u2103<br \/>\nDurability Standard MIL-STD 810F<br \/>\nIngress Protection IP65<br \/>\nBattery<br \/>\nBattery Life, Talk Time 5.5 hr<br \/>\nBattery Life, Standy 15.5 hr<br \/>\nNetwork<br \/>\nTelephony Yes<br \/>\nLocation Based Services Yes<br \/>\nUser Experience<br \/>\nGEOS Support Yes<\/p>\n","protected":false},"excerpt":{"rendered":"<p>Smartphone Satellital adapter<\/p>\n","protected":false},"featured_media":47266,"template":"","meta":{"_acf_changed":false,"_relevanssi_hide_post":"","_relevanssi_hide_content":"","_relevanssi_pin_for_all":"","_relevanssi_pin_keywords":"","_relevanssi_unpin_keywords":"","_relevanssi_related_keywords":"","_relevanssi_related_include_ids":"","_relevanssi_related_exclude_ids":"","_relevanssi_related_no_append":"","_relevanssi_related_not_related":"","_relevanssi_related_posts":"","_relevanssi_noindex_reason":"","inline_featured_image":false,"_joinchat":[]},"product_brand":[],"product_cat":[12351,12565],"product_tag":[],"class_list":{"0":"post-47264","1":"product","2":"type-product","3":"status-publish","4":"has-post-thumbnail","6":"product_cat-phone-systems-connectivity-en","7":"product_cat-satellit","9":"first","10":"instock","11":"taxable","12":"shipping-taxable","13":"purchasable","14":"product-type-simple"},"acf":[],"yoast_head":"<!-- This site is optimized with the Yoast SEO plugin v27.0 - https:\/\/yoast.com\/product\/yoast-seo-wordpress\/ -->\n<title>Iridium GO &#8211; Pihernz Comunicaciones<\/title>\n<meta name=\"robots\" content=\"index, follow, max-snippet:-1, max-image-preview:large, max-video-preview:-1\" \/>\n<link rel=\"canonical\" href=\"https:\/\/pihernz.com\/producto\/iridium-go-adaptador-satelite-para-smartphone\/\" \/>\n<meta property=\"og:locale\" content=\"en_US\" \/>\n<meta property=\"og:type\" content=\"article\" \/>\n<meta property=\"og:title\" content=\"Iridium GO &#8211; Pihernz Comunicaciones\" \/>\n<meta property=\"og:description\" content=\"Smartphone Satellital adapter\" \/>\n<meta property=\"og:url\" content=\"https:\/\/pihernz.com\/producto\/iridium-go-adaptador-satelite-para-smartphone\/\" \/>\n<meta property=\"og:site_name\" content=\"Pihernz Comunicaciones\" \/>\n<meta property=\"article:publisher\" content=\"https:\/\/www.facebook.com\/pihernz.comunicaciones\/\" \/>\n<meta property=\"article:modified_time\" content=\"2025-02-20T10:33:55+00:00\" \/>\n<meta property=\"og:image\" content=\"https:\/\/pihernz.com\/wp-content\/uploads\/2022\/06\/Iridium-GO.jpg\" \/>\n\t<meta property=\"og:image:width\" content=\"560\" \/>\n\t<meta property=\"og:image:height\" content=\"505\" \/>\n\t<meta property=\"og:image:type\" content=\"image\/jpeg\" \/>\n<meta name=\"twitter:card\" content=\"summary_large_image\" \/>\n<meta name=\"twitter:site\" content=\"@pihernz\" \/>\n<meta name=\"twitter:label1\" content=\"Est. reading time\" \/>\n\t<meta name=\"twitter:data1\" content=\"1 minute\" \/>\n<script type=\"application\/ld+json\" class=\"yoast-schema-graph\">{\"@context\":\"https:\/\/schema.org\",\"@graph\":[{\"@type\":\"WebPage\",\"@id\":\"https:\/\/pihernz.com\/producto\/iridium-go-adaptador-satelite-para-smartphone\/\",\"url\":\"https:\/\/pihernz.com\/producto\/iridium-go-adaptador-satelite-para-smartphone\/\",\"name\":\"Iridium GO &#8211; Pihernz Comunicaciones\",\"isPartOf\":{\"@id\":\"https:\/\/pihernz.com\/#website\"},\"primaryImageOfPage\":{\"@id\":\"https:\/\/pihernz.com\/producto\/iridium-go-adaptador-satelite-para-smartphone\/#primaryimage\"},\"image\":{\"@id\":\"https:\/\/pihernz.com\/producto\/iridium-go-adaptador-satelite-para-smartphone\/#primaryimage\"},\"thumbnailUrl\":\"https:\/\/pihernz.com\/wp-content\/uploads\/2022\/06\/Iridium-GO.jpg\",\"datePublished\":\"2022-06-08T06:03:33+00:00\",\"dateModified\":\"2025-02-20T10:33:55+00:00\",\"breadcrumb\":{\"@id\":\"https:\/\/pihernz.com\/producto\/iridium-go-adaptador-satelite-para-smartphone\/#breadcrumb\"},\"inLanguage\":\"en-US\",\"potentialAction\":[{\"@type\":\"ReadAction\",\"target\":[\"https:\/\/pihernz.com\/producto\/iridium-go-adaptador-satelite-para-smartphone\/\"]}]},{\"@type\":\"ImageObject\",\"inLanguage\":\"en-US\",\"@id\":\"https:\/\/pihernz.com\/producto\/iridium-go-adaptador-satelite-para-smartphone\/#primaryimage\",\"url\":\"https:\/\/pihernz.com\/wp-content\/uploads\/2022\/06\/Iridium-GO.jpg\",\"contentUrl\":\"https:\/\/pihernz.com\/wp-content\/uploads\/2022\/06\/Iridium-GO.jpg\",\"width\":560,\"height\":505,\"caption\":\"El\u00a0Iridium GO! te permite usarr tu Smartphone como un tel\u00e9fono sat\u00e9lite scon un punto de acceso inal\u00e1mbrico\u00a0para\u00a0conectar el m\u00f3vil para voz y datos Internet en cualquier parte del mundo gracias a su conexi\u00f3n a la red Global de sat\u00e9lite de Iridium.\"},{\"@type\":\"BreadcrumbList\",\"@id\":\"https:\/\/pihernz.com\/producto\/iridium-go-adaptador-satelite-para-smartphone\/#breadcrumb\",\"itemListElement\":[{\"@type\":\"ListItem\",\"position\":1,\"name\":\"Portada\",\"item\":\"https:\/\/pihernz.com\/en\/\"},{\"@type\":\"ListItem\",\"position\":2,\"name\":\"Shop\",\"item\":\"https:\/\/pihernz.com\/en\/shop\/\"},{\"@type\":\"ListItem\",\"position\":3,\"name\":\"Iridium GO\"}]},{\"@type\":\"WebSite\",\"@id\":\"https:\/\/pihernz.com\/#website\",\"url\":\"https:\/\/pihernz.com\/\",\"name\":\"www.pihernz.com\",\"description\":\"Expertos en radiocomunicaciones\",\"publisher\":{\"@id\":\"https:\/\/pihernz.com\/#organization\"},\"alternateName\":\"Pihenrz\",\"potentialAction\":[{\"@type\":\"SearchAction\",\"target\":{\"@type\":\"EntryPoint\",\"urlTemplate\":\"https:\/\/pihernz.com\/?s={search_term_string}\"},\"query-input\":{\"@type\":\"PropertyValueSpecification\",\"valueRequired\":true,\"valueName\":\"search_term_string\"}}],\"inLanguage\":\"en-US\"},{\"@type\":\"Organization\",\"@id\":\"https:\/\/pihernz.com\/#organization\",\"name\":\"Pihernz comunicaciones S.A.\",\"alternateName\":\"Pihernz\",\"url\":\"https:\/\/pihernz.com\/\",\"logo\":{\"@type\":\"ImageObject\",\"inLanguage\":\"en-US\",\"@id\":\"https:\/\/pihernz.com\/#\/schema\/logo\/image\/\",\"url\":\"https:\/\/pihernz.com\/wp-content\/uploads\/2020\/09\/logo.svg\",\"contentUrl\":\"https:\/\/pihernz.com\/wp-content\/uploads\/2020\/09\/logo.svg\",\"width\":178,\"height\":39,\"caption\":\"Pihernz comunicaciones S.A.\"},\"image\":{\"@id\":\"https:\/\/pihernz.com\/#\/schema\/logo\/image\/\"},\"sameAs\":[\"https:\/\/www.facebook.com\/pihernz.comunicaciones\/\",\"https:\/\/x.com\/pihernz\",\"https:\/\/www.instagram.com\/pihernzcomunicaciones\/\",\"https:\/\/es.linkedin.com\/company\/pihernz-comunicaciones\"]}]}<\/script>\n<!-- \/ Yoast SEO plugin. -->","yoast_head_json":{"title":"Iridium GO &#8211; Pihernz Comunicaciones","robots":{"index":"index","follow":"follow","max-snippet":"max-snippet:-1","max-image-preview":"max-image-preview:large","max-video-preview":"max-video-preview:-1"},"canonical":"https:\/\/pihernz.com\/producto\/iridium-go-adaptador-satelite-para-smartphone\/","og_locale":"en_US","og_type":"article","og_title":"Iridium GO &#8211; Pihernz Comunicaciones","og_description":"Smartphone Satellital adapter","og_url":"https:\/\/pihernz.com\/producto\/iridium-go-adaptador-satelite-para-smartphone\/","og_site_name":"Pihernz Comunicaciones","article_publisher":"https:\/\/www.facebook.com\/pihernz.comunicaciones\/","article_modified_time":"2025-02-20T10:33:55+00:00","og_image":[{"width":560,"height":505,"url":"https:\/\/pihernz.com\/wp-content\/uploads\/2022\/06\/Iridium-GO.jpg","type":"image\/jpeg"}],"twitter_card":"summary_large_image","twitter_site":"@pihernz","twitter_misc":{"Est. reading time":"1 minute"},"schema":{"@context":"https:\/\/schema.org","@graph":[{"@type":"WebPage","@id":"https:\/\/pihernz.com\/producto\/iridium-go-adaptador-satelite-para-smartphone\/","url":"https:\/\/pihernz.com\/producto\/iridium-go-adaptador-satelite-para-smartphone\/","name":"Iridium GO &#8211; Pihernz Comunicaciones","isPartOf":{"@id":"https:\/\/pihernz.com\/#website"},"primaryImageOfPage":{"@id":"https:\/\/pihernz.com\/producto\/iridium-go-adaptador-satelite-para-smartphone\/#primaryimage"},"image":{"@id":"https:\/\/pihernz.com\/producto\/iridium-go-adaptador-satelite-para-smartphone\/#primaryimage"},"thumbnailUrl":"https:\/\/pihernz.com\/wp-content\/uploads\/2022\/06\/Iridium-GO.jpg","datePublished":"2022-06-08T06:03:33+00:00","dateModified":"2025-02-20T10:33:55+00:00","breadcrumb":{"@id":"https:\/\/pihernz.com\/producto\/iridium-go-adaptador-satelite-para-smartphone\/#breadcrumb"},"inLanguage":"en-US","potentialAction":[{"@type":"ReadAction","target":["https:\/\/pihernz.com\/producto\/iridium-go-adaptador-satelite-para-smartphone\/"]}]},{"@type":"ImageObject","inLanguage":"en-US","@id":"https:\/\/pihernz.com\/producto\/iridium-go-adaptador-satelite-para-smartphone\/#primaryimage","url":"https:\/\/pihernz.com\/wp-content\/uploads\/2022\/06\/Iridium-GO.jpg","contentUrl":"https:\/\/pihernz.com\/wp-content\/uploads\/2022\/06\/Iridium-GO.jpg","width":560,"height":505,"caption":"El\u00a0Iridium GO! te permite usarr tu Smartphone como un tel\u00e9fono sat\u00e9lite scon un punto de acceso inal\u00e1mbrico\u00a0para\u00a0conectar el m\u00f3vil para voz y datos Internet en cualquier parte del mundo gracias a su conexi\u00f3n a la red Global de sat\u00e9lite de Iridium."},{"@type":"BreadcrumbList","@id":"https:\/\/pihernz.com\/producto\/iridium-go-adaptador-satelite-para-smartphone\/#breadcrumb","itemListElement":[{"@type":"ListItem","position":1,"name":"Portada","item":"https:\/\/pihernz.com\/en\/"},{"@type":"ListItem","position":2,"name":"Shop","item":"https:\/\/pihernz.com\/en\/shop\/"},{"@type":"ListItem","position":3,"name":"Iridium GO"}]},{"@type":"WebSite","@id":"https:\/\/pihernz.com\/#website","url":"https:\/\/pihernz.com\/","name":"www.pihernz.com","description":"Expertos en radiocomunicaciones","publisher":{"@id":"https:\/\/pihernz.com\/#organization"},"alternateName":"Pihenrz","potentialAction":[{"@type":"SearchAction","target":{"@type":"EntryPoint","urlTemplate":"https:\/\/pihernz.com\/?s={search_term_string}"},"query-input":{"@type":"PropertyValueSpecification","valueRequired":true,"valueName":"search_term_string"}}],"inLanguage":"en-US"},{"@type":"Organization","@id":"https:\/\/pihernz.com\/#organization","name":"Pihernz comunicaciones S.A.","alternateName":"Pihernz","url":"https:\/\/pihernz.com\/","logo":{"@type":"ImageObject","inLanguage":"en-US","@id":"https:\/\/pihernz.com\/#\/schema\/logo\/image\/","url":"https:\/\/pihernz.com\/wp-content\/uploads\/2020\/09\/logo.svg","contentUrl":"https:\/\/pihernz.com\/wp-content\/uploads\/2020\/09\/logo.svg","width":178,"height":39,"caption":"Pihernz comunicaciones S.A."},"image":{"@id":"https:\/\/pihernz.com\/#\/schema\/logo\/image\/"},"sameAs":["https:\/\/www.facebook.com\/pihernz.comunicaciones\/","https:\/\/x.com\/pihernz","https:\/\/www.instagram.com\/pihernzcomunicaciones\/","https:\/\/es.linkedin.com\/company\/pihernz-comunicaciones"]}]}},"_links":{"self":[{"href":"https:\/\/pihernz.com\/en\/wp-json\/wp\/v2\/product\/47264","targetHints":{"allow":["GET"]}}],"collection":[{"href":"https:\/\/pihernz.com\/en\/wp-json\/wp\/v2\/product"}],"about":[{"href":"https:\/\/pihernz.com\/en\/wp-json\/wp\/v2\/types\/product"}],"wp:featuredmedia":[{"embeddable":true,"href":"https:\/\/pihernz.com\/en\/wp-json\/wp\/v2\/media\/47266"}],"wp:attachment":[{"href":"https:\/\/pihernz.com\/en\/wp-json\/wp\/v2\/media?parent=47264"}],"wp:term":[{"taxonomy":"product_brand","embeddable":true,"href":"https:\/\/pihernz.com\/en\/wp-json\/wp\/v2\/product_brand?post=47264"},{"taxonomy":"product_cat","embeddable":true,"href":"https:\/\/pihernz.com\/en\/wp-json\/wp\/v2\/product_cat?post=47264"},{"taxonomy":"product_tag","embeddable":true,"href":"https:\/\/pihernz.com\/en\/wp-json\/wp\/v2\/product_tag?post=47264"}],"curies":[{"name":"wp","href":"https:\/\/api.w.org\/{rel}","templated":true}]}}