
{"id":33416,"date":"2021-04-30T11:01:45","date_gmt":"2021-05-03T10:31:54","guid":{"rendered":"https:\/\/pihernz.com\/?post_type=product&#038;p=33416"},"modified":"2025-05-12T09:23:56","modified_gmt":"2025-05-12T07:23:56","slug":"uniden-ezi-33xlt","status":"publish","type":"product","link":"https:\/\/pihernz.com\/en\/producto\/uniden-ezi-33xlt\/","title":{"rendered":"Uniden EZI-33XLT +"},"content":{"rendered":"<p>The\u00a0<strong>Uniden EZI-33XLT<\/strong>\u00a0is currently\u00a0<strong><span style=\"color: #ff0000;\">discontinued<\/span>.\u00a0<\/strong>You can check out other\u00a0<strong>alternative models\u00a0<a class=\"fui-Link ___w5et180 f2hkw1w f3rmtva f1ewtqcl fyind8e f1k6fduh f1w7gpdv f1mo0ibp fjoy568 ff5ikls f1s184ao f1mk8lai fnbmjn9 f1o700av f13mvf36 f1cmlufx f9n3di6 f1ids18y f1tx3yz7 f1deo86v f1eh06m1 f1iescvh fhgqx19 f1olyrje f1p93eir f1nev41a\" tabindex=\"0\" href=\"https:\/\/pihernz.com\/en\/product-category\/receptores-y-scanners-en\/radio-scanner\/\" target=\"_blank\" rel=\"noopener\" data-tabster=\"{&quot;restorer&quot;:{&quot;type&quot;:1}}\">here<\/a><\/p>\n<p><\/strong><\/p>\n<p><strong>FEATURES, FUNCTIONS AND SPECIFICATIONS:<\/strong><\/p>\n<p>\u2022 PRE-PROGRAMMED SERVICE SCAN:<\/p>\n<p>9 banks of pre-programmed frequencies ready for scanning.<\/p>\n<p>\u2022 FAVOURITE SCAN<\/p>\n<p>Up to 180 user programmable frequencies can be stored\u00a0and scanned in Favourites scan mode. Each SERVICE has\u00a0a Favourites bank for storing and scanning up to 20 of\u00a0your favourite frequencies.<\/p>\n<p>\u2022 INSTANT CHANNEL<\/p>\n<p>3 one-touch keys to store your 3 favourite frequencies.<\/p>\n<p>\u2022 DROPOUT DELAY<\/p>\n<p>The scanner, during scan, pauses at the end of a\u00a0transmission to wait for a reply. Delay time is 2 seconds.<\/p>\n<p>\u2022 LCD BACKLIGHT<\/p>\n<p>You can turn the orange LCD back light on\/off.<\/p>\n<p>\u2022 KEY LOCK<\/p>\n<p>Lets you lock the scanner\u2019s keys to help prevent\u00a0accidental changes to the scanner\u2019s programming.<\/p>\n<p>\u2022 MEMORY BACK UP<\/p>\n<p>Keeps the frequencies stored in memory for an extended\u00a0time if the scanner loses power.<\/p>\n<p>\u2022 BATTERY LOW ALERT<\/p>\n<p>Warns you when the battery power gets low.<\/p>\n<p>\u2022 LOCK-OUT<\/p>\n<p>Lets you set your scanner to skip over specified channels or frequencies when scanning.<\/p>\n<p>&nbsp;<\/p>\n<p><b>SPECIFICATIONS<\/b><\/p>\n<p>\u2022 Channels (Favourites + Instant): 183<\/p>\n<p>\u2022 Frequency Range (in MHz) See page 6 of user manual<\/p>\n<p>\u2022 Operating Temperature Normal: \u201320\u00b0C to +60\u00b0C<\/p>\n<p>\u2022 Scan Rate: 30 channels per second (Nominal)<\/p>\n<p>\u2022 Audio Output: 490 mW maximum<\/p>\n<p>\u2022 Built-in Speaker: 32 mm diameter, 24 Ohm, Dynamic Type<\/p>\n<p>\u2022 Current Drain:<\/p>\n<p>\u2022 Squelched: 60 mA<\/p>\n<p>\u2022 Full Output (Light off): 180 mA<\/p>\n<p>\u2022 Power Requirements:<\/p>\n<p>\u2022 2 x AA size Rechargeable NiMH Batteries (2300 mAh)(Included)<\/p>\n<p>\u2022 2 x AA size Alkaline Batteries (Not Included)<\/p>\n<p>\u2022 DC 5.0 V \u00b15 % from USB jack<\/p>\n<p>\u2022 Power Source: 3.0 V DC at Battery Terminal<\/p>\n<p>\u2022 Battery Low Turn On Voltage: 2.2 V (2.05 to 2.35)<\/p>\n<p>\u2022 Auto Power Off Voltage: 2.0 V (1.85 to 2.15)<\/p>\n<p>\u2022 Battery Charge Current: 250 mA (150 to 350)<\/p>\n<p>\u2022 Antenna: 50 Ohms (Impedance)<\/p>\n<p>\u2022 External Jacks:<\/p>\n<p>\u2022 Antenna Jack BNC Type<\/p>\n<p>\u2022 Head Phone Jack\/Earphone Jack: 3.5 \u03c6 Stereo Type<\/p>\n<p>\u2022 DC Power Jack: Micro USB Type-B<\/p>\n<p>\u2022 Internal Speakers: 24 Ohm, 0.8 W Max. (32 \u03c6)<\/p>\n<p>\u2022 Size: 53 mm (W) x 28 mm (D) x 104 mm (H) (without antenna and belt clip)<\/p>\n<p>\u2022 Weight (without Antenna and battery): 100 gram<\/p>\n<p>&nbsp;<\/p>\n<p><b>PACKING INCLUDES:<\/b><\/p>\n<ul>\n<li>Receiver<\/li>\n<li>Rubber antenna (BNC Type)<\/li>\n<li>Earphone (Stereo Type)<\/li>\n<li>2 batteries NiMH 1.2 V 2300 mAh<\/li>\n<li>USB cable (charge function only)<\/li>\n<li>Belt Clip<\/li>\n<li>User Manual<\/li>\n<\/ul>\n","protected":false},"excerpt":{"rendered":"<p>Handheld scanner receiver<\/p>\n","protected":false},"featured_media":33407,"template":"","meta":{"_acf_changed":false,"_relevanssi_hide_post":"","_relevanssi_hide_content":"","_relevanssi_pin_for_all":"","_relevanssi_pin_keywords":"","_relevanssi_unpin_keywords":"","_relevanssi_related_keywords":"","_relevanssi_related_include_ids":"","_relevanssi_related_exclude_ids":"","_relevanssi_related_no_append":"","_relevanssi_related_not_related":"","_relevanssi_related_posts":"","_relevanssi_noindex_reason":"","inline_featured_image":false,"_joinchat":[]},"product_brand":[],"product_cat":[12780],"product_tag":[],"class_list":{"0":"post-33416","1":"product","2":"type-product","3":"status-publish","4":"has-post-thumbnail","6":"product_cat-discontinued","8":"first","9":"outofstock","10":"taxable","11":"shipping-taxable","12":"purchasable","13":"product-type-simple"},"acf":[],"yoast_head":"<!-- This site is optimized with the Yoast SEO plugin v27.0 - https:\/\/yoast.com\/product\/yoast-seo-wordpress\/ -->\n<title>Uniden EZI-33XLT + &#8211; Pihernz Comunicaciones<\/title>\n<meta name=\"robots\" content=\"index, follow, max-snippet:-1, max-image-preview:large, max-video-preview:-1\" \/>\n<link rel=\"canonical\" href=\"https:\/\/pihernz.com\/en\/producto\/uniden-ezi-33xlt\/\" \/>\n<meta property=\"og:locale\" content=\"en_US\" \/>\n<meta property=\"og:type\" content=\"article\" \/>\n<meta property=\"og:title\" content=\"Uniden EZI-33XLT + &#8211; Pihernz Comunicaciones\" \/>\n<meta property=\"og:description\" content=\"Handheld scanner receiver\" \/>\n<meta property=\"og:url\" content=\"https:\/\/pihernz.com\/en\/producto\/uniden-ezi-33xlt\/\" \/>\n<meta property=\"og:site_name\" content=\"Pihernz Comunicaciones\" \/>\n<meta property=\"article:publisher\" content=\"https:\/\/www.facebook.com\/pihernz.comunicaciones\/\" \/>\n<meta property=\"article:modified_time\" content=\"2025-05-12T07:23:56+00:00\" \/>\n<meta property=\"og:image\" content=\"https:\/\/pihernz.com\/wp-content\/uploads\/2021\/04\/PNIEZI33XLTP_1-min.jpg\" \/>\n\t<meta property=\"og:image:width\" content=\"1000\" \/>\n\t<meta property=\"og:image:height\" content=\"1000\" \/>\n\t<meta property=\"og:image:type\" content=\"image\/jpeg\" \/>\n<meta name=\"twitter:card\" content=\"summary_large_image\" \/>\n<meta name=\"twitter:site\" content=\"@pihernz\" \/>\n<meta name=\"twitter:label1\" content=\"Est. reading time\" \/>\n\t<meta name=\"twitter:data1\" content=\"2 minutes\" \/>\n<script type=\"application\/ld+json\" class=\"yoast-schema-graph\">{\"@context\":\"https:\/\/schema.org\",\"@graph\":[{\"@type\":\"WebPage\",\"@id\":\"https:\/\/pihernz.com\/en\/producto\/uniden-ezi-33xlt\/\",\"url\":\"https:\/\/pihernz.com\/en\/producto\/uniden-ezi-33xlt\/\",\"name\":\"Uniden EZI-33XLT + &#8211; Pihernz Comunicaciones\",\"isPartOf\":{\"@id\":\"https:\/\/pihernz.com\/#website\"},\"primaryImageOfPage\":{\"@id\":\"https:\/\/pihernz.com\/en\/producto\/uniden-ezi-33xlt\/#primaryimage\"},\"image\":{\"@id\":\"https:\/\/pihernz.com\/en\/producto\/uniden-ezi-33xlt\/#primaryimage\"},\"thumbnailUrl\":\"https:\/\/pihernz.com\/wp-content\/uploads\/2021\/04\/PNIEZI33XLTP_1-min.jpg\",\"datePublished\":\"2021-05-03T10:31:54+00:00\",\"dateModified\":\"2025-05-12T07:23:56+00:00\",\"breadcrumb\":{\"@id\":\"https:\/\/pihernz.com\/en\/producto\/uniden-ezi-33xlt\/#breadcrumb\"},\"inLanguage\":\"en-US\",\"potentialAction\":[{\"@type\":\"ReadAction\",\"target\":[\"https:\/\/pihernz.com\/en\/producto\/uniden-ezi-33xlt\/\"]}]},{\"@type\":\"ImageObject\",\"inLanguage\":\"en-US\",\"@id\":\"https:\/\/pihernz.com\/en\/producto\/uniden-ezi-33xlt\/#primaryimage\",\"url\":\"https:\/\/pihernz.com\/wp-content\/uploads\/2021\/04\/PNIEZI33XLTP_1-min.jpg\",\"contentUrl\":\"https:\/\/pihernz.com\/wp-content\/uploads\/2021\/04\/PNIEZI33XLTP_1-min.jpg\",\"width\":1000,\"height\":1000,\"caption\":\"El Uniden EZI-33XLT es un receptor esc\u00e1ner port\u00e1til de dise\u00f1o compacto, 180 canales, 9 bandas (banda a\u00e9rea incluida).\"},{\"@type\":\"BreadcrumbList\",\"@id\":\"https:\/\/pihernz.com\/en\/producto\/uniden-ezi-33xlt\/#breadcrumb\",\"itemListElement\":[{\"@type\":\"ListItem\",\"position\":1,\"name\":\"Portada\",\"item\":\"https:\/\/pihernz.com\/en\/\"},{\"@type\":\"ListItem\",\"position\":2,\"name\":\"Shop\",\"item\":\"https:\/\/pihernz.com\/en\/shop\/\"},{\"@type\":\"ListItem\",\"position\":3,\"name\":\"Uniden EZI-33XLT +\"}]},{\"@type\":\"WebSite\",\"@id\":\"https:\/\/pihernz.com\/#website\",\"url\":\"https:\/\/pihernz.com\/\",\"name\":\"www.pihernz.com\",\"description\":\"Expertos en radiocomunicaciones\",\"publisher\":{\"@id\":\"https:\/\/pihernz.com\/#organization\"},\"alternateName\":\"Pihenrz\",\"potentialAction\":[{\"@type\":\"SearchAction\",\"target\":{\"@type\":\"EntryPoint\",\"urlTemplate\":\"https:\/\/pihernz.com\/?s={search_term_string}\"},\"query-input\":{\"@type\":\"PropertyValueSpecification\",\"valueRequired\":true,\"valueName\":\"search_term_string\"}}],\"inLanguage\":\"en-US\"},{\"@type\":\"Organization\",\"@id\":\"https:\/\/pihernz.com\/#organization\",\"name\":\"Pihernz comunicaciones S.A.\",\"alternateName\":\"Pihernz\",\"url\":\"https:\/\/pihernz.com\/\",\"logo\":{\"@type\":\"ImageObject\",\"inLanguage\":\"en-US\",\"@id\":\"https:\/\/pihernz.com\/#\/schema\/logo\/image\/\",\"url\":\"https:\/\/pihernz.com\/wp-content\/uploads\/2020\/09\/logo.svg\",\"contentUrl\":\"https:\/\/pihernz.com\/wp-content\/uploads\/2020\/09\/logo.svg\",\"width\":178,\"height\":39,\"caption\":\"Pihernz comunicaciones S.A.\"},\"image\":{\"@id\":\"https:\/\/pihernz.com\/#\/schema\/logo\/image\/\"},\"sameAs\":[\"https:\/\/www.facebook.com\/pihernz.comunicaciones\/\",\"https:\/\/x.com\/pihernz\",\"https:\/\/www.instagram.com\/pihernzcomunicaciones\/\",\"https:\/\/es.linkedin.com\/company\/pihernz-comunicaciones\"]}]}<\/script>\n<!-- \/ Yoast SEO plugin. -->","yoast_head_json":{"title":"Uniden EZI-33XLT + &#8211; Pihernz Comunicaciones","robots":{"index":"index","follow":"follow","max-snippet":"max-snippet:-1","max-image-preview":"max-image-preview:large","max-video-preview":"max-video-preview:-1"},"canonical":"https:\/\/pihernz.com\/en\/producto\/uniden-ezi-33xlt\/","og_locale":"en_US","og_type":"article","og_title":"Uniden EZI-33XLT + &#8211; Pihernz Comunicaciones","og_description":"Handheld scanner receiver","og_url":"https:\/\/pihernz.com\/en\/producto\/uniden-ezi-33xlt\/","og_site_name":"Pihernz Comunicaciones","article_publisher":"https:\/\/www.facebook.com\/pihernz.comunicaciones\/","article_modified_time":"2025-05-12T07:23:56+00:00","og_image":[{"width":1000,"height":1000,"url":"https:\/\/pihernz.com\/wp-content\/uploads\/2021\/04\/PNIEZI33XLTP_1-min.jpg","type":"image\/jpeg"}],"twitter_card":"summary_large_image","twitter_site":"@pihernz","twitter_misc":{"Est. reading time":"2 minutes"},"schema":{"@context":"https:\/\/schema.org","@graph":[{"@type":"WebPage","@id":"https:\/\/pihernz.com\/en\/producto\/uniden-ezi-33xlt\/","url":"https:\/\/pihernz.com\/en\/producto\/uniden-ezi-33xlt\/","name":"Uniden EZI-33XLT + &#8211; Pihernz Comunicaciones","isPartOf":{"@id":"https:\/\/pihernz.com\/#website"},"primaryImageOfPage":{"@id":"https:\/\/pihernz.com\/en\/producto\/uniden-ezi-33xlt\/#primaryimage"},"image":{"@id":"https:\/\/pihernz.com\/en\/producto\/uniden-ezi-33xlt\/#primaryimage"},"thumbnailUrl":"https:\/\/pihernz.com\/wp-content\/uploads\/2021\/04\/PNIEZI33XLTP_1-min.jpg","datePublished":"2021-05-03T10:31:54+00:00","dateModified":"2025-05-12T07:23:56+00:00","breadcrumb":{"@id":"https:\/\/pihernz.com\/en\/producto\/uniden-ezi-33xlt\/#breadcrumb"},"inLanguage":"en-US","potentialAction":[{"@type":"ReadAction","target":["https:\/\/pihernz.com\/en\/producto\/uniden-ezi-33xlt\/"]}]},{"@type":"ImageObject","inLanguage":"en-US","@id":"https:\/\/pihernz.com\/en\/producto\/uniden-ezi-33xlt\/#primaryimage","url":"https:\/\/pihernz.com\/wp-content\/uploads\/2021\/04\/PNIEZI33XLTP_1-min.jpg","contentUrl":"https:\/\/pihernz.com\/wp-content\/uploads\/2021\/04\/PNIEZI33XLTP_1-min.jpg","width":1000,"height":1000,"caption":"El Uniden EZI-33XLT es un receptor esc\u00e1ner port\u00e1til de dise\u00f1o compacto, 180 canales, 9 bandas (banda a\u00e9rea incluida)."},{"@type":"BreadcrumbList","@id":"https:\/\/pihernz.com\/en\/producto\/uniden-ezi-33xlt\/#breadcrumb","itemListElement":[{"@type":"ListItem","position":1,"name":"Portada","item":"https:\/\/pihernz.com\/en\/"},{"@type":"ListItem","position":2,"name":"Shop","item":"https:\/\/pihernz.com\/en\/shop\/"},{"@type":"ListItem","position":3,"name":"Uniden EZI-33XLT +"}]},{"@type":"WebSite","@id":"https:\/\/pihernz.com\/#website","url":"https:\/\/pihernz.com\/","name":"www.pihernz.com","description":"Expertos en radiocomunicaciones","publisher":{"@id":"https:\/\/pihernz.com\/#organization"},"alternateName":"Pihenrz","potentialAction":[{"@type":"SearchAction","target":{"@type":"EntryPoint","urlTemplate":"https:\/\/pihernz.com\/?s={search_term_string}"},"query-input":{"@type":"PropertyValueSpecification","valueRequired":true,"valueName":"search_term_string"}}],"inLanguage":"en-US"},{"@type":"Organization","@id":"https:\/\/pihernz.com\/#organization","name":"Pihernz comunicaciones S.A.","alternateName":"Pihernz","url":"https:\/\/pihernz.com\/","logo":{"@type":"ImageObject","inLanguage":"en-US","@id":"https:\/\/pihernz.com\/#\/schema\/logo\/image\/","url":"https:\/\/pihernz.com\/wp-content\/uploads\/2020\/09\/logo.svg","contentUrl":"https:\/\/pihernz.com\/wp-content\/uploads\/2020\/09\/logo.svg","width":178,"height":39,"caption":"Pihernz comunicaciones S.A."},"image":{"@id":"https:\/\/pihernz.com\/#\/schema\/logo\/image\/"},"sameAs":["https:\/\/www.facebook.com\/pihernz.comunicaciones\/","https:\/\/x.com\/pihernz","https:\/\/www.instagram.com\/pihernzcomunicaciones\/","https:\/\/es.linkedin.com\/company\/pihernz-comunicaciones"]}]}},"_links":{"self":[{"href":"https:\/\/pihernz.com\/en\/wp-json\/wp\/v2\/product\/33416","targetHints":{"allow":["GET"]}}],"collection":[{"href":"https:\/\/pihernz.com\/en\/wp-json\/wp\/v2\/product"}],"about":[{"href":"https:\/\/pihernz.com\/en\/wp-json\/wp\/v2\/types\/product"}],"wp:featuredmedia":[{"embeddable":true,"href":"https:\/\/pihernz.com\/en\/wp-json\/wp\/v2\/media\/33407"}],"wp:attachment":[{"href":"https:\/\/pihernz.com\/en\/wp-json\/wp\/v2\/media?parent=33416"}],"wp:term":[{"taxonomy":"product_brand","embeddable":true,"href":"https:\/\/pihernz.com\/en\/wp-json\/wp\/v2\/product_brand?post=33416"},{"taxonomy":"product_cat","embeddable":true,"href":"https:\/\/pihernz.com\/en\/wp-json\/wp\/v2\/product_cat?post=33416"},{"taxonomy":"product_tag","embeddable":true,"href":"https:\/\/pihernz.com\/en\/wp-json\/wp\/v2\/product_tag?post=33416"}],"curies":[{"name":"wp","href":"https:\/\/api.w.org\/{rel}","templated":true}]}}