
{"id":31128,"date":"2020-12-15T18:15:00","date_gmt":"2020-12-15T16:15:00","guid":{"rendered":"https:\/\/pihernz.com\/producto\/dynascan-2b\/"},"modified":"2025-05-06T13:04:23","modified_gmt":"2025-05-06T11:04:23","slug":"dynascan-2b-pmr-446-transceiver","status":"publish","type":"product","link":"https:\/\/pihernz.com\/en\/producto\/dynascan-2b-pmr-446-transceiver\/","title":{"rendered":"Dynascan 2B PMR-446 transceiver"},"content":{"rendered":"<p>Dynascan 2B is a new <a href=\"https:\/\/pihernz.com\/en\/product-category\/walkies-en\/pmr-446-professional-business-walkies-en\/\">PMR-446 Walkie-Talkie<\/a> of <strong>compact size<\/strong> that <strong>does not require a license<\/strong> and is <strong>ideal for stores, warehouses, restaurants and the service sector,<\/strong> which allows users to communicate free of charge with the rest of the walkies. It has <strong>8 channels<\/strong> and allows you to <strong>program up to 16<\/strong>. It also has a VOX function and transmission timer <strong>(TOT)<\/strong>, to prevent the transceiver from occupying a channel transmitting for a long time. It also allows you to <strong>lock the keyboard<\/strong>, so that you will avoid unintentional manipulations on the transceiver.<\/p>\n<h2>CHARACTERISTICS<\/h2>\n<ul>\n<li>Channel scan<\/li>\n<li>Transmission timing (TOT)<\/li>\n<li>CTCSS \/ DCS codes<\/li>\n<li>Voice command prompt<\/li>\n<li>Battery saving function<\/li>\n<li>Low battery alert<\/li>\n<li>Busy channel lock<\/li>\n<li>Voice Activated Transmission (VOX)<\/li>\n<li>Secraphony<\/li>\n<\/ul>\n<h2>TECHNICAL SPECIFICATIONS<\/h2>\n<ul>\n<li>Operating frequency range: 446.00625-446.19375MHz (Tx and Rx)<\/li>\n<li>Channels: 8<\/li>\n<li>Power supply: 3.7v \/ 1,200mA Lithium-Ion battery<\/li>\n<li>Operating temperature: -10 \u00b0 C + 40 \u00b0 C<\/li>\n<li>Transmit Power (P.R.A.): 0.5W<\/li>\n<li>Modulation Type: F3E<\/li>\n<li>Maximum deviation: \u22645kHz<\/li>\n<li>Spurious emissions: \u22640.25\u00b5W<\/li>\n<li>Spurious radiation: \u226447dBm<\/li>\n<li>Weight: 80 g (without battery)<\/li>\n<li>Dimensions (height x width x depth): 130 x 55 x 20 mm with antenna (95 mm without antenna)<\/li>\n<\/ul>\n<h2>CONTENT<\/h2>\n<ul>\n<li>PMR-446 Portable Transceiver<\/li>\n<li>Lithium-ion battery<\/li>\n<li>Battery charger<\/li>\n<li>USB Cable<\/li>\n<li>Belt clip<\/li>\n<li>Hand strap<\/li>\n<\/ul>\n<div style=\"width: 1920px;\" class=\"wp-video\"><!--[if lt IE 9]><script>document.createElement('video');<\/script><![endif]-->\n<video class=\"wp-video-shortcode\" id=\"video-31128-1\" width=\"1920\" height=\"1080\" loop preload=\"auto\" controls=\"controls\"><source type=\"video\/mp4\" src=\"https:\/\/pihernz.com\/wp-content\/uploads\/2020\/12\/DYNASCAN-2B-ING.mp4?_=1\" \/><a href=\"https:\/\/pihernz.com\/wp-content\/uploads\/2020\/12\/DYNASCAN-2B-ING.mp4\">https:\/\/pihernz.com\/wp-content\/uploads\/2020\/12\/DYNASCAN-2B-ING.mp4<\/a><\/video><\/div>\n","protected":false},"excerpt":{"rendered":"<p>PMR-446 handheld transceiver<\/p>\n","protected":false},"featured_media":68211,"template":"","meta":{"_acf_changed":false,"_relevanssi_hide_post":"","_relevanssi_hide_content":"","_relevanssi_pin_for_all":"","_relevanssi_pin_keywords":"","_relevanssi_unpin_keywords":"","_relevanssi_related_keywords":"","_relevanssi_related_include_ids":"","_relevanssi_related_exclude_ids":"","_relevanssi_related_no_append":"","_relevanssi_related_not_related":"","_relevanssi_related_posts":"","_relevanssi_noindex_reason":"","inline_featured_image":false,"_joinchat":[]},"product_brand":[12209],"product_cat":[12469,12360],"product_tag":[13035,12744],"class_list":{"0":"post-31128","1":"product","2":"type-product","3":"status-publish","4":"has-post-thumbnail","6":"product_brand-dynascan-en","7":"product_cat-dynascan-en","8":"product_cat-pmr-446-professional-business-walkies-en","9":"product_tag-hospitality-commerce","10":"product_tag-gifts","12":"first","13":"instock","14":"taxable","15":"shipping-taxable","16":"purchasable","17":"product-type-simple"},"acf":[],"yoast_head":"<!-- This site is optimized with the Yoast SEO plugin v27.0 - https:\/\/yoast.com\/product\/yoast-seo-wordpress\/ -->\n<title>Dynascan 2B PMR-446 transceiver &#8211; Pihernz Comunicaciones<\/title>\n<meta name=\"robots\" content=\"index, follow, max-snippet:-1, max-image-preview:large, max-video-preview:-1\" \/>\n<link rel=\"canonical\" href=\"https:\/\/pihernz.com\/en\/producto\/dynascan-2b-pmr-446-transceiver\/\" \/>\n<meta property=\"og:locale\" content=\"en_US\" \/>\n<meta property=\"og:type\" content=\"article\" \/>\n<meta property=\"og:title\" content=\"Dynascan 2B PMR-446 transceiver &#8211; Pihernz Comunicaciones\" \/>\n<meta property=\"og:description\" content=\"PMR-446 handheld transceiver\" \/>\n<meta property=\"og:url\" content=\"https:\/\/pihernz.com\/en\/producto\/dynascan-2b-pmr-446-transceiver\/\" \/>\n<meta property=\"og:site_name\" content=\"Pihernz Comunicaciones\" \/>\n<meta property=\"article:publisher\" content=\"https:\/\/www.facebook.com\/pihernz.comunicaciones\/\" \/>\n<meta property=\"article:modified_time\" content=\"2025-05-06T11:04:23+00:00\" \/>\n<meta property=\"og:image\" content=\"https:\/\/pihernz.com\/wp-content\/uploads\/2020\/12\/002B_Dynascan-2B_front.jpg\" \/>\n\t<meta property=\"og:image:width\" content=\"2400\" \/>\n\t<meta property=\"og:image:height\" content=\"2400\" \/>\n\t<meta property=\"og:image:type\" content=\"image\/jpeg\" \/>\n<meta name=\"twitter:card\" content=\"summary_large_image\" \/>\n<meta name=\"twitter:site\" content=\"@pihernz\" \/>\n<meta name=\"twitter:label1\" content=\"Est. reading time\" \/>\n\t<meta name=\"twitter:data1\" content=\"2 minutes\" \/>\n<script type=\"application\/ld+json\" class=\"yoast-schema-graph\">{\"@context\":\"https:\/\/schema.org\",\"@graph\":[{\"@type\":\"WebPage\",\"@id\":\"https:\/\/pihernz.com\/en\/producto\/dynascan-2b-pmr-446-transceiver\/\",\"url\":\"https:\/\/pihernz.com\/en\/producto\/dynascan-2b-pmr-446-transceiver\/\",\"name\":\"Dynascan 2B PMR-446 transceiver &#8211; Pihernz Comunicaciones\",\"isPartOf\":{\"@id\":\"https:\/\/pihernz.com\/#website\"},\"primaryImageOfPage\":{\"@id\":\"https:\/\/pihernz.com\/en\/producto\/dynascan-2b-pmr-446-transceiver\/#primaryimage\"},\"image\":{\"@id\":\"https:\/\/pihernz.com\/en\/producto\/dynascan-2b-pmr-446-transceiver\/#primaryimage\"},\"thumbnailUrl\":\"https:\/\/pihernz.com\/wp-content\/uploads\/2020\/12\/002B_Dynascan-2B_front.jpg\",\"datePublished\":\"2020-12-15T16:15:00+00:00\",\"dateModified\":\"2025-05-06T11:04:23+00:00\",\"breadcrumb\":{\"@id\":\"https:\/\/pihernz.com\/en\/producto\/dynascan-2b-pmr-446-transceiver\/#breadcrumb\"},\"inLanguage\":\"en-US\",\"potentialAction\":[{\"@type\":\"ReadAction\",\"target\":[\"https:\/\/pihernz.com\/en\/producto\/dynascan-2b-pmr-446-transceiver\/\"]}]},{\"@type\":\"ImageObject\",\"inLanguage\":\"en-US\",\"@id\":\"https:\/\/pihernz.com\/en\/producto\/dynascan-2b-pmr-446-transceiver\/#primaryimage\",\"url\":\"https:\/\/pihernz.com\/wp-content\/uploads\/2020\/12\/002B_Dynascan-2B_front.jpg\",\"contentUrl\":\"https:\/\/pihernz.com\/wp-content\/uploads\/2020\/12\/002B_Dynascan-2B_front.jpg\",\"width\":2400,\"height\":2400,\"caption\":\"Alexis Dengra \u00b7 Retouch &amp; Photo Fotograf\u00eda industrial, especialidad maquinaria en acero y cromados. Fotograf\u00eda e-commerce y productos en 360\u00ba. Fotograf\u00eda publicitaria de producto y life style. Fotograf\u00eda de interiorismo comercial, empresas, hosteler\u00eda y restauraci\u00f3n. Tours virtuales interactivos en 360\u00ba. Retoque digital profesional para agencias. Consultoria para departamentos e-commerce.\"},{\"@type\":\"BreadcrumbList\",\"@id\":\"https:\/\/pihernz.com\/en\/producto\/dynascan-2b-pmr-446-transceiver\/#breadcrumb\",\"itemListElement\":[{\"@type\":\"ListItem\",\"position\":1,\"name\":\"Portada\",\"item\":\"https:\/\/pihernz.com\/en\/\"},{\"@type\":\"ListItem\",\"position\":2,\"name\":\"Shop\",\"item\":\"https:\/\/pihernz.com\/en\/shop\/\"},{\"@type\":\"ListItem\",\"position\":3,\"name\":\"Dynascan 2B PMR-446 transceiver\"}]},{\"@type\":\"WebSite\",\"@id\":\"https:\/\/pihernz.com\/#website\",\"url\":\"https:\/\/pihernz.com\/\",\"name\":\"www.pihernz.com\",\"description\":\"Expertos en radiocomunicaciones\",\"publisher\":{\"@id\":\"https:\/\/pihernz.com\/#organization\"},\"alternateName\":\"Pihenrz\",\"potentialAction\":[{\"@type\":\"SearchAction\",\"target\":{\"@type\":\"EntryPoint\",\"urlTemplate\":\"https:\/\/pihernz.com\/?s={search_term_string}\"},\"query-input\":{\"@type\":\"PropertyValueSpecification\",\"valueRequired\":true,\"valueName\":\"search_term_string\"}}],\"inLanguage\":\"en-US\"},{\"@type\":\"Organization\",\"@id\":\"https:\/\/pihernz.com\/#organization\",\"name\":\"Pihernz comunicaciones S.A.\",\"alternateName\":\"Pihernz\",\"url\":\"https:\/\/pihernz.com\/\",\"logo\":{\"@type\":\"ImageObject\",\"inLanguage\":\"en-US\",\"@id\":\"https:\/\/pihernz.com\/#\/schema\/logo\/image\/\",\"url\":\"https:\/\/pihernz.com\/wp-content\/uploads\/2020\/09\/logo.svg\",\"contentUrl\":\"https:\/\/pihernz.com\/wp-content\/uploads\/2020\/09\/logo.svg\",\"width\":178,\"height\":39,\"caption\":\"Pihernz comunicaciones S.A.\"},\"image\":{\"@id\":\"https:\/\/pihernz.com\/#\/schema\/logo\/image\/\"},\"sameAs\":[\"https:\/\/www.facebook.com\/pihernz.comunicaciones\/\",\"https:\/\/x.com\/pihernz\",\"https:\/\/www.instagram.com\/pihernzcomunicaciones\/\",\"https:\/\/es.linkedin.com\/company\/pihernz-comunicaciones\"]}]}<\/script>\n<!-- \/ Yoast SEO plugin. -->","yoast_head_json":{"title":"Dynascan 2B PMR-446 transceiver &#8211; Pihernz Comunicaciones","robots":{"index":"index","follow":"follow","max-snippet":"max-snippet:-1","max-image-preview":"max-image-preview:large","max-video-preview":"max-video-preview:-1"},"canonical":"https:\/\/pihernz.com\/en\/producto\/dynascan-2b-pmr-446-transceiver\/","og_locale":"en_US","og_type":"article","og_title":"Dynascan 2B PMR-446 transceiver &#8211; Pihernz Comunicaciones","og_description":"PMR-446 handheld transceiver","og_url":"https:\/\/pihernz.com\/en\/producto\/dynascan-2b-pmr-446-transceiver\/","og_site_name":"Pihernz Comunicaciones","article_publisher":"https:\/\/www.facebook.com\/pihernz.comunicaciones\/","article_modified_time":"2025-05-06T11:04:23+00:00","og_image":[{"width":2400,"height":2400,"url":"https:\/\/pihernz.com\/wp-content\/uploads\/2020\/12\/002B_Dynascan-2B_front.jpg","type":"image\/jpeg"}],"twitter_card":"summary_large_image","twitter_site":"@pihernz","twitter_misc":{"Est. reading time":"2 minutes"},"schema":{"@context":"https:\/\/schema.org","@graph":[{"@type":"WebPage","@id":"https:\/\/pihernz.com\/en\/producto\/dynascan-2b-pmr-446-transceiver\/","url":"https:\/\/pihernz.com\/en\/producto\/dynascan-2b-pmr-446-transceiver\/","name":"Dynascan 2B PMR-446 transceiver &#8211; Pihernz Comunicaciones","isPartOf":{"@id":"https:\/\/pihernz.com\/#website"},"primaryImageOfPage":{"@id":"https:\/\/pihernz.com\/en\/producto\/dynascan-2b-pmr-446-transceiver\/#primaryimage"},"image":{"@id":"https:\/\/pihernz.com\/en\/producto\/dynascan-2b-pmr-446-transceiver\/#primaryimage"},"thumbnailUrl":"https:\/\/pihernz.com\/wp-content\/uploads\/2020\/12\/002B_Dynascan-2B_front.jpg","datePublished":"2020-12-15T16:15:00+00:00","dateModified":"2025-05-06T11:04:23+00:00","breadcrumb":{"@id":"https:\/\/pihernz.com\/en\/producto\/dynascan-2b-pmr-446-transceiver\/#breadcrumb"},"inLanguage":"en-US","potentialAction":[{"@type":"ReadAction","target":["https:\/\/pihernz.com\/en\/producto\/dynascan-2b-pmr-446-transceiver\/"]}]},{"@type":"ImageObject","inLanguage":"en-US","@id":"https:\/\/pihernz.com\/en\/producto\/dynascan-2b-pmr-446-transceiver\/#primaryimage","url":"https:\/\/pihernz.com\/wp-content\/uploads\/2020\/12\/002B_Dynascan-2B_front.jpg","contentUrl":"https:\/\/pihernz.com\/wp-content\/uploads\/2020\/12\/002B_Dynascan-2B_front.jpg","width":2400,"height":2400,"caption":"Alexis Dengra \u00b7 Retouch &amp; Photo Fotograf\u00eda industrial, especialidad maquinaria en acero y cromados. Fotograf\u00eda e-commerce y productos en 360\u00ba. Fotograf\u00eda publicitaria de producto y life style. Fotograf\u00eda de interiorismo comercial, empresas, hosteler\u00eda y restauraci\u00f3n. Tours virtuales interactivos en 360\u00ba. Retoque digital profesional para agencias. Consultoria para departamentos e-commerce."},{"@type":"BreadcrumbList","@id":"https:\/\/pihernz.com\/en\/producto\/dynascan-2b-pmr-446-transceiver\/#breadcrumb","itemListElement":[{"@type":"ListItem","position":1,"name":"Portada","item":"https:\/\/pihernz.com\/en\/"},{"@type":"ListItem","position":2,"name":"Shop","item":"https:\/\/pihernz.com\/en\/shop\/"},{"@type":"ListItem","position":3,"name":"Dynascan 2B PMR-446 transceiver"}]},{"@type":"WebSite","@id":"https:\/\/pihernz.com\/#website","url":"https:\/\/pihernz.com\/","name":"www.pihernz.com","description":"Expertos en radiocomunicaciones","publisher":{"@id":"https:\/\/pihernz.com\/#organization"},"alternateName":"Pihenrz","potentialAction":[{"@type":"SearchAction","target":{"@type":"EntryPoint","urlTemplate":"https:\/\/pihernz.com\/?s={search_term_string}"},"query-input":{"@type":"PropertyValueSpecification","valueRequired":true,"valueName":"search_term_string"}}],"inLanguage":"en-US"},{"@type":"Organization","@id":"https:\/\/pihernz.com\/#organization","name":"Pihernz comunicaciones S.A.","alternateName":"Pihernz","url":"https:\/\/pihernz.com\/","logo":{"@type":"ImageObject","inLanguage":"en-US","@id":"https:\/\/pihernz.com\/#\/schema\/logo\/image\/","url":"https:\/\/pihernz.com\/wp-content\/uploads\/2020\/09\/logo.svg","contentUrl":"https:\/\/pihernz.com\/wp-content\/uploads\/2020\/09\/logo.svg","width":178,"height":39,"caption":"Pihernz comunicaciones S.A."},"image":{"@id":"https:\/\/pihernz.com\/#\/schema\/logo\/image\/"},"sameAs":["https:\/\/www.facebook.com\/pihernz.comunicaciones\/","https:\/\/x.com\/pihernz","https:\/\/www.instagram.com\/pihernzcomunicaciones\/","https:\/\/es.linkedin.com\/company\/pihernz-comunicaciones"]}]}},"_links":{"self":[{"href":"https:\/\/pihernz.com\/en\/wp-json\/wp\/v2\/product\/31128","targetHints":{"allow":["GET"]}}],"collection":[{"href":"https:\/\/pihernz.com\/en\/wp-json\/wp\/v2\/product"}],"about":[{"href":"https:\/\/pihernz.com\/en\/wp-json\/wp\/v2\/types\/product"}],"wp:featuredmedia":[{"embeddable":true,"href":"https:\/\/pihernz.com\/en\/wp-json\/wp\/v2\/media\/68211"}],"wp:attachment":[{"href":"https:\/\/pihernz.com\/en\/wp-json\/wp\/v2\/media?parent=31128"}],"wp:term":[{"taxonomy":"product_brand","embeddable":true,"href":"https:\/\/pihernz.com\/en\/wp-json\/wp\/v2\/product_brand?post=31128"},{"taxonomy":"product_cat","embeddable":true,"href":"https:\/\/pihernz.com\/en\/wp-json\/wp\/v2\/product_cat?post=31128"},{"taxonomy":"product_tag","embeddable":true,"href":"https:\/\/pihernz.com\/en\/wp-json\/wp\/v2\/product_tag?post=31128"}],"curies":[{"name":"wp","href":"https:\/\/api.w.org\/{rel}","templated":true}]}}