
{"id":20768,"date":"2020-02-21T12:30:02","date_gmt":"2020-02-21T10:30:02","guid":{"rendered":"https:\/\/pihernz.com\/my-account\/registro\/"},"modified":"2022-11-03T20:39:07","modified_gmt":"2022-11-03T18:39:07","slug":"register","status":"publish","type":"page","link":"https:\/\/pihernz.com\/en\/register\/","title":{"rendered":"Register"},"content":{"rendered":"\n<div class=\"wp-block-group\"><div class=\"wp-block-group__inner-container is-layout-flow wp-block-group-is-layout-flow\">\n<div class=\"wpcf7 no-js\" id=\"wpcf7-f27588-o1\" lang=\"es-ES\" dir=\"ltr\" data-wpcf7-id=\"27588\">\n<div class=\"screen-reader-response\"><p role=\"status\" aria-live=\"polite\" aria-atomic=\"true\"><\/p> <ul><\/ul><\/div>\n<form action=\"\/en\/wp-json\/wp\/v2\/pages\/20768#wpcf7-f27588-o1\" method=\"post\" class=\"wpcf7-form init\" aria-label=\"Formulario de contacto\" novalidate=\"novalidate\" data-status=\"init\">\n<fieldset class=\"hidden-fields-container\"><input type=\"hidden\" name=\"_wpcf7\" value=\"27588\" \/><input type=\"hidden\" name=\"_wpcf7_version\" value=\"6.1.5\" \/><input type=\"hidden\" name=\"_wpcf7_locale\" value=\"es_ES\" \/><input type=\"hidden\" name=\"_wpcf7_unit_tag\" value=\"wpcf7-f27588-o1\" \/><input type=\"hidden\" name=\"_wpcf7_container_post\" value=\"0\" \/><input type=\"hidden\" name=\"_wpcf7_posted_data_hash\" value=\"\" \/>\n<\/fieldset>\n<div class=\"section register-form\">\n\t<h3>Registration Form\n\t<\/h3>\n<div class=\"wpcf7-response-output\" aria-hidden=\"true\"><\/div>\n\t<div class=\"wc-block-components-text-input\">\n\t\t<p><span class=\"wpcf7-form-control-wrap\" data-name=\"your-name\"><input size=\"40\" maxlength=\"400\" class=\"wpcf7-form-control wpcf7-text wpcf7-validates-as-required form-control\" id=\"lbl-001\" aria-required=\"true\" aria-invalid=\"false\" value=\"\" type=\"text\" name=\"your-name\" \/><\/span><label for=\"lbl-001\">Name<span class=\"req\">*<\/span><\/label>\n\t\t<\/p>\n\t<\/div>\n\t<div class=\"wc-block-components-text-input\">\n\t\t<p><span class=\"wpcf7-form-control-wrap\" data-name=\"your-company\"><input size=\"40\" maxlength=\"400\" class=\"wpcf7-form-control wpcf7-text wpcf7-validates-as-required form-control\" id=\"lbl-002\" aria-required=\"true\" aria-invalid=\"false\" value=\"\" type=\"text\" name=\"your-company\" \/><\/span><label for=\"lbl-002\">Company or commercial name<span class=\"req\">*<\/span><\/label>\n\t\t<\/p>\n\t<\/div>\n\t<div class=\"wc-block-components-text-input\">\n\t\t<p><span class=\"wpcf7-form-control-wrap\" data-name=\"your-email\"><input size=\"40\" maxlength=\"400\" class=\"wpcf7-form-control wpcf7-email wpcf7-validates-as-required wpcf7-text wpcf7-validates-as-email form-control\" id=\"lbl-003\" aria-required=\"true\" aria-invalid=\"false\" value=\"\" type=\"email\" name=\"your-email\" \/><\/span><label for=\"lbl-003\">E-mail<span class=\"req\">*<\/span><\/label>\n\t\t<\/p>\n\t<\/div>\n\t<div class=\"wc-block-components-text-input\">\n\t\t<p><span class=\"wpcf7-form-control-wrap\" data-name=\"your-city\"><input size=\"40\" maxlength=\"400\" class=\"wpcf7-form-control wpcf7-text wpcf7-validates-as-required form-control\" id=\"lbl-004\" aria-required=\"true\" aria-invalid=\"false\" value=\"\" type=\"text\" name=\"your-city\" \/><\/span><label for=\"lbl-004\">City<span class=\"req\">*<\/span><\/label>\n\t\t<\/p>\n\t<\/div>\n\t<div class=\"wc-blocks-components-select\">\n\t\t<div class=\"wc-blocks-components-select__container\">\n\t\t\t<p><span class=\"wpcf7-form-control-wrap\" data-name=\"your-country\"><select class=\"wpcf7-form-control wpcf7-select wpcf7-validates-as-required wc-blocks-components-select__select\" id=\"lbl-005\" aria-required=\"true\" aria-invalid=\"false\" name=\"your-country\"><option value=\"\">&#8212;Por favor, elige una opci\u00f3n&#8212;<\/option><option value=\"Afganist\u00e1n\">Afganist\u00e1n<\/option><option value=\"Angola\">Angola<\/option><option value=\"Albania\">Albania<\/option><option value=\"Andorra\">Andorra<\/option><option value=\"Emiratos \u00c1rabes Unidos\">Emiratos \u00c1rabes Unidos<\/option><option value=\"Argentina\">Argentina<\/option><option value=\"Armenia\">Armenia<\/option><option value=\"Antigua and Barbuda\">Antigua and Barbuda<\/option><option value=\"Australia\">Australia<\/option><option value=\"Austria\">Austria<\/option><option value=\"Azerbay\u00e1n\">Azerbay\u00e1n<\/option><option value=\"Burundi\">Burundi<\/option><option value=\"B\u00e9lgica\">B\u00e9lgica<\/option><option value=\"Ben\u00edn\">Ben\u00edn<\/option><option value=\"Burkina Faso\">Burkina Faso<\/option><option value=\"Bangladesh\">Bangladesh<\/option><option value=\"Bulgaria\">Bulgaria<\/option><option value=\"Bahrein\">Bahrein<\/option><option value=\"Bahamas\">Bahamas<\/option><option value=\"Bosnia and Herzegovina\">Bosnia and Herzegovina<\/option><option value=\"Bielorrusia\">Bielorrusia<\/option><option value=\"Belice\">Belice<\/option><option value=\"Bolivia\">Bolivia<\/option><option value=\"Brasil\">Brasil<\/option><option value=\"Barbados\">Barbados<\/option><option value=\"Brun\u00e9i\">Brun\u00e9i<\/option><option value=\"Bhut\u00e1n\">Bhut\u00e1n<\/option><option value=\"Botsuana\">Botsuana<\/option><option value=\"Rep\u00fablica Centroafricana\">Rep\u00fablica Centroafricana<\/option><option value=\"Canada\">Canada<\/option><option value=\"Suiza\">Suiza<\/option><option value=\"Chile\">Chile<\/option><option value=\"China\">China<\/option><option value=\"Costa de Marfil\">Costa de Marfil<\/option><option value=\"Camer\u00fan\">Camer\u00fan<\/option><option value=\"Congo, Rep\u00fablica Democr\u00e1tica del\">Congo, Rep\u00fablica Democr\u00e1tica del<\/option><option value=\"Congo\">Congo<\/option><option value=\"Colombia\">Colombia<\/option><option value=\"Comoras\">Comoras<\/option><option value=\"Cabo Verde\">Cabo Verde<\/option><option value=\"Costa Rica\">Costa Rica<\/option><option value=\"Cuba\">Cuba<\/option><option value=\"Chipre\">Chipre<\/option><option value=\"Czechia\">Czechia<\/option><option value=\"Alemania\">Alemania<\/option><option value=\"Yibuti\">Yibuti<\/option><option value=\"Dominica\">Dominica<\/option><option value=\"Dinamarca\">Dinamarca<\/option><option value=\"Rep\u00fablica Dominicana\">Rep\u00fablica Dominicana<\/option><option value=\"Argelia\">Argelia<\/option><option value=\"Ecuador\">Ecuador<\/option><option value=\"Egipto\">Egipto<\/option><option value=\"Eritrea\">Eritrea<\/option><option value=\"Espa\u00f1a\">Espa\u00f1a<\/option><option value=\"Estonia\">Estonia<\/option><option value=\"Etiop\u00eda\">Etiop\u00eda<\/option><option value=\"Finlandia\">Finlandia<\/option><option value=\"Fiji\">Fiji<\/option><option value=\"Francia\">Francia<\/option><option value=\"Micronesia\">Micronesia<\/option><option value=\"Gabon\">Gabon<\/option><option value=\"United Kingdom of Great Britain and Northern Ireland\">United Kingdom of Great Britain and Northern Ireland<\/option><option value=\"Georgia\">Georgia<\/option><option value=\"Ghana\">Ghana<\/option><option value=\"Guinea\">Guinea<\/option><option value=\"Gambia\">Gambia<\/option><option value=\"Guinea-Bissau\">Guinea-Bissau<\/option><option value=\"Guinea Ecuatorial\">Guinea Ecuatorial<\/option><option value=\"Grecia\">Grecia<\/option><option value=\"Granada\">Granada<\/option><option value=\"Guatemala\">Guatemala<\/option><option value=\"Guyana\">Guyana<\/option><option value=\"Honduras\">Honduras<\/option><option value=\"Croacia\">Croacia<\/option><option value=\"Hait\u00ed\">Hait\u00ed<\/option><option value=\"Hungr\u00eda\">Hungr\u00eda<\/option><option value=\"Indonesia\">Indonesia<\/option><option value=\"India\">India<\/option><option value=\"Irlanda\">Irlanda<\/option><option value=\"Ir\u00e1n, Rep\u00fablica Isl\u00e1mica de\">Ir\u00e1n, Rep\u00fablica Isl\u00e1mica de<\/option><option value=\"Irak\">Irak<\/option><option value=\"Islandia\">Islandia<\/option><option value=\"Israel\">Israel<\/option><option value=\"Italia\">Italia<\/option><option value=\"Jamaica\">Jamaica<\/option><option value=\"Jordania\">Jordania<\/option><option value=\"Jap\u00f3n\">Jap\u00f3n<\/option><option value=\"Kazajist\u00e1n\">Kazajist\u00e1n<\/option><option value=\"Kenia\">Kenia<\/option><option value=\"Kirgizst\u00e1n\">Kirgizst\u00e1n<\/option><option value=\"Camboya\">Camboya<\/option><option value=\"Kiribati\">Kiribati<\/option><option value=\"Saint Kitts and Nevis\">Saint Kitts and Nevis<\/option><option value=\"Corea del Sur\">Corea del Sur<\/option><option value=\"Kuwait\">Kuwait<\/option><option value=\"Rep\u00fablica Popular Democr\u00e1tica de Laos\">Rep\u00fablica Popular Democr\u00e1tica de Laos<\/option><option value=\"Lebanon\">Lebanon<\/option><option value=\"Liberia\">Liberia<\/option><option value=\"Libia\">Libia<\/option><option value=\"Santa Luc\u00eda\">Santa Luc\u00eda<\/option><option value=\"Liechtenstein\">Liechtenstein<\/option><option value=\"Sri Lanka\">Sri Lanka<\/option><option value=\"Lesoto\">Lesoto<\/option><option value=\"Lituania\">Lituania<\/option><option value=\"Luxemburgo\">Luxemburgo<\/option><option value=\"Letonia\">Letonia<\/option><option value=\"Marruecos\">Marruecos<\/option><option value=\"Monaco\">Monaco<\/option><option value=\"Moldavia\">Moldavia<\/option><option value=\"Madagascar\">Madagascar<\/option><option value=\"Islas Maldivas\">Islas Maldivas<\/option><option value=\"Mexico\">Mexico<\/option><option value=\"Islas Marshall\">Islas Marshall<\/option><option value=\"North Macedonia\">North Macedonia<\/option><option value=\"Mali\">Mali<\/option><option value=\"Malta\">Malta<\/option><option value=\"Birmania\">Birmania<\/option><option value=\"Montenegro\">Montenegro<\/option><option value=\"Mongolia\">Mongolia<\/option><option value=\"Mozambique\">Mozambique<\/option><option value=\"Mauritania\">Mauritania<\/option><option value=\"Mauricio\">Mauricio<\/option><option value=\"Malawi\">Malawi<\/option><option value=\"Malasia\">Malasia<\/option><option value=\"Namibia\">Namibia<\/option><option value=\"Niger\">Niger<\/option><option value=\"Nigeria\">Nigeria<\/option><option value=\"Nicaragua\">Nicaragua<\/option><option value=\"Netherlands, Kingdom of the\">Netherlands, Kingdom of the<\/option><option value=\"Norway\">Norway<\/option><option value=\"Nepal\">Nepal<\/option><option value=\"Nauru\">Nauru<\/option><option value=\"Nueva Zelanda\">Nueva Zelanda<\/option><option value=\"Om\u00e1n\">Om\u00e1n<\/option><option value=\"Pakist\u00e1n\">Pakist\u00e1n<\/option><option value=\"Panam\u00e1\">Panam\u00e1<\/option><option value=\"Per\u00fa\">Per\u00fa<\/option><option value=\"Filipinas\">Filipinas<\/option><option value=\"Palau\">Palau<\/option><option value=\"Pap\u00faa Nueva Guinea\">Pap\u00faa Nueva Guinea<\/option><option value=\"Polonia\">Polonia<\/option><option value=\"Corea del Norte\">Corea del Norte<\/option><option value=\"Portugal\">Portugal<\/option><option value=\"Paraguay\">Paraguay<\/option><option value=\"Qatar\">Qatar<\/option><option value=\"Ruman\u00eda\">Ruman\u00eda<\/option><option value=\"Rusia\">Rusia<\/option><option value=\"Ruanda\">Ruanda<\/option><option value=\"Arabia Saudita\">Arabia Saudita<\/option><option value=\"Sud\u00e1n\">Sud\u00e1n<\/option><option value=\"Senegal\">Senegal<\/option><option value=\"Singapur\">Singapur<\/option><option value=\"Solomon Islands\">Solomon Islands<\/option><option value=\"Sierra Leona\">Sierra Leona<\/option><option value=\"El Salvador\">El Salvador<\/option><option value=\"San Marino\">San Marino<\/option><option value=\"Somalia\">Somalia<\/option><option value=\"Serbia\">Serbia<\/option><option value=\"Sud\u00e1n del Sur\">Sud\u00e1n del Sur<\/option><option value=\"Santo Tom\u00e9 y Pr\u00edncipe\">Santo Tom\u00e9 y Pr\u00edncipe<\/option><option value=\"Surin\u00e1m\">Surin\u00e1m<\/option><option value=\"Eslovaquia\">Eslovaquia<\/option><option value=\"Eslovenia\">Eslovenia<\/option><option value=\"Suecia\">Suecia<\/option><option value=\"Eswatini\">Eswatini<\/option><option value=\"Seychelles\">Seychelles<\/option><option value=\"Siria\">Siria<\/option><option value=\"Chad\">Chad<\/option><option value=\"Togo\">Togo<\/option><option value=\"Tailandia\">Tailandia<\/option><option value=\"Tadjikist\u00e1n\">Tadjikist\u00e1n<\/option><option value=\"Turkmenistan\">Turkmenistan<\/option><option value=\"Timor Oriental\">Timor Oriental<\/option><option value=\"Tonga\">Tonga<\/option><option value=\"Trinidad y Tobago\">Trinidad y Tobago<\/option><option value=\"Tunez\">Tunez<\/option><option value=\"Turqu\u00eda\">Turqu\u00eda<\/option><option value=\"Tuvalu\">Tuvalu<\/option><option value=\"Tanzania\">Tanzania<\/option><option value=\"Uganda\">Uganda<\/option><option value=\"Ucrania\">Ucrania<\/option><option value=\"Uruguay\">Uruguay<\/option><option value=\"United States of America\">United States of America<\/option><option value=\"Uzbekist\u00e1n\">Uzbekist\u00e1n<\/option><option value=\"San Vicente y las Granadinas\">San Vicente y las Granadinas<\/option><option value=\"Venezuela\">Venezuela<\/option><option value=\"Vietnam\">Vietnam<\/option><option value=\"Vanuatu\">Vanuatu<\/option><option value=\"Samoa\">Samoa<\/option><option value=\"Yemen\">Yemen<\/option><option value=\"Sud\u00e1frica\">Sud\u00e1frica<\/option><option value=\"Zambia\">Zambia<\/option><option value=\"Zimbabwe\">Zimbabwe<\/option><\/select><\/span><label for=\"lbl-005\">Country<span class=\"req\">*<\/span><\/label>\n\t\t\t<\/p>\n\t\t<\/div>\n\t<\/div>\n\t<div class=\"wc-block-components-text-input\">\n\t\t<p><span class=\"wpcf7-form-control-wrap\" data-name=\"your-phone\"><input size=\"40\" maxlength=\"400\" class=\"wpcf7-form-control wpcf7-tel wpcf7-validates-as-required wpcf7-text wpcf7-validates-as-tel form-control\" id=\"lbl-006\" aria-required=\"true\" aria-invalid=\"false\" value=\"\" type=\"tel\" name=\"your-phone\" \/><\/span><label for=\"lbl-006\">Phone number<span class=\"req\">*<\/span><\/label>\n\t\t<\/p>\n\t<\/div>\n\t<div class=\"wc-block-components-text-input\">\n\t\t<p><span class=\"wpcf7-form-control-wrap\" data-name=\"your-cif\"><input size=\"40\" maxlength=\"400\" class=\"wpcf7-form-control wpcf7-text wpcf7-validates-as-required form-control\" id=\"lbl-007\" aria-required=\"true\" aria-invalid=\"false\" value=\"\" type=\"text\" name=\"your-cif\" \/><\/span><label for=\"lbl-007\">VAT number<span class=\"req\">*<\/span><\/label>\n\t\t<\/p>\n\t<\/div>\n\t<div class=\"wc-block-components-text-input margin-bottom\">\n\t\t<p><span class=\"wpcf7-form-control-wrap\" data-name=\"your-message\"><textarea cols=\"40\" rows=\"10\" maxlength=\"2000\" class=\"wpcf7-form-control wpcf7-textarea wpcf7-validates-as-required\" aria-required=\"true\" aria-invalid=\"false\" placeholder=\"Please tell us more about your company and the products you are interested in.*\" name=\"your-message\"><\/textarea><\/span>\n\t\t<\/p>\n\t<\/div>\n\t<div class=\"checkbox\">\n\t\t<p><span class=\"wpcf7-form-control-wrap\" data-name=\"your-agree\"><span class=\"wpcf7-form-control wpcf7-checkbox wpcf7-validates-as-required\"><span class=\"wpcf7-list-item first last\"><label><input type=\"checkbox\" name=\"your-agree[]\" value=\"I have read and agree with the\" \/><span class=\"wpcf7-list-item-label\">I have read and agree with the<\/span><\/label><\/span><\/span><\/span>&nbsp;<a class=\"privacy-label\" target=\"_blank\" href=\"https:\/\/pihernz.com\/en\/politica-de-proteccion-de-datos\/\">Privacy Policy<\/a>\n\t\t<\/p>\n\t<\/div>\n\t<div class=\"checkbox\">\n\t\t<p><!-- Mailchimp for WordPress v4.11.1 - https:\/\/www.mc4wp.com\/ --><input type=\"hidden\" name=\"_mc4wp_subscribe_contact-form-7\" value=\"0\" \/><span class=\"mc4wp-checkbox mc4wp-checkbox-contact-form-7 \"><label><input type=\"checkbox\" name=\"_mc4wp_subscribe_contact-form-7\" value=\"1\" ><span>Quiero suscribirme a la Newsletter<\/span><\/label><\/span><!-- \/ Mailchimp for WordPress -->\n\t\t<\/p>\n\t<\/div>\n\t<p><div id=\"cf7sr-69d5377bc95a5\" class=\"cf7sr-g-recaptcha\" data-theme=\"light\" data-type=\"image\" data-size=\"normal\" data-sitekey=\"6Lf3XcwrAAAAAJyYTwr6QRglTDA_YBtfPTZFx8dp\"><\/div><span class=\"wpcf7-form-control-wrap cf7sr-recaptcha\" data-name=\"cf7sr-recaptcha\"><input type=\"hidden\" name=\"cf7sr-recaptcha\" value=\"\" class=\"wpcf7-form-control\"><\/span>\n\t<\/p>\n\t<div class=\"btn-holder enviar\">\n\t\t<p><input class=\"wpcf7-form-control wpcf7-submit has-spinner btn btn-warning\" type=\"submit\" value=\"Send\" \/>\n\t\t<\/p>\n\t<\/div>\n<\/div>\n<\/form>\n<\/div>\n\n<\/div><\/div>\n","protected":false},"excerpt":{"rendered":"","protected":false},"author":3,"featured_media":0,"parent":0,"menu_order":0,"comment_status":"closed","ping_status":"closed","template":"template-registro.php","meta":{"_acf_changed":false,"_relevanssi_hide_post":"","_relevanssi_hide_content":"","_relevanssi_pin_for_all":"","_relevanssi_pin_keywords":"","_relevanssi_unpin_keywords":"","_relevanssi_related_keywords":"","_relevanssi_related_include_ids":"","_relevanssi_related_exclude_ids":"","_relevanssi_related_no_append":"","_relevanssi_related_not_related":"","_relevanssi_related_posts":"","_relevanssi_noindex_reason":"","inline_featured_image":false,"_joinchat":[],"footnotes":""},"class_list":["post-20768","page","type-page","status-publish","hentry"],"acf":[],"yoast_head":"<!-- This site is optimized with the Yoast SEO plugin v27.0 - https:\/\/yoast.com\/product\/yoast-seo-wordpress\/ -->\n<title>Register &#8211; Pihernz Comunicaciones<\/title>\n<meta name=\"robots\" content=\"index, follow, max-snippet:-1, max-image-preview:large, max-video-preview:-1\" \/>\n<link rel=\"canonical\" href=\"https:\/\/pihernz.com\/en\/register\/\" \/>\n<meta property=\"og:locale\" content=\"en_US\" \/>\n<meta property=\"og:type\" content=\"article\" \/>\n<meta property=\"og:title\" content=\"Register &#8211; Pihernz Comunicaciones\" \/>\n<meta property=\"og:url\" content=\"https:\/\/pihernz.com\/en\/register\/\" \/>\n<meta property=\"og:site_name\" content=\"Pihernz Comunicaciones\" \/>\n<meta property=\"article:publisher\" content=\"https:\/\/www.facebook.com\/pihernz.comunicaciones\/\" \/>\n<meta property=\"article:modified_time\" content=\"2022-11-03T18:39:07+00:00\" \/>\n<meta name=\"twitter:card\" content=\"summary_large_image\" \/>\n<meta name=\"twitter:site\" content=\"@pihernz\" \/>\n<meta name=\"twitter:label1\" content=\"Est. reading time\" \/>\n\t<meta name=\"twitter:data1\" content=\"1 minute\" \/>\n<script type=\"application\/ld+json\" class=\"yoast-schema-graph\">{\"@context\":\"https:\/\/schema.org\",\"@graph\":[{\"@type\":\"WebPage\",\"@id\":\"https:\/\/pihernz.com\/en\/register\/\",\"url\":\"https:\/\/pihernz.com\/en\/register\/\",\"name\":\"Register &#8211; Pihernz Comunicaciones\",\"isPartOf\":{\"@id\":\"https:\/\/pihernz.com\/#website\"},\"datePublished\":\"2020-02-21T10:30:02+00:00\",\"dateModified\":\"2022-11-03T18:39:07+00:00\",\"breadcrumb\":{\"@id\":\"https:\/\/pihernz.com\/en\/register\/#breadcrumb\"},\"inLanguage\":\"en-US\",\"potentialAction\":[{\"@type\":\"ReadAction\",\"target\":[\"https:\/\/pihernz.com\/en\/register\/\"]}]},{\"@type\":\"BreadcrumbList\",\"@id\":\"https:\/\/pihernz.com\/en\/register\/#breadcrumb\",\"itemListElement\":[{\"@type\":\"ListItem\",\"position\":1,\"name\":\"Portada\",\"item\":\"https:\/\/pihernz.com\/en\/\"},{\"@type\":\"ListItem\",\"position\":2,\"name\":\"Register\"}]},{\"@type\":\"WebSite\",\"@id\":\"https:\/\/pihernz.com\/#website\",\"url\":\"https:\/\/pihernz.com\/\",\"name\":\"www.pihernz.com\",\"description\":\"Expertos en radiocomunicaciones\",\"publisher\":{\"@id\":\"https:\/\/pihernz.com\/#organization\"},\"alternateName\":\"Pihenrz\",\"potentialAction\":[{\"@type\":\"SearchAction\",\"target\":{\"@type\":\"EntryPoint\",\"urlTemplate\":\"https:\/\/pihernz.com\/?s={search_term_string}\"},\"query-input\":{\"@type\":\"PropertyValueSpecification\",\"valueRequired\":true,\"valueName\":\"search_term_string\"}}],\"inLanguage\":\"en-US\"},{\"@type\":\"Organization\",\"@id\":\"https:\/\/pihernz.com\/#organization\",\"name\":\"Pihernz comunicaciones S.A.\",\"alternateName\":\"Pihernz\",\"url\":\"https:\/\/pihernz.com\/\",\"logo\":{\"@type\":\"ImageObject\",\"inLanguage\":\"en-US\",\"@id\":\"https:\/\/pihernz.com\/#\/schema\/logo\/image\/\",\"url\":\"https:\/\/pihernz.com\/wp-content\/uploads\/2020\/09\/logo.svg\",\"contentUrl\":\"https:\/\/pihernz.com\/wp-content\/uploads\/2020\/09\/logo.svg\",\"width\":178,\"height\":39,\"caption\":\"Pihernz comunicaciones S.A.\"},\"image\":{\"@id\":\"https:\/\/pihernz.com\/#\/schema\/logo\/image\/\"},\"sameAs\":[\"https:\/\/www.facebook.com\/pihernz.comunicaciones\/\",\"https:\/\/x.com\/pihernz\",\"https:\/\/www.instagram.com\/pihernzcomunicaciones\/\",\"https:\/\/es.linkedin.com\/company\/pihernz-comunicaciones\"]}]}<\/script>\n<!-- \/ Yoast SEO plugin. -->","yoast_head_json":{"title":"Register &#8211; Pihernz Comunicaciones","robots":{"index":"index","follow":"follow","max-snippet":"max-snippet:-1","max-image-preview":"max-image-preview:large","max-video-preview":"max-video-preview:-1"},"canonical":"https:\/\/pihernz.com\/en\/register\/","og_locale":"en_US","og_type":"article","og_title":"Register &#8211; Pihernz Comunicaciones","og_url":"https:\/\/pihernz.com\/en\/register\/","og_site_name":"Pihernz Comunicaciones","article_publisher":"https:\/\/www.facebook.com\/pihernz.comunicaciones\/","article_modified_time":"2022-11-03T18:39:07+00:00","twitter_card":"summary_large_image","twitter_site":"@pihernz","twitter_misc":{"Est. reading time":"1 minute"},"schema":{"@context":"https:\/\/schema.org","@graph":[{"@type":"WebPage","@id":"https:\/\/pihernz.com\/en\/register\/","url":"https:\/\/pihernz.com\/en\/register\/","name":"Register &#8211; Pihernz Comunicaciones","isPartOf":{"@id":"https:\/\/pihernz.com\/#website"},"datePublished":"2020-02-21T10:30:02+00:00","dateModified":"2022-11-03T18:39:07+00:00","breadcrumb":{"@id":"https:\/\/pihernz.com\/en\/register\/#breadcrumb"},"inLanguage":"en-US","potentialAction":[{"@type":"ReadAction","target":["https:\/\/pihernz.com\/en\/register\/"]}]},{"@type":"BreadcrumbList","@id":"https:\/\/pihernz.com\/en\/register\/#breadcrumb","itemListElement":[{"@type":"ListItem","position":1,"name":"Portada","item":"https:\/\/pihernz.com\/en\/"},{"@type":"ListItem","position":2,"name":"Register"}]},{"@type":"WebSite","@id":"https:\/\/pihernz.com\/#website","url":"https:\/\/pihernz.com\/","name":"www.pihernz.com","description":"Expertos en radiocomunicaciones","publisher":{"@id":"https:\/\/pihernz.com\/#organization"},"alternateName":"Pihenrz","potentialAction":[{"@type":"SearchAction","target":{"@type":"EntryPoint","urlTemplate":"https:\/\/pihernz.com\/?s={search_term_string}"},"query-input":{"@type":"PropertyValueSpecification","valueRequired":true,"valueName":"search_term_string"}}],"inLanguage":"en-US"},{"@type":"Organization","@id":"https:\/\/pihernz.com\/#organization","name":"Pihernz comunicaciones S.A.","alternateName":"Pihernz","url":"https:\/\/pihernz.com\/","logo":{"@type":"ImageObject","inLanguage":"en-US","@id":"https:\/\/pihernz.com\/#\/schema\/logo\/image\/","url":"https:\/\/pihernz.com\/wp-content\/uploads\/2020\/09\/logo.svg","contentUrl":"https:\/\/pihernz.com\/wp-content\/uploads\/2020\/09\/logo.svg","width":178,"height":39,"caption":"Pihernz comunicaciones S.A."},"image":{"@id":"https:\/\/pihernz.com\/#\/schema\/logo\/image\/"},"sameAs":["https:\/\/www.facebook.com\/pihernz.comunicaciones\/","https:\/\/x.com\/pihernz","https:\/\/www.instagram.com\/pihernzcomunicaciones\/","https:\/\/es.linkedin.com\/company\/pihernz-comunicaciones"]}]}},"_links":{"self":[{"href":"https:\/\/pihernz.com\/en\/wp-json\/wp\/v2\/pages\/20768","targetHints":{"allow":["GET"]}}],"collection":[{"href":"https:\/\/pihernz.com\/en\/wp-json\/wp\/v2\/pages"}],"about":[{"href":"https:\/\/pihernz.com\/en\/wp-json\/wp\/v2\/types\/page"}],"author":[{"embeddable":true,"href":"https:\/\/pihernz.com\/en\/wp-json\/wp\/v2\/users\/3"}],"replies":[{"embeddable":true,"href":"https:\/\/pihernz.com\/en\/wp-json\/wp\/v2\/comments?post=20768"}],"version-history":[{"count":12,"href":"https:\/\/pihernz.com\/en\/wp-json\/wp\/v2\/pages\/20768\/revisions"}],"predecessor-version":[{"id":50495,"href":"https:\/\/pihernz.com\/en\/wp-json\/wp\/v2\/pages\/20768\/revisions\/50495"}],"wp:attachment":[{"href":"https:\/\/pihernz.com\/en\/wp-json\/wp\/v2\/media?parent=20768"}],"curies":[{"name":"wp","href":"https:\/\/api.w.org\/{rel}","templated":true}]}}